{"id":7919,"date":"2023-11-08T11:26:10","date_gmt":"2023-11-08T10:26:10","guid":{"rendered":"https:\/\/sodip.net\/?post_type=product&#038;p=7919"},"modified":"2023-11-08T11:28:16","modified_gmt":"2023-11-08T10:28:16","slug":"feux-a-main-ikaros","status":"publish","type":"product","link":"https:\/\/sodip.net\/en\/product\/feux-a-main-ikaros\/","title":{"rendered":"IKAROS HAND LAMPS"},"content":{"rendered":"<h2 class=\"p1\"><strong>IKAROS HAND LAMPS<\/strong><\/h2>\n<p>Our red hand-held flare is designed to give maximum power and is a short-range day and night hand-held flare for ships, lifeboats and liferafts.<\/p>","protected":false},"excerpt":{"rendered":"<p>Our red hand-held flare is designed to give maximum power and is a short-range day and night hand-held flare for ships, lifeboats and liferafts.<\/p>","protected":false},"featured_media":7920,"comment_status":"closed","ping_status":"closed","template":"","meta":{"inline_featured_image":false},"product_cat":[152,119],"product_tag":[],"class_list":["post-7919","product","type-product","status-publish","has-post-thumbnail","hentry","product_cat-acessoirs-de-survie","product_cat-survie-en-mer"],"yoast_head":"<!-- This site is optimized with the Yoast SEO plugin v22.8 - https:\/\/yoast.com\/wordpress\/plugins\/seo\/ -->\n<title>FEUX \u00c0 MAIN IKAROS - SODIP SARL<\/title>\n<meta name=\"robots\" content=\"index, follow, max-snippet:-1, max-image-preview:large, max-video-preview:-1\" \/>\n<link rel=\"canonical\" href=\"https:\/\/sodip.net\/en\/product\/feux-a-main-ikaros\/\" \/>\n<meta property=\"og:locale\" content=\"en_GB\" \/>\n<meta property=\"og:type\" content=\"article\" \/>\n<meta property=\"og:title\" content=\"FEUX \u00c0 MAIN IKAROS - SODIP SARL\" \/>\n<meta property=\"og:description\" content=\"Notre fus\u00e9e \u00e0 main rouge est con\u00e7ue pour donner une puissance maximale et est une fus\u00e9e \u00e0 main \u00e0 courte port\u00e9e de jour comme de nuit pour les navires, les canots de sauvetage et les radeaux de sauvetage.\" \/>\n<meta property=\"og:url\" content=\"https:\/\/sodip.net\/en\/product\/feux-a-main-ikaros\/\" \/>\n<meta property=\"og:site_name\" content=\"SODIP SARL\" \/>\n<meta property=\"article:modified_time\" content=\"2023-11-08T10:28:16+00:00\" \/>\n<meta property=\"og:image\" content=\"https:\/\/sodip.net\/wp-content\/uploads\/2023\/11\/feu-a\u0300-main.png\" \/>\n\t<meta property=\"og:image:width\" content=\"500\" \/>\n\t<meta property=\"og:image:height\" content=\"500\" \/>\n\t<meta property=\"og:image:type\" content=\"image\/png\" \/>\n<meta name=\"twitter:card\" content=\"summary_large_image\" \/>\n<script type=\"application\/ld+json\" class=\"yoast-schema-graph\">{\"@context\":\"https:\/\/schema.org\",\"@graph\":[{\"@type\":\"WebPage\",\"@id\":\"https:\/\/sodip.net\/produit\/feux-a-main-ikaros\/\",\"url\":\"https:\/\/sodip.net\/produit\/feux-a-main-ikaros\/\",\"name\":\"FEUX \u00c0 MAIN IKAROS - SODIP SARL\",\"isPartOf\":{\"@id\":\"https:\/\/sodip.net\/en\/#website\"},\"primaryImageOfPage\":{\"@id\":\"https:\/\/sodip.net\/produit\/feux-a-main-ikaros\/#primaryimage\"},\"image\":{\"@id\":\"https:\/\/sodip.net\/produit\/feux-a-main-ikaros\/#primaryimage\"},\"thumbnailUrl\":\"https:\/\/sodip.net\/wp-content\/uploads\/2023\/11\/feu-a\u0300-main.png\",\"datePublished\":\"2023-11-08T10:26:10+00:00\",\"dateModified\":\"2023-11-08T10:28:16+00:00\",\"breadcrumb\":{\"@id\":\"https:\/\/sodip.net\/produit\/feux-a-main-ikaros\/#breadcrumb\"},\"inLanguage\":\"en-GB\",\"potentialAction\":[{\"@type\":\"ReadAction\",\"target\":[\"https:\/\/sodip.net\/produit\/feux-a-main-ikaros\/\"]}]},{\"@type\":\"ImageObject\",\"inLanguage\":\"en-GB\",\"@id\":\"https:\/\/sodip.net\/produit\/feux-a-main-ikaros\/#primaryimage\",\"url\":\"https:\/\/sodip.net\/wp-content\/uploads\/2023\/11\/feu-a\u0300-main.png\",\"contentUrl\":\"https:\/\/sodip.net\/wp-content\/uploads\/2023\/11\/feu-a\u0300-main.png\",\"width\":500,\"height\":500},{\"@type\":\"BreadcrumbList\",\"@id\":\"https:\/\/sodip.net\/produit\/feux-a-main-ikaros\/#breadcrumb\",\"itemListElement\":[{\"@type\":\"ListItem\",\"position\":1,\"name\":\"Accueil\",\"item\":\"https:\/\/sodip.net\/\"},{\"@type\":\"ListItem\",\"position\":2,\"name\":\"Boutique\",\"item\":\"https:\/\/sodip.net\/en\/boutique\/\"},{\"@type\":\"ListItem\",\"position\":3,\"name\":\"FEUX \u00c0 MAIN IKAROS\"}]},{\"@type\":\"WebSite\",\"@id\":\"https:\/\/sodip.net\/en\/#website\",\"url\":\"https:\/\/sodip.net\/en\/\",\"name\":\"SODIP SARL\",\"description\":\"Soci\u00e9t\u00e9 d&#039;ing\u00e9nierie et de production\",\"publisher\":{\"@id\":\"https:\/\/sodip.net\/en\/#organization\"},\"potentialAction\":[{\"@type\":\"SearchAction\",\"target\":{\"@type\":\"EntryPoint\",\"urlTemplate\":\"https:\/\/sodip.net\/en\/?s={search_term_string}\"},\"query-input\":\"required name=search_term_string\"}],\"inLanguage\":\"en-GB\"},{\"@type\":\"Organization\",\"@id\":\"https:\/\/sodip.net\/en\/#organization\",\"name\":\"SODIP SARL\",\"url\":\"https:\/\/sodip.net\/en\/\",\"logo\":{\"@type\":\"ImageObject\",\"inLanguage\":\"en-GB\",\"@id\":\"https:\/\/sodip.net\/en\/#\/schema\/logo\/image\/\",\"url\":\"https:\/\/sodip.net\/wp-content\/uploads\/2023\/09\/cropped-logo-1.png\",\"contentUrl\":\"https:\/\/sodip.net\/wp-content\/uploads\/2023\/09\/cropped-logo-1.png\",\"width\":825,\"height\":213,\"caption\":\"SODIP SARL\"},\"image\":{\"@id\":\"https:\/\/sodip.net\/en\/#\/schema\/logo\/image\/\"}}]}<\/script>\n<!-- \/ Yoast SEO plugin. -->","yoast_head_json":{"title":"FEUX \u00c0 MAIN IKAROS - SODIP SARL","robots":{"index":"index","follow":"follow","max-snippet":"max-snippet:-1","max-image-preview":"max-image-preview:large","max-video-preview":"max-video-preview:-1"},"canonical":"https:\/\/sodip.net\/en\/product\/feux-a-main-ikaros\/","og_locale":"en_GB","og_type":"article","og_title":"FEUX \u00c0 MAIN IKAROS - SODIP SARL","og_description":"Notre fus\u00e9e \u00e0 main rouge est con\u00e7ue pour donner une puissance maximale et est une fus\u00e9e \u00e0 main \u00e0 courte port\u00e9e de jour comme de nuit pour les navires, les canots de sauvetage et les radeaux de sauvetage.","og_url":"https:\/\/sodip.net\/en\/product\/feux-a-main-ikaros\/","og_site_name":"SODIP SARL","article_modified_time":"2023-11-08T10:28:16+00:00","og_image":[{"width":500,"height":500,"url":"https:\/\/sodip.net\/wp-content\/uploads\/2023\/11\/feu-a\u0300-main.png","type":"image\/png"}],"twitter_card":"summary_large_image","schema":{"@context":"https:\/\/schema.org","@graph":[{"@type":"WebPage","@id":"https:\/\/sodip.net\/produit\/feux-a-main-ikaros\/","url":"https:\/\/sodip.net\/produit\/feux-a-main-ikaros\/","name":"FEUX \u00c0 MAIN IKAROS - SODIP SARL","isPartOf":{"@id":"https:\/\/sodip.net\/en\/#website"},"primaryImageOfPage":{"@id":"https:\/\/sodip.net\/produit\/feux-a-main-ikaros\/#primaryimage"},"image":{"@id":"https:\/\/sodip.net\/produit\/feux-a-main-ikaros\/#primaryimage"},"thumbnailUrl":"https:\/\/sodip.net\/wp-content\/uploads\/2023\/11\/feu-a\u0300-main.png","datePublished":"2023-11-08T10:26:10+00:00","dateModified":"2023-11-08T10:28:16+00:00","breadcrumb":{"@id":"https:\/\/sodip.net\/produit\/feux-a-main-ikaros\/#breadcrumb"},"inLanguage":"en-GB","potentialAction":[{"@type":"ReadAction","target":["https:\/\/sodip.net\/produit\/feux-a-main-ikaros\/"]}]},{"@type":"ImageObject","inLanguage":"en-GB","@id":"https:\/\/sodip.net\/produit\/feux-a-main-ikaros\/#primaryimage","url":"https:\/\/sodip.net\/wp-content\/uploads\/2023\/11\/feu-a\u0300-main.png","contentUrl":"https:\/\/sodip.net\/wp-content\/uploads\/2023\/11\/feu-a\u0300-main.png","width":500,"height":500},{"@type":"BreadcrumbList","@id":"https:\/\/sodip.net\/produit\/feux-a-main-ikaros\/#breadcrumb","itemListElement":[{"@type":"ListItem","position":1,"name":"Accueil","item":"https:\/\/sodip.net\/"},{"@type":"ListItem","position":2,"name":"Boutique","item":"https:\/\/sodip.net\/en\/boutique\/"},{"@type":"ListItem","position":3,"name":"FEUX \u00c0 MAIN IKAROS"}]},{"@type":"WebSite","@id":"https:\/\/sodip.net\/en\/#website","url":"https:\/\/sodip.net\/en\/","name":"SODIP SARL","description":"Soci\u00e9t\u00e9 d&#039;ing\u00e9nierie et de production","publisher":{"@id":"https:\/\/sodip.net\/en\/#organization"},"potentialAction":[{"@type":"SearchAction","target":{"@type":"EntryPoint","urlTemplate":"https:\/\/sodip.net\/en\/?s={search_term_string}"},"query-input":"required name=search_term_string"}],"inLanguage":"en-GB"},{"@type":"Organization","@id":"https:\/\/sodip.net\/en\/#organization","name":"SODIP SARL","url":"https:\/\/sodip.net\/en\/","logo":{"@type":"ImageObject","inLanguage":"en-GB","@id":"https:\/\/sodip.net\/en\/#\/schema\/logo\/image\/","url":"https:\/\/sodip.net\/wp-content\/uploads\/2023\/09\/cropped-logo-1.png","contentUrl":"https:\/\/sodip.net\/wp-content\/uploads\/2023\/09\/cropped-logo-1.png","width":825,"height":213,"caption":"SODIP SARL"},"image":{"@id":"https:\/\/sodip.net\/en\/#\/schema\/logo\/image\/"}}]}},"_links":{"self":[{"href":"https:\/\/sodip.net\/en\/wp-json\/wp\/v2\/product\/7919","targetHints":{"allow":["GET"]}}],"collection":[{"href":"https:\/\/sodip.net\/en\/wp-json\/wp\/v2\/product"}],"about":[{"href":"https:\/\/sodip.net\/en\/wp-json\/wp\/v2\/types\/product"}],"replies":[{"embeddable":true,"href":"https:\/\/sodip.net\/en\/wp-json\/wp\/v2\/comments?post=7919"}],"wp:featuredmedia":[{"embeddable":true,"href":"https:\/\/sodip.net\/en\/wp-json\/wp\/v2\/media\/7920"}],"wp:attachment":[{"href":"https:\/\/sodip.net\/en\/wp-json\/wp\/v2\/media?parent=7919"}],"wp:term":[{"taxonomy":"product_cat","embeddable":true,"href":"https:\/\/sodip.net\/en\/wp-json\/wp\/v2\/product_cat?post=7919"},{"taxonomy":"product_tag","embeddable":true,"href":"https:\/\/sodip.net\/en\/wp-json\/wp\/v2\/product_tag?post=7919"}],"curies":[{"name":"wp","href":"https:\/\/api.w.org\/{rel}","templated":true}]}}