{"id":7836,"date":"2023-11-06T15:30:52","date_gmt":"2023-11-06T14:30:52","guid":{"rendered":"https:\/\/sodip.net\/?post_type=product&#038;p=7836"},"modified":"2023-11-06T17:53:21","modified_gmt":"2023-11-06T16:53:21","slug":"detecteur-de-fumee-autonome","status":"publish","type":"product","link":"https:\/\/sodip.net\/en\/product\/detecteur-de-fumee-autonome\/","title":{"rendered":"Self-contained smoke detector"},"content":{"rendered":"<h2 class=\"p1\"><strong>Self-contained smoke detector<\/strong><\/h2>\n<p class=\"p1\">Autonomous smoke detectors and alarms (DAAF) placed in \"strategic\" locations in a living space, emit an audible alarm via an integrated device when they detect opacity, alerting the occupants of the premises to the onset of combustion or fire. These inexpensive devices can save many lives every year.<span class=\"Apple-converted-space\">\u00a0<\/span><\/p>","protected":false},"excerpt":{"rendered":"<p class=\"p1\">Autonomous smoke detectors and alarms (DAAF) placed in \"strategic\" locations in a living space, emit an audible alarm via an integrated device when they detect opacity, alerting the occupants of the premises to the onset of combustion or fire. These inexpensive devices can save many lives every year.<span class=\"Apple-converted-space\">\u00a0<\/span><\/p>","protected":false},"featured_media":7858,"comment_status":"closed","ping_status":"closed","template":"","meta":{"inline_featured_image":false},"product_cat":[15,155],"product_tag":[],"class_list":["post-7836","product","type-product","status-publish","has-post-thumbnail","hentry","product_cat-protection-incendie","product_cat-detection-incendie"],"yoast_head":"<!-- This site is optimized with the Yoast SEO plugin v22.8 - https:\/\/yoast.com\/wordpress\/plugins\/seo\/ -->\n<title>D\u00e9tecteur de fum\u00e9e autonome - SODIP SARL<\/title>\n<meta name=\"robots\" content=\"index, follow, max-snippet:-1, max-image-preview:large, max-video-preview:-1\" \/>\n<link rel=\"canonical\" href=\"https:\/\/sodip.net\/en\/product\/detecteur-de-fumee-autonome\/\" \/>\n<meta property=\"og:locale\" content=\"en_GB\" \/>\n<meta property=\"og:type\" content=\"article\" \/>\n<meta property=\"og:title\" content=\"D\u00e9tecteur de fum\u00e9e autonome - SODIP SARL\" \/>\n<meta property=\"og:description\" content=\"Les d\u00e9tecteurs et avertisseurs autonomes de fum\u00e9e (DAAF) plac\u00e9s \u00e0 des endroits \u00ab strat\u00e9giques \u00bb, dans un lieu de vie, \u00e9mettent une alarme sonore par un dispositif int\u00e9gr\u00e9 lorsqu&#039;ils d\u00e9tectent une opacit\u00e9, permettant d&#039;alerter les occupants des lieux d&#039;un d\u00e9but de combustion ou d&#039;incendie. Ces objets peu on\u00e9reux peuvent sauver de nombreuses vies tous les ans.\u00a0\" \/>\n<meta property=\"og:url\" content=\"https:\/\/sodip.net\/en\/product\/detecteur-de-fumee-autonome\/\" \/>\n<meta property=\"og:site_name\" content=\"SODIP SARL\" \/>\n<meta property=\"article:modified_time\" content=\"2023-11-06T16:53:21+00:00\" \/>\n<meta property=\"og:image\" content=\"https:\/\/sodip.net\/wp-content\/uploads\/2023\/11\/De\u0301tecteur-de-fume\u0301e-autonome.png\" \/>\n\t<meta property=\"og:image:width\" content=\"500\" \/>\n\t<meta property=\"og:image:height\" content=\"500\" \/>\n\t<meta property=\"og:image:type\" content=\"image\/png\" \/>\n<meta name=\"twitter:card\" content=\"summary_large_image\" \/>\n<script type=\"application\/ld+json\" class=\"yoast-schema-graph\">{\"@context\":\"https:\/\/schema.org\",\"@graph\":[{\"@type\":\"WebPage\",\"@id\":\"https:\/\/sodip.net\/en\/product\/detecteur-de-fumee-autonome\/\",\"url\":\"https:\/\/sodip.net\/en\/product\/detecteur-de-fumee-autonome\/\",\"name\":\"D\u00e9tecteur de fum\u00e9e autonome - SODIP SARL\",\"isPartOf\":{\"@id\":\"https:\/\/sodip.net\/en\/#website\"},\"primaryImageOfPage\":{\"@id\":\"https:\/\/sodip.net\/en\/product\/detecteur-de-fumee-autonome\/#primaryimage\"},\"image\":{\"@id\":\"https:\/\/sodip.net\/en\/product\/detecteur-de-fumee-autonome\/#primaryimage\"},\"thumbnailUrl\":\"https:\/\/sodip.net\/wp-content\/uploads\/2023\/11\/De\u0301tecteur-de-fume\u0301e-autonome.png\",\"datePublished\":\"2023-11-06T14:30:52+00:00\",\"dateModified\":\"2023-11-06T16:53:21+00:00\",\"breadcrumb\":{\"@id\":\"https:\/\/sodip.net\/en\/product\/detecteur-de-fumee-autonome\/#breadcrumb\"},\"inLanguage\":\"en-GB\",\"potentialAction\":[{\"@type\":\"ReadAction\",\"target\":[\"https:\/\/sodip.net\/en\/product\/detecteur-de-fumee-autonome\/\"]}]},{\"@type\":\"ImageObject\",\"inLanguage\":\"en-GB\",\"@id\":\"https:\/\/sodip.net\/en\/product\/detecteur-de-fumee-autonome\/#primaryimage\",\"url\":\"https:\/\/sodip.net\/wp-content\/uploads\/2023\/11\/De\u0301tecteur-de-fume\u0301e-autonome.png\",\"contentUrl\":\"https:\/\/sodip.net\/wp-content\/uploads\/2023\/11\/De\u0301tecteur-de-fume\u0301e-autonome.png\",\"width\":500,\"height\":500},{\"@type\":\"BreadcrumbList\",\"@id\":\"https:\/\/sodip.net\/en\/product\/detecteur-de-fumee-autonome\/#breadcrumb\",\"itemListElement\":[{\"@type\":\"ListItem\",\"position\":1,\"name\":\"Accueil\",\"item\":\"https:\/\/sodip.net\/\"},{\"@type\":\"ListItem\",\"position\":2,\"name\":\"Boutique\",\"item\":\"https:\/\/sodip.net\/en\/boutique\/\"},{\"@type\":\"ListItem\",\"position\":3,\"name\":\"D\u00e9tecteur de fum\u00e9e autonome\"}]},{\"@type\":\"WebSite\",\"@id\":\"https:\/\/sodip.net\/en\/#website\",\"url\":\"https:\/\/sodip.net\/en\/\",\"name\":\"SODIP SARL\",\"description\":\"Soci\u00e9t\u00e9 d&#039;ing\u00e9nierie et de production\",\"publisher\":{\"@id\":\"https:\/\/sodip.net\/en\/#organization\"},\"potentialAction\":[{\"@type\":\"SearchAction\",\"target\":{\"@type\":\"EntryPoint\",\"urlTemplate\":\"https:\/\/sodip.net\/en\/?s={search_term_string}\"},\"query-input\":\"required name=search_term_string\"}],\"inLanguage\":\"en-GB\"},{\"@type\":\"Organization\",\"@id\":\"https:\/\/sodip.net\/en\/#organization\",\"name\":\"SODIP SARL\",\"url\":\"https:\/\/sodip.net\/en\/\",\"logo\":{\"@type\":\"ImageObject\",\"inLanguage\":\"en-GB\",\"@id\":\"https:\/\/sodip.net\/en\/#\/schema\/logo\/image\/\",\"url\":\"https:\/\/sodip.net\/wp-content\/uploads\/2023\/09\/cropped-logo-1.png\",\"contentUrl\":\"https:\/\/sodip.net\/wp-content\/uploads\/2023\/09\/cropped-logo-1.png\",\"width\":825,\"height\":213,\"caption\":\"SODIP SARL\"},\"image\":{\"@id\":\"https:\/\/sodip.net\/en\/#\/schema\/logo\/image\/\"}}]}<\/script>\n<!-- \/ Yoast SEO plugin. -->","yoast_head_json":{"title":"D\u00e9tecteur de fum\u00e9e autonome - SODIP SARL","robots":{"index":"index","follow":"follow","max-snippet":"max-snippet:-1","max-image-preview":"max-image-preview:large","max-video-preview":"max-video-preview:-1"},"canonical":"https:\/\/sodip.net\/en\/product\/detecteur-de-fumee-autonome\/","og_locale":"en_GB","og_type":"article","og_title":"D\u00e9tecteur de fum\u00e9e autonome - SODIP SARL","og_description":"Les d\u00e9tecteurs et avertisseurs autonomes de fum\u00e9e (DAAF) plac\u00e9s \u00e0 des endroits \u00ab strat\u00e9giques \u00bb, dans un lieu de vie, \u00e9mettent une alarme sonore par un dispositif int\u00e9gr\u00e9 lorsqu'ils d\u00e9tectent une opacit\u00e9, permettant d'alerter les occupants des lieux d'un d\u00e9but de combustion ou d'incendie. Ces objets peu on\u00e9reux peuvent sauver de nombreuses vies tous les ans.\u00a0","og_url":"https:\/\/sodip.net\/en\/product\/detecteur-de-fumee-autonome\/","og_site_name":"SODIP SARL","article_modified_time":"2023-11-06T16:53:21+00:00","og_image":[{"width":500,"height":500,"url":"https:\/\/sodip.net\/wp-content\/uploads\/2023\/11\/De\u0301tecteur-de-fume\u0301e-autonome.png","type":"image\/png"}],"twitter_card":"summary_large_image","schema":{"@context":"https:\/\/schema.org","@graph":[{"@type":"WebPage","@id":"https:\/\/sodip.net\/en\/product\/detecteur-de-fumee-autonome\/","url":"https:\/\/sodip.net\/en\/product\/detecteur-de-fumee-autonome\/","name":"D\u00e9tecteur de fum\u00e9e autonome - SODIP SARL","isPartOf":{"@id":"https:\/\/sodip.net\/en\/#website"},"primaryImageOfPage":{"@id":"https:\/\/sodip.net\/en\/product\/detecteur-de-fumee-autonome\/#primaryimage"},"image":{"@id":"https:\/\/sodip.net\/en\/product\/detecteur-de-fumee-autonome\/#primaryimage"},"thumbnailUrl":"https:\/\/sodip.net\/wp-content\/uploads\/2023\/11\/De\u0301tecteur-de-fume\u0301e-autonome.png","datePublished":"2023-11-06T14:30:52+00:00","dateModified":"2023-11-06T16:53:21+00:00","breadcrumb":{"@id":"https:\/\/sodip.net\/en\/product\/detecteur-de-fumee-autonome\/#breadcrumb"},"inLanguage":"en-GB","potentialAction":[{"@type":"ReadAction","target":["https:\/\/sodip.net\/en\/product\/detecteur-de-fumee-autonome\/"]}]},{"@type":"ImageObject","inLanguage":"en-GB","@id":"https:\/\/sodip.net\/en\/product\/detecteur-de-fumee-autonome\/#primaryimage","url":"https:\/\/sodip.net\/wp-content\/uploads\/2023\/11\/De\u0301tecteur-de-fume\u0301e-autonome.png","contentUrl":"https:\/\/sodip.net\/wp-content\/uploads\/2023\/11\/De\u0301tecteur-de-fume\u0301e-autonome.png","width":500,"height":500},{"@type":"BreadcrumbList","@id":"https:\/\/sodip.net\/en\/product\/detecteur-de-fumee-autonome\/#breadcrumb","itemListElement":[{"@type":"ListItem","position":1,"name":"Accueil","item":"https:\/\/sodip.net\/"},{"@type":"ListItem","position":2,"name":"Boutique","item":"https:\/\/sodip.net\/en\/boutique\/"},{"@type":"ListItem","position":3,"name":"D\u00e9tecteur de fum\u00e9e autonome"}]},{"@type":"WebSite","@id":"https:\/\/sodip.net\/en\/#website","url":"https:\/\/sodip.net\/en\/","name":"SODIP SARL","description":"Soci\u00e9t\u00e9 d&#039;ing\u00e9nierie et de production","publisher":{"@id":"https:\/\/sodip.net\/en\/#organization"},"potentialAction":[{"@type":"SearchAction","target":{"@type":"EntryPoint","urlTemplate":"https:\/\/sodip.net\/en\/?s={search_term_string}"},"query-input":"required name=search_term_string"}],"inLanguage":"en-GB"},{"@type":"Organization","@id":"https:\/\/sodip.net\/en\/#organization","name":"SODIP SARL","url":"https:\/\/sodip.net\/en\/","logo":{"@type":"ImageObject","inLanguage":"en-GB","@id":"https:\/\/sodip.net\/en\/#\/schema\/logo\/image\/","url":"https:\/\/sodip.net\/wp-content\/uploads\/2023\/09\/cropped-logo-1.png","contentUrl":"https:\/\/sodip.net\/wp-content\/uploads\/2023\/09\/cropped-logo-1.png","width":825,"height":213,"caption":"SODIP SARL"},"image":{"@id":"https:\/\/sodip.net\/en\/#\/schema\/logo\/image\/"}}]}},"_links":{"self":[{"href":"https:\/\/sodip.net\/en\/wp-json\/wp\/v2\/product\/7836","targetHints":{"allow":["GET"]}}],"collection":[{"href":"https:\/\/sodip.net\/en\/wp-json\/wp\/v2\/product"}],"about":[{"href":"https:\/\/sodip.net\/en\/wp-json\/wp\/v2\/types\/product"}],"replies":[{"embeddable":true,"href":"https:\/\/sodip.net\/en\/wp-json\/wp\/v2\/comments?post=7836"}],"wp:featuredmedia":[{"embeddable":true,"href":"https:\/\/sodip.net\/en\/wp-json\/wp\/v2\/media\/7858"}],"wp:attachment":[{"href":"https:\/\/sodip.net\/en\/wp-json\/wp\/v2\/media?parent=7836"}],"wp:term":[{"taxonomy":"product_cat","embeddable":true,"href":"https:\/\/sodip.net\/en\/wp-json\/wp\/v2\/product_cat?post=7836"},{"taxonomy":"product_tag","embeddable":true,"href":"https:\/\/sodip.net\/en\/wp-json\/wp\/v2\/product_tag?post=7836"}],"curies":[{"name":"wp","href":"https:\/\/api.w.org\/{rel}","templated":true}]}}