{"id":7835,"date":"2023-11-06T15:27:17","date_gmt":"2023-11-06T14:27:17","guid":{"rendered":"https:\/\/sodip.net\/?post_type=product&#038;p=7835"},"modified":"2023-11-06T17:52:43","modified_gmt":"2023-11-06T16:52:43","slug":"detecteur-de-chaleur-autonome","status":"publish","type":"product","link":"https:\/\/sodip.net\/en\/product\/detecteur-de-chaleur-autonome\/","title":{"rendered":"Self-contained heat detector"},"content":{"rendered":"<h2 class=\"p1\"><strong>Self-contained heat detector<\/strong><\/h2>\n<p class=\"p1\">The thermal detector reliably detects high temperatures, such as those that can occur during a fire. It is equipped with a pause button, very useful in locations prone to false alarms.<\/p>","protected":false},"excerpt":{"rendered":"<p class=\"p1\">The thermal detector reliably detects high temperatures, such as those that can occur during a fire. It is equipped with a pause button, very useful in locations prone to false alarms.<\/p>","protected":false},"featured_media":7857,"comment_status":"closed","ping_status":"closed","template":"","meta":{"inline_featured_image":false},"product_cat":[15,155],"product_tag":[],"class_list":["post-7835","product","type-product","status-publish","has-post-thumbnail","hentry","product_cat-protection-incendie","product_cat-detection-incendie"],"yoast_head":"<!-- This site is optimized with the Yoast SEO plugin v22.8 - https:\/\/yoast.com\/wordpress\/plugins\/seo\/ -->\n<title>D\u00e9tecteur de chaleur autonome - SODIP SARL<\/title>\n<meta name=\"robots\" content=\"index, follow, max-snippet:-1, max-image-preview:large, max-video-preview:-1\" \/>\n<link rel=\"canonical\" href=\"https:\/\/sodip.net\/en\/product\/detecteur-de-chaleur-autonome\/\" \/>\n<meta property=\"og:locale\" content=\"en_GB\" \/>\n<meta property=\"og:type\" content=\"article\" \/>\n<meta property=\"og:title\" content=\"D\u00e9tecteur de chaleur autonome - SODIP SARL\" \/>\n<meta property=\"og:description\" content=\"Le d\u00e9tecteur thermique permet la d\u00e9tection fiable des hautes temp\u00e9ratures, comme celles qui peuvent apparaitre lors d\u2019un incendie. Il est \u00e9quip\u00e9 d\u2019un bouton pause tr\u00e8s utile pour des emplacements sujets aux fausses alarmes\" \/>\n<meta property=\"og:url\" content=\"https:\/\/sodip.net\/en\/product\/detecteur-de-chaleur-autonome\/\" \/>\n<meta property=\"og:site_name\" content=\"SODIP SARL\" \/>\n<meta property=\"article:modified_time\" content=\"2023-11-06T16:52:43+00:00\" \/>\n<meta property=\"og:image\" content=\"https:\/\/sodip.net\/wp-content\/uploads\/2023\/11\/De\u0301tecteur-de-chaleur-autonome.png\" \/>\n\t<meta property=\"og:image:width\" content=\"500\" \/>\n\t<meta property=\"og:image:height\" content=\"500\" \/>\n\t<meta property=\"og:image:type\" content=\"image\/png\" \/>\n<meta name=\"twitter:card\" content=\"summary_large_image\" \/>\n<script type=\"application\/ld+json\" class=\"yoast-schema-graph\">{\"@context\":\"https:\/\/schema.org\",\"@graph\":[{\"@type\":\"WebPage\",\"@id\":\"https:\/\/sodip.net\/en\/product\/detecteur-de-chaleur-autonome\/\",\"url\":\"https:\/\/sodip.net\/en\/product\/detecteur-de-chaleur-autonome\/\",\"name\":\"D\u00e9tecteur de chaleur autonome - SODIP SARL\",\"isPartOf\":{\"@id\":\"https:\/\/sodip.net\/en\/#website\"},\"primaryImageOfPage\":{\"@id\":\"https:\/\/sodip.net\/en\/product\/detecteur-de-chaleur-autonome\/#primaryimage\"},\"image\":{\"@id\":\"https:\/\/sodip.net\/en\/product\/detecteur-de-chaleur-autonome\/#primaryimage\"},\"thumbnailUrl\":\"https:\/\/sodip.net\/wp-content\/uploads\/2023\/11\/De\u0301tecteur-de-chaleur-autonome.png\",\"datePublished\":\"2023-11-06T14:27:17+00:00\",\"dateModified\":\"2023-11-06T16:52:43+00:00\",\"breadcrumb\":{\"@id\":\"https:\/\/sodip.net\/en\/product\/detecteur-de-chaleur-autonome\/#breadcrumb\"},\"inLanguage\":\"en-GB\",\"potentialAction\":[{\"@type\":\"ReadAction\",\"target\":[\"https:\/\/sodip.net\/en\/product\/detecteur-de-chaleur-autonome\/\"]}]},{\"@type\":\"ImageObject\",\"inLanguage\":\"en-GB\",\"@id\":\"https:\/\/sodip.net\/en\/product\/detecteur-de-chaleur-autonome\/#primaryimage\",\"url\":\"https:\/\/sodip.net\/wp-content\/uploads\/2023\/11\/De\u0301tecteur-de-chaleur-autonome.png\",\"contentUrl\":\"https:\/\/sodip.net\/wp-content\/uploads\/2023\/11\/De\u0301tecteur-de-chaleur-autonome.png\",\"width\":500,\"height\":500},{\"@type\":\"BreadcrumbList\",\"@id\":\"https:\/\/sodip.net\/en\/product\/detecteur-de-chaleur-autonome\/#breadcrumb\",\"itemListElement\":[{\"@type\":\"ListItem\",\"position\":1,\"name\":\"Accueil\",\"item\":\"https:\/\/sodip.net\/\"},{\"@type\":\"ListItem\",\"position\":2,\"name\":\"Boutique\",\"item\":\"https:\/\/sodip.net\/en\/boutique\/\"},{\"@type\":\"ListItem\",\"position\":3,\"name\":\"D\u00e9tecteur de chaleur autonome\"}]},{\"@type\":\"WebSite\",\"@id\":\"https:\/\/sodip.net\/en\/#website\",\"url\":\"https:\/\/sodip.net\/en\/\",\"name\":\"SODIP SARL\",\"description\":\"Soci\u00e9t\u00e9 d&#039;ing\u00e9nierie et de production\",\"publisher\":{\"@id\":\"https:\/\/sodip.net\/en\/#organization\"},\"potentialAction\":[{\"@type\":\"SearchAction\",\"target\":{\"@type\":\"EntryPoint\",\"urlTemplate\":\"https:\/\/sodip.net\/en\/?s={search_term_string}\"},\"query-input\":\"required name=search_term_string\"}],\"inLanguage\":\"en-GB\"},{\"@type\":\"Organization\",\"@id\":\"https:\/\/sodip.net\/en\/#organization\",\"name\":\"SODIP SARL\",\"url\":\"https:\/\/sodip.net\/en\/\",\"logo\":{\"@type\":\"ImageObject\",\"inLanguage\":\"en-GB\",\"@id\":\"https:\/\/sodip.net\/en\/#\/schema\/logo\/image\/\",\"url\":\"https:\/\/sodip.net\/wp-content\/uploads\/2023\/09\/cropped-logo-1.png\",\"contentUrl\":\"https:\/\/sodip.net\/wp-content\/uploads\/2023\/09\/cropped-logo-1.png\",\"width\":825,\"height\":213,\"caption\":\"SODIP SARL\"},\"image\":{\"@id\":\"https:\/\/sodip.net\/en\/#\/schema\/logo\/image\/\"}}]}<\/script>\n<!-- \/ Yoast SEO plugin. -->","yoast_head_json":{"title":"D\u00e9tecteur de chaleur autonome - SODIP SARL","robots":{"index":"index","follow":"follow","max-snippet":"max-snippet:-1","max-image-preview":"max-image-preview:large","max-video-preview":"max-video-preview:-1"},"canonical":"https:\/\/sodip.net\/en\/product\/detecteur-de-chaleur-autonome\/","og_locale":"en_GB","og_type":"article","og_title":"D\u00e9tecteur de chaleur autonome - SODIP SARL","og_description":"Le d\u00e9tecteur thermique permet la d\u00e9tection fiable des hautes temp\u00e9ratures, comme celles qui peuvent apparaitre lors d\u2019un incendie. Il est \u00e9quip\u00e9 d\u2019un bouton pause tr\u00e8s utile pour des emplacements sujets aux fausses alarmes","og_url":"https:\/\/sodip.net\/en\/product\/detecteur-de-chaleur-autonome\/","og_site_name":"SODIP SARL","article_modified_time":"2023-11-06T16:52:43+00:00","og_image":[{"width":500,"height":500,"url":"https:\/\/sodip.net\/wp-content\/uploads\/2023\/11\/De\u0301tecteur-de-chaleur-autonome.png","type":"image\/png"}],"twitter_card":"summary_large_image","schema":{"@context":"https:\/\/schema.org","@graph":[{"@type":"WebPage","@id":"https:\/\/sodip.net\/en\/product\/detecteur-de-chaleur-autonome\/","url":"https:\/\/sodip.net\/en\/product\/detecteur-de-chaleur-autonome\/","name":"D\u00e9tecteur de chaleur autonome - SODIP SARL","isPartOf":{"@id":"https:\/\/sodip.net\/en\/#website"},"primaryImageOfPage":{"@id":"https:\/\/sodip.net\/en\/product\/detecteur-de-chaleur-autonome\/#primaryimage"},"image":{"@id":"https:\/\/sodip.net\/en\/product\/detecteur-de-chaleur-autonome\/#primaryimage"},"thumbnailUrl":"https:\/\/sodip.net\/wp-content\/uploads\/2023\/11\/De\u0301tecteur-de-chaleur-autonome.png","datePublished":"2023-11-06T14:27:17+00:00","dateModified":"2023-11-06T16:52:43+00:00","breadcrumb":{"@id":"https:\/\/sodip.net\/en\/product\/detecteur-de-chaleur-autonome\/#breadcrumb"},"inLanguage":"en-GB","potentialAction":[{"@type":"ReadAction","target":["https:\/\/sodip.net\/en\/product\/detecteur-de-chaleur-autonome\/"]}]},{"@type":"ImageObject","inLanguage":"en-GB","@id":"https:\/\/sodip.net\/en\/product\/detecteur-de-chaleur-autonome\/#primaryimage","url":"https:\/\/sodip.net\/wp-content\/uploads\/2023\/11\/De\u0301tecteur-de-chaleur-autonome.png","contentUrl":"https:\/\/sodip.net\/wp-content\/uploads\/2023\/11\/De\u0301tecteur-de-chaleur-autonome.png","width":500,"height":500},{"@type":"BreadcrumbList","@id":"https:\/\/sodip.net\/en\/product\/detecteur-de-chaleur-autonome\/#breadcrumb","itemListElement":[{"@type":"ListItem","position":1,"name":"Accueil","item":"https:\/\/sodip.net\/"},{"@type":"ListItem","position":2,"name":"Boutique","item":"https:\/\/sodip.net\/en\/boutique\/"},{"@type":"ListItem","position":3,"name":"D\u00e9tecteur de chaleur autonome"}]},{"@type":"WebSite","@id":"https:\/\/sodip.net\/en\/#website","url":"https:\/\/sodip.net\/en\/","name":"SODIP SARL","description":"Soci\u00e9t\u00e9 d&#039;ing\u00e9nierie et de production","publisher":{"@id":"https:\/\/sodip.net\/en\/#organization"},"potentialAction":[{"@type":"SearchAction","target":{"@type":"EntryPoint","urlTemplate":"https:\/\/sodip.net\/en\/?s={search_term_string}"},"query-input":"required name=search_term_string"}],"inLanguage":"en-GB"},{"@type":"Organization","@id":"https:\/\/sodip.net\/en\/#organization","name":"SODIP SARL","url":"https:\/\/sodip.net\/en\/","logo":{"@type":"ImageObject","inLanguage":"en-GB","@id":"https:\/\/sodip.net\/en\/#\/schema\/logo\/image\/","url":"https:\/\/sodip.net\/wp-content\/uploads\/2023\/09\/cropped-logo-1.png","contentUrl":"https:\/\/sodip.net\/wp-content\/uploads\/2023\/09\/cropped-logo-1.png","width":825,"height":213,"caption":"SODIP SARL"},"image":{"@id":"https:\/\/sodip.net\/en\/#\/schema\/logo\/image\/"}}]}},"_links":{"self":[{"href":"https:\/\/sodip.net\/en\/wp-json\/wp\/v2\/product\/7835","targetHints":{"allow":["GET"]}}],"collection":[{"href":"https:\/\/sodip.net\/en\/wp-json\/wp\/v2\/product"}],"about":[{"href":"https:\/\/sodip.net\/en\/wp-json\/wp\/v2\/types\/product"}],"replies":[{"embeddable":true,"href":"https:\/\/sodip.net\/en\/wp-json\/wp\/v2\/comments?post=7835"}],"wp:featuredmedia":[{"embeddable":true,"href":"https:\/\/sodip.net\/en\/wp-json\/wp\/v2\/media\/7857"}],"wp:attachment":[{"href":"https:\/\/sodip.net\/en\/wp-json\/wp\/v2\/media?parent=7835"}],"wp:term":[{"taxonomy":"product_cat","embeddable":true,"href":"https:\/\/sodip.net\/en\/wp-json\/wp\/v2\/product_cat?post=7835"},{"taxonomy":"product_tag","embeddable":true,"href":"https:\/\/sodip.net\/en\/wp-json\/wp\/v2\/product_tag?post=7835"}],"curies":[{"name":"wp","href":"https:\/\/api.w.org\/{rel}","templated":true}]}}