{"id":7834,"date":"2023-11-06T15:26:21","date_gmt":"2023-11-06T14:26:21","guid":{"rendered":"https:\/\/sodip.net\/?post_type=product&#038;p=7834"},"modified":"2023-11-06T17:51:34","modified_gmt":"2023-11-06T16:51:34","slug":"flexible-pour-extincteur-portable","status":"publish","type":"product","link":"https:\/\/sodip.net\/en\/product\/flexible-pour-extincteur-portable\/","title":{"rendered":"Hose for portable extinguisher"},"content":{"rendered":"<h2 class=\"p1\"><strong>Hose for portable extinguisher<\/strong><\/h2>\n<p class=\"p1\">It's a fire extinguisher accessory that may or may not have a nozzle, allowing the extinguishing agent to be diffused into a fire.<span class=\"Apple-converted-space\">\u00a0<\/span><\/p>","protected":false},"excerpt":{"rendered":"<p class=\"p1\">It's a fire extinguisher accessory that may or may not have a nozzle, allowing the extinguishing agent to be diffused into a fire.<span class=\"Apple-converted-space\">\u00a0<\/span><\/p>","protected":false},"featured_media":7856,"comment_status":"closed","ping_status":"closed","template":"","meta":{"inline_featured_image":false},"product_cat":[15,153],"product_tag":[],"class_list":["post-7834","product","type-product","status-publish","has-post-thumbnail","hentry","product_cat-protection-incendie","product_cat-materiel-incendie"],"yoast_head":"<!-- This site is optimized with the Yoast SEO plugin v22.8 - https:\/\/yoast.com\/wordpress\/plugins\/seo\/ -->\n<title>Flexible pour extincteur portable - SODIP SARL<\/title>\n<meta name=\"robots\" content=\"index, follow, max-snippet:-1, max-image-preview:large, max-video-preview:-1\" \/>\n<link rel=\"canonical\" href=\"https:\/\/sodip.net\/en\/product\/flexible-pour-extincteur-portable\/\" \/>\n<meta property=\"og:locale\" content=\"en_GB\" \/>\n<meta property=\"og:type\" content=\"article\" \/>\n<meta property=\"og:title\" content=\"Flexible pour extincteur portable - SODIP SARL\" \/>\n<meta property=\"og:description\" content=\"C\u2019est un accessoire d\u2019extincteur compos\u00e9 d\u2019un pistolet ou non permettant de diffuser l\u2019agent extincteur dans un foyer d\u2019incendie.\u00a0\" \/>\n<meta property=\"og:url\" content=\"https:\/\/sodip.net\/en\/product\/flexible-pour-extincteur-portable\/\" \/>\n<meta property=\"og:site_name\" content=\"SODIP SARL\" \/>\n<meta property=\"article:modified_time\" content=\"2023-11-06T16:51:34+00:00\" \/>\n<meta property=\"og:image\" content=\"https:\/\/sodip.net\/wp-content\/uploads\/2023\/11\/Flexible-pour-extincteur-portable.png\" \/>\n\t<meta property=\"og:image:width\" content=\"500\" \/>\n\t<meta property=\"og:image:height\" content=\"500\" \/>\n\t<meta property=\"og:image:type\" content=\"image\/png\" \/>\n<meta name=\"twitter:card\" content=\"summary_large_image\" \/>\n<script type=\"application\/ld+json\" class=\"yoast-schema-graph\">{\"@context\":\"https:\/\/schema.org\",\"@graph\":[{\"@type\":\"WebPage\",\"@id\":\"https:\/\/sodip.net\/produit\/flexible-pour-extincteur-portable\/\",\"url\":\"https:\/\/sodip.net\/produit\/flexible-pour-extincteur-portable\/\",\"name\":\"Flexible pour extincteur portable - SODIP SARL\",\"isPartOf\":{\"@id\":\"https:\/\/sodip.net\/en\/#website\"},\"primaryImageOfPage\":{\"@id\":\"https:\/\/sodip.net\/produit\/flexible-pour-extincteur-portable\/#primaryimage\"},\"image\":{\"@id\":\"https:\/\/sodip.net\/produit\/flexible-pour-extincteur-portable\/#primaryimage\"},\"thumbnailUrl\":\"https:\/\/sodip.net\/wp-content\/uploads\/2023\/11\/Flexible-pour-extincteur-portable.png\",\"datePublished\":\"2023-11-06T14:26:21+00:00\",\"dateModified\":\"2023-11-06T16:51:34+00:00\",\"breadcrumb\":{\"@id\":\"https:\/\/sodip.net\/produit\/flexible-pour-extincteur-portable\/#breadcrumb\"},\"inLanguage\":\"en-GB\",\"potentialAction\":[{\"@type\":\"ReadAction\",\"target\":[\"https:\/\/sodip.net\/produit\/flexible-pour-extincteur-portable\/\"]}]},{\"@type\":\"ImageObject\",\"inLanguage\":\"en-GB\",\"@id\":\"https:\/\/sodip.net\/produit\/flexible-pour-extincteur-portable\/#primaryimage\",\"url\":\"https:\/\/sodip.net\/wp-content\/uploads\/2023\/11\/Flexible-pour-extincteur-portable.png\",\"contentUrl\":\"https:\/\/sodip.net\/wp-content\/uploads\/2023\/11\/Flexible-pour-extincteur-portable.png\",\"width\":500,\"height\":500},{\"@type\":\"BreadcrumbList\",\"@id\":\"https:\/\/sodip.net\/produit\/flexible-pour-extincteur-portable\/#breadcrumb\",\"itemListElement\":[{\"@type\":\"ListItem\",\"position\":1,\"name\":\"Accueil\",\"item\":\"https:\/\/sodip.net\/\"},{\"@type\":\"ListItem\",\"position\":2,\"name\":\"Boutique\",\"item\":\"https:\/\/sodip.net\/en\/boutique\/\"},{\"@type\":\"ListItem\",\"position\":3,\"name\":\"Flexible pour extincteur portable\"}]},{\"@type\":\"WebSite\",\"@id\":\"https:\/\/sodip.net\/en\/#website\",\"url\":\"https:\/\/sodip.net\/en\/\",\"name\":\"SODIP SARL\",\"description\":\"Soci\u00e9t\u00e9 d&#039;ing\u00e9nierie et de production\",\"publisher\":{\"@id\":\"https:\/\/sodip.net\/en\/#organization\"},\"potentialAction\":[{\"@type\":\"SearchAction\",\"target\":{\"@type\":\"EntryPoint\",\"urlTemplate\":\"https:\/\/sodip.net\/en\/?s={search_term_string}\"},\"query-input\":\"required name=search_term_string\"}],\"inLanguage\":\"en-GB\"},{\"@type\":\"Organization\",\"@id\":\"https:\/\/sodip.net\/en\/#organization\",\"name\":\"SODIP SARL\",\"url\":\"https:\/\/sodip.net\/en\/\",\"logo\":{\"@type\":\"ImageObject\",\"inLanguage\":\"en-GB\",\"@id\":\"https:\/\/sodip.net\/en\/#\/schema\/logo\/image\/\",\"url\":\"https:\/\/sodip.net\/wp-content\/uploads\/2023\/09\/cropped-logo-1.png\",\"contentUrl\":\"https:\/\/sodip.net\/wp-content\/uploads\/2023\/09\/cropped-logo-1.png\",\"width\":825,\"height\":213,\"caption\":\"SODIP SARL\"},\"image\":{\"@id\":\"https:\/\/sodip.net\/en\/#\/schema\/logo\/image\/\"}}]}<\/script>\n<!-- \/ Yoast SEO plugin. -->","yoast_head_json":{"title":"Flexible pour extincteur portable - SODIP SARL","robots":{"index":"index","follow":"follow","max-snippet":"max-snippet:-1","max-image-preview":"max-image-preview:large","max-video-preview":"max-video-preview:-1"},"canonical":"https:\/\/sodip.net\/en\/product\/flexible-pour-extincteur-portable\/","og_locale":"en_GB","og_type":"article","og_title":"Flexible pour extincteur portable - SODIP SARL","og_description":"C\u2019est un accessoire d\u2019extincteur compos\u00e9 d\u2019un pistolet ou non permettant de diffuser l\u2019agent extincteur dans un foyer d\u2019incendie.\u00a0","og_url":"https:\/\/sodip.net\/en\/product\/flexible-pour-extincteur-portable\/","og_site_name":"SODIP SARL","article_modified_time":"2023-11-06T16:51:34+00:00","og_image":[{"width":500,"height":500,"url":"https:\/\/sodip.net\/wp-content\/uploads\/2023\/11\/Flexible-pour-extincteur-portable.png","type":"image\/png"}],"twitter_card":"summary_large_image","schema":{"@context":"https:\/\/schema.org","@graph":[{"@type":"WebPage","@id":"https:\/\/sodip.net\/produit\/flexible-pour-extincteur-portable\/","url":"https:\/\/sodip.net\/produit\/flexible-pour-extincteur-portable\/","name":"Flexible pour extincteur portable - SODIP SARL","isPartOf":{"@id":"https:\/\/sodip.net\/en\/#website"},"primaryImageOfPage":{"@id":"https:\/\/sodip.net\/produit\/flexible-pour-extincteur-portable\/#primaryimage"},"image":{"@id":"https:\/\/sodip.net\/produit\/flexible-pour-extincteur-portable\/#primaryimage"},"thumbnailUrl":"https:\/\/sodip.net\/wp-content\/uploads\/2023\/11\/Flexible-pour-extincteur-portable.png","datePublished":"2023-11-06T14:26:21+00:00","dateModified":"2023-11-06T16:51:34+00:00","breadcrumb":{"@id":"https:\/\/sodip.net\/produit\/flexible-pour-extincteur-portable\/#breadcrumb"},"inLanguage":"en-GB","potentialAction":[{"@type":"ReadAction","target":["https:\/\/sodip.net\/produit\/flexible-pour-extincteur-portable\/"]}]},{"@type":"ImageObject","inLanguage":"en-GB","@id":"https:\/\/sodip.net\/produit\/flexible-pour-extincteur-portable\/#primaryimage","url":"https:\/\/sodip.net\/wp-content\/uploads\/2023\/11\/Flexible-pour-extincteur-portable.png","contentUrl":"https:\/\/sodip.net\/wp-content\/uploads\/2023\/11\/Flexible-pour-extincteur-portable.png","width":500,"height":500},{"@type":"BreadcrumbList","@id":"https:\/\/sodip.net\/produit\/flexible-pour-extincteur-portable\/#breadcrumb","itemListElement":[{"@type":"ListItem","position":1,"name":"Accueil","item":"https:\/\/sodip.net\/"},{"@type":"ListItem","position":2,"name":"Boutique","item":"https:\/\/sodip.net\/en\/boutique\/"},{"@type":"ListItem","position":3,"name":"Flexible pour extincteur portable"}]},{"@type":"WebSite","@id":"https:\/\/sodip.net\/en\/#website","url":"https:\/\/sodip.net\/en\/","name":"SODIP SARL","description":"Soci\u00e9t\u00e9 d&#039;ing\u00e9nierie et de production","publisher":{"@id":"https:\/\/sodip.net\/en\/#organization"},"potentialAction":[{"@type":"SearchAction","target":{"@type":"EntryPoint","urlTemplate":"https:\/\/sodip.net\/en\/?s={search_term_string}"},"query-input":"required name=search_term_string"}],"inLanguage":"en-GB"},{"@type":"Organization","@id":"https:\/\/sodip.net\/en\/#organization","name":"SODIP SARL","url":"https:\/\/sodip.net\/en\/","logo":{"@type":"ImageObject","inLanguage":"en-GB","@id":"https:\/\/sodip.net\/en\/#\/schema\/logo\/image\/","url":"https:\/\/sodip.net\/wp-content\/uploads\/2023\/09\/cropped-logo-1.png","contentUrl":"https:\/\/sodip.net\/wp-content\/uploads\/2023\/09\/cropped-logo-1.png","width":825,"height":213,"caption":"SODIP SARL"},"image":{"@id":"https:\/\/sodip.net\/en\/#\/schema\/logo\/image\/"}}]}},"_links":{"self":[{"href":"https:\/\/sodip.net\/en\/wp-json\/wp\/v2\/product\/7834","targetHints":{"allow":["GET"]}}],"collection":[{"href":"https:\/\/sodip.net\/en\/wp-json\/wp\/v2\/product"}],"about":[{"href":"https:\/\/sodip.net\/en\/wp-json\/wp\/v2\/types\/product"}],"replies":[{"embeddable":true,"href":"https:\/\/sodip.net\/en\/wp-json\/wp\/v2\/comments?post=7834"}],"wp:featuredmedia":[{"embeddable":true,"href":"https:\/\/sodip.net\/en\/wp-json\/wp\/v2\/media\/7856"}],"wp:attachment":[{"href":"https:\/\/sodip.net\/en\/wp-json\/wp\/v2\/media?parent=7834"}],"wp:term":[{"taxonomy":"product_cat","embeddable":true,"href":"https:\/\/sodip.net\/en\/wp-json\/wp\/v2\/product_cat?post=7834"},{"taxonomy":"product_tag","embeddable":true,"href":"https:\/\/sodip.net\/en\/wp-json\/wp\/v2\/product_tag?post=7834"}],"curies":[{"name":"wp","href":"https:\/\/api.w.org\/{rel}","templated":true}]}}