{"id":7833,"date":"2023-11-06T15:23:55","date_gmt":"2023-11-06T14:23:55","guid":{"rendered":"https:\/\/sodip.net\/?post_type=product&#038;p=7833"},"modified":"2023-11-06T17:50:18","modified_gmt":"2023-11-06T16:50:18","slug":"tete-complete-pour-extincteur-portable","status":"publish","type":"product","link":"https:\/\/sodip.net\/en\/product\/tete-complete-pour-extincteur-portable\/","title":{"rendered":"Complete head for portable extinguisher"},"content":{"rendered":"<h2 class=\"p1\"><strong>Complete head for portable extinguisher<\/strong><\/h2>\n<p class=\"p1\">The extinguisher head has an anti-reset safety feature, comprising a reservoir and a pressurized gas cartridge for evacuating the extinguishing agent through said head, as well as a pressure lever acting on a striker and released by a control ring.<\/p>","protected":false},"excerpt":{"rendered":"<p class=\"p1\">The extinguisher head has an anti-reset safety feature, comprising a reservoir and a pressurized gas cartridge for evacuating the extinguishing agent through said head, as well as a pressure lever acting on a striker and released by a control ring.<\/p>","protected":false},"featured_media":7855,"comment_status":"closed","ping_status":"closed","template":"","meta":{"inline_featured_image":false},"product_cat":[15,153],"product_tag":[],"class_list":["post-7833","product","type-product","status-publish","has-post-thumbnail","hentry","product_cat-protection-incendie","product_cat-materiel-incendie"],"yoast_head":"<!-- This site is optimized with the Yoast SEO plugin v22.8 - https:\/\/yoast.com\/wordpress\/plugins\/seo\/ -->\n<title>T\u00e8te compl\u00e8te pour extincteur portable - SODIP SARL<\/title>\n<meta name=\"robots\" content=\"index, follow, max-snippet:-1, max-image-preview:large, max-video-preview:-1\" \/>\n<link rel=\"canonical\" href=\"https:\/\/sodip.net\/en\/product\/tete-complete-pour-extincteur-portable\/\" \/>\n<meta property=\"og:locale\" content=\"en_GB\" \/>\n<meta property=\"og:type\" content=\"article\" \/>\n<meta property=\"og:title\" content=\"T\u00e8te compl\u00e8te pour extincteur portable - SODIP SARL\" \/>\n<meta property=\"og:description\" content=\"La t\u00eate d&#039;extincteur \u00e0 s\u00e9curit\u00e9 anti r\u00e9armement, comportant un r\u00e9servoir et une cartouche de gaz sous pression pour l&#039;\u00e9vacuation de l&#039;agent extincteur au travers de ladite t\u00eate, ainsi qu&#039;un levier presseur agissant sur un percuteur, et lib\u00e9r\u00e9 par un anneau de commande.\" \/>\n<meta property=\"og:url\" content=\"https:\/\/sodip.net\/en\/product\/tete-complete-pour-extincteur-portable\/\" \/>\n<meta property=\"og:site_name\" content=\"SODIP SARL\" \/>\n<meta property=\"article:modified_time\" content=\"2023-11-06T16:50:18+00:00\" \/>\n<meta property=\"og:image\" content=\"https:\/\/sodip.net\/wp-content\/uploads\/2023\/11\/Te\u0300te-comple\u0300te-pour-extincteur-portable.png\" \/>\n\t<meta property=\"og:image:width\" content=\"500\" \/>\n\t<meta property=\"og:image:height\" content=\"500\" \/>\n\t<meta property=\"og:image:type\" content=\"image\/png\" \/>\n<meta name=\"twitter:card\" content=\"summary_large_image\" \/>\n<script type=\"application\/ld+json\" class=\"yoast-schema-graph\">{\"@context\":\"https:\/\/schema.org\",\"@graph\":[{\"@type\":\"WebPage\",\"@id\":\"https:\/\/sodip.net\/produit\/tete-complete-pour-extincteur-portable\/\",\"url\":\"https:\/\/sodip.net\/produit\/tete-complete-pour-extincteur-portable\/\",\"name\":\"T\u00e8te compl\u00e8te pour extincteur portable - SODIP SARL\",\"isPartOf\":{\"@id\":\"https:\/\/sodip.net\/en\/#website\"},\"primaryImageOfPage\":{\"@id\":\"https:\/\/sodip.net\/produit\/tete-complete-pour-extincteur-portable\/#primaryimage\"},\"image\":{\"@id\":\"https:\/\/sodip.net\/produit\/tete-complete-pour-extincteur-portable\/#primaryimage\"},\"thumbnailUrl\":\"https:\/\/sodip.net\/wp-content\/uploads\/2023\/11\/Te\u0300te-comple\u0300te-pour-extincteur-portable.png\",\"datePublished\":\"2023-11-06T14:23:55+00:00\",\"dateModified\":\"2023-11-06T16:50:18+00:00\",\"breadcrumb\":{\"@id\":\"https:\/\/sodip.net\/produit\/tete-complete-pour-extincteur-portable\/#breadcrumb\"},\"inLanguage\":\"en-GB\",\"potentialAction\":[{\"@type\":\"ReadAction\",\"target\":[\"https:\/\/sodip.net\/produit\/tete-complete-pour-extincteur-portable\/\"]}]},{\"@type\":\"ImageObject\",\"inLanguage\":\"en-GB\",\"@id\":\"https:\/\/sodip.net\/produit\/tete-complete-pour-extincteur-portable\/#primaryimage\",\"url\":\"https:\/\/sodip.net\/wp-content\/uploads\/2023\/11\/Te\u0300te-comple\u0300te-pour-extincteur-portable.png\",\"contentUrl\":\"https:\/\/sodip.net\/wp-content\/uploads\/2023\/11\/Te\u0300te-comple\u0300te-pour-extincteur-portable.png\",\"width\":500,\"height\":500},{\"@type\":\"BreadcrumbList\",\"@id\":\"https:\/\/sodip.net\/produit\/tete-complete-pour-extincteur-portable\/#breadcrumb\",\"itemListElement\":[{\"@type\":\"ListItem\",\"position\":1,\"name\":\"Accueil\",\"item\":\"https:\/\/sodip.net\/\"},{\"@type\":\"ListItem\",\"position\":2,\"name\":\"Boutique\",\"item\":\"https:\/\/sodip.net\/en\/boutique\/\"},{\"@type\":\"ListItem\",\"position\":3,\"name\":\"T\u00e8te compl\u00e8te pour extincteur portable\"}]},{\"@type\":\"WebSite\",\"@id\":\"https:\/\/sodip.net\/en\/#website\",\"url\":\"https:\/\/sodip.net\/en\/\",\"name\":\"SODIP SARL\",\"description\":\"Soci\u00e9t\u00e9 d&#039;ing\u00e9nierie et de production\",\"publisher\":{\"@id\":\"https:\/\/sodip.net\/en\/#organization\"},\"potentialAction\":[{\"@type\":\"SearchAction\",\"target\":{\"@type\":\"EntryPoint\",\"urlTemplate\":\"https:\/\/sodip.net\/en\/?s={search_term_string}\"},\"query-input\":\"required name=search_term_string\"}],\"inLanguage\":\"en-GB\"},{\"@type\":\"Organization\",\"@id\":\"https:\/\/sodip.net\/en\/#organization\",\"name\":\"SODIP SARL\",\"url\":\"https:\/\/sodip.net\/en\/\",\"logo\":{\"@type\":\"ImageObject\",\"inLanguage\":\"en-GB\",\"@id\":\"https:\/\/sodip.net\/en\/#\/schema\/logo\/image\/\",\"url\":\"https:\/\/sodip.net\/wp-content\/uploads\/2023\/09\/cropped-logo-1.png\",\"contentUrl\":\"https:\/\/sodip.net\/wp-content\/uploads\/2023\/09\/cropped-logo-1.png\",\"width\":825,\"height\":213,\"caption\":\"SODIP SARL\"},\"image\":{\"@id\":\"https:\/\/sodip.net\/en\/#\/schema\/logo\/image\/\"}}]}<\/script>\n<!-- \/ Yoast SEO plugin. -->","yoast_head_json":{"title":"T\u00e8te compl\u00e8te pour extincteur portable - SODIP SARL","robots":{"index":"index","follow":"follow","max-snippet":"max-snippet:-1","max-image-preview":"max-image-preview:large","max-video-preview":"max-video-preview:-1"},"canonical":"https:\/\/sodip.net\/en\/product\/tete-complete-pour-extincteur-portable\/","og_locale":"en_GB","og_type":"article","og_title":"T\u00e8te compl\u00e8te pour extincteur portable - SODIP SARL","og_description":"La t\u00eate d'extincteur \u00e0 s\u00e9curit\u00e9 anti r\u00e9armement, comportant un r\u00e9servoir et une cartouche de gaz sous pression pour l'\u00e9vacuation de l'agent extincteur au travers de ladite t\u00eate, ainsi qu'un levier presseur agissant sur un percuteur, et lib\u00e9r\u00e9 par un anneau de commande.","og_url":"https:\/\/sodip.net\/en\/product\/tete-complete-pour-extincteur-portable\/","og_site_name":"SODIP SARL","article_modified_time":"2023-11-06T16:50:18+00:00","og_image":[{"width":500,"height":500,"url":"https:\/\/sodip.net\/wp-content\/uploads\/2023\/11\/Te\u0300te-comple\u0300te-pour-extincteur-portable.png","type":"image\/png"}],"twitter_card":"summary_large_image","schema":{"@context":"https:\/\/schema.org","@graph":[{"@type":"WebPage","@id":"https:\/\/sodip.net\/produit\/tete-complete-pour-extincteur-portable\/","url":"https:\/\/sodip.net\/produit\/tete-complete-pour-extincteur-portable\/","name":"T\u00e8te compl\u00e8te pour extincteur portable - SODIP SARL","isPartOf":{"@id":"https:\/\/sodip.net\/en\/#website"},"primaryImageOfPage":{"@id":"https:\/\/sodip.net\/produit\/tete-complete-pour-extincteur-portable\/#primaryimage"},"image":{"@id":"https:\/\/sodip.net\/produit\/tete-complete-pour-extincteur-portable\/#primaryimage"},"thumbnailUrl":"https:\/\/sodip.net\/wp-content\/uploads\/2023\/11\/Te\u0300te-comple\u0300te-pour-extincteur-portable.png","datePublished":"2023-11-06T14:23:55+00:00","dateModified":"2023-11-06T16:50:18+00:00","breadcrumb":{"@id":"https:\/\/sodip.net\/produit\/tete-complete-pour-extincteur-portable\/#breadcrumb"},"inLanguage":"en-GB","potentialAction":[{"@type":"ReadAction","target":["https:\/\/sodip.net\/produit\/tete-complete-pour-extincteur-portable\/"]}]},{"@type":"ImageObject","inLanguage":"en-GB","@id":"https:\/\/sodip.net\/produit\/tete-complete-pour-extincteur-portable\/#primaryimage","url":"https:\/\/sodip.net\/wp-content\/uploads\/2023\/11\/Te\u0300te-comple\u0300te-pour-extincteur-portable.png","contentUrl":"https:\/\/sodip.net\/wp-content\/uploads\/2023\/11\/Te\u0300te-comple\u0300te-pour-extincteur-portable.png","width":500,"height":500},{"@type":"BreadcrumbList","@id":"https:\/\/sodip.net\/produit\/tete-complete-pour-extincteur-portable\/#breadcrumb","itemListElement":[{"@type":"ListItem","position":1,"name":"Accueil","item":"https:\/\/sodip.net\/"},{"@type":"ListItem","position":2,"name":"Boutique","item":"https:\/\/sodip.net\/en\/boutique\/"},{"@type":"ListItem","position":3,"name":"T\u00e8te compl\u00e8te pour extincteur portable"}]},{"@type":"WebSite","@id":"https:\/\/sodip.net\/en\/#website","url":"https:\/\/sodip.net\/en\/","name":"SODIP SARL","description":"Soci\u00e9t\u00e9 d&#039;ing\u00e9nierie et de production","publisher":{"@id":"https:\/\/sodip.net\/en\/#organization"},"potentialAction":[{"@type":"SearchAction","target":{"@type":"EntryPoint","urlTemplate":"https:\/\/sodip.net\/en\/?s={search_term_string}"},"query-input":"required name=search_term_string"}],"inLanguage":"en-GB"},{"@type":"Organization","@id":"https:\/\/sodip.net\/en\/#organization","name":"SODIP SARL","url":"https:\/\/sodip.net\/en\/","logo":{"@type":"ImageObject","inLanguage":"en-GB","@id":"https:\/\/sodip.net\/en\/#\/schema\/logo\/image\/","url":"https:\/\/sodip.net\/wp-content\/uploads\/2023\/09\/cropped-logo-1.png","contentUrl":"https:\/\/sodip.net\/wp-content\/uploads\/2023\/09\/cropped-logo-1.png","width":825,"height":213,"caption":"SODIP SARL"},"image":{"@id":"https:\/\/sodip.net\/en\/#\/schema\/logo\/image\/"}}]}},"_links":{"self":[{"href":"https:\/\/sodip.net\/en\/wp-json\/wp\/v2\/product\/7833","targetHints":{"allow":["GET"]}}],"collection":[{"href":"https:\/\/sodip.net\/en\/wp-json\/wp\/v2\/product"}],"about":[{"href":"https:\/\/sodip.net\/en\/wp-json\/wp\/v2\/types\/product"}],"replies":[{"embeddable":true,"href":"https:\/\/sodip.net\/en\/wp-json\/wp\/v2\/comments?post=7833"}],"wp:featuredmedia":[{"embeddable":true,"href":"https:\/\/sodip.net\/en\/wp-json\/wp\/v2\/media\/7855"}],"wp:attachment":[{"href":"https:\/\/sodip.net\/en\/wp-json\/wp\/v2\/media?parent=7833"}],"wp:term":[{"taxonomy":"product_cat","embeddable":true,"href":"https:\/\/sodip.net\/en\/wp-json\/wp\/v2\/product_cat?post=7833"},{"taxonomy":"product_tag","embeddable":true,"href":"https:\/\/sodip.net\/en\/wp-json\/wp\/v2\/product_tag?post=7833"}],"curies":[{"name":"wp","href":"https:\/\/api.w.org\/{rel}","templated":true}]}}