{"id":7832,"date":"2023-11-06T15:22:31","date_gmt":"2023-11-06T14:22:31","guid":{"rendered":"https:\/\/sodip.net\/?post_type=product&#038;p=7832"},"modified":"2023-11-06T17:49:19","modified_gmt":"2023-11-06T16:49:19","slug":"manometre-de-pression","status":"publish","type":"product","link":"https:\/\/sodip.net\/en\/product\/manometre-de-pression\/","title":{"rendered":"Pressure gauge"},"content":{"rendered":"<h2 class=\"p1\"><strong>Pressure gauge<\/strong><\/h2>\n<p class=\"p1\">The pressure gauge allows permanent visual control of the pressure, and the needle must remain in the green zone for the extinguisher to be activated. The propellant used is a mixture with helium to guarantee the reliability of electronic leakage control.<\/p>","protected":false},"excerpt":{"rendered":"<p class=\"p1\">The pressure gauge allows permanent visual control of the pressure, and the needle must remain in the green zone for the extinguisher to be activated. The propellant used is a mixture with helium to guarantee the reliability of electronic leakage control.<\/p>","protected":false},"featured_media":7853,"comment_status":"closed","ping_status":"closed","template":"","meta":{"inline_featured_image":false},"product_cat":[15,153],"product_tag":[],"class_list":["post-7832","product","type-product","status-publish","has-post-thumbnail","hentry","product_cat-protection-incendie","product_cat-materiel-incendie"],"yoast_head":"<!-- This site is optimized with the Yoast SEO plugin v22.8 - https:\/\/yoast.com\/wordpress\/plugins\/seo\/ -->\n<title>Manom\u00e8tre de pression - SODIP SARL<\/title>\n<meta name=\"robots\" content=\"index, follow, max-snippet:-1, max-image-preview:large, max-video-preview:-1\" \/>\n<link rel=\"canonical\" href=\"https:\/\/sodip.net\/en\/product\/manometre-de-pression\/\" \/>\n<meta property=\"og:locale\" content=\"en_GB\" \/>\n<meta property=\"og:type\" content=\"article\" \/>\n<meta property=\"og:title\" content=\"Manom\u00e8tre de pression - SODIP SARL\" \/>\n<meta property=\"og:description\" content=\"Le manom\u00e8tre permet un contr\u00f4le visuel permanent de la pression, l&#039;aiguille du manom\u00e8tre doit rester dans la zone verte pour que l&#039;extincteur soit actionnable. Le gaz propulseur utilis\u00e9 est compos\u00e9 d&#039;un m\u00e9lange avec h\u00e9lium afin de garantir la fiabilit\u00e9 d&#039;un contr\u00f4le \u00e9lectronique des fuites\" \/>\n<meta property=\"og:url\" content=\"https:\/\/sodip.net\/en\/product\/manometre-de-pression\/\" \/>\n<meta property=\"og:site_name\" content=\"SODIP SARL\" \/>\n<meta property=\"article:modified_time\" content=\"2023-11-06T16:49:19+00:00\" \/>\n<meta property=\"og:image\" content=\"https:\/\/sodip.net\/wp-content\/uploads\/2023\/11\/Manome\u0300tre-de-pression-1.png\" \/>\n\t<meta property=\"og:image:width\" content=\"500\" \/>\n\t<meta property=\"og:image:height\" content=\"500\" \/>\n\t<meta property=\"og:image:type\" content=\"image\/png\" \/>\n<meta name=\"twitter:card\" content=\"summary_large_image\" \/>\n<script type=\"application\/ld+json\" class=\"yoast-schema-graph\">{\"@context\":\"https:\/\/schema.org\",\"@graph\":[{\"@type\":\"WebPage\",\"@id\":\"https:\/\/sodip.net\/produit\/manometre-de-pression\/\",\"url\":\"https:\/\/sodip.net\/produit\/manometre-de-pression\/\",\"name\":\"Manom\u00e8tre de pression - SODIP SARL\",\"isPartOf\":{\"@id\":\"https:\/\/sodip.net\/en\/#website\"},\"primaryImageOfPage\":{\"@id\":\"https:\/\/sodip.net\/produit\/manometre-de-pression\/#primaryimage\"},\"image\":{\"@id\":\"https:\/\/sodip.net\/produit\/manometre-de-pression\/#primaryimage\"},\"thumbnailUrl\":\"https:\/\/sodip.net\/wp-content\/uploads\/2023\/11\/Manome\u0300tre-de-pression-1.png\",\"datePublished\":\"2023-11-06T14:22:31+00:00\",\"dateModified\":\"2023-11-06T16:49:19+00:00\",\"breadcrumb\":{\"@id\":\"https:\/\/sodip.net\/produit\/manometre-de-pression\/#breadcrumb\"},\"inLanguage\":\"en-GB\",\"potentialAction\":[{\"@type\":\"ReadAction\",\"target\":[\"https:\/\/sodip.net\/produit\/manometre-de-pression\/\"]}]},{\"@type\":\"ImageObject\",\"inLanguage\":\"en-GB\",\"@id\":\"https:\/\/sodip.net\/produit\/manometre-de-pression\/#primaryimage\",\"url\":\"https:\/\/sodip.net\/wp-content\/uploads\/2023\/11\/Manome\u0300tre-de-pression-1.png\",\"contentUrl\":\"https:\/\/sodip.net\/wp-content\/uploads\/2023\/11\/Manome\u0300tre-de-pression-1.png\",\"width\":500,\"height\":500},{\"@type\":\"BreadcrumbList\",\"@id\":\"https:\/\/sodip.net\/produit\/manometre-de-pression\/#breadcrumb\",\"itemListElement\":[{\"@type\":\"ListItem\",\"position\":1,\"name\":\"Accueil\",\"item\":\"https:\/\/sodip.net\/\"},{\"@type\":\"ListItem\",\"position\":2,\"name\":\"Boutique\",\"item\":\"https:\/\/sodip.net\/en\/boutique\/\"},{\"@type\":\"ListItem\",\"position\":3,\"name\":\"Manom\u00e8tre de pression\"}]},{\"@type\":\"WebSite\",\"@id\":\"https:\/\/sodip.net\/en\/#website\",\"url\":\"https:\/\/sodip.net\/en\/\",\"name\":\"SODIP SARL\",\"description\":\"Soci\u00e9t\u00e9 d&#039;ing\u00e9nierie et de production\",\"publisher\":{\"@id\":\"https:\/\/sodip.net\/en\/#organization\"},\"potentialAction\":[{\"@type\":\"SearchAction\",\"target\":{\"@type\":\"EntryPoint\",\"urlTemplate\":\"https:\/\/sodip.net\/en\/?s={search_term_string}\"},\"query-input\":\"required name=search_term_string\"}],\"inLanguage\":\"en-GB\"},{\"@type\":\"Organization\",\"@id\":\"https:\/\/sodip.net\/en\/#organization\",\"name\":\"SODIP SARL\",\"url\":\"https:\/\/sodip.net\/en\/\",\"logo\":{\"@type\":\"ImageObject\",\"inLanguage\":\"en-GB\",\"@id\":\"https:\/\/sodip.net\/en\/#\/schema\/logo\/image\/\",\"url\":\"https:\/\/sodip.net\/wp-content\/uploads\/2023\/09\/cropped-logo-1.png\",\"contentUrl\":\"https:\/\/sodip.net\/wp-content\/uploads\/2023\/09\/cropped-logo-1.png\",\"width\":825,\"height\":213,\"caption\":\"SODIP SARL\"},\"image\":{\"@id\":\"https:\/\/sodip.net\/en\/#\/schema\/logo\/image\/\"}}]}<\/script>\n<!-- \/ Yoast SEO plugin. -->","yoast_head_json":{"title":"Manom\u00e8tre de pression - SODIP SARL","robots":{"index":"index","follow":"follow","max-snippet":"max-snippet:-1","max-image-preview":"max-image-preview:large","max-video-preview":"max-video-preview:-1"},"canonical":"https:\/\/sodip.net\/en\/product\/manometre-de-pression\/","og_locale":"en_GB","og_type":"article","og_title":"Manom\u00e8tre de pression - SODIP SARL","og_description":"Le manom\u00e8tre permet un contr\u00f4le visuel permanent de la pression, l'aiguille du manom\u00e8tre doit rester dans la zone verte pour que l'extincteur soit actionnable. Le gaz propulseur utilis\u00e9 est compos\u00e9 d'un m\u00e9lange avec h\u00e9lium afin de garantir la fiabilit\u00e9 d'un contr\u00f4le \u00e9lectronique des fuites","og_url":"https:\/\/sodip.net\/en\/product\/manometre-de-pression\/","og_site_name":"SODIP SARL","article_modified_time":"2023-11-06T16:49:19+00:00","og_image":[{"width":500,"height":500,"url":"https:\/\/sodip.net\/wp-content\/uploads\/2023\/11\/Manome\u0300tre-de-pression-1.png","type":"image\/png"}],"twitter_card":"summary_large_image","schema":{"@context":"https:\/\/schema.org","@graph":[{"@type":"WebPage","@id":"https:\/\/sodip.net\/produit\/manometre-de-pression\/","url":"https:\/\/sodip.net\/produit\/manometre-de-pression\/","name":"Manom\u00e8tre de pression - SODIP SARL","isPartOf":{"@id":"https:\/\/sodip.net\/en\/#website"},"primaryImageOfPage":{"@id":"https:\/\/sodip.net\/produit\/manometre-de-pression\/#primaryimage"},"image":{"@id":"https:\/\/sodip.net\/produit\/manometre-de-pression\/#primaryimage"},"thumbnailUrl":"https:\/\/sodip.net\/wp-content\/uploads\/2023\/11\/Manome\u0300tre-de-pression-1.png","datePublished":"2023-11-06T14:22:31+00:00","dateModified":"2023-11-06T16:49:19+00:00","breadcrumb":{"@id":"https:\/\/sodip.net\/produit\/manometre-de-pression\/#breadcrumb"},"inLanguage":"en-GB","potentialAction":[{"@type":"ReadAction","target":["https:\/\/sodip.net\/produit\/manometre-de-pression\/"]}]},{"@type":"ImageObject","inLanguage":"en-GB","@id":"https:\/\/sodip.net\/produit\/manometre-de-pression\/#primaryimage","url":"https:\/\/sodip.net\/wp-content\/uploads\/2023\/11\/Manome\u0300tre-de-pression-1.png","contentUrl":"https:\/\/sodip.net\/wp-content\/uploads\/2023\/11\/Manome\u0300tre-de-pression-1.png","width":500,"height":500},{"@type":"BreadcrumbList","@id":"https:\/\/sodip.net\/produit\/manometre-de-pression\/#breadcrumb","itemListElement":[{"@type":"ListItem","position":1,"name":"Accueil","item":"https:\/\/sodip.net\/"},{"@type":"ListItem","position":2,"name":"Boutique","item":"https:\/\/sodip.net\/en\/boutique\/"},{"@type":"ListItem","position":3,"name":"Manom\u00e8tre de pression"}]},{"@type":"WebSite","@id":"https:\/\/sodip.net\/en\/#website","url":"https:\/\/sodip.net\/en\/","name":"SODIP SARL","description":"Soci\u00e9t\u00e9 d&#039;ing\u00e9nierie et de production","publisher":{"@id":"https:\/\/sodip.net\/en\/#organization"},"potentialAction":[{"@type":"SearchAction","target":{"@type":"EntryPoint","urlTemplate":"https:\/\/sodip.net\/en\/?s={search_term_string}"},"query-input":"required name=search_term_string"}],"inLanguage":"en-GB"},{"@type":"Organization","@id":"https:\/\/sodip.net\/en\/#organization","name":"SODIP SARL","url":"https:\/\/sodip.net\/en\/","logo":{"@type":"ImageObject","inLanguage":"en-GB","@id":"https:\/\/sodip.net\/en\/#\/schema\/logo\/image\/","url":"https:\/\/sodip.net\/wp-content\/uploads\/2023\/09\/cropped-logo-1.png","contentUrl":"https:\/\/sodip.net\/wp-content\/uploads\/2023\/09\/cropped-logo-1.png","width":825,"height":213,"caption":"SODIP SARL"},"image":{"@id":"https:\/\/sodip.net\/en\/#\/schema\/logo\/image\/"}}]}},"_links":{"self":[{"href":"https:\/\/sodip.net\/en\/wp-json\/wp\/v2\/product\/7832","targetHints":{"allow":["GET"]}}],"collection":[{"href":"https:\/\/sodip.net\/en\/wp-json\/wp\/v2\/product"}],"about":[{"href":"https:\/\/sodip.net\/en\/wp-json\/wp\/v2\/types\/product"}],"replies":[{"embeddable":true,"href":"https:\/\/sodip.net\/en\/wp-json\/wp\/v2\/comments?post=7832"}],"wp:featuredmedia":[{"embeddable":true,"href":"https:\/\/sodip.net\/en\/wp-json\/wp\/v2\/media\/7853"}],"wp:attachment":[{"href":"https:\/\/sodip.net\/en\/wp-json\/wp\/v2\/media?parent=7832"}],"wp:term":[{"taxonomy":"product_cat","embeddable":true,"href":"https:\/\/sodip.net\/en\/wp-json\/wp\/v2\/product_cat?post=7832"},{"taxonomy":"product_tag","embeddable":true,"href":"https:\/\/sodip.net\/en\/wp-json\/wp\/v2\/product_tag?post=7832"}],"curies":[{"name":"wp","href":"https:\/\/api.w.org\/{rel}","templated":true}]}}