{"id":7830,"date":"2023-11-06T15:19:15","date_gmt":"2023-11-06T14:19:15","guid":{"rendered":"https:\/\/sodip.net\/?post_type=product&#038;p=7830"},"modified":"2023-11-06T17:43:25","modified_gmt":"2023-11-06T16:43:25","slug":"armoires-pour-extincteurs-en-acier","status":"publish","type":"product","link":"https:\/\/sodip.net\/en\/product\/armoires-pour-extincteurs-en-acier\/","title":{"rendered":"Steel fire extinguisher cabinets"},"content":{"rendered":"<h2 class=\"p1\"><strong>Steel fire extinguisher cabinets<\/strong><\/h2>\n<p class=\"p1\"><span class=\"s1\">This large metal extinguisher cabinet is designed to protect your extinguishers from the environment as well as from theft and misuse. The extinguisher cabinet is made of high-grade powder-coated steel, and features a broken-glass polycarbonate window.<\/span><\/p>","protected":false},"excerpt":{"rendered":"<p class=\"p1\"><span class=\"s1\">This large metal extinguisher cabinet is designed to protect your extinguishers from the environment as well as from theft and misuse. The extinguisher cabinet is made of high-grade powder-coated steel, and features a broken-glass polycarbonate window.<\/span><\/p>","protected":false},"featured_media":7851,"comment_status":"closed","ping_status":"closed","template":"","meta":{"inline_featured_image":false},"product_cat":[15,153],"product_tag":[],"class_list":["post-7830","product","type-product","status-publish","has-post-thumbnail","hentry","product_cat-protection-incendie","product_cat-materiel-incendie"],"yoast_head":"<!-- This site is optimized with the Yoast SEO plugin v22.8 - https:\/\/yoast.com\/wordpress\/plugins\/seo\/ -->\n<title>Armoires pour extincteurs en acier - SODIP SARL<\/title>\n<meta name=\"robots\" content=\"index, follow, max-snippet:-1, max-image-preview:large, max-video-preview:-1\" \/>\n<link rel=\"canonical\" href=\"https:\/\/sodip.net\/en\/product\/armoires-pour-extincteurs-en-acier\/\" \/>\n<meta property=\"og:locale\" content=\"en_GB\" \/>\n<meta property=\"og:type\" content=\"article\" \/>\n<meta property=\"og:title\" content=\"Armoires pour extincteurs en acier - SODIP SARL\" \/>\n<meta property=\"og:description\" content=\"Cette armoire pour extincteurs en m\u00e9tal de grande taille est con\u00e7ue pour prot\u00e9ger vos extincteurs de l&#039;environnement ainsi que du vol et de l&#039;utilisation abusive. L&#039;armoire de l&#039;extincteur est fabriqu\u00e9e en acier de qualit\u00e9 recouvert de poudre et comporte une fen\u00eatre en verre bris\u00e9 en polycarbonate\" \/>\n<meta property=\"og:url\" content=\"https:\/\/sodip.net\/en\/product\/armoires-pour-extincteurs-en-acier\/\" \/>\n<meta property=\"og:site_name\" content=\"SODIP SARL\" \/>\n<meta property=\"article:modified_time\" content=\"2023-11-06T16:43:25+00:00\" \/>\n<meta property=\"og:image\" content=\"https:\/\/sodip.net\/wp-content\/uploads\/2023\/11\/Armoires-pour-extincteurs-en-acier.png\" \/>\n\t<meta property=\"og:image:width\" content=\"500\" \/>\n\t<meta property=\"og:image:height\" content=\"500\" \/>\n\t<meta property=\"og:image:type\" content=\"image\/png\" \/>\n<meta name=\"twitter:card\" content=\"summary_large_image\" \/>\n<script type=\"application\/ld+json\" class=\"yoast-schema-graph\">{\"@context\":\"https:\/\/schema.org\",\"@graph\":[{\"@type\":\"WebPage\",\"@id\":\"https:\/\/sodip.net\/en\/product\/armoires-pour-extincteurs-en-acier\/\",\"url\":\"https:\/\/sodip.net\/en\/product\/armoires-pour-extincteurs-en-acier\/\",\"name\":\"Armoires pour extincteurs en acier - SODIP SARL\",\"isPartOf\":{\"@id\":\"https:\/\/sodip.net\/en\/#website\"},\"primaryImageOfPage\":{\"@id\":\"https:\/\/sodip.net\/en\/product\/armoires-pour-extincteurs-en-acier\/#primaryimage\"},\"image\":{\"@id\":\"https:\/\/sodip.net\/en\/product\/armoires-pour-extincteurs-en-acier\/#primaryimage\"},\"thumbnailUrl\":\"https:\/\/sodip.net\/wp-content\/uploads\/2023\/11\/Armoires-pour-extincteurs-en-acier.png\",\"datePublished\":\"2023-11-06T14:19:15+00:00\",\"dateModified\":\"2023-11-06T16:43:25+00:00\",\"breadcrumb\":{\"@id\":\"https:\/\/sodip.net\/en\/product\/armoires-pour-extincteurs-en-acier\/#breadcrumb\"},\"inLanguage\":\"en-GB\",\"potentialAction\":[{\"@type\":\"ReadAction\",\"target\":[\"https:\/\/sodip.net\/en\/product\/armoires-pour-extincteurs-en-acier\/\"]}]},{\"@type\":\"ImageObject\",\"inLanguage\":\"en-GB\",\"@id\":\"https:\/\/sodip.net\/en\/product\/armoires-pour-extincteurs-en-acier\/#primaryimage\",\"url\":\"https:\/\/sodip.net\/wp-content\/uploads\/2023\/11\/Armoires-pour-extincteurs-en-acier.png\",\"contentUrl\":\"https:\/\/sodip.net\/wp-content\/uploads\/2023\/11\/Armoires-pour-extincteurs-en-acier.png\",\"width\":500,\"height\":500},{\"@type\":\"BreadcrumbList\",\"@id\":\"https:\/\/sodip.net\/en\/product\/armoires-pour-extincteurs-en-acier\/#breadcrumb\",\"itemListElement\":[{\"@type\":\"ListItem\",\"position\":1,\"name\":\"Accueil\",\"item\":\"https:\/\/sodip.net\/\"},{\"@type\":\"ListItem\",\"position\":2,\"name\":\"Boutique\",\"item\":\"https:\/\/sodip.net\/en\/boutique\/\"},{\"@type\":\"ListItem\",\"position\":3,\"name\":\"Armoires pour extincteurs en acier\"}]},{\"@type\":\"WebSite\",\"@id\":\"https:\/\/sodip.net\/en\/#website\",\"url\":\"https:\/\/sodip.net\/en\/\",\"name\":\"SODIP SARL\",\"description\":\"Soci\u00e9t\u00e9 d&#039;ing\u00e9nierie et de production\",\"publisher\":{\"@id\":\"https:\/\/sodip.net\/en\/#organization\"},\"potentialAction\":[{\"@type\":\"SearchAction\",\"target\":{\"@type\":\"EntryPoint\",\"urlTemplate\":\"https:\/\/sodip.net\/en\/?s={search_term_string}\"},\"query-input\":\"required name=search_term_string\"}],\"inLanguage\":\"en-GB\"},{\"@type\":\"Organization\",\"@id\":\"https:\/\/sodip.net\/en\/#organization\",\"name\":\"SODIP SARL\",\"url\":\"https:\/\/sodip.net\/en\/\",\"logo\":{\"@type\":\"ImageObject\",\"inLanguage\":\"en-GB\",\"@id\":\"https:\/\/sodip.net\/en\/#\/schema\/logo\/image\/\",\"url\":\"https:\/\/sodip.net\/wp-content\/uploads\/2023\/09\/cropped-logo-1.png\",\"contentUrl\":\"https:\/\/sodip.net\/wp-content\/uploads\/2023\/09\/cropped-logo-1.png\",\"width\":825,\"height\":213,\"caption\":\"SODIP SARL\"},\"image\":{\"@id\":\"https:\/\/sodip.net\/en\/#\/schema\/logo\/image\/\"}}]}<\/script>\n<!-- \/ Yoast SEO plugin. -->","yoast_head_json":{"title":"Armoires pour extincteurs en acier - SODIP SARL","robots":{"index":"index","follow":"follow","max-snippet":"max-snippet:-1","max-image-preview":"max-image-preview:large","max-video-preview":"max-video-preview:-1"},"canonical":"https:\/\/sodip.net\/en\/product\/armoires-pour-extincteurs-en-acier\/","og_locale":"en_GB","og_type":"article","og_title":"Armoires pour extincteurs en acier - SODIP SARL","og_description":"Cette armoire pour extincteurs en m\u00e9tal de grande taille est con\u00e7ue pour prot\u00e9ger vos extincteurs de l'environnement ainsi que du vol et de l'utilisation abusive. L'armoire de l'extincteur est fabriqu\u00e9e en acier de qualit\u00e9 recouvert de poudre et comporte une fen\u00eatre en verre bris\u00e9 en polycarbonate","og_url":"https:\/\/sodip.net\/en\/product\/armoires-pour-extincteurs-en-acier\/","og_site_name":"SODIP SARL","article_modified_time":"2023-11-06T16:43:25+00:00","og_image":[{"width":500,"height":500,"url":"https:\/\/sodip.net\/wp-content\/uploads\/2023\/11\/Armoires-pour-extincteurs-en-acier.png","type":"image\/png"}],"twitter_card":"summary_large_image","schema":{"@context":"https:\/\/schema.org","@graph":[{"@type":"WebPage","@id":"https:\/\/sodip.net\/en\/product\/armoires-pour-extincteurs-en-acier\/","url":"https:\/\/sodip.net\/en\/product\/armoires-pour-extincteurs-en-acier\/","name":"Armoires pour extincteurs en acier - SODIP SARL","isPartOf":{"@id":"https:\/\/sodip.net\/en\/#website"},"primaryImageOfPage":{"@id":"https:\/\/sodip.net\/en\/product\/armoires-pour-extincteurs-en-acier\/#primaryimage"},"image":{"@id":"https:\/\/sodip.net\/en\/product\/armoires-pour-extincteurs-en-acier\/#primaryimage"},"thumbnailUrl":"https:\/\/sodip.net\/wp-content\/uploads\/2023\/11\/Armoires-pour-extincteurs-en-acier.png","datePublished":"2023-11-06T14:19:15+00:00","dateModified":"2023-11-06T16:43:25+00:00","breadcrumb":{"@id":"https:\/\/sodip.net\/en\/product\/armoires-pour-extincteurs-en-acier\/#breadcrumb"},"inLanguage":"en-GB","potentialAction":[{"@type":"ReadAction","target":["https:\/\/sodip.net\/en\/product\/armoires-pour-extincteurs-en-acier\/"]}]},{"@type":"ImageObject","inLanguage":"en-GB","@id":"https:\/\/sodip.net\/en\/product\/armoires-pour-extincteurs-en-acier\/#primaryimage","url":"https:\/\/sodip.net\/wp-content\/uploads\/2023\/11\/Armoires-pour-extincteurs-en-acier.png","contentUrl":"https:\/\/sodip.net\/wp-content\/uploads\/2023\/11\/Armoires-pour-extincteurs-en-acier.png","width":500,"height":500},{"@type":"BreadcrumbList","@id":"https:\/\/sodip.net\/en\/product\/armoires-pour-extincteurs-en-acier\/#breadcrumb","itemListElement":[{"@type":"ListItem","position":1,"name":"Accueil","item":"https:\/\/sodip.net\/"},{"@type":"ListItem","position":2,"name":"Boutique","item":"https:\/\/sodip.net\/en\/boutique\/"},{"@type":"ListItem","position":3,"name":"Armoires pour extincteurs en acier"}]},{"@type":"WebSite","@id":"https:\/\/sodip.net\/en\/#website","url":"https:\/\/sodip.net\/en\/","name":"SODIP SARL","description":"Soci\u00e9t\u00e9 d&#039;ing\u00e9nierie et de production","publisher":{"@id":"https:\/\/sodip.net\/en\/#organization"},"potentialAction":[{"@type":"SearchAction","target":{"@type":"EntryPoint","urlTemplate":"https:\/\/sodip.net\/en\/?s={search_term_string}"},"query-input":"required name=search_term_string"}],"inLanguage":"en-GB"},{"@type":"Organization","@id":"https:\/\/sodip.net\/en\/#organization","name":"SODIP SARL","url":"https:\/\/sodip.net\/en\/","logo":{"@type":"ImageObject","inLanguage":"en-GB","@id":"https:\/\/sodip.net\/en\/#\/schema\/logo\/image\/","url":"https:\/\/sodip.net\/wp-content\/uploads\/2023\/09\/cropped-logo-1.png","contentUrl":"https:\/\/sodip.net\/wp-content\/uploads\/2023\/09\/cropped-logo-1.png","width":825,"height":213,"caption":"SODIP SARL"},"image":{"@id":"https:\/\/sodip.net\/en\/#\/schema\/logo\/image\/"}}]}},"_links":{"self":[{"href":"https:\/\/sodip.net\/en\/wp-json\/wp\/v2\/product\/7830","targetHints":{"allow":["GET"]}}],"collection":[{"href":"https:\/\/sodip.net\/en\/wp-json\/wp\/v2\/product"}],"about":[{"href":"https:\/\/sodip.net\/en\/wp-json\/wp\/v2\/types\/product"}],"replies":[{"embeddable":true,"href":"https:\/\/sodip.net\/en\/wp-json\/wp\/v2\/comments?post=7830"}],"wp:featuredmedia":[{"embeddable":true,"href":"https:\/\/sodip.net\/en\/wp-json\/wp\/v2\/media\/7851"}],"wp:attachment":[{"href":"https:\/\/sodip.net\/en\/wp-json\/wp\/v2\/media?parent=7830"}],"wp:term":[{"taxonomy":"product_cat","embeddable":true,"href":"https:\/\/sodip.net\/en\/wp-json\/wp\/v2\/product_cat?post=7830"},{"taxonomy":"product_tag","embeddable":true,"href":"https:\/\/sodip.net\/en\/wp-json\/wp\/v2\/product_tag?post=7830"}],"curies":[{"name":"wp","href":"https:\/\/api.w.org\/{rel}","templated":true}]}}