{"id":7829,"date":"2023-11-06T15:18:23","date_gmt":"2023-11-06T14:18:23","guid":{"rendered":"https:\/\/sodip.net\/?post_type=product&#038;p=7829"},"modified":"2023-11-06T17:41:45","modified_gmt":"2023-11-06T16:41:45","slug":"armoires-pour-extincteurs-a-plastique","status":"publish","type":"product","link":"https:\/\/sodip.net\/en\/product\/armoires-pour-extincteurs-a-plastique\/","title":{"rendered":"Plastic extinguisher cabinets"},"content":{"rendered":"<h2 class=\"p1\"><strong>Plastic extinguisher cabinets<\/strong><\/h2>\n<p class=\"p1\">Plastic extinguisher cabinets are designed to protect extinguishers from the environment and reduce the risk of misuse and intentional theft. They are made from high-quality UV-treated plastic and are available to fit 4.5 kg and 9.0 kg extinguishers.<\/p>","protected":false},"excerpt":{"rendered":"<p class=\"p1\">Plastic extinguisher cabinets are designed to protect extinguishers from the environment and reduce the risk of misuse and intentional theft. They are made from high-quality UV-treated plastic and are available to fit 4.5 kg and 9.0 kg extinguishers.<\/p>","protected":false},"featured_media":7850,"comment_status":"closed","ping_status":"closed","template":"","meta":{"inline_featured_image":false},"product_cat":[15,153],"product_tag":[],"class_list":["post-7829","product","type-product","status-publish","has-post-thumbnail","hentry","product_cat-protection-incendie","product_cat-materiel-incendie"],"yoast_head":"<!-- This site is optimized with the Yoast SEO plugin v22.8 - https:\/\/yoast.com\/wordpress\/plugins\/seo\/ -->\n<title>Armoires pour extincteurs \u00e0 plastique - SODIP SARL<\/title>\n<meta name=\"robots\" content=\"index, follow, max-snippet:-1, max-image-preview:large, max-video-preview:-1\" \/>\n<link rel=\"canonical\" href=\"https:\/\/sodip.net\/en\/product\/armoires-pour-extincteurs-a-plastique\/\" \/>\n<meta property=\"og:locale\" content=\"en_GB\" \/>\n<meta property=\"og:type\" content=\"article\" \/>\n<meta property=\"og:title\" content=\"Armoires pour extincteurs \u00e0 plastique - SODIP SARL\" \/>\n<meta property=\"og:description\" content=\"Les armoires pour extincteurs en plastique sont con\u00e7ues pour prot\u00e9ger les extincteurs de l&#039;environnement et r\u00e9duisent les risques d&#039;utilisation abusive et de vol intentionnel. Ils sont fabriqu\u00e9s \u00e0 partir de plastique trait\u00e9 anti-UV de haute qualit\u00e9 et sont disponibles pour s&#039;adapter aux extincteurs de 4,5 kg et 9,0 kg.\" \/>\n<meta property=\"og:url\" content=\"https:\/\/sodip.net\/en\/product\/armoires-pour-extincteurs-a-plastique\/\" \/>\n<meta property=\"og:site_name\" content=\"SODIP SARL\" \/>\n<meta property=\"article:modified_time\" content=\"2023-11-06T16:41:45+00:00\" \/>\n<meta property=\"og:image\" content=\"https:\/\/sodip.net\/wp-content\/uploads\/2023\/11\/Armoires-pour-extincteurs-a\u0300-plastique.png\" \/>\n\t<meta property=\"og:image:width\" content=\"500\" \/>\n\t<meta property=\"og:image:height\" content=\"500\" \/>\n\t<meta property=\"og:image:type\" content=\"image\/png\" \/>\n<meta name=\"twitter:card\" content=\"summary_large_image\" \/>\n<script type=\"application\/ld+json\" class=\"yoast-schema-graph\">{\"@context\":\"https:\/\/schema.org\",\"@graph\":[{\"@type\":\"WebPage\",\"@id\":\"https:\/\/sodip.net\/produit\/armoires-pour-extincteurs-a-plastique\/\",\"url\":\"https:\/\/sodip.net\/produit\/armoires-pour-extincteurs-a-plastique\/\",\"name\":\"Armoires pour extincteurs \u00e0 plastique - SODIP SARL\",\"isPartOf\":{\"@id\":\"https:\/\/sodip.net\/en\/#website\"},\"primaryImageOfPage\":{\"@id\":\"https:\/\/sodip.net\/produit\/armoires-pour-extincteurs-a-plastique\/#primaryimage\"},\"image\":{\"@id\":\"https:\/\/sodip.net\/produit\/armoires-pour-extincteurs-a-plastique\/#primaryimage\"},\"thumbnailUrl\":\"https:\/\/sodip.net\/wp-content\/uploads\/2023\/11\/Armoires-pour-extincteurs-a\u0300-plastique.png\",\"datePublished\":\"2023-11-06T14:18:23+00:00\",\"dateModified\":\"2023-11-06T16:41:45+00:00\",\"breadcrumb\":{\"@id\":\"https:\/\/sodip.net\/produit\/armoires-pour-extincteurs-a-plastique\/#breadcrumb\"},\"inLanguage\":\"en-GB\",\"potentialAction\":[{\"@type\":\"ReadAction\",\"target\":[\"https:\/\/sodip.net\/produit\/armoires-pour-extincteurs-a-plastique\/\"]}]},{\"@type\":\"ImageObject\",\"inLanguage\":\"en-GB\",\"@id\":\"https:\/\/sodip.net\/produit\/armoires-pour-extincteurs-a-plastique\/#primaryimage\",\"url\":\"https:\/\/sodip.net\/wp-content\/uploads\/2023\/11\/Armoires-pour-extincteurs-a\u0300-plastique.png\",\"contentUrl\":\"https:\/\/sodip.net\/wp-content\/uploads\/2023\/11\/Armoires-pour-extincteurs-a\u0300-plastique.png\",\"width\":500,\"height\":500},{\"@type\":\"BreadcrumbList\",\"@id\":\"https:\/\/sodip.net\/produit\/armoires-pour-extincteurs-a-plastique\/#breadcrumb\",\"itemListElement\":[{\"@type\":\"ListItem\",\"position\":1,\"name\":\"Accueil\",\"item\":\"https:\/\/sodip.net\/\"},{\"@type\":\"ListItem\",\"position\":2,\"name\":\"Boutique\",\"item\":\"https:\/\/sodip.net\/en\/boutique\/\"},{\"@type\":\"ListItem\",\"position\":3,\"name\":\"Armoires pour extincteurs \u00e0 plastique\"}]},{\"@type\":\"WebSite\",\"@id\":\"https:\/\/sodip.net\/en\/#website\",\"url\":\"https:\/\/sodip.net\/en\/\",\"name\":\"SODIP SARL\",\"description\":\"Soci\u00e9t\u00e9 d&#039;ing\u00e9nierie et de production\",\"publisher\":{\"@id\":\"https:\/\/sodip.net\/en\/#organization\"},\"potentialAction\":[{\"@type\":\"SearchAction\",\"target\":{\"@type\":\"EntryPoint\",\"urlTemplate\":\"https:\/\/sodip.net\/en\/?s={search_term_string}\"},\"query-input\":\"required name=search_term_string\"}],\"inLanguage\":\"en-GB\"},{\"@type\":\"Organization\",\"@id\":\"https:\/\/sodip.net\/en\/#organization\",\"name\":\"SODIP SARL\",\"url\":\"https:\/\/sodip.net\/en\/\",\"logo\":{\"@type\":\"ImageObject\",\"inLanguage\":\"en-GB\",\"@id\":\"https:\/\/sodip.net\/en\/#\/schema\/logo\/image\/\",\"url\":\"https:\/\/sodip.net\/wp-content\/uploads\/2023\/09\/cropped-logo-1.png\",\"contentUrl\":\"https:\/\/sodip.net\/wp-content\/uploads\/2023\/09\/cropped-logo-1.png\",\"width\":825,\"height\":213,\"caption\":\"SODIP SARL\"},\"image\":{\"@id\":\"https:\/\/sodip.net\/en\/#\/schema\/logo\/image\/\"}}]}<\/script>\n<!-- \/ Yoast SEO plugin. -->","yoast_head_json":{"title":"Armoires pour extincteurs \u00e0 plastique - SODIP SARL","robots":{"index":"index","follow":"follow","max-snippet":"max-snippet:-1","max-image-preview":"max-image-preview:large","max-video-preview":"max-video-preview:-1"},"canonical":"https:\/\/sodip.net\/en\/product\/armoires-pour-extincteurs-a-plastique\/","og_locale":"en_GB","og_type":"article","og_title":"Armoires pour extincteurs \u00e0 plastique - SODIP SARL","og_description":"Les armoires pour extincteurs en plastique sont con\u00e7ues pour prot\u00e9ger les extincteurs de l'environnement et r\u00e9duisent les risques d'utilisation abusive et de vol intentionnel. Ils sont fabriqu\u00e9s \u00e0 partir de plastique trait\u00e9 anti-UV de haute qualit\u00e9 et sont disponibles pour s'adapter aux extincteurs de 4,5 kg et 9,0 kg.","og_url":"https:\/\/sodip.net\/en\/product\/armoires-pour-extincteurs-a-plastique\/","og_site_name":"SODIP SARL","article_modified_time":"2023-11-06T16:41:45+00:00","og_image":[{"width":500,"height":500,"url":"https:\/\/sodip.net\/wp-content\/uploads\/2023\/11\/Armoires-pour-extincteurs-a\u0300-plastique.png","type":"image\/png"}],"twitter_card":"summary_large_image","schema":{"@context":"https:\/\/schema.org","@graph":[{"@type":"WebPage","@id":"https:\/\/sodip.net\/produit\/armoires-pour-extincteurs-a-plastique\/","url":"https:\/\/sodip.net\/produit\/armoires-pour-extincteurs-a-plastique\/","name":"Armoires pour extincteurs \u00e0 plastique - SODIP SARL","isPartOf":{"@id":"https:\/\/sodip.net\/en\/#website"},"primaryImageOfPage":{"@id":"https:\/\/sodip.net\/produit\/armoires-pour-extincteurs-a-plastique\/#primaryimage"},"image":{"@id":"https:\/\/sodip.net\/produit\/armoires-pour-extincteurs-a-plastique\/#primaryimage"},"thumbnailUrl":"https:\/\/sodip.net\/wp-content\/uploads\/2023\/11\/Armoires-pour-extincteurs-a\u0300-plastique.png","datePublished":"2023-11-06T14:18:23+00:00","dateModified":"2023-11-06T16:41:45+00:00","breadcrumb":{"@id":"https:\/\/sodip.net\/produit\/armoires-pour-extincteurs-a-plastique\/#breadcrumb"},"inLanguage":"en-GB","potentialAction":[{"@type":"ReadAction","target":["https:\/\/sodip.net\/produit\/armoires-pour-extincteurs-a-plastique\/"]}]},{"@type":"ImageObject","inLanguage":"en-GB","@id":"https:\/\/sodip.net\/produit\/armoires-pour-extincteurs-a-plastique\/#primaryimage","url":"https:\/\/sodip.net\/wp-content\/uploads\/2023\/11\/Armoires-pour-extincteurs-a\u0300-plastique.png","contentUrl":"https:\/\/sodip.net\/wp-content\/uploads\/2023\/11\/Armoires-pour-extincteurs-a\u0300-plastique.png","width":500,"height":500},{"@type":"BreadcrumbList","@id":"https:\/\/sodip.net\/produit\/armoires-pour-extincteurs-a-plastique\/#breadcrumb","itemListElement":[{"@type":"ListItem","position":1,"name":"Accueil","item":"https:\/\/sodip.net\/"},{"@type":"ListItem","position":2,"name":"Boutique","item":"https:\/\/sodip.net\/en\/boutique\/"},{"@type":"ListItem","position":3,"name":"Armoires pour extincteurs \u00e0 plastique"}]},{"@type":"WebSite","@id":"https:\/\/sodip.net\/en\/#website","url":"https:\/\/sodip.net\/en\/","name":"SODIP SARL","description":"Soci\u00e9t\u00e9 d&#039;ing\u00e9nierie et de production","publisher":{"@id":"https:\/\/sodip.net\/en\/#organization"},"potentialAction":[{"@type":"SearchAction","target":{"@type":"EntryPoint","urlTemplate":"https:\/\/sodip.net\/en\/?s={search_term_string}"},"query-input":"required name=search_term_string"}],"inLanguage":"en-GB"},{"@type":"Organization","@id":"https:\/\/sodip.net\/en\/#organization","name":"SODIP SARL","url":"https:\/\/sodip.net\/en\/","logo":{"@type":"ImageObject","inLanguage":"en-GB","@id":"https:\/\/sodip.net\/en\/#\/schema\/logo\/image\/","url":"https:\/\/sodip.net\/wp-content\/uploads\/2023\/09\/cropped-logo-1.png","contentUrl":"https:\/\/sodip.net\/wp-content\/uploads\/2023\/09\/cropped-logo-1.png","width":825,"height":213,"caption":"SODIP SARL"},"image":{"@id":"https:\/\/sodip.net\/en\/#\/schema\/logo\/image\/"}}]}},"_links":{"self":[{"href":"https:\/\/sodip.net\/en\/wp-json\/wp\/v2\/product\/7829","targetHints":{"allow":["GET"]}}],"collection":[{"href":"https:\/\/sodip.net\/en\/wp-json\/wp\/v2\/product"}],"about":[{"href":"https:\/\/sodip.net\/en\/wp-json\/wp\/v2\/types\/product"}],"replies":[{"embeddable":true,"href":"https:\/\/sodip.net\/en\/wp-json\/wp\/v2\/comments?post=7829"}],"wp:featuredmedia":[{"embeddable":true,"href":"https:\/\/sodip.net\/en\/wp-json\/wp\/v2\/media\/7850"}],"wp:attachment":[{"href":"https:\/\/sodip.net\/en\/wp-json\/wp\/v2\/media?parent=7829"}],"wp:term":[{"taxonomy":"product_cat","embeddable":true,"href":"https:\/\/sodip.net\/en\/wp-json\/wp\/v2\/product_cat?post=7829"},{"taxonomy":"product_tag","embeddable":true,"href":"https:\/\/sodip.net\/en\/wp-json\/wp\/v2\/product_tag?post=7829"}],"curies":[{"name":"wp","href":"https:\/\/api.w.org\/{rel}","templated":true}]}}