{"id":7826,"date":"2023-11-06T15:11:55","date_gmt":"2023-11-06T14:11:55","guid":{"rendered":"https:\/\/sodip.net\/?post_type=product&#038;p=7826"},"modified":"2023-11-06T17:39:28","modified_gmt":"2023-11-06T16:39:28","slug":"robinet-dincendie-arme","status":"publish","type":"product","link":"https:\/\/sodip.net\/en\/product\/robinet-dincendie-arme\/","title":{"rendered":"Armed fire valve"},"content":{"rendered":"<h2 class=\"p1\"><strong>Armed fire valve<\/strong><\/h2>\n<p class=\"p1\">A fire hydrant, or RIA, is water-supplied first-response equipment for fighting incipient fires. It can be used by all persons, whether qualified or not, for at least 20 minutes, while awaiting the arrival of the fire department if necessary.<\/p>","protected":false},"excerpt":{"rendered":"<p class=\"p1\">A fire hydrant, or RIA, is water-supplied first-response equipment for fighting incipient fires. It can be used by all persons, whether qualified or not, for at least 20 minutes, while awaiting the arrival of the fire department if necessary.<\/p>","protected":false},"featured_media":7847,"comment_status":"closed","ping_status":"closed","template":"","meta":{"inline_featured_image":false},"product_cat":[15,153],"product_tag":[],"class_list":["post-7826","product","type-product","status-publish","has-post-thumbnail","hentry","product_cat-protection-incendie","product_cat-materiel-incendie"],"yoast_head":"<!-- This site is optimized with the Yoast SEO plugin v22.8 - https:\/\/yoast.com\/wordpress\/plugins\/seo\/ -->\n<title>Robinet d\u2019Incendie Arm\u00e9 - SODIP SARL<\/title>\n<meta name=\"robots\" content=\"index, follow, max-snippet:-1, max-image-preview:large, max-video-preview:-1\" \/>\n<link rel=\"canonical\" href=\"https:\/\/sodip.net\/en\/product\/robinet-dincendie-arme\/\" \/>\n<meta property=\"og:locale\" content=\"en_GB\" \/>\n<meta property=\"og:type\" content=\"article\" \/>\n<meta property=\"og:title\" content=\"Robinet d\u2019Incendie Arm\u00e9 - SODIP SARL\" \/>\n<meta property=\"og:description\" content=\"Un robinet d&#039;incendie arm\u00e9, ou RIA, est un \u00e9quipement de premi\u00e8re intervention, aliment\u00e9 en eau, pour la lutte contre les d\u00e9buts d&#039;incendie. Il est utilisable par toutes les personnes, qualifi\u00e9es ou non, pendant au moins 20 minutes en attendant si n\u00e9cessaire l&#039;arriv\u00e9e des sapeurs-pompiers\" \/>\n<meta property=\"og:url\" content=\"https:\/\/sodip.net\/en\/product\/robinet-dincendie-arme\/\" \/>\n<meta property=\"og:site_name\" content=\"SODIP SARL\" \/>\n<meta property=\"article:modified_time\" content=\"2023-11-06T16:39:28+00:00\" \/>\n<meta property=\"og:image\" content=\"https:\/\/sodip.net\/wp-content\/uploads\/2023\/11\/Robinet-dIncendie-Arme\u0301.png\" \/>\n\t<meta property=\"og:image:width\" content=\"500\" \/>\n\t<meta property=\"og:image:height\" content=\"500\" \/>\n\t<meta property=\"og:image:type\" content=\"image\/png\" \/>\n<meta name=\"twitter:card\" content=\"summary_large_image\" \/>\n<script type=\"application\/ld+json\" class=\"yoast-schema-graph\">{\"@context\":\"https:\/\/schema.org\",\"@graph\":[{\"@type\":\"WebPage\",\"@id\":\"https:\/\/sodip.net\/produit\/robinet-dincendie-arme\/\",\"url\":\"https:\/\/sodip.net\/produit\/robinet-dincendie-arme\/\",\"name\":\"Robinet d\u2019Incendie Arm\u00e9 - SODIP SARL\",\"isPartOf\":{\"@id\":\"https:\/\/sodip.net\/en\/#website\"},\"primaryImageOfPage\":{\"@id\":\"https:\/\/sodip.net\/produit\/robinet-dincendie-arme\/#primaryimage\"},\"image\":{\"@id\":\"https:\/\/sodip.net\/produit\/robinet-dincendie-arme\/#primaryimage\"},\"thumbnailUrl\":\"https:\/\/sodip.net\/wp-content\/uploads\/2023\/11\/Robinet-dIncendie-Arme\u0301.png\",\"datePublished\":\"2023-11-06T14:11:55+00:00\",\"dateModified\":\"2023-11-06T16:39:28+00:00\",\"breadcrumb\":{\"@id\":\"https:\/\/sodip.net\/produit\/robinet-dincendie-arme\/#breadcrumb\"},\"inLanguage\":\"en-GB\",\"potentialAction\":[{\"@type\":\"ReadAction\",\"target\":[\"https:\/\/sodip.net\/produit\/robinet-dincendie-arme\/\"]}]},{\"@type\":\"ImageObject\",\"inLanguage\":\"en-GB\",\"@id\":\"https:\/\/sodip.net\/produit\/robinet-dincendie-arme\/#primaryimage\",\"url\":\"https:\/\/sodip.net\/wp-content\/uploads\/2023\/11\/Robinet-dIncendie-Arme\u0301.png\",\"contentUrl\":\"https:\/\/sodip.net\/wp-content\/uploads\/2023\/11\/Robinet-dIncendie-Arme\u0301.png\",\"width\":500,\"height\":500},{\"@type\":\"BreadcrumbList\",\"@id\":\"https:\/\/sodip.net\/produit\/robinet-dincendie-arme\/#breadcrumb\",\"itemListElement\":[{\"@type\":\"ListItem\",\"position\":1,\"name\":\"Accueil\",\"item\":\"https:\/\/sodip.net\/\"},{\"@type\":\"ListItem\",\"position\":2,\"name\":\"Boutique\",\"item\":\"https:\/\/sodip.net\/en\/boutique\/\"},{\"@type\":\"ListItem\",\"position\":3,\"name\":\"Robinet d\u2019Incendie Arm\u00e9\"}]},{\"@type\":\"WebSite\",\"@id\":\"https:\/\/sodip.net\/en\/#website\",\"url\":\"https:\/\/sodip.net\/en\/\",\"name\":\"SODIP SARL\",\"description\":\"Soci\u00e9t\u00e9 d&#039;ing\u00e9nierie et de production\",\"publisher\":{\"@id\":\"https:\/\/sodip.net\/en\/#organization\"},\"potentialAction\":[{\"@type\":\"SearchAction\",\"target\":{\"@type\":\"EntryPoint\",\"urlTemplate\":\"https:\/\/sodip.net\/en\/?s={search_term_string}\"},\"query-input\":\"required name=search_term_string\"}],\"inLanguage\":\"en-GB\"},{\"@type\":\"Organization\",\"@id\":\"https:\/\/sodip.net\/en\/#organization\",\"name\":\"SODIP SARL\",\"url\":\"https:\/\/sodip.net\/en\/\",\"logo\":{\"@type\":\"ImageObject\",\"inLanguage\":\"en-GB\",\"@id\":\"https:\/\/sodip.net\/en\/#\/schema\/logo\/image\/\",\"url\":\"https:\/\/sodip.net\/wp-content\/uploads\/2023\/09\/cropped-logo-1.png\",\"contentUrl\":\"https:\/\/sodip.net\/wp-content\/uploads\/2023\/09\/cropped-logo-1.png\",\"width\":825,\"height\":213,\"caption\":\"SODIP SARL\"},\"image\":{\"@id\":\"https:\/\/sodip.net\/en\/#\/schema\/logo\/image\/\"}}]}<\/script>\n<!-- \/ Yoast SEO plugin. -->","yoast_head_json":{"title":"Robinet d\u2019Incendie Arm\u00e9 - SODIP SARL","robots":{"index":"index","follow":"follow","max-snippet":"max-snippet:-1","max-image-preview":"max-image-preview:large","max-video-preview":"max-video-preview:-1"},"canonical":"https:\/\/sodip.net\/en\/product\/robinet-dincendie-arme\/","og_locale":"en_GB","og_type":"article","og_title":"Robinet d\u2019Incendie Arm\u00e9 - SODIP SARL","og_description":"Un robinet d'incendie arm\u00e9, ou RIA, est un \u00e9quipement de premi\u00e8re intervention, aliment\u00e9 en eau, pour la lutte contre les d\u00e9buts d'incendie. Il est utilisable par toutes les personnes, qualifi\u00e9es ou non, pendant au moins 20 minutes en attendant si n\u00e9cessaire l'arriv\u00e9e des sapeurs-pompiers","og_url":"https:\/\/sodip.net\/en\/product\/robinet-dincendie-arme\/","og_site_name":"SODIP SARL","article_modified_time":"2023-11-06T16:39:28+00:00","og_image":[{"width":500,"height":500,"url":"https:\/\/sodip.net\/wp-content\/uploads\/2023\/11\/Robinet-dIncendie-Arme\u0301.png","type":"image\/png"}],"twitter_card":"summary_large_image","schema":{"@context":"https:\/\/schema.org","@graph":[{"@type":"WebPage","@id":"https:\/\/sodip.net\/produit\/robinet-dincendie-arme\/","url":"https:\/\/sodip.net\/produit\/robinet-dincendie-arme\/","name":"Robinet d\u2019Incendie Arm\u00e9 - SODIP SARL","isPartOf":{"@id":"https:\/\/sodip.net\/en\/#website"},"primaryImageOfPage":{"@id":"https:\/\/sodip.net\/produit\/robinet-dincendie-arme\/#primaryimage"},"image":{"@id":"https:\/\/sodip.net\/produit\/robinet-dincendie-arme\/#primaryimage"},"thumbnailUrl":"https:\/\/sodip.net\/wp-content\/uploads\/2023\/11\/Robinet-dIncendie-Arme\u0301.png","datePublished":"2023-11-06T14:11:55+00:00","dateModified":"2023-11-06T16:39:28+00:00","breadcrumb":{"@id":"https:\/\/sodip.net\/produit\/robinet-dincendie-arme\/#breadcrumb"},"inLanguage":"en-GB","potentialAction":[{"@type":"ReadAction","target":["https:\/\/sodip.net\/produit\/robinet-dincendie-arme\/"]}]},{"@type":"ImageObject","inLanguage":"en-GB","@id":"https:\/\/sodip.net\/produit\/robinet-dincendie-arme\/#primaryimage","url":"https:\/\/sodip.net\/wp-content\/uploads\/2023\/11\/Robinet-dIncendie-Arme\u0301.png","contentUrl":"https:\/\/sodip.net\/wp-content\/uploads\/2023\/11\/Robinet-dIncendie-Arme\u0301.png","width":500,"height":500},{"@type":"BreadcrumbList","@id":"https:\/\/sodip.net\/produit\/robinet-dincendie-arme\/#breadcrumb","itemListElement":[{"@type":"ListItem","position":1,"name":"Accueil","item":"https:\/\/sodip.net\/"},{"@type":"ListItem","position":2,"name":"Boutique","item":"https:\/\/sodip.net\/en\/boutique\/"},{"@type":"ListItem","position":3,"name":"Robinet d\u2019Incendie Arm\u00e9"}]},{"@type":"WebSite","@id":"https:\/\/sodip.net\/en\/#website","url":"https:\/\/sodip.net\/en\/","name":"SODIP SARL","description":"Soci\u00e9t\u00e9 d&#039;ing\u00e9nierie et de production","publisher":{"@id":"https:\/\/sodip.net\/en\/#organization"},"potentialAction":[{"@type":"SearchAction","target":{"@type":"EntryPoint","urlTemplate":"https:\/\/sodip.net\/en\/?s={search_term_string}"},"query-input":"required name=search_term_string"}],"inLanguage":"en-GB"},{"@type":"Organization","@id":"https:\/\/sodip.net\/en\/#organization","name":"SODIP SARL","url":"https:\/\/sodip.net\/en\/","logo":{"@type":"ImageObject","inLanguage":"en-GB","@id":"https:\/\/sodip.net\/en\/#\/schema\/logo\/image\/","url":"https:\/\/sodip.net\/wp-content\/uploads\/2023\/09\/cropped-logo-1.png","contentUrl":"https:\/\/sodip.net\/wp-content\/uploads\/2023\/09\/cropped-logo-1.png","width":825,"height":213,"caption":"SODIP SARL"},"image":{"@id":"https:\/\/sodip.net\/en\/#\/schema\/logo\/image\/"}}]}},"_links":{"self":[{"href":"https:\/\/sodip.net\/en\/wp-json\/wp\/v2\/product\/7826","targetHints":{"allow":["GET"]}}],"collection":[{"href":"https:\/\/sodip.net\/en\/wp-json\/wp\/v2\/product"}],"about":[{"href":"https:\/\/sodip.net\/en\/wp-json\/wp\/v2\/types\/product"}],"replies":[{"embeddable":true,"href":"https:\/\/sodip.net\/en\/wp-json\/wp\/v2\/comments?post=7826"}],"wp:featuredmedia":[{"embeddable":true,"href":"https:\/\/sodip.net\/en\/wp-json\/wp\/v2\/media\/7847"}],"wp:attachment":[{"href":"https:\/\/sodip.net\/en\/wp-json\/wp\/v2\/media?parent=7826"}],"wp:term":[{"taxonomy":"product_cat","embeddable":true,"href":"https:\/\/sodip.net\/en\/wp-json\/wp\/v2\/product_cat?post=7826"},{"taxonomy":"product_tag","embeddable":true,"href":"https:\/\/sodip.net\/en\/wp-json\/wp\/v2\/product_tag?post=7826"}],"curies":[{"name":"wp","href":"https:\/\/api.w.org\/{rel}","templated":true}]}}