{"id":7824,"date":"2023-11-06T15:09:14","date_gmt":"2023-11-06T14:09:14","guid":{"rendered":"https:\/\/sodip.net\/?post_type=product&#038;p=7824"},"modified":"2023-11-06T17:38:04","modified_gmt":"2023-11-06T16:38:04","slug":"boules-extinctrice-automatique","status":"publish","type":"product","link":"https:\/\/sodip.net\/en\/product\/boules-extinctrice-automatique\/","title":{"rendered":"Automatic fire extinguisher balls"},"content":{"rendered":"<h2 class=\"p1\"><strong>Automatic fire extinguisher balls<\/strong><\/h2>\n<p class=\"p1\">Automatic extinguisher 1.3 kg ABC90% dry powder in ball form is an innovative product used to extinguish early-stage fires. It is lightweight and easy to use, even for children and the elderly (in the event of a fire). The extinguisher is easily activated, either automatically with the system placed on a special support close to the equipment to be protected when the temperature reaches 70\u00b0C, or by throwing it into the fire.<\/p>","protected":false},"excerpt":{"rendered":"<p class=\"p1\">Automatic extinguisher 1.3 kg ABC90% dry powder in ball form is an innovative product used to extinguish early-stage fires. It is lightweight and easy to use, even for children and the elderly (in the event of a fire). The extinguisher is easily activated, either automatically with the system placed on a special support close to the equipment to be protected when the temperature reaches 70\u00b0C, or by throwing it into the fire.<\/p>","protected":false},"featured_media":7845,"comment_status":"closed","ping_status":"closed","template":"","meta":{"inline_featured_image":false},"product_cat":[15,126,129],"product_tag":[],"class_list":["post-7824","product","type-product","status-publish","has-post-thumbnail","hentry","product_cat-protection-incendie","product_cat-extincteurs","product_cat-extincteurs-automatiques"],"yoast_head":"<!-- This site is optimized with the Yoast SEO plugin v22.8 - https:\/\/yoast.com\/wordpress\/plugins\/seo\/ -->\n<title>Boules extinctrice automatique - SODIP SARL<\/title>\n<meta name=\"robots\" content=\"index, follow, max-snippet:-1, max-image-preview:large, max-video-preview:-1\" \/>\n<link rel=\"canonical\" href=\"https:\/\/sodip.net\/en\/product\/boules-extinctrice-automatique\/\" \/>\n<meta property=\"og:locale\" content=\"en_GB\" \/>\n<meta property=\"og:type\" content=\"article\" \/>\n<meta property=\"og:title\" content=\"Boules extinctrice automatique - SODIP SARL\" \/>\n<meta property=\"og:description\" content=\"Extincteur automatique 1,3 kg de poudre s\u00e8che ABC90% en forme de boule est un produit innovant utilis\u00e9 pour \u00e9teindre les incendies de stade initial. C&#039;est un produit l\u00e9ger et facile \u00e0 utiliser m\u00eame chez les enfants et les personnes \u00e2g\u00e9es (en cas d&#039;incendie). L\u2019extincteur s\u2019active facilement, soit automatiquement avec l\u2019installation plac\u00e9e sur un support sp\u00e9cial \u00e0 proximit\u00e9 de l\u2019\u00e9quipement devant \u00eatre prot\u00e9g\u00e9 lorsque la temp\u00e9rature atteint 70 \u00b0 C, soit en le jetant au feu.\" \/>\n<meta property=\"og:url\" content=\"https:\/\/sodip.net\/en\/product\/boules-extinctrice-automatique\/\" \/>\n<meta property=\"og:site_name\" content=\"SODIP SARL\" \/>\n<meta property=\"article:modified_time\" content=\"2023-11-06T16:38:04+00:00\" \/>\n<meta property=\"og:image\" content=\"https:\/\/sodip.net\/wp-content\/uploads\/2023\/11\/Boules-extinctrice-automatique.png\" \/>\n\t<meta property=\"og:image:width\" content=\"500\" \/>\n\t<meta property=\"og:image:height\" content=\"500\" \/>\n\t<meta property=\"og:image:type\" content=\"image\/png\" \/>\n<meta name=\"twitter:card\" content=\"summary_large_image\" \/>\n<script type=\"application\/ld+json\" class=\"yoast-schema-graph\">{\"@context\":\"https:\/\/schema.org\",\"@graph\":[{\"@type\":\"WebPage\",\"@id\":\"https:\/\/sodip.net\/produit\/boules-extinctrice-automatique\/\",\"url\":\"https:\/\/sodip.net\/produit\/boules-extinctrice-automatique\/\",\"name\":\"Boules extinctrice automatique - SODIP SARL\",\"isPartOf\":{\"@id\":\"https:\/\/sodip.net\/en\/#website\"},\"primaryImageOfPage\":{\"@id\":\"https:\/\/sodip.net\/produit\/boules-extinctrice-automatique\/#primaryimage\"},\"image\":{\"@id\":\"https:\/\/sodip.net\/produit\/boules-extinctrice-automatique\/#primaryimage\"},\"thumbnailUrl\":\"https:\/\/sodip.net\/wp-content\/uploads\/2023\/11\/Boules-extinctrice-automatique.png\",\"datePublished\":\"2023-11-06T14:09:14+00:00\",\"dateModified\":\"2023-11-06T16:38:04+00:00\",\"breadcrumb\":{\"@id\":\"https:\/\/sodip.net\/produit\/boules-extinctrice-automatique\/#breadcrumb\"},\"inLanguage\":\"en-GB\",\"potentialAction\":[{\"@type\":\"ReadAction\",\"target\":[\"https:\/\/sodip.net\/produit\/boules-extinctrice-automatique\/\"]}]},{\"@type\":\"ImageObject\",\"inLanguage\":\"en-GB\",\"@id\":\"https:\/\/sodip.net\/produit\/boules-extinctrice-automatique\/#primaryimage\",\"url\":\"https:\/\/sodip.net\/wp-content\/uploads\/2023\/11\/Boules-extinctrice-automatique.png\",\"contentUrl\":\"https:\/\/sodip.net\/wp-content\/uploads\/2023\/11\/Boules-extinctrice-automatique.png\",\"width\":500,\"height\":500},{\"@type\":\"BreadcrumbList\",\"@id\":\"https:\/\/sodip.net\/produit\/boules-extinctrice-automatique\/#breadcrumb\",\"itemListElement\":[{\"@type\":\"ListItem\",\"position\":1,\"name\":\"Accueil\",\"item\":\"https:\/\/sodip.net\/\"},{\"@type\":\"ListItem\",\"position\":2,\"name\":\"Boutique\",\"item\":\"https:\/\/sodip.net\/en\/boutique\/\"},{\"@type\":\"ListItem\",\"position\":3,\"name\":\"Boules extinctrice automatique\"}]},{\"@type\":\"WebSite\",\"@id\":\"https:\/\/sodip.net\/en\/#website\",\"url\":\"https:\/\/sodip.net\/en\/\",\"name\":\"SODIP SARL\",\"description\":\"Soci\u00e9t\u00e9 d&#039;ing\u00e9nierie et de production\",\"publisher\":{\"@id\":\"https:\/\/sodip.net\/en\/#organization\"},\"potentialAction\":[{\"@type\":\"SearchAction\",\"target\":{\"@type\":\"EntryPoint\",\"urlTemplate\":\"https:\/\/sodip.net\/en\/?s={search_term_string}\"},\"query-input\":\"required name=search_term_string\"}],\"inLanguage\":\"en-GB\"},{\"@type\":\"Organization\",\"@id\":\"https:\/\/sodip.net\/en\/#organization\",\"name\":\"SODIP SARL\",\"url\":\"https:\/\/sodip.net\/en\/\",\"logo\":{\"@type\":\"ImageObject\",\"inLanguage\":\"en-GB\",\"@id\":\"https:\/\/sodip.net\/en\/#\/schema\/logo\/image\/\",\"url\":\"https:\/\/sodip.net\/wp-content\/uploads\/2023\/09\/cropped-logo-1.png\",\"contentUrl\":\"https:\/\/sodip.net\/wp-content\/uploads\/2023\/09\/cropped-logo-1.png\",\"width\":825,\"height\":213,\"caption\":\"SODIP SARL\"},\"image\":{\"@id\":\"https:\/\/sodip.net\/en\/#\/schema\/logo\/image\/\"}}]}<\/script>\n<!-- \/ Yoast SEO plugin. -->","yoast_head_json":{"title":"Boules extinctrice automatique - SODIP SARL","robots":{"index":"index","follow":"follow","max-snippet":"max-snippet:-1","max-image-preview":"max-image-preview:large","max-video-preview":"max-video-preview:-1"},"canonical":"https:\/\/sodip.net\/en\/product\/boules-extinctrice-automatique\/","og_locale":"en_GB","og_type":"article","og_title":"Boules extinctrice automatique - SODIP SARL","og_description":"Extincteur automatique 1,3 kg de poudre s\u00e8che ABC90% en forme de boule est un produit innovant utilis\u00e9 pour \u00e9teindre les incendies de stade initial. C'est un produit l\u00e9ger et facile \u00e0 utiliser m\u00eame chez les enfants et les personnes \u00e2g\u00e9es (en cas d'incendie). L\u2019extincteur s\u2019active facilement, soit automatiquement avec l\u2019installation plac\u00e9e sur un support sp\u00e9cial \u00e0 proximit\u00e9 de l\u2019\u00e9quipement devant \u00eatre prot\u00e9g\u00e9 lorsque la temp\u00e9rature atteint 70 \u00b0 C, soit en le jetant au feu.","og_url":"https:\/\/sodip.net\/en\/product\/boules-extinctrice-automatique\/","og_site_name":"SODIP SARL","article_modified_time":"2023-11-06T16:38:04+00:00","og_image":[{"width":500,"height":500,"url":"https:\/\/sodip.net\/wp-content\/uploads\/2023\/11\/Boules-extinctrice-automatique.png","type":"image\/png"}],"twitter_card":"summary_large_image","schema":{"@context":"https:\/\/schema.org","@graph":[{"@type":"WebPage","@id":"https:\/\/sodip.net\/produit\/boules-extinctrice-automatique\/","url":"https:\/\/sodip.net\/produit\/boules-extinctrice-automatique\/","name":"Boules extinctrice automatique - SODIP SARL","isPartOf":{"@id":"https:\/\/sodip.net\/en\/#website"},"primaryImageOfPage":{"@id":"https:\/\/sodip.net\/produit\/boules-extinctrice-automatique\/#primaryimage"},"image":{"@id":"https:\/\/sodip.net\/produit\/boules-extinctrice-automatique\/#primaryimage"},"thumbnailUrl":"https:\/\/sodip.net\/wp-content\/uploads\/2023\/11\/Boules-extinctrice-automatique.png","datePublished":"2023-11-06T14:09:14+00:00","dateModified":"2023-11-06T16:38:04+00:00","breadcrumb":{"@id":"https:\/\/sodip.net\/produit\/boules-extinctrice-automatique\/#breadcrumb"},"inLanguage":"en-GB","potentialAction":[{"@type":"ReadAction","target":["https:\/\/sodip.net\/produit\/boules-extinctrice-automatique\/"]}]},{"@type":"ImageObject","inLanguage":"en-GB","@id":"https:\/\/sodip.net\/produit\/boules-extinctrice-automatique\/#primaryimage","url":"https:\/\/sodip.net\/wp-content\/uploads\/2023\/11\/Boules-extinctrice-automatique.png","contentUrl":"https:\/\/sodip.net\/wp-content\/uploads\/2023\/11\/Boules-extinctrice-automatique.png","width":500,"height":500},{"@type":"BreadcrumbList","@id":"https:\/\/sodip.net\/produit\/boules-extinctrice-automatique\/#breadcrumb","itemListElement":[{"@type":"ListItem","position":1,"name":"Accueil","item":"https:\/\/sodip.net\/"},{"@type":"ListItem","position":2,"name":"Boutique","item":"https:\/\/sodip.net\/en\/boutique\/"},{"@type":"ListItem","position":3,"name":"Boules extinctrice automatique"}]},{"@type":"WebSite","@id":"https:\/\/sodip.net\/en\/#website","url":"https:\/\/sodip.net\/en\/","name":"SODIP SARL","description":"Soci\u00e9t\u00e9 d&#039;ing\u00e9nierie et de production","publisher":{"@id":"https:\/\/sodip.net\/en\/#organization"},"potentialAction":[{"@type":"SearchAction","target":{"@type":"EntryPoint","urlTemplate":"https:\/\/sodip.net\/en\/?s={search_term_string}"},"query-input":"required name=search_term_string"}],"inLanguage":"en-GB"},{"@type":"Organization","@id":"https:\/\/sodip.net\/en\/#organization","name":"SODIP SARL","url":"https:\/\/sodip.net\/en\/","logo":{"@type":"ImageObject","inLanguage":"en-GB","@id":"https:\/\/sodip.net\/en\/#\/schema\/logo\/image\/","url":"https:\/\/sodip.net\/wp-content\/uploads\/2023\/09\/cropped-logo-1.png","contentUrl":"https:\/\/sodip.net\/wp-content\/uploads\/2023\/09\/cropped-logo-1.png","width":825,"height":213,"caption":"SODIP SARL"},"image":{"@id":"https:\/\/sodip.net\/en\/#\/schema\/logo\/image\/"}}]}},"_links":{"self":[{"href":"https:\/\/sodip.net\/en\/wp-json\/wp\/v2\/product\/7824","targetHints":{"allow":["GET"]}}],"collection":[{"href":"https:\/\/sodip.net\/en\/wp-json\/wp\/v2\/product"}],"about":[{"href":"https:\/\/sodip.net\/en\/wp-json\/wp\/v2\/types\/product"}],"replies":[{"embeddable":true,"href":"https:\/\/sodip.net\/en\/wp-json\/wp\/v2\/comments?post=7824"}],"wp:featuredmedia":[{"embeddable":true,"href":"https:\/\/sodip.net\/en\/wp-json\/wp\/v2\/media\/7845"}],"wp:attachment":[{"href":"https:\/\/sodip.net\/en\/wp-json\/wp\/v2\/media?parent=7824"}],"wp:term":[{"taxonomy":"product_cat","embeddable":true,"href":"https:\/\/sodip.net\/en\/wp-json\/wp\/v2\/product_cat?post=7824"},{"taxonomy":"product_tag","embeddable":true,"href":"https:\/\/sodip.net\/en\/wp-json\/wp\/v2\/product_tag?post=7824"}],"curies":[{"name":"wp","href":"https:\/\/api.w.org\/{rel}","templated":true}]}}