{"id":7823,"date":"2023-11-06T15:08:04","date_gmt":"2023-11-06T14:08:04","guid":{"rendered":"https:\/\/sodip.net\/?post_type=product&#038;p=7823"},"modified":"2023-11-06T17:36:41","modified_gmt":"2023-11-06T16:36:41","slug":"extincteur-a-poudre-sur-roues","status":"publish","type":"product","link":"https:\/\/sodip.net\/en\/product\/extincteur-a-poudre-sur-roues\/","title":{"rendered":"Powder extinguisher on wheels"},"content":{"rendered":"<h2 class=\"p1\"><strong>Powder extinguisher on wheels<\/strong><\/h2>\n<p class=\"p1\">A 50 kg wheeled powder extinguisher. Extinguishers in this category are similar in their agents and operation to portable extinguishers, but have a greater volume of extinguishing agent (20 to 200 kg), which increases their autonomy and effectiveness.<\/p>","protected":false},"excerpt":{"rendered":"<p class=\"p1\">A 50 kg wheeled powder extinguisher. Extinguishers in this category are similar in their agents and operation to portable extinguishers, but have a greater volume of extinguishing agent (20 to 200 kg), which increases their autonomy and effectiveness.<\/p>","protected":false},"featured_media":7844,"comment_status":"closed","ping_status":"closed","template":"","meta":{"inline_featured_image":false},"product_cat":[15,126,128],"product_tag":[],"class_list":["post-7823","product","type-product","status-publish","has-post-thumbnail","hentry","product_cat-protection-incendie","product_cat-extincteurs","product_cat-extincteurs-portables"],"yoast_head":"<!-- This site is optimized with the Yoast SEO plugin v22.8 - https:\/\/yoast.com\/wordpress\/plugins\/seo\/ -->\n<title>Extincteur \u00e0 poudre sur roues - SODIP SARL<\/title>\n<meta name=\"robots\" content=\"index, follow, max-snippet:-1, max-image-preview:large, max-video-preview:-1\" \/>\n<link rel=\"canonical\" href=\"https:\/\/sodip.net\/en\/product\/extincteur-a-poudre-sur-roues\/\" \/>\n<meta property=\"og:locale\" content=\"en_GB\" \/>\n<meta property=\"og:type\" content=\"article\" \/>\n<meta property=\"og:title\" content=\"Extincteur \u00e0 poudre sur roues - SODIP SARL\" \/>\n<meta property=\"og:description\" content=\"Un extincteur \u00e0 poudre sur roue, de 50 kg. Les extincteurs de cette cat\u00e9gorie sont similaires dans leurs agents et leur fonctionnement aux extincteurs portatifs, mais ils disposent d&#039;un plus grand volume d&#039;agent extincteur (20 \u00e0 200 kg), ce qui accro\u00eet leur autonomie et leur efficacit\u00e9.\" \/>\n<meta property=\"og:url\" content=\"https:\/\/sodip.net\/en\/product\/extincteur-a-poudre-sur-roues\/\" \/>\n<meta property=\"og:site_name\" content=\"SODIP SARL\" \/>\n<meta property=\"article:modified_time\" content=\"2023-11-06T16:36:41+00:00\" \/>\n<meta property=\"og:image\" content=\"https:\/\/sodip.net\/wp-content\/uploads\/2023\/11\/Extincteur-a\u0300-poudre-sur-roues.png\" \/>\n\t<meta property=\"og:image:width\" content=\"500\" \/>\n\t<meta property=\"og:image:height\" content=\"500\" \/>\n\t<meta property=\"og:image:type\" content=\"image\/png\" \/>\n<meta name=\"twitter:card\" content=\"summary_large_image\" \/>\n<script type=\"application\/ld+json\" class=\"yoast-schema-graph\">{\"@context\":\"https:\/\/schema.org\",\"@graph\":[{\"@type\":\"WebPage\",\"@id\":\"https:\/\/sodip.net\/en\/product\/extincteur-a-poudre-sur-roues\/\",\"url\":\"https:\/\/sodip.net\/en\/product\/extincteur-a-poudre-sur-roues\/\",\"name\":\"Extincteur \u00e0 poudre sur roues - SODIP SARL\",\"isPartOf\":{\"@id\":\"https:\/\/sodip.net\/en\/#website\"},\"primaryImageOfPage\":{\"@id\":\"https:\/\/sodip.net\/en\/product\/extincteur-a-poudre-sur-roues\/#primaryimage\"},\"image\":{\"@id\":\"https:\/\/sodip.net\/en\/product\/extincteur-a-poudre-sur-roues\/#primaryimage\"},\"thumbnailUrl\":\"https:\/\/sodip.net\/wp-content\/uploads\/2023\/11\/Extincteur-a\u0300-poudre-sur-roues.png\",\"datePublished\":\"2023-11-06T14:08:04+00:00\",\"dateModified\":\"2023-11-06T16:36:41+00:00\",\"breadcrumb\":{\"@id\":\"https:\/\/sodip.net\/en\/product\/extincteur-a-poudre-sur-roues\/#breadcrumb\"},\"inLanguage\":\"en-GB\",\"potentialAction\":[{\"@type\":\"ReadAction\",\"target\":[\"https:\/\/sodip.net\/en\/product\/extincteur-a-poudre-sur-roues\/\"]}]},{\"@type\":\"ImageObject\",\"inLanguage\":\"en-GB\",\"@id\":\"https:\/\/sodip.net\/en\/product\/extincteur-a-poudre-sur-roues\/#primaryimage\",\"url\":\"https:\/\/sodip.net\/wp-content\/uploads\/2023\/11\/Extincteur-a\u0300-poudre-sur-roues.png\",\"contentUrl\":\"https:\/\/sodip.net\/wp-content\/uploads\/2023\/11\/Extincteur-a\u0300-poudre-sur-roues.png\",\"width\":500,\"height\":500},{\"@type\":\"BreadcrumbList\",\"@id\":\"https:\/\/sodip.net\/en\/product\/extincteur-a-poudre-sur-roues\/#breadcrumb\",\"itemListElement\":[{\"@type\":\"ListItem\",\"position\":1,\"name\":\"Accueil\",\"item\":\"https:\/\/sodip.net\/\"},{\"@type\":\"ListItem\",\"position\":2,\"name\":\"Boutique\",\"item\":\"https:\/\/sodip.net\/en\/boutique\/\"},{\"@type\":\"ListItem\",\"position\":3,\"name\":\"Extincteur \u00e0 poudre sur roues\"}]},{\"@type\":\"WebSite\",\"@id\":\"https:\/\/sodip.net\/en\/#website\",\"url\":\"https:\/\/sodip.net\/en\/\",\"name\":\"SODIP SARL\",\"description\":\"Soci\u00e9t\u00e9 d&#039;ing\u00e9nierie et de production\",\"publisher\":{\"@id\":\"https:\/\/sodip.net\/en\/#organization\"},\"potentialAction\":[{\"@type\":\"SearchAction\",\"target\":{\"@type\":\"EntryPoint\",\"urlTemplate\":\"https:\/\/sodip.net\/en\/?s={search_term_string}\"},\"query-input\":\"required name=search_term_string\"}],\"inLanguage\":\"en-GB\"},{\"@type\":\"Organization\",\"@id\":\"https:\/\/sodip.net\/en\/#organization\",\"name\":\"SODIP SARL\",\"url\":\"https:\/\/sodip.net\/en\/\",\"logo\":{\"@type\":\"ImageObject\",\"inLanguage\":\"en-GB\",\"@id\":\"https:\/\/sodip.net\/en\/#\/schema\/logo\/image\/\",\"url\":\"https:\/\/sodip.net\/wp-content\/uploads\/2023\/09\/cropped-logo-1.png\",\"contentUrl\":\"https:\/\/sodip.net\/wp-content\/uploads\/2023\/09\/cropped-logo-1.png\",\"width\":825,\"height\":213,\"caption\":\"SODIP SARL\"},\"image\":{\"@id\":\"https:\/\/sodip.net\/en\/#\/schema\/logo\/image\/\"}}]}<\/script>\n<!-- \/ Yoast SEO plugin. -->","yoast_head_json":{"title":"Extincteur \u00e0 poudre sur roues - SODIP SARL","robots":{"index":"index","follow":"follow","max-snippet":"max-snippet:-1","max-image-preview":"max-image-preview:large","max-video-preview":"max-video-preview:-1"},"canonical":"https:\/\/sodip.net\/en\/product\/extincteur-a-poudre-sur-roues\/","og_locale":"en_GB","og_type":"article","og_title":"Extincteur \u00e0 poudre sur roues - SODIP SARL","og_description":"Un extincteur \u00e0 poudre sur roue, de 50 kg. Les extincteurs de cette cat\u00e9gorie sont similaires dans leurs agents et leur fonctionnement aux extincteurs portatifs, mais ils disposent d'un plus grand volume d'agent extincteur (20 \u00e0 200 kg), ce qui accro\u00eet leur autonomie et leur efficacit\u00e9.","og_url":"https:\/\/sodip.net\/en\/product\/extincteur-a-poudre-sur-roues\/","og_site_name":"SODIP SARL","article_modified_time":"2023-11-06T16:36:41+00:00","og_image":[{"width":500,"height":500,"url":"https:\/\/sodip.net\/wp-content\/uploads\/2023\/11\/Extincteur-a\u0300-poudre-sur-roues.png","type":"image\/png"}],"twitter_card":"summary_large_image","schema":{"@context":"https:\/\/schema.org","@graph":[{"@type":"WebPage","@id":"https:\/\/sodip.net\/en\/product\/extincteur-a-poudre-sur-roues\/","url":"https:\/\/sodip.net\/en\/product\/extincteur-a-poudre-sur-roues\/","name":"Extincteur \u00e0 poudre sur roues - SODIP SARL","isPartOf":{"@id":"https:\/\/sodip.net\/en\/#website"},"primaryImageOfPage":{"@id":"https:\/\/sodip.net\/en\/product\/extincteur-a-poudre-sur-roues\/#primaryimage"},"image":{"@id":"https:\/\/sodip.net\/en\/product\/extincteur-a-poudre-sur-roues\/#primaryimage"},"thumbnailUrl":"https:\/\/sodip.net\/wp-content\/uploads\/2023\/11\/Extincteur-a\u0300-poudre-sur-roues.png","datePublished":"2023-11-06T14:08:04+00:00","dateModified":"2023-11-06T16:36:41+00:00","breadcrumb":{"@id":"https:\/\/sodip.net\/en\/product\/extincteur-a-poudre-sur-roues\/#breadcrumb"},"inLanguage":"en-GB","potentialAction":[{"@type":"ReadAction","target":["https:\/\/sodip.net\/en\/product\/extincteur-a-poudre-sur-roues\/"]}]},{"@type":"ImageObject","inLanguage":"en-GB","@id":"https:\/\/sodip.net\/en\/product\/extincteur-a-poudre-sur-roues\/#primaryimage","url":"https:\/\/sodip.net\/wp-content\/uploads\/2023\/11\/Extincteur-a\u0300-poudre-sur-roues.png","contentUrl":"https:\/\/sodip.net\/wp-content\/uploads\/2023\/11\/Extincteur-a\u0300-poudre-sur-roues.png","width":500,"height":500},{"@type":"BreadcrumbList","@id":"https:\/\/sodip.net\/en\/product\/extincteur-a-poudre-sur-roues\/#breadcrumb","itemListElement":[{"@type":"ListItem","position":1,"name":"Accueil","item":"https:\/\/sodip.net\/"},{"@type":"ListItem","position":2,"name":"Boutique","item":"https:\/\/sodip.net\/en\/boutique\/"},{"@type":"ListItem","position":3,"name":"Extincteur \u00e0 poudre sur roues"}]},{"@type":"WebSite","@id":"https:\/\/sodip.net\/en\/#website","url":"https:\/\/sodip.net\/en\/","name":"SODIP SARL","description":"Soci\u00e9t\u00e9 d&#039;ing\u00e9nierie et de production","publisher":{"@id":"https:\/\/sodip.net\/en\/#organization"},"potentialAction":[{"@type":"SearchAction","target":{"@type":"EntryPoint","urlTemplate":"https:\/\/sodip.net\/en\/?s={search_term_string}"},"query-input":"required name=search_term_string"}],"inLanguage":"en-GB"},{"@type":"Organization","@id":"https:\/\/sodip.net\/en\/#organization","name":"SODIP SARL","url":"https:\/\/sodip.net\/en\/","logo":{"@type":"ImageObject","inLanguage":"en-GB","@id":"https:\/\/sodip.net\/en\/#\/schema\/logo\/image\/","url":"https:\/\/sodip.net\/wp-content\/uploads\/2023\/09\/cropped-logo-1.png","contentUrl":"https:\/\/sodip.net\/wp-content\/uploads\/2023\/09\/cropped-logo-1.png","width":825,"height":213,"caption":"SODIP SARL"},"image":{"@id":"https:\/\/sodip.net\/en\/#\/schema\/logo\/image\/"}}]}},"_links":{"self":[{"href":"https:\/\/sodip.net\/en\/wp-json\/wp\/v2\/product\/7823","targetHints":{"allow":["GET"]}}],"collection":[{"href":"https:\/\/sodip.net\/en\/wp-json\/wp\/v2\/product"}],"about":[{"href":"https:\/\/sodip.net\/en\/wp-json\/wp\/v2\/types\/product"}],"replies":[{"embeddable":true,"href":"https:\/\/sodip.net\/en\/wp-json\/wp\/v2\/comments?post=7823"}],"wp:featuredmedia":[{"embeddable":true,"href":"https:\/\/sodip.net\/en\/wp-json\/wp\/v2\/media\/7844"}],"wp:attachment":[{"href":"https:\/\/sodip.net\/en\/wp-json\/wp\/v2\/media?parent=7823"}],"wp:term":[{"taxonomy":"product_cat","embeddable":true,"href":"https:\/\/sodip.net\/en\/wp-json\/wp\/v2\/product_cat?post=7823"},{"taxonomy":"product_tag","embeddable":true,"href":"https:\/\/sodip.net\/en\/wp-json\/wp\/v2\/product_tag?post=7823"}],"curies":[{"name":"wp","href":"https:\/\/api.w.org\/{rel}","templated":true}]}}