{"id":7822,"date":"2023-11-06T15:06:56","date_gmt":"2023-11-06T14:06:56","guid":{"rendered":"https:\/\/sodip.net\/?post_type=product&#038;p=7822"},"modified":"2023-11-06T17:36:44","modified_gmt":"2023-11-06T16:36:44","slug":"extincteurs-a-co2-sur-roues","status":"publish","type":"product","link":"https:\/\/sodip.net\/en\/product\/extincteurs-a-co2-sur-roues\/","title":{"rendered":"CO2 wheeled extinguishers"},"content":{"rendered":"<h2 class=\"p1\"><strong>CO2 wheeled extinguishers<\/strong><\/h2>\n<p class=\"p1\">This high-capacity carbon dioxide extinguishing device is designed to protect a high-voltage room or a server room.<\/p>\n<p class=\"p1\">This 10 kg co2 extinguisher cart is highly mobile and easy to handle. It can be used by professionals with high-voltage electrical equipment, such as factories, cargo ships and airports.<\/p>\n<p class=\"p1\">Its diffusion blunderbuss gives you the precision you need to blow out the flames of an electric or Class B brazier.<\/p>\n<p class=\"p1\">. <span class=\"Apple-converted-space\">\u00a0<\/span><\/p>","protected":false},"excerpt":{"rendered":"<p class=\"p1\">This high-capacity carbon dioxide extinguishing device is designed to protect a high-voltage room or a server room.<\/p>\n<p class=\"p1\">This 10 kg co2 extinguisher cart is highly mobile and easy to handle. It can be used by professionals with high-voltage electrical equipment, such as factories, cargo ships and airports.<\/p>\n<p class=\"p1\">Its diffusion blunderbuss gives you the precision you need to blow out the flames of an electric or Class B brazier.<\/p>","protected":false},"featured_media":7843,"comment_status":"closed","ping_status":"closed","template":"","meta":{"inline_featured_image":false},"product_cat":[15,126,128],"product_tag":[],"class_list":["post-7822","product","type-product","status-publish","has-post-thumbnail","hentry","product_cat-protection-incendie","product_cat-extincteurs","product_cat-extincteurs-portables"],"yoast_head":"<!-- This site is optimized with the Yoast SEO plugin v22.8 - https:\/\/yoast.com\/wordpress\/plugins\/seo\/ -->\n<title>Extincteurs \u00e0 CO2 sur roues - SODIP SARL<\/title>\n<meta name=\"robots\" content=\"index, follow, max-snippet:-1, max-image-preview:large, max-video-preview:-1\" \/>\n<link rel=\"canonical\" href=\"https:\/\/sodip.net\/en\/product\/extincteurs-a-co2-sur-roues\/\" \/>\n<meta property=\"og:locale\" content=\"en_GB\" \/>\n<meta property=\"og:type\" content=\"article\" \/>\n<meta property=\"og:title\" content=\"Extincteurs \u00e0 CO2 sur roues - SODIP SARL\" \/>\n<meta property=\"og:description\" content=\"Cet appareil d&#039;extinction \u00e0 grande capacit\u00e9 de gaz carbonique est destin\u00e9 \u00e0 prot\u00e9ger un local \u00e0 haute tension ou encore une salle des serveurs. Ce chariot extincteur co2 10 kg est tr\u00e8s mobile et maniable. Il trouvera un usage chez les professionnels ayant de l&#039;appareillage \u00e9lectrique de haute tension, comme des usines, des cargos ou encore des a\u00e9roports. Son tromblon de diffusion vous donnera la pr\u00e9cision n\u00e9cessaire pour souffler les flammes d&#039;un brasier \u00e9lectrique ou de la classe B.\" \/>\n<meta property=\"og:url\" content=\"https:\/\/sodip.net\/en\/product\/extincteurs-a-co2-sur-roues\/\" \/>\n<meta property=\"og:site_name\" content=\"SODIP SARL\" \/>\n<meta property=\"article:modified_time\" content=\"2023-11-06T16:36:44+00:00\" \/>\n<meta property=\"og:image\" content=\"https:\/\/sodip.net\/wp-content\/uploads\/2023\/11\/Extincteurs-a\u0300-CO2-sur-roues.png\" \/>\n\t<meta property=\"og:image:width\" content=\"500\" \/>\n\t<meta property=\"og:image:height\" content=\"500\" \/>\n\t<meta property=\"og:image:type\" content=\"image\/png\" \/>\n<meta name=\"twitter:card\" content=\"summary_large_image\" \/>\n<script type=\"application\/ld+json\" class=\"yoast-schema-graph\">{\"@context\":\"https:\/\/schema.org\",\"@graph\":[{\"@type\":\"WebPage\",\"@id\":\"https:\/\/sodip.net\/produit\/extincteurs-a-co2-sur-roues\/\",\"url\":\"https:\/\/sodip.net\/produit\/extincteurs-a-co2-sur-roues\/\",\"name\":\"Extincteurs \u00e0 CO2 sur roues - SODIP SARL\",\"isPartOf\":{\"@id\":\"https:\/\/sodip.net\/en\/#website\"},\"primaryImageOfPage\":{\"@id\":\"https:\/\/sodip.net\/produit\/extincteurs-a-co2-sur-roues\/#primaryimage\"},\"image\":{\"@id\":\"https:\/\/sodip.net\/produit\/extincteurs-a-co2-sur-roues\/#primaryimage\"},\"thumbnailUrl\":\"https:\/\/sodip.net\/wp-content\/uploads\/2023\/11\/Extincteurs-a\u0300-CO2-sur-roues.png\",\"datePublished\":\"2023-11-06T14:06:56+00:00\",\"dateModified\":\"2023-11-06T16:36:44+00:00\",\"breadcrumb\":{\"@id\":\"https:\/\/sodip.net\/produit\/extincteurs-a-co2-sur-roues\/#breadcrumb\"},\"inLanguage\":\"en-GB\",\"potentialAction\":[{\"@type\":\"ReadAction\",\"target\":[\"https:\/\/sodip.net\/produit\/extincteurs-a-co2-sur-roues\/\"]}]},{\"@type\":\"ImageObject\",\"inLanguage\":\"en-GB\",\"@id\":\"https:\/\/sodip.net\/produit\/extincteurs-a-co2-sur-roues\/#primaryimage\",\"url\":\"https:\/\/sodip.net\/wp-content\/uploads\/2023\/11\/Extincteurs-a\u0300-CO2-sur-roues.png\",\"contentUrl\":\"https:\/\/sodip.net\/wp-content\/uploads\/2023\/11\/Extincteurs-a\u0300-CO2-sur-roues.png\",\"width\":500,\"height\":500},{\"@type\":\"BreadcrumbList\",\"@id\":\"https:\/\/sodip.net\/produit\/extincteurs-a-co2-sur-roues\/#breadcrumb\",\"itemListElement\":[{\"@type\":\"ListItem\",\"position\":1,\"name\":\"Accueil\",\"item\":\"https:\/\/sodip.net\/\"},{\"@type\":\"ListItem\",\"position\":2,\"name\":\"Boutique\",\"item\":\"https:\/\/sodip.net\/en\/boutique\/\"},{\"@type\":\"ListItem\",\"position\":3,\"name\":\"Extincteurs \u00e0 CO2 sur roues\"}]},{\"@type\":\"WebSite\",\"@id\":\"https:\/\/sodip.net\/en\/#website\",\"url\":\"https:\/\/sodip.net\/en\/\",\"name\":\"SODIP SARL\",\"description\":\"Soci\u00e9t\u00e9 d&#039;ing\u00e9nierie et de production\",\"publisher\":{\"@id\":\"https:\/\/sodip.net\/en\/#organization\"},\"potentialAction\":[{\"@type\":\"SearchAction\",\"target\":{\"@type\":\"EntryPoint\",\"urlTemplate\":\"https:\/\/sodip.net\/en\/?s={search_term_string}\"},\"query-input\":\"required name=search_term_string\"}],\"inLanguage\":\"en-GB\"},{\"@type\":\"Organization\",\"@id\":\"https:\/\/sodip.net\/en\/#organization\",\"name\":\"SODIP SARL\",\"url\":\"https:\/\/sodip.net\/en\/\",\"logo\":{\"@type\":\"ImageObject\",\"inLanguage\":\"en-GB\",\"@id\":\"https:\/\/sodip.net\/en\/#\/schema\/logo\/image\/\",\"url\":\"https:\/\/sodip.net\/wp-content\/uploads\/2023\/09\/cropped-logo-1.png\",\"contentUrl\":\"https:\/\/sodip.net\/wp-content\/uploads\/2023\/09\/cropped-logo-1.png\",\"width\":825,\"height\":213,\"caption\":\"SODIP SARL\"},\"image\":{\"@id\":\"https:\/\/sodip.net\/en\/#\/schema\/logo\/image\/\"}}]}<\/script>\n<!-- \/ Yoast SEO plugin. -->","yoast_head_json":{"title":"Extincteurs \u00e0 CO2 sur roues - SODIP SARL","robots":{"index":"index","follow":"follow","max-snippet":"max-snippet:-1","max-image-preview":"max-image-preview:large","max-video-preview":"max-video-preview:-1"},"canonical":"https:\/\/sodip.net\/en\/product\/extincteurs-a-co2-sur-roues\/","og_locale":"en_GB","og_type":"article","og_title":"Extincteurs \u00e0 CO2 sur roues - SODIP SARL","og_description":"Cet appareil d'extinction \u00e0 grande capacit\u00e9 de gaz carbonique est destin\u00e9 \u00e0 prot\u00e9ger un local \u00e0 haute tension ou encore une salle des serveurs. Ce chariot extincteur co2 10 kg est tr\u00e8s mobile et maniable. Il trouvera un usage chez les professionnels ayant de l'appareillage \u00e9lectrique de haute tension, comme des usines, des cargos ou encore des a\u00e9roports. Son tromblon de diffusion vous donnera la pr\u00e9cision n\u00e9cessaire pour souffler les flammes d'un brasier \u00e9lectrique ou de la classe B.","og_url":"https:\/\/sodip.net\/en\/product\/extincteurs-a-co2-sur-roues\/","og_site_name":"SODIP SARL","article_modified_time":"2023-11-06T16:36:44+00:00","og_image":[{"width":500,"height":500,"url":"https:\/\/sodip.net\/wp-content\/uploads\/2023\/11\/Extincteurs-a\u0300-CO2-sur-roues.png","type":"image\/png"}],"twitter_card":"summary_large_image","schema":{"@context":"https:\/\/schema.org","@graph":[{"@type":"WebPage","@id":"https:\/\/sodip.net\/produit\/extincteurs-a-co2-sur-roues\/","url":"https:\/\/sodip.net\/produit\/extincteurs-a-co2-sur-roues\/","name":"Extincteurs \u00e0 CO2 sur roues - SODIP SARL","isPartOf":{"@id":"https:\/\/sodip.net\/en\/#website"},"primaryImageOfPage":{"@id":"https:\/\/sodip.net\/produit\/extincteurs-a-co2-sur-roues\/#primaryimage"},"image":{"@id":"https:\/\/sodip.net\/produit\/extincteurs-a-co2-sur-roues\/#primaryimage"},"thumbnailUrl":"https:\/\/sodip.net\/wp-content\/uploads\/2023\/11\/Extincteurs-a\u0300-CO2-sur-roues.png","datePublished":"2023-11-06T14:06:56+00:00","dateModified":"2023-11-06T16:36:44+00:00","breadcrumb":{"@id":"https:\/\/sodip.net\/produit\/extincteurs-a-co2-sur-roues\/#breadcrumb"},"inLanguage":"en-GB","potentialAction":[{"@type":"ReadAction","target":["https:\/\/sodip.net\/produit\/extincteurs-a-co2-sur-roues\/"]}]},{"@type":"ImageObject","inLanguage":"en-GB","@id":"https:\/\/sodip.net\/produit\/extincteurs-a-co2-sur-roues\/#primaryimage","url":"https:\/\/sodip.net\/wp-content\/uploads\/2023\/11\/Extincteurs-a\u0300-CO2-sur-roues.png","contentUrl":"https:\/\/sodip.net\/wp-content\/uploads\/2023\/11\/Extincteurs-a\u0300-CO2-sur-roues.png","width":500,"height":500},{"@type":"BreadcrumbList","@id":"https:\/\/sodip.net\/produit\/extincteurs-a-co2-sur-roues\/#breadcrumb","itemListElement":[{"@type":"ListItem","position":1,"name":"Accueil","item":"https:\/\/sodip.net\/"},{"@type":"ListItem","position":2,"name":"Boutique","item":"https:\/\/sodip.net\/en\/boutique\/"},{"@type":"ListItem","position":3,"name":"Extincteurs \u00e0 CO2 sur roues"}]},{"@type":"WebSite","@id":"https:\/\/sodip.net\/en\/#website","url":"https:\/\/sodip.net\/en\/","name":"SODIP SARL","description":"Soci\u00e9t\u00e9 d&#039;ing\u00e9nierie et de production","publisher":{"@id":"https:\/\/sodip.net\/en\/#organization"},"potentialAction":[{"@type":"SearchAction","target":{"@type":"EntryPoint","urlTemplate":"https:\/\/sodip.net\/en\/?s={search_term_string}"},"query-input":"required name=search_term_string"}],"inLanguage":"en-GB"},{"@type":"Organization","@id":"https:\/\/sodip.net\/en\/#organization","name":"SODIP SARL","url":"https:\/\/sodip.net\/en\/","logo":{"@type":"ImageObject","inLanguage":"en-GB","@id":"https:\/\/sodip.net\/en\/#\/schema\/logo\/image\/","url":"https:\/\/sodip.net\/wp-content\/uploads\/2023\/09\/cropped-logo-1.png","contentUrl":"https:\/\/sodip.net\/wp-content\/uploads\/2023\/09\/cropped-logo-1.png","width":825,"height":213,"caption":"SODIP SARL"},"image":{"@id":"https:\/\/sodip.net\/en\/#\/schema\/logo\/image\/"}}]}},"_links":{"self":[{"href":"https:\/\/sodip.net\/en\/wp-json\/wp\/v2\/product\/7822","targetHints":{"allow":["GET"]}}],"collection":[{"href":"https:\/\/sodip.net\/en\/wp-json\/wp\/v2\/product"}],"about":[{"href":"https:\/\/sodip.net\/en\/wp-json\/wp\/v2\/types\/product"}],"replies":[{"embeddable":true,"href":"https:\/\/sodip.net\/en\/wp-json\/wp\/v2\/comments?post=7822"}],"wp:featuredmedia":[{"embeddable":true,"href":"https:\/\/sodip.net\/en\/wp-json\/wp\/v2\/media\/7843"}],"wp:attachment":[{"href":"https:\/\/sodip.net\/en\/wp-json\/wp\/v2\/media?parent=7822"}],"wp:term":[{"taxonomy":"product_cat","embeddable":true,"href":"https:\/\/sodip.net\/en\/wp-json\/wp\/v2\/product_cat?post=7822"},{"taxonomy":"product_tag","embeddable":true,"href":"https:\/\/sodip.net\/en\/wp-json\/wp\/v2\/product_tag?post=7822"}],"curies":[{"name":"wp","href":"https:\/\/api.w.org\/{rel}","templated":true}]}}