{"id":7821,"date":"2023-11-06T15:05:52","date_gmt":"2023-11-06T14:05:52","guid":{"rendered":"https:\/\/sodip.net\/?post_type=product&#038;p=7821"},"modified":"2023-11-06T17:36:48","modified_gmt":"2023-11-06T16:36:48","slug":"extincteurs-a-mousse-sur-roues","status":"publish","type":"product","link":"https:\/\/sodip.net\/en\/product\/extincteurs-a-mousse-sur-roues\/","title":{"rendered":"Foam extinguishers on wheels"},"content":{"rendered":"<h2 class=\"p1\"><strong>Foam extinguishers on wheels<\/strong><\/h2>\n<p class=\"p1\">Professional wheeled fire extinguisher with 45-liter extinguishing capacity, ideal for protecting industrial sites or parking lots.<\/p>\n<p class=\"p1\">This fire safety device provides effective protection against Class A &amp; B fires, i.e. fires fuelled by solid materials or flammable liquids.<\/p>\n<p class=\"p1\">. <span class=\"Apple-converted-space\">\u00a0<\/span><\/p>","protected":false},"excerpt":{"rendered":"<p class=\"p1\">Professional wheeled fire extinguisher with 45-liter extinguishing capacity, ideal for protecting industrial sites or parking lots.<\/p>\n<p class=\"p1\">This fire safety device provides effective protection against Class A &amp; B fires, i.e. fires fuelled by solid materials or flammable liquids.<\/p>","protected":false},"featured_media":7842,"comment_status":"closed","ping_status":"closed","template":"","meta":{"inline_featured_image":false},"product_cat":[15,126,128],"product_tag":[],"class_list":["post-7821","product","type-product","status-publish","has-post-thumbnail","hentry","product_cat-protection-incendie","product_cat-extincteurs","product_cat-extincteurs-portables"],"yoast_head":"<!-- This site is optimized with the Yoast SEO plugin v22.8 - https:\/\/yoast.com\/wordpress\/plugins\/seo\/ -->\n<title>Extincteurs \u00e0 mousse sur roues - SODIP SARL<\/title>\n<meta name=\"robots\" content=\"index, follow, max-snippet:-1, max-image-preview:large, max-video-preview:-1\" \/>\n<link rel=\"canonical\" href=\"https:\/\/sodip.net\/en\/product\/extincteurs-a-mousse-sur-roues\/\" \/>\n<meta property=\"og:locale\" content=\"en_GB\" \/>\n<meta property=\"og:type\" content=\"article\" \/>\n<meta property=\"og:title\" content=\"Extincteurs \u00e0 mousse sur roues - SODIP SARL\" \/>\n<meta property=\"og:description\" content=\"Extincteur professionnel mont\u00e9 sur roues d&#039;une charge extinctrice de 45 litres, id\u00e9al pour la protection d&#039;un site industriel ou d&#039;un parking. Cet appareil de s\u00e9curit\u00e9 incendie permet de se d\u00e9fendre efficacement contre les feux de la classe A &amp; B c&#039;est \u00e0 dire les feux aliment\u00e9s par de mati\u00e8res solides ou de liquides inflammable\" \/>\n<meta property=\"og:url\" content=\"https:\/\/sodip.net\/en\/product\/extincteurs-a-mousse-sur-roues\/\" \/>\n<meta property=\"og:site_name\" content=\"SODIP SARL\" \/>\n<meta property=\"article:modified_time\" content=\"2023-11-06T16:36:48+00:00\" \/>\n<meta property=\"og:image\" content=\"https:\/\/sodip.net\/wp-content\/uploads\/2023\/11\/Extincteurs-a\u0300-mousse-sur-roues.png\" \/>\n\t<meta property=\"og:image:width\" content=\"500\" \/>\n\t<meta property=\"og:image:height\" content=\"500\" \/>\n\t<meta property=\"og:image:type\" content=\"image\/png\" \/>\n<meta name=\"twitter:card\" content=\"summary_large_image\" \/>\n<script type=\"application\/ld+json\" class=\"yoast-schema-graph\">{\"@context\":\"https:\/\/schema.org\",\"@graph\":[{\"@type\":\"WebPage\",\"@id\":\"https:\/\/sodip.net\/produit\/extincteurs-a-mousse-sur-roues\/\",\"url\":\"https:\/\/sodip.net\/produit\/extincteurs-a-mousse-sur-roues\/\",\"name\":\"Extincteurs \u00e0 mousse sur roues - SODIP SARL\",\"isPartOf\":{\"@id\":\"https:\/\/sodip.net\/en\/#website\"},\"primaryImageOfPage\":{\"@id\":\"https:\/\/sodip.net\/produit\/extincteurs-a-mousse-sur-roues\/#primaryimage\"},\"image\":{\"@id\":\"https:\/\/sodip.net\/produit\/extincteurs-a-mousse-sur-roues\/#primaryimage\"},\"thumbnailUrl\":\"https:\/\/sodip.net\/wp-content\/uploads\/2023\/11\/Extincteurs-a\u0300-mousse-sur-roues.png\",\"datePublished\":\"2023-11-06T14:05:52+00:00\",\"dateModified\":\"2023-11-06T16:36:48+00:00\",\"breadcrumb\":{\"@id\":\"https:\/\/sodip.net\/produit\/extincteurs-a-mousse-sur-roues\/#breadcrumb\"},\"inLanguage\":\"en-GB\",\"potentialAction\":[{\"@type\":\"ReadAction\",\"target\":[\"https:\/\/sodip.net\/produit\/extincteurs-a-mousse-sur-roues\/\"]}]},{\"@type\":\"ImageObject\",\"inLanguage\":\"en-GB\",\"@id\":\"https:\/\/sodip.net\/produit\/extincteurs-a-mousse-sur-roues\/#primaryimage\",\"url\":\"https:\/\/sodip.net\/wp-content\/uploads\/2023\/11\/Extincteurs-a\u0300-mousse-sur-roues.png\",\"contentUrl\":\"https:\/\/sodip.net\/wp-content\/uploads\/2023\/11\/Extincteurs-a\u0300-mousse-sur-roues.png\",\"width\":500,\"height\":500},{\"@type\":\"BreadcrumbList\",\"@id\":\"https:\/\/sodip.net\/produit\/extincteurs-a-mousse-sur-roues\/#breadcrumb\",\"itemListElement\":[{\"@type\":\"ListItem\",\"position\":1,\"name\":\"Accueil\",\"item\":\"https:\/\/sodip.net\/\"},{\"@type\":\"ListItem\",\"position\":2,\"name\":\"Boutique\",\"item\":\"https:\/\/sodip.net\/en\/boutique\/\"},{\"@type\":\"ListItem\",\"position\":3,\"name\":\"Extincteurs \u00e0 mousse sur roues\"}]},{\"@type\":\"WebSite\",\"@id\":\"https:\/\/sodip.net\/en\/#website\",\"url\":\"https:\/\/sodip.net\/en\/\",\"name\":\"SODIP SARL\",\"description\":\"Soci\u00e9t\u00e9 d&#039;ing\u00e9nierie et de production\",\"publisher\":{\"@id\":\"https:\/\/sodip.net\/en\/#organization\"},\"potentialAction\":[{\"@type\":\"SearchAction\",\"target\":{\"@type\":\"EntryPoint\",\"urlTemplate\":\"https:\/\/sodip.net\/en\/?s={search_term_string}\"},\"query-input\":\"required name=search_term_string\"}],\"inLanguage\":\"en-GB\"},{\"@type\":\"Organization\",\"@id\":\"https:\/\/sodip.net\/en\/#organization\",\"name\":\"SODIP SARL\",\"url\":\"https:\/\/sodip.net\/en\/\",\"logo\":{\"@type\":\"ImageObject\",\"inLanguage\":\"en-GB\",\"@id\":\"https:\/\/sodip.net\/en\/#\/schema\/logo\/image\/\",\"url\":\"https:\/\/sodip.net\/wp-content\/uploads\/2023\/09\/cropped-logo-1.png\",\"contentUrl\":\"https:\/\/sodip.net\/wp-content\/uploads\/2023\/09\/cropped-logo-1.png\",\"width\":825,\"height\":213,\"caption\":\"SODIP SARL\"},\"image\":{\"@id\":\"https:\/\/sodip.net\/en\/#\/schema\/logo\/image\/\"}}]}<\/script>\n<!-- \/ Yoast SEO plugin. -->","yoast_head_json":{"title":"Extincteurs \u00e0 mousse sur roues - SODIP SARL","robots":{"index":"index","follow":"follow","max-snippet":"max-snippet:-1","max-image-preview":"max-image-preview:large","max-video-preview":"max-video-preview:-1"},"canonical":"https:\/\/sodip.net\/en\/product\/extincteurs-a-mousse-sur-roues\/","og_locale":"en_GB","og_type":"article","og_title":"Extincteurs \u00e0 mousse sur roues - SODIP SARL","og_description":"Extincteur professionnel mont\u00e9 sur roues d'une charge extinctrice de 45 litres, id\u00e9al pour la protection d'un site industriel ou d'un parking. Cet appareil de s\u00e9curit\u00e9 incendie permet de se d\u00e9fendre efficacement contre les feux de la classe A &amp; B c'est \u00e0 dire les feux aliment\u00e9s par de mati\u00e8res solides ou de liquides inflammable","og_url":"https:\/\/sodip.net\/en\/product\/extincteurs-a-mousse-sur-roues\/","og_site_name":"SODIP SARL","article_modified_time":"2023-11-06T16:36:48+00:00","og_image":[{"width":500,"height":500,"url":"https:\/\/sodip.net\/wp-content\/uploads\/2023\/11\/Extincteurs-a\u0300-mousse-sur-roues.png","type":"image\/png"}],"twitter_card":"summary_large_image","schema":{"@context":"https:\/\/schema.org","@graph":[{"@type":"WebPage","@id":"https:\/\/sodip.net\/produit\/extincteurs-a-mousse-sur-roues\/","url":"https:\/\/sodip.net\/produit\/extincteurs-a-mousse-sur-roues\/","name":"Extincteurs \u00e0 mousse sur roues - SODIP SARL","isPartOf":{"@id":"https:\/\/sodip.net\/en\/#website"},"primaryImageOfPage":{"@id":"https:\/\/sodip.net\/produit\/extincteurs-a-mousse-sur-roues\/#primaryimage"},"image":{"@id":"https:\/\/sodip.net\/produit\/extincteurs-a-mousse-sur-roues\/#primaryimage"},"thumbnailUrl":"https:\/\/sodip.net\/wp-content\/uploads\/2023\/11\/Extincteurs-a\u0300-mousse-sur-roues.png","datePublished":"2023-11-06T14:05:52+00:00","dateModified":"2023-11-06T16:36:48+00:00","breadcrumb":{"@id":"https:\/\/sodip.net\/produit\/extincteurs-a-mousse-sur-roues\/#breadcrumb"},"inLanguage":"en-GB","potentialAction":[{"@type":"ReadAction","target":["https:\/\/sodip.net\/produit\/extincteurs-a-mousse-sur-roues\/"]}]},{"@type":"ImageObject","inLanguage":"en-GB","@id":"https:\/\/sodip.net\/produit\/extincteurs-a-mousse-sur-roues\/#primaryimage","url":"https:\/\/sodip.net\/wp-content\/uploads\/2023\/11\/Extincteurs-a\u0300-mousse-sur-roues.png","contentUrl":"https:\/\/sodip.net\/wp-content\/uploads\/2023\/11\/Extincteurs-a\u0300-mousse-sur-roues.png","width":500,"height":500},{"@type":"BreadcrumbList","@id":"https:\/\/sodip.net\/produit\/extincteurs-a-mousse-sur-roues\/#breadcrumb","itemListElement":[{"@type":"ListItem","position":1,"name":"Accueil","item":"https:\/\/sodip.net\/"},{"@type":"ListItem","position":2,"name":"Boutique","item":"https:\/\/sodip.net\/en\/boutique\/"},{"@type":"ListItem","position":3,"name":"Extincteurs \u00e0 mousse sur roues"}]},{"@type":"WebSite","@id":"https:\/\/sodip.net\/en\/#website","url":"https:\/\/sodip.net\/en\/","name":"SODIP SARL","description":"Soci\u00e9t\u00e9 d&#039;ing\u00e9nierie et de production","publisher":{"@id":"https:\/\/sodip.net\/en\/#organization"},"potentialAction":[{"@type":"SearchAction","target":{"@type":"EntryPoint","urlTemplate":"https:\/\/sodip.net\/en\/?s={search_term_string}"},"query-input":"required name=search_term_string"}],"inLanguage":"en-GB"},{"@type":"Organization","@id":"https:\/\/sodip.net\/en\/#organization","name":"SODIP SARL","url":"https:\/\/sodip.net\/en\/","logo":{"@type":"ImageObject","inLanguage":"en-GB","@id":"https:\/\/sodip.net\/en\/#\/schema\/logo\/image\/","url":"https:\/\/sodip.net\/wp-content\/uploads\/2023\/09\/cropped-logo-1.png","contentUrl":"https:\/\/sodip.net\/wp-content\/uploads\/2023\/09\/cropped-logo-1.png","width":825,"height":213,"caption":"SODIP SARL"},"image":{"@id":"https:\/\/sodip.net\/en\/#\/schema\/logo\/image\/"}}]}},"_links":{"self":[{"href":"https:\/\/sodip.net\/en\/wp-json\/wp\/v2\/product\/7821","targetHints":{"allow":["GET"]}}],"collection":[{"href":"https:\/\/sodip.net\/en\/wp-json\/wp\/v2\/product"}],"about":[{"href":"https:\/\/sodip.net\/en\/wp-json\/wp\/v2\/types\/product"}],"replies":[{"embeddable":true,"href":"https:\/\/sodip.net\/en\/wp-json\/wp\/v2\/comments?post=7821"}],"wp:featuredmedia":[{"embeddable":true,"href":"https:\/\/sodip.net\/en\/wp-json\/wp\/v2\/media\/7842"}],"wp:attachment":[{"href":"https:\/\/sodip.net\/en\/wp-json\/wp\/v2\/media?parent=7821"}],"wp:term":[{"taxonomy":"product_cat","embeddable":true,"href":"https:\/\/sodip.net\/en\/wp-json\/wp\/v2\/product_cat?post=7821"},{"taxonomy":"product_tag","embeddable":true,"href":"https:\/\/sodip.net\/en\/wp-json\/wp\/v2\/product_tag?post=7821"}],"curies":[{"name":"wp","href":"https:\/\/api.w.org\/{rel}","templated":true}]}}