{"id":7820,"date":"2023-11-06T15:04:30","date_gmt":"2023-11-06T14:04:30","guid":{"rendered":"https:\/\/sodip.net\/?post_type=product&#038;p=7820"},"modified":"2023-11-06T17:36:51","modified_gmt":"2023-11-06T16:36:51","slug":"extincteurs-douche-portatif","status":"publish","type":"product","link":"https:\/\/sodip.net\/en\/product\/extincteurs-douche-portatif\/","title":{"rendered":"Portable shower extinguishers"},"content":{"rendered":"<h2 class=\"p1\"><strong>Portable shower extinguishers<\/strong><\/h2>\n<p class=\"p1\">Available in 6 or 9L<br \/>\nThese extinguishers are designed for emergency use. Portable showers are designed to cool and clean victims of chemical or thermal burns (flammable or irritating products used in the petrochemical and agricultural industries, etc.). They contain an active agent that prevents the development of bacteria and microbes in the water used, to limit the risk of contamination for victims.<\/p>\n<p class=\"p1\">. <span class=\"Apple-converted-space\">\u00a0<\/span><\/p>","protected":false},"excerpt":{"rendered":"<p class=\"p1\">Available in 6 or 9L<br \/>\nThese extinguishers are designed for emergency use. Portable showers are designed to cool and clean victims of chemical or thermal burns (flammable or irritating products used in the petrochemical and agricultural industries, etc.). They contain an active agent that prevents the development of bacteria and microbes in the water used, to limit the risk of contamination for victims.<\/p>","protected":false},"featured_media":7841,"comment_status":"closed","ping_status":"closed","template":"","meta":{"inline_featured_image":false},"product_cat":[15,126,128],"product_tag":[],"class_list":["post-7820","product","type-product","status-publish","has-post-thumbnail","hentry","product_cat-protection-incendie","product_cat-extincteurs","product_cat-extincteurs-portables"],"yoast_head":"<!-- This site is optimized with the Yoast SEO plugin v22.8 - https:\/\/yoast.com\/wordpress\/plugins\/seo\/ -->\n<title>Extincteurs douche portatif - SODIP SARL<\/title>\n<meta name=\"robots\" content=\"index, follow, max-snippet:-1, max-image-preview:large, max-video-preview:-1\" \/>\n<link rel=\"canonical\" href=\"https:\/\/sodip.net\/en\/product\/extincteurs-douche-portatif\/\" \/>\n<meta property=\"og:locale\" content=\"en_GB\" \/>\n<meta property=\"og:type\" content=\"article\" \/>\n<meta property=\"og:title\" content=\"Extincteurs douche portatif - SODIP SARL\" \/>\n<meta property=\"og:description\" content=\"Disponible en 6 ou 9L Ces extincteurs sont con\u00e7us pour une intervention d\u2019urgence. Les douches portatives sont destin\u00e9es \u00e0 refroidir et nettoyer une victime d\u2019une br\u00fblure chimique ou thermique (produits inflammables ou irritants utilis\u00e9s dans l\u2019industrie p\u00e9trochimique, agricole \u2026), elles contiennent un agent actif qui pr\u00e9vient le d\u00e9veloppement de bact\u00e9ries et de microbes dans l\u2019eau utilis\u00e9e, afin de limiter le risque de contamination pour les victimes.\" \/>\n<meta property=\"og:url\" content=\"https:\/\/sodip.net\/en\/product\/extincteurs-douche-portatif\/\" \/>\n<meta property=\"og:site_name\" content=\"SODIP SARL\" \/>\n<meta property=\"article:modified_time\" content=\"2023-11-06T16:36:51+00:00\" \/>\n<meta property=\"og:image\" content=\"https:\/\/sodip.net\/wp-content\/uploads\/2023\/11\/Extincteurs-douche-portatif.png\" \/>\n\t<meta property=\"og:image:width\" content=\"500\" \/>\n\t<meta property=\"og:image:height\" content=\"500\" \/>\n\t<meta property=\"og:image:type\" content=\"image\/png\" \/>\n<meta name=\"twitter:card\" content=\"summary_large_image\" \/>\n<script type=\"application\/ld+json\" class=\"yoast-schema-graph\">{\"@context\":\"https:\/\/schema.org\",\"@graph\":[{\"@type\":\"WebPage\",\"@id\":\"https:\/\/sodip.net\/produit\/extincteurs-douche-portatif\/\",\"url\":\"https:\/\/sodip.net\/produit\/extincteurs-douche-portatif\/\",\"name\":\"Extincteurs douche portatif - SODIP SARL\",\"isPartOf\":{\"@id\":\"https:\/\/sodip.net\/en\/#website\"},\"primaryImageOfPage\":{\"@id\":\"https:\/\/sodip.net\/produit\/extincteurs-douche-portatif\/#primaryimage\"},\"image\":{\"@id\":\"https:\/\/sodip.net\/produit\/extincteurs-douche-portatif\/#primaryimage\"},\"thumbnailUrl\":\"https:\/\/sodip.net\/wp-content\/uploads\/2023\/11\/Extincteurs-douche-portatif.png\",\"datePublished\":\"2023-11-06T14:04:30+00:00\",\"dateModified\":\"2023-11-06T16:36:51+00:00\",\"breadcrumb\":{\"@id\":\"https:\/\/sodip.net\/produit\/extincteurs-douche-portatif\/#breadcrumb\"},\"inLanguage\":\"en-GB\",\"potentialAction\":[{\"@type\":\"ReadAction\",\"target\":[\"https:\/\/sodip.net\/produit\/extincteurs-douche-portatif\/\"]}]},{\"@type\":\"ImageObject\",\"inLanguage\":\"en-GB\",\"@id\":\"https:\/\/sodip.net\/produit\/extincteurs-douche-portatif\/#primaryimage\",\"url\":\"https:\/\/sodip.net\/wp-content\/uploads\/2023\/11\/Extincteurs-douche-portatif.png\",\"contentUrl\":\"https:\/\/sodip.net\/wp-content\/uploads\/2023\/11\/Extincteurs-douche-portatif.png\",\"width\":500,\"height\":500},{\"@type\":\"BreadcrumbList\",\"@id\":\"https:\/\/sodip.net\/produit\/extincteurs-douche-portatif\/#breadcrumb\",\"itemListElement\":[{\"@type\":\"ListItem\",\"position\":1,\"name\":\"Accueil\",\"item\":\"https:\/\/sodip.net\/\"},{\"@type\":\"ListItem\",\"position\":2,\"name\":\"Boutique\",\"item\":\"https:\/\/sodip.net\/en\/boutique\/\"},{\"@type\":\"ListItem\",\"position\":3,\"name\":\"Extincteurs douche portatif\"}]},{\"@type\":\"WebSite\",\"@id\":\"https:\/\/sodip.net\/en\/#website\",\"url\":\"https:\/\/sodip.net\/en\/\",\"name\":\"SODIP SARL\",\"description\":\"Soci\u00e9t\u00e9 d&#039;ing\u00e9nierie et de production\",\"publisher\":{\"@id\":\"https:\/\/sodip.net\/en\/#organization\"},\"potentialAction\":[{\"@type\":\"SearchAction\",\"target\":{\"@type\":\"EntryPoint\",\"urlTemplate\":\"https:\/\/sodip.net\/en\/?s={search_term_string}\"},\"query-input\":\"required name=search_term_string\"}],\"inLanguage\":\"en-GB\"},{\"@type\":\"Organization\",\"@id\":\"https:\/\/sodip.net\/en\/#organization\",\"name\":\"SODIP SARL\",\"url\":\"https:\/\/sodip.net\/en\/\",\"logo\":{\"@type\":\"ImageObject\",\"inLanguage\":\"en-GB\",\"@id\":\"https:\/\/sodip.net\/en\/#\/schema\/logo\/image\/\",\"url\":\"https:\/\/sodip.net\/wp-content\/uploads\/2023\/09\/cropped-logo-1.png\",\"contentUrl\":\"https:\/\/sodip.net\/wp-content\/uploads\/2023\/09\/cropped-logo-1.png\",\"width\":825,\"height\":213,\"caption\":\"SODIP SARL\"},\"image\":{\"@id\":\"https:\/\/sodip.net\/en\/#\/schema\/logo\/image\/\"}}]}<\/script>\n<!-- \/ Yoast SEO plugin. -->","yoast_head_json":{"title":"Extincteurs douche portatif - SODIP SARL","robots":{"index":"index","follow":"follow","max-snippet":"max-snippet:-1","max-image-preview":"max-image-preview:large","max-video-preview":"max-video-preview:-1"},"canonical":"https:\/\/sodip.net\/en\/product\/extincteurs-douche-portatif\/","og_locale":"en_GB","og_type":"article","og_title":"Extincteurs douche portatif - SODIP SARL","og_description":"Disponible en 6 ou 9L Ces extincteurs sont con\u00e7us pour une intervention d\u2019urgence. Les douches portatives sont destin\u00e9es \u00e0 refroidir et nettoyer une victime d\u2019une br\u00fblure chimique ou thermique (produits inflammables ou irritants utilis\u00e9s dans l\u2019industrie p\u00e9trochimique, agricole \u2026), elles contiennent un agent actif qui pr\u00e9vient le d\u00e9veloppement de bact\u00e9ries et de microbes dans l\u2019eau utilis\u00e9e, afin de limiter le risque de contamination pour les victimes.","og_url":"https:\/\/sodip.net\/en\/product\/extincteurs-douche-portatif\/","og_site_name":"SODIP SARL","article_modified_time":"2023-11-06T16:36:51+00:00","og_image":[{"width":500,"height":500,"url":"https:\/\/sodip.net\/wp-content\/uploads\/2023\/11\/Extincteurs-douche-portatif.png","type":"image\/png"}],"twitter_card":"summary_large_image","schema":{"@context":"https:\/\/schema.org","@graph":[{"@type":"WebPage","@id":"https:\/\/sodip.net\/produit\/extincteurs-douche-portatif\/","url":"https:\/\/sodip.net\/produit\/extincteurs-douche-portatif\/","name":"Extincteurs douche portatif - SODIP SARL","isPartOf":{"@id":"https:\/\/sodip.net\/en\/#website"},"primaryImageOfPage":{"@id":"https:\/\/sodip.net\/produit\/extincteurs-douche-portatif\/#primaryimage"},"image":{"@id":"https:\/\/sodip.net\/produit\/extincteurs-douche-portatif\/#primaryimage"},"thumbnailUrl":"https:\/\/sodip.net\/wp-content\/uploads\/2023\/11\/Extincteurs-douche-portatif.png","datePublished":"2023-11-06T14:04:30+00:00","dateModified":"2023-11-06T16:36:51+00:00","breadcrumb":{"@id":"https:\/\/sodip.net\/produit\/extincteurs-douche-portatif\/#breadcrumb"},"inLanguage":"en-GB","potentialAction":[{"@type":"ReadAction","target":["https:\/\/sodip.net\/produit\/extincteurs-douche-portatif\/"]}]},{"@type":"ImageObject","inLanguage":"en-GB","@id":"https:\/\/sodip.net\/produit\/extincteurs-douche-portatif\/#primaryimage","url":"https:\/\/sodip.net\/wp-content\/uploads\/2023\/11\/Extincteurs-douche-portatif.png","contentUrl":"https:\/\/sodip.net\/wp-content\/uploads\/2023\/11\/Extincteurs-douche-portatif.png","width":500,"height":500},{"@type":"BreadcrumbList","@id":"https:\/\/sodip.net\/produit\/extincteurs-douche-portatif\/#breadcrumb","itemListElement":[{"@type":"ListItem","position":1,"name":"Accueil","item":"https:\/\/sodip.net\/"},{"@type":"ListItem","position":2,"name":"Boutique","item":"https:\/\/sodip.net\/en\/boutique\/"},{"@type":"ListItem","position":3,"name":"Extincteurs douche portatif"}]},{"@type":"WebSite","@id":"https:\/\/sodip.net\/en\/#website","url":"https:\/\/sodip.net\/en\/","name":"SODIP SARL","description":"Soci\u00e9t\u00e9 d&#039;ing\u00e9nierie et de production","publisher":{"@id":"https:\/\/sodip.net\/en\/#organization"},"potentialAction":[{"@type":"SearchAction","target":{"@type":"EntryPoint","urlTemplate":"https:\/\/sodip.net\/en\/?s={search_term_string}"},"query-input":"required name=search_term_string"}],"inLanguage":"en-GB"},{"@type":"Organization","@id":"https:\/\/sodip.net\/en\/#organization","name":"SODIP SARL","url":"https:\/\/sodip.net\/en\/","logo":{"@type":"ImageObject","inLanguage":"en-GB","@id":"https:\/\/sodip.net\/en\/#\/schema\/logo\/image\/","url":"https:\/\/sodip.net\/wp-content\/uploads\/2023\/09\/cropped-logo-1.png","contentUrl":"https:\/\/sodip.net\/wp-content\/uploads\/2023\/09\/cropped-logo-1.png","width":825,"height":213,"caption":"SODIP SARL"},"image":{"@id":"https:\/\/sodip.net\/en\/#\/schema\/logo\/image\/"}}]}},"_links":{"self":[{"href":"https:\/\/sodip.net\/en\/wp-json\/wp\/v2\/product\/7820","targetHints":{"allow":["GET"]}}],"collection":[{"href":"https:\/\/sodip.net\/en\/wp-json\/wp\/v2\/product"}],"about":[{"href":"https:\/\/sodip.net\/en\/wp-json\/wp\/v2\/types\/product"}],"replies":[{"embeddable":true,"href":"https:\/\/sodip.net\/en\/wp-json\/wp\/v2\/comments?post=7820"}],"wp:featuredmedia":[{"embeddable":true,"href":"https:\/\/sodip.net\/en\/wp-json\/wp\/v2\/media\/7841"}],"wp:attachment":[{"href":"https:\/\/sodip.net\/en\/wp-json\/wp\/v2\/media?parent=7820"}],"wp:term":[{"taxonomy":"product_cat","embeddable":true,"href":"https:\/\/sodip.net\/en\/wp-json\/wp\/v2\/product_cat?post=7820"},{"taxonomy":"product_tag","embeddable":true,"href":"https:\/\/sodip.net\/en\/wp-json\/wp\/v2\/product_tag?post=7820"}],"curies":[{"name":"wp","href":"https:\/\/api.w.org\/{rel}","templated":true}]}}