{"id":7819,"date":"2023-11-06T13:40:40","date_gmt":"2023-11-06T12:40:40","guid":{"rendered":"https:\/\/sodip.net\/?post_type=product&#038;p=7819"},"modified":"2023-11-06T17:36:55","modified_gmt":"2023-11-06T16:36:55","slug":"extincteurs-portables-a-poudre","status":"publish","type":"product","link":"https:\/\/sodip.net\/en\/product\/extincteurs-portables-a-poudre\/","title":{"rendered":"Portable dry powder extinguishers"},"content":{"rendered":"<h2 class=\"p1\"><strong>Portable dry powder extinguishers<\/strong><\/h2>\n<p class=\"p1\">ABC powder extinguisher is the most versatile fire protection device. It is effective against :<\/p>\n<p class=\"p1\">Class A: dry or smouldering fires involving solid materials (wood, fabric, paper, cardboard, etc.).<\/p>\n<p class=\"p1\">- Class B: grease, liquid or liquefiable solid fires (hydrocarbons, alcohol, solvents, greases, oils, paints, etc.).<\/p>\n<p class=\"p1\">- class C: gas fires (propane, butane, methane, etc.). These powder extinguishers can also be used to extinguish electrical fires (electrical installations with a voltage of less than 1000V), as the powder is non-conductive. ABC powder extinguishers work by smothering the flames and isolating the fuel.<\/p>\n<p class=\"p1\">. <span class=\"Apple-converted-space\">\u00a0<\/span><\/p>","protected":false},"excerpt":{"rendered":"<p class=\"p1\">ABC powder extinguisher is the most versatile fire protection device. It is effective against :<\/p>\n<p class=\"p1\">Class A: dry or smouldering fires involving solid materials (wood, fabric, paper, cardboard, etc.).<\/p>\n<p class=\"p1\">- Class B: grease, liquid or liquefiable solid fires (hydrocarbons, alcohol, solvents, greases, oils, paints, etc.).<\/p>\n<p class=\"p1\">- class C: gas fires (propane, butane, methane, etc.). These powder extinguishers can also be used to extinguish electrical fires (electrical installations with a voltage of less than 1000V), as the powder is non-conductive. ABC powder extinguishers work by smothering the flames and isolating the fuel.<\/p>\n<p class=\"p1\">","protected":false},"featured_media":7840,"comment_status":"closed","ping_status":"closed","template":"","meta":{"inline_featured_image":false},"product_cat":[15,126,128],"product_tag":[],"class_list":["post-7819","product","type-product","status-publish","has-post-thumbnail","hentry","product_cat-protection-incendie","product_cat-extincteurs","product_cat-extincteurs-portables"],"yoast_head":"<!-- This site is optimized with the Yoast SEO plugin v22.8 - https:\/\/yoast.com\/wordpress\/plugins\/seo\/ -->\n<title>Extincteurs portables \u00e0 poudre - SODIP SARL<\/title>\n<meta name=\"robots\" content=\"index, follow, max-snippet:-1, max-image-preview:large, max-video-preview:-1\" \/>\n<link rel=\"canonical\" href=\"https:\/\/sodip.net\/en\/product\/extincteurs-portables-a-poudre\/\" \/>\n<meta property=\"og:locale\" content=\"en_GB\" \/>\n<meta property=\"og:type\" content=\"article\" \/>\n<meta property=\"og:title\" content=\"Extincteurs portables \u00e0 poudre - SODIP SARL\" \/>\n<meta property=\"og:description\" content=\"Extincteur \u00e0 poudre ABC est le dispositif de protection incendie le plus polyvalent. Il est efficace contre les d\u00e9parts de feux de : Classe A : feux secs ou braisant, de mat\u00e9riaux solides (bois, tissu, papier, carton...). - Classe B : feux gras, de liquides ou de solides liqu\u00e9fiables (hydrocarbures, alcool, solvants, graisses, huiles, peintures\u2026). - classe C : feux de gaz (propane, butane, m\u00e9thane...). Ces extincteurs poudre peuvent aussi \u00eatre utilis\u00e9s sur un d\u00e9but d&#039;incendie d&#039;origine \u00e9lectrique (installation \u00e9lectrique sous tension inf\u00e9rieure \u00e0 1000V), la poudre n&#039;\u00e9tant pas conductrice. Les extincteurs \u00e0 poudre ABC agissent en \u00e9touffant les flammes et en isolant le combustible.\" \/>\n<meta property=\"og:url\" content=\"https:\/\/sodip.net\/en\/product\/extincteurs-portables-a-poudre\/\" \/>\n<meta property=\"og:site_name\" content=\"SODIP SARL\" \/>\n<meta property=\"article:modified_time\" content=\"2023-11-06T16:36:55+00:00\" \/>\n<meta property=\"og:image\" content=\"https:\/\/sodip.net\/wp-content\/uploads\/2023\/11\/Extincteurs-portables-a\u0300-poudre.png\" \/>\n\t<meta property=\"og:image:width\" content=\"500\" \/>\n\t<meta property=\"og:image:height\" content=\"500\" \/>\n\t<meta property=\"og:image:type\" content=\"image\/png\" \/>\n<meta name=\"twitter:card\" content=\"summary_large_image\" \/>\n<meta name=\"twitter:label1\" content=\"Estimated reading time\" \/>\n\t<meta name=\"twitter:data1\" content=\"1 minute\" \/>\n<script type=\"application\/ld+json\" class=\"yoast-schema-graph\">{\"@context\":\"https:\/\/schema.org\",\"@graph\":[{\"@type\":\"WebPage\",\"@id\":\"https:\/\/sodip.net\/produit\/extincteurs-portables-a-poudre\/\",\"url\":\"https:\/\/sodip.net\/produit\/extincteurs-portables-a-poudre\/\",\"name\":\"Extincteurs portables \u00e0 poudre - SODIP SARL\",\"isPartOf\":{\"@id\":\"https:\/\/sodip.net\/en\/#website\"},\"primaryImageOfPage\":{\"@id\":\"https:\/\/sodip.net\/produit\/extincteurs-portables-a-poudre\/#primaryimage\"},\"image\":{\"@id\":\"https:\/\/sodip.net\/produit\/extincteurs-portables-a-poudre\/#primaryimage\"},\"thumbnailUrl\":\"https:\/\/sodip.net\/wp-content\/uploads\/2023\/11\/Extincteurs-portables-a\u0300-poudre.png\",\"datePublished\":\"2023-11-06T12:40:40+00:00\",\"dateModified\":\"2023-11-06T16:36:55+00:00\",\"breadcrumb\":{\"@id\":\"https:\/\/sodip.net\/produit\/extincteurs-portables-a-poudre\/#breadcrumb\"},\"inLanguage\":\"en-GB\",\"potentialAction\":[{\"@type\":\"ReadAction\",\"target\":[\"https:\/\/sodip.net\/produit\/extincteurs-portables-a-poudre\/\"]}]},{\"@type\":\"ImageObject\",\"inLanguage\":\"en-GB\",\"@id\":\"https:\/\/sodip.net\/produit\/extincteurs-portables-a-poudre\/#primaryimage\",\"url\":\"https:\/\/sodip.net\/wp-content\/uploads\/2023\/11\/Extincteurs-portables-a\u0300-poudre.png\",\"contentUrl\":\"https:\/\/sodip.net\/wp-content\/uploads\/2023\/11\/Extincteurs-portables-a\u0300-poudre.png\",\"width\":500,\"height\":500},{\"@type\":\"BreadcrumbList\",\"@id\":\"https:\/\/sodip.net\/produit\/extincteurs-portables-a-poudre\/#breadcrumb\",\"itemListElement\":[{\"@type\":\"ListItem\",\"position\":1,\"name\":\"Accueil\",\"item\":\"https:\/\/sodip.net\/\"},{\"@type\":\"ListItem\",\"position\":2,\"name\":\"Boutique\",\"item\":\"https:\/\/sodip.net\/en\/boutique\/\"},{\"@type\":\"ListItem\",\"position\":3,\"name\":\"Extincteurs portables \u00e0 poudre\"}]},{\"@type\":\"WebSite\",\"@id\":\"https:\/\/sodip.net\/en\/#website\",\"url\":\"https:\/\/sodip.net\/en\/\",\"name\":\"SODIP SARL\",\"description\":\"Soci\u00e9t\u00e9 d&#039;ing\u00e9nierie et de production\",\"publisher\":{\"@id\":\"https:\/\/sodip.net\/en\/#organization\"},\"potentialAction\":[{\"@type\":\"SearchAction\",\"target\":{\"@type\":\"EntryPoint\",\"urlTemplate\":\"https:\/\/sodip.net\/en\/?s={search_term_string}\"},\"query-input\":\"required name=search_term_string\"}],\"inLanguage\":\"en-GB\"},{\"@type\":\"Organization\",\"@id\":\"https:\/\/sodip.net\/en\/#organization\",\"name\":\"SODIP SARL\",\"url\":\"https:\/\/sodip.net\/en\/\",\"logo\":{\"@type\":\"ImageObject\",\"inLanguage\":\"en-GB\",\"@id\":\"https:\/\/sodip.net\/en\/#\/schema\/logo\/image\/\",\"url\":\"https:\/\/sodip.net\/wp-content\/uploads\/2023\/09\/cropped-logo-1.png\",\"contentUrl\":\"https:\/\/sodip.net\/wp-content\/uploads\/2023\/09\/cropped-logo-1.png\",\"width\":825,\"height\":213,\"caption\":\"SODIP SARL\"},\"image\":{\"@id\":\"https:\/\/sodip.net\/en\/#\/schema\/logo\/image\/\"}}]}<\/script>\n<!-- \/ Yoast SEO plugin. -->","yoast_head_json":{"title":"Extincteurs portables \u00e0 poudre - SODIP SARL","robots":{"index":"index","follow":"follow","max-snippet":"max-snippet:-1","max-image-preview":"max-image-preview:large","max-video-preview":"max-video-preview:-1"},"canonical":"https:\/\/sodip.net\/en\/product\/extincteurs-portables-a-poudre\/","og_locale":"en_GB","og_type":"article","og_title":"Extincteurs portables \u00e0 poudre - SODIP SARL","og_description":"Extincteur \u00e0 poudre ABC est le dispositif de protection incendie le plus polyvalent. Il est efficace contre les d\u00e9parts de feux de : Classe A : feux secs ou braisant, de mat\u00e9riaux solides (bois, tissu, papier, carton...). - Classe B : feux gras, de liquides ou de solides liqu\u00e9fiables (hydrocarbures, alcool, solvants, graisses, huiles, peintures\u2026). - classe C : feux de gaz (propane, butane, m\u00e9thane...). Ces extincteurs poudre peuvent aussi \u00eatre utilis\u00e9s sur un d\u00e9but d'incendie d'origine \u00e9lectrique (installation \u00e9lectrique sous tension inf\u00e9rieure \u00e0 1000V), la poudre n'\u00e9tant pas conductrice. Les extincteurs \u00e0 poudre ABC agissent en \u00e9touffant les flammes et en isolant le combustible.","og_url":"https:\/\/sodip.net\/en\/product\/extincteurs-portables-a-poudre\/","og_site_name":"SODIP SARL","article_modified_time":"2023-11-06T16:36:55+00:00","og_image":[{"width":500,"height":500,"url":"https:\/\/sodip.net\/wp-content\/uploads\/2023\/11\/Extincteurs-portables-a\u0300-poudre.png","type":"image\/png"}],"twitter_card":"summary_large_image","twitter_misc":{"Estimated reading time":"1 minute"},"schema":{"@context":"https:\/\/schema.org","@graph":[{"@type":"WebPage","@id":"https:\/\/sodip.net\/produit\/extincteurs-portables-a-poudre\/","url":"https:\/\/sodip.net\/produit\/extincteurs-portables-a-poudre\/","name":"Extincteurs portables \u00e0 poudre - SODIP SARL","isPartOf":{"@id":"https:\/\/sodip.net\/en\/#website"},"primaryImageOfPage":{"@id":"https:\/\/sodip.net\/produit\/extincteurs-portables-a-poudre\/#primaryimage"},"image":{"@id":"https:\/\/sodip.net\/produit\/extincteurs-portables-a-poudre\/#primaryimage"},"thumbnailUrl":"https:\/\/sodip.net\/wp-content\/uploads\/2023\/11\/Extincteurs-portables-a\u0300-poudre.png","datePublished":"2023-11-06T12:40:40+00:00","dateModified":"2023-11-06T16:36:55+00:00","breadcrumb":{"@id":"https:\/\/sodip.net\/produit\/extincteurs-portables-a-poudre\/#breadcrumb"},"inLanguage":"en-GB","potentialAction":[{"@type":"ReadAction","target":["https:\/\/sodip.net\/produit\/extincteurs-portables-a-poudre\/"]}]},{"@type":"ImageObject","inLanguage":"en-GB","@id":"https:\/\/sodip.net\/produit\/extincteurs-portables-a-poudre\/#primaryimage","url":"https:\/\/sodip.net\/wp-content\/uploads\/2023\/11\/Extincteurs-portables-a\u0300-poudre.png","contentUrl":"https:\/\/sodip.net\/wp-content\/uploads\/2023\/11\/Extincteurs-portables-a\u0300-poudre.png","width":500,"height":500},{"@type":"BreadcrumbList","@id":"https:\/\/sodip.net\/produit\/extincteurs-portables-a-poudre\/#breadcrumb","itemListElement":[{"@type":"ListItem","position":1,"name":"Accueil","item":"https:\/\/sodip.net\/"},{"@type":"ListItem","position":2,"name":"Boutique","item":"https:\/\/sodip.net\/en\/boutique\/"},{"@type":"ListItem","position":3,"name":"Extincteurs portables \u00e0 poudre"}]},{"@type":"WebSite","@id":"https:\/\/sodip.net\/en\/#website","url":"https:\/\/sodip.net\/en\/","name":"SODIP SARL","description":"Soci\u00e9t\u00e9 d&#039;ing\u00e9nierie et de production","publisher":{"@id":"https:\/\/sodip.net\/en\/#organization"},"potentialAction":[{"@type":"SearchAction","target":{"@type":"EntryPoint","urlTemplate":"https:\/\/sodip.net\/en\/?s={search_term_string}"},"query-input":"required name=search_term_string"}],"inLanguage":"en-GB"},{"@type":"Organization","@id":"https:\/\/sodip.net\/en\/#organization","name":"SODIP SARL","url":"https:\/\/sodip.net\/en\/","logo":{"@type":"ImageObject","inLanguage":"en-GB","@id":"https:\/\/sodip.net\/en\/#\/schema\/logo\/image\/","url":"https:\/\/sodip.net\/wp-content\/uploads\/2023\/09\/cropped-logo-1.png","contentUrl":"https:\/\/sodip.net\/wp-content\/uploads\/2023\/09\/cropped-logo-1.png","width":825,"height":213,"caption":"SODIP SARL"},"image":{"@id":"https:\/\/sodip.net\/en\/#\/schema\/logo\/image\/"}}]}},"_links":{"self":[{"href":"https:\/\/sodip.net\/en\/wp-json\/wp\/v2\/product\/7819","targetHints":{"allow":["GET"]}}],"collection":[{"href":"https:\/\/sodip.net\/en\/wp-json\/wp\/v2\/product"}],"about":[{"href":"https:\/\/sodip.net\/en\/wp-json\/wp\/v2\/types\/product"}],"replies":[{"embeddable":true,"href":"https:\/\/sodip.net\/en\/wp-json\/wp\/v2\/comments?post=7819"}],"wp:featuredmedia":[{"embeddable":true,"href":"https:\/\/sodip.net\/en\/wp-json\/wp\/v2\/media\/7840"}],"wp:attachment":[{"href":"https:\/\/sodip.net\/en\/wp-json\/wp\/v2\/media?parent=7819"}],"wp:term":[{"taxonomy":"product_cat","embeddable":true,"href":"https:\/\/sodip.net\/en\/wp-json\/wp\/v2\/product_cat?post=7819"},{"taxonomy":"product_tag","embeddable":true,"href":"https:\/\/sodip.net\/en\/wp-json\/wp\/v2\/product_tag?post=7819"}],"curies":[{"name":"wp","href":"https:\/\/api.w.org\/{rel}","templated":true}]}}