{"id":7807,"date":"2023-11-06T12:45:15","date_gmt":"2023-11-06T11:45:15","guid":{"rendered":"https:\/\/sodip.net\/?post_type=product&#038;p=7807"},"modified":"2023-11-06T13:31:50","modified_gmt":"2023-11-06T12:31:50","slug":"robinet-honeywell","status":"publish","type":"product","link":"https:\/\/sodip.net\/en\/product\/robinet-honeywell\/","title":{"rendered":"Honeywell flexible hose with pressure gauge"},"content":{"rendered":"<h2 class=\"p1\"><strong>Honeywell flexible hose with pressure gauge<\/strong><\/h2>\n<p class=\"p1\">Connected to the pressure reducer, the flexible high-pressure hose supplies the pressure gauge, which is positioned on the left shoulder, allowing the user to see the cylinder's charge level.<\/p>\n<p class=\"p1\">. <span class=\"Apple-converted-space\">\u00a0<\/span><\/p>","protected":false},"excerpt":{"rendered":"<p class=\"p1\">Connected to the pressure reducer, the flexible high-pressure hose supplies the pressure gauge, which is positioned on the left shoulder, allowing the user to see the cylinder's charge level.<\/p>\n<p class=\"p1\">","protected":false},"featured_media":7810,"comment_status":"closed","ping_status":"closed","template":"","meta":{"inline_featured_image":false},"product_cat":[130,118],"product_tag":[],"class_list":["post-7807","product","type-product","status-publish","has-post-thumbnail","hentry","product_cat-appareils-respiratoires-isolants","product_cat-protection-respiratoire"],"yoast_head":"<!-- This site is optimized with the Yoast SEO plugin v22.8 - https:\/\/yoast.com\/wordpress\/plugins\/seo\/ -->\n<title>Flexible avec manom\u00e8tre honeywell - SODIP SARL<\/title>\n<meta name=\"robots\" content=\"index, follow, max-snippet:-1, max-image-preview:large, max-video-preview:-1\" \/>\n<link rel=\"canonical\" href=\"https:\/\/sodip.net\/en\/product\/robinet-honeywell\/\" \/>\n<meta property=\"og:locale\" content=\"en_GB\" \/>\n<meta property=\"og:type\" content=\"article\" \/>\n<meta property=\"og:title\" content=\"Flexible avec manom\u00e8tre honeywell - SODIP SARL\" \/>\n<meta property=\"og:description\" content=\"Connect\u00e9 au d\u00e9tendeur, le flexible souple haute pression assure alimentation du manom\u00e8tre qui plac\u00e9 sur l\u2019\u00e9paule gauche, permet \u00e0 l\u2019utilisateur de voir le niveau de charge de la bouteille.\" \/>\n<meta property=\"og:url\" content=\"https:\/\/sodip.net\/en\/product\/robinet-honeywell\/\" \/>\n<meta property=\"og:site_name\" content=\"SODIP SARL\" \/>\n<meta property=\"article:modified_time\" content=\"2023-11-06T12:31:50+00:00\" \/>\n<meta property=\"og:image\" content=\"https:\/\/sodip.net\/wp-content\/uploads\/2023\/11\/Flexible-avec-manome\u0300tre-honeywell.png\" \/>\n\t<meta property=\"og:image:width\" content=\"500\" \/>\n\t<meta property=\"og:image:height\" content=\"500\" \/>\n\t<meta property=\"og:image:type\" content=\"image\/png\" \/>\n<meta name=\"twitter:card\" content=\"summary_large_image\" \/>\n<script type=\"application\/ld+json\" class=\"yoast-schema-graph\">{\"@context\":\"https:\/\/schema.org\",\"@graph\":[{\"@type\":\"WebPage\",\"@id\":\"https:\/\/sodip.net\/produit\/robinet-honeywell\/\",\"url\":\"https:\/\/sodip.net\/produit\/robinet-honeywell\/\",\"name\":\"Flexible avec manom\u00e8tre honeywell - SODIP SARL\",\"isPartOf\":{\"@id\":\"https:\/\/sodip.net\/en\/#website\"},\"primaryImageOfPage\":{\"@id\":\"https:\/\/sodip.net\/produit\/robinet-honeywell\/#primaryimage\"},\"image\":{\"@id\":\"https:\/\/sodip.net\/produit\/robinet-honeywell\/#primaryimage\"},\"thumbnailUrl\":\"https:\/\/sodip.net\/wp-content\/uploads\/2023\/11\/Flexible-avec-manome\u0300tre-honeywell.png\",\"datePublished\":\"2023-11-06T11:45:15+00:00\",\"dateModified\":\"2023-11-06T12:31:50+00:00\",\"breadcrumb\":{\"@id\":\"https:\/\/sodip.net\/produit\/robinet-honeywell\/#breadcrumb\"},\"inLanguage\":\"en-GB\",\"potentialAction\":[{\"@type\":\"ReadAction\",\"target\":[\"https:\/\/sodip.net\/produit\/robinet-honeywell\/\"]}]},{\"@type\":\"ImageObject\",\"inLanguage\":\"en-GB\",\"@id\":\"https:\/\/sodip.net\/produit\/robinet-honeywell\/#primaryimage\",\"url\":\"https:\/\/sodip.net\/wp-content\/uploads\/2023\/11\/Flexible-avec-manome\u0300tre-honeywell.png\",\"contentUrl\":\"https:\/\/sodip.net\/wp-content\/uploads\/2023\/11\/Flexible-avec-manome\u0300tre-honeywell.png\",\"width\":500,\"height\":500},{\"@type\":\"BreadcrumbList\",\"@id\":\"https:\/\/sodip.net\/produit\/robinet-honeywell\/#breadcrumb\",\"itemListElement\":[{\"@type\":\"ListItem\",\"position\":1,\"name\":\"Accueil\",\"item\":\"https:\/\/sodip.net\/\"},{\"@type\":\"ListItem\",\"position\":2,\"name\":\"Boutique\",\"item\":\"https:\/\/sodip.net\/en\/boutique\/\"},{\"@type\":\"ListItem\",\"position\":3,\"name\":\"Flexible avec manom\u00e8tre honeywell\"}]},{\"@type\":\"WebSite\",\"@id\":\"https:\/\/sodip.net\/en\/#website\",\"url\":\"https:\/\/sodip.net\/en\/\",\"name\":\"SODIP SARL\",\"description\":\"Soci\u00e9t\u00e9 d&#039;ing\u00e9nierie et de production\",\"publisher\":{\"@id\":\"https:\/\/sodip.net\/en\/#organization\"},\"potentialAction\":[{\"@type\":\"SearchAction\",\"target\":{\"@type\":\"EntryPoint\",\"urlTemplate\":\"https:\/\/sodip.net\/en\/?s={search_term_string}\"},\"query-input\":\"required name=search_term_string\"}],\"inLanguage\":\"en-GB\"},{\"@type\":\"Organization\",\"@id\":\"https:\/\/sodip.net\/en\/#organization\",\"name\":\"SODIP SARL\",\"url\":\"https:\/\/sodip.net\/en\/\",\"logo\":{\"@type\":\"ImageObject\",\"inLanguage\":\"en-GB\",\"@id\":\"https:\/\/sodip.net\/en\/#\/schema\/logo\/image\/\",\"url\":\"https:\/\/sodip.net\/wp-content\/uploads\/2023\/09\/cropped-logo-1.png\",\"contentUrl\":\"https:\/\/sodip.net\/wp-content\/uploads\/2023\/09\/cropped-logo-1.png\",\"width\":825,\"height\":213,\"caption\":\"SODIP SARL\"},\"image\":{\"@id\":\"https:\/\/sodip.net\/en\/#\/schema\/logo\/image\/\"}}]}<\/script>\n<!-- \/ Yoast SEO plugin. -->","yoast_head_json":{"title":"Flexible avec manom\u00e8tre honeywell - SODIP SARL","robots":{"index":"index","follow":"follow","max-snippet":"max-snippet:-1","max-image-preview":"max-image-preview:large","max-video-preview":"max-video-preview:-1"},"canonical":"https:\/\/sodip.net\/en\/product\/robinet-honeywell\/","og_locale":"en_GB","og_type":"article","og_title":"Flexible avec manom\u00e8tre honeywell - SODIP SARL","og_description":"Connect\u00e9 au d\u00e9tendeur, le flexible souple haute pression assure alimentation du manom\u00e8tre qui plac\u00e9 sur l\u2019\u00e9paule gauche, permet \u00e0 l\u2019utilisateur de voir le niveau de charge de la bouteille.","og_url":"https:\/\/sodip.net\/en\/product\/robinet-honeywell\/","og_site_name":"SODIP SARL","article_modified_time":"2023-11-06T12:31:50+00:00","og_image":[{"width":500,"height":500,"url":"https:\/\/sodip.net\/wp-content\/uploads\/2023\/11\/Flexible-avec-manome\u0300tre-honeywell.png","type":"image\/png"}],"twitter_card":"summary_large_image","schema":{"@context":"https:\/\/schema.org","@graph":[{"@type":"WebPage","@id":"https:\/\/sodip.net\/produit\/robinet-honeywell\/","url":"https:\/\/sodip.net\/produit\/robinet-honeywell\/","name":"Flexible avec manom\u00e8tre honeywell - SODIP SARL","isPartOf":{"@id":"https:\/\/sodip.net\/en\/#website"},"primaryImageOfPage":{"@id":"https:\/\/sodip.net\/produit\/robinet-honeywell\/#primaryimage"},"image":{"@id":"https:\/\/sodip.net\/produit\/robinet-honeywell\/#primaryimage"},"thumbnailUrl":"https:\/\/sodip.net\/wp-content\/uploads\/2023\/11\/Flexible-avec-manome\u0300tre-honeywell.png","datePublished":"2023-11-06T11:45:15+00:00","dateModified":"2023-11-06T12:31:50+00:00","breadcrumb":{"@id":"https:\/\/sodip.net\/produit\/robinet-honeywell\/#breadcrumb"},"inLanguage":"en-GB","potentialAction":[{"@type":"ReadAction","target":["https:\/\/sodip.net\/produit\/robinet-honeywell\/"]}]},{"@type":"ImageObject","inLanguage":"en-GB","@id":"https:\/\/sodip.net\/produit\/robinet-honeywell\/#primaryimage","url":"https:\/\/sodip.net\/wp-content\/uploads\/2023\/11\/Flexible-avec-manome\u0300tre-honeywell.png","contentUrl":"https:\/\/sodip.net\/wp-content\/uploads\/2023\/11\/Flexible-avec-manome\u0300tre-honeywell.png","width":500,"height":500},{"@type":"BreadcrumbList","@id":"https:\/\/sodip.net\/produit\/robinet-honeywell\/#breadcrumb","itemListElement":[{"@type":"ListItem","position":1,"name":"Accueil","item":"https:\/\/sodip.net\/"},{"@type":"ListItem","position":2,"name":"Boutique","item":"https:\/\/sodip.net\/en\/boutique\/"},{"@type":"ListItem","position":3,"name":"Flexible avec manom\u00e8tre honeywell"}]},{"@type":"WebSite","@id":"https:\/\/sodip.net\/en\/#website","url":"https:\/\/sodip.net\/en\/","name":"SODIP SARL","description":"Soci\u00e9t\u00e9 d&#039;ing\u00e9nierie et de production","publisher":{"@id":"https:\/\/sodip.net\/en\/#organization"},"potentialAction":[{"@type":"SearchAction","target":{"@type":"EntryPoint","urlTemplate":"https:\/\/sodip.net\/en\/?s={search_term_string}"},"query-input":"required name=search_term_string"}],"inLanguage":"en-GB"},{"@type":"Organization","@id":"https:\/\/sodip.net\/en\/#organization","name":"SODIP SARL","url":"https:\/\/sodip.net\/en\/","logo":{"@type":"ImageObject","inLanguage":"en-GB","@id":"https:\/\/sodip.net\/en\/#\/schema\/logo\/image\/","url":"https:\/\/sodip.net\/wp-content\/uploads\/2023\/09\/cropped-logo-1.png","contentUrl":"https:\/\/sodip.net\/wp-content\/uploads\/2023\/09\/cropped-logo-1.png","width":825,"height":213,"caption":"SODIP SARL"},"image":{"@id":"https:\/\/sodip.net\/en\/#\/schema\/logo\/image\/"}}]}},"_links":{"self":[{"href":"https:\/\/sodip.net\/en\/wp-json\/wp\/v2\/product\/7807","targetHints":{"allow":["GET"]}}],"collection":[{"href":"https:\/\/sodip.net\/en\/wp-json\/wp\/v2\/product"}],"about":[{"href":"https:\/\/sodip.net\/en\/wp-json\/wp\/v2\/types\/product"}],"replies":[{"embeddable":true,"href":"https:\/\/sodip.net\/en\/wp-json\/wp\/v2\/comments?post=7807"}],"wp:featuredmedia":[{"embeddable":true,"href":"https:\/\/sodip.net\/en\/wp-json\/wp\/v2\/media\/7810"}],"wp:attachment":[{"href":"https:\/\/sodip.net\/en\/wp-json\/wp\/v2\/media?parent=7807"}],"wp:term":[{"taxonomy":"product_cat","embeddable":true,"href":"https:\/\/sodip.net\/en\/wp-json\/wp\/v2\/product_cat?post=7807"},{"taxonomy":"product_tag","embeddable":true,"href":"https:\/\/sodip.net\/en\/wp-json\/wp\/v2\/product_tag?post=7807"}],"curies":[{"name":"wp","href":"https:\/\/api.w.org\/{rel}","templated":true}]}}