{"id":7804,"date":"2023-11-06T12:41:05","date_gmt":"2023-11-06T11:41:05","guid":{"rendered":"https:\/\/sodip.net\/?post_type=product&#038;p=7804"},"modified":"2023-11-06T13:33:10","modified_gmt":"2023-11-06T12:33:10","slug":"masque-honeywell","status":"publish","type":"product","link":"https:\/\/sodip.net\/en\/product\/masque-honeywell\/","title":{"rendered":"Honeywell mask"},"content":{"rendered":"<h2 class=\"p1\"><strong>Honeywell mask<\/strong><\/h2>\n<p class=\"p1\">Biomask neoprene masks provide total protection for the wearer, while ensuring maximum effort. Their internal sealing lips, anatomical shapes and great flexibility mean that one size fits all, providing a perfect seal and adapting to all face shapes.<span class=\"Apple-converted-space\">\u00a0 \u00a0<\/span><\/p>\n<p class=\"p1\">. <span class=\"Apple-converted-space\">\u00a0<\/span><\/p>","protected":false},"excerpt":{"rendered":"<p class=\"p1\">Biomask neoprene masks provide total protection for the wearer, while ensuring maximum effort. Their internal sealing lips, anatomical shapes and great flexibility mean that one size fits all, providing a perfect seal and adapting to all face shapes.<span class=\"Apple-converted-space\">\u00a0 \u00a0<\/span><\/p>","protected":false},"featured_media":7812,"comment_status":"closed","ping_status":"closed","template":"","meta":{"inline_featured_image":false},"product_cat":[130,118],"product_tag":[],"class_list":["post-7804","product","type-product","status-publish","has-post-thumbnail","hentry","product_cat-appareils-respiratoires-isolants","product_cat-protection-respiratoire"],"yoast_head":"<!-- This site is optimized with the Yoast SEO plugin v22.8 - https:\/\/yoast.com\/wordpress\/plugins\/seo\/ -->\n<title>Masque Honeywell - SODIP SARL<\/title>\n<meta name=\"robots\" content=\"index, follow, max-snippet:-1, max-image-preview:large, max-video-preview:-1\" \/>\n<link rel=\"canonical\" href=\"https:\/\/sodip.net\/en\/product\/masque-honeywell\/\" \/>\n<meta property=\"og:locale\" content=\"en_GB\" \/>\n<meta property=\"og:type\" content=\"article\" \/>\n<meta property=\"og:title\" content=\"Masque Honeywell - SODIP SARL\" \/>\n<meta property=\"og:description\" content=\"Les masques Biomask r\u00e9alis\u00e9s en n\u00e9opr\u00e8ne permettent une protection totale du porteur tout en lui assurant un grand effort. Leurs l\u00e8vres d\u2019\u00e9tanch\u00e9it\u00e9s internes, leurs formes anatomiques et leurs grandes souplesses permettent en une seule taille d\u2019obtenir une parfaite \u00e9tanch\u00e9it\u00e9 et de s\u2019adapter \u00e0 toutes les formes de visages.\u00a0 \u00a0\" \/>\n<meta property=\"og:url\" content=\"https:\/\/sodip.net\/en\/product\/masque-honeywell\/\" \/>\n<meta property=\"og:site_name\" content=\"SODIP SARL\" \/>\n<meta property=\"article:modified_time\" content=\"2023-11-06T12:33:10+00:00\" \/>\n<meta property=\"og:image\" content=\"https:\/\/sodip.net\/wp-content\/uploads\/2023\/11\/Masque-Honeywell.png\" \/>\n\t<meta property=\"og:image:width\" content=\"500\" \/>\n\t<meta property=\"og:image:height\" content=\"500\" \/>\n\t<meta property=\"og:image:type\" content=\"image\/png\" \/>\n<meta name=\"twitter:card\" content=\"summary_large_image\" \/>\n<script type=\"application\/ld+json\" class=\"yoast-schema-graph\">{\"@context\":\"https:\/\/schema.org\",\"@graph\":[{\"@type\":\"WebPage\",\"@id\":\"https:\/\/sodip.net\/produit\/masque-honeywell\/\",\"url\":\"https:\/\/sodip.net\/produit\/masque-honeywell\/\",\"name\":\"Masque Honeywell - SODIP SARL\",\"isPartOf\":{\"@id\":\"https:\/\/sodip.net\/en\/#website\"},\"primaryImageOfPage\":{\"@id\":\"https:\/\/sodip.net\/produit\/masque-honeywell\/#primaryimage\"},\"image\":{\"@id\":\"https:\/\/sodip.net\/produit\/masque-honeywell\/#primaryimage\"},\"thumbnailUrl\":\"https:\/\/sodip.net\/wp-content\/uploads\/2023\/11\/Masque-Honeywell.png\",\"datePublished\":\"2023-11-06T11:41:05+00:00\",\"dateModified\":\"2023-11-06T12:33:10+00:00\",\"breadcrumb\":{\"@id\":\"https:\/\/sodip.net\/produit\/masque-honeywell\/#breadcrumb\"},\"inLanguage\":\"en-GB\",\"potentialAction\":[{\"@type\":\"ReadAction\",\"target\":[\"https:\/\/sodip.net\/produit\/masque-honeywell\/\"]}]},{\"@type\":\"ImageObject\",\"inLanguage\":\"en-GB\",\"@id\":\"https:\/\/sodip.net\/produit\/masque-honeywell\/#primaryimage\",\"url\":\"https:\/\/sodip.net\/wp-content\/uploads\/2023\/11\/Masque-Honeywell.png\",\"contentUrl\":\"https:\/\/sodip.net\/wp-content\/uploads\/2023\/11\/Masque-Honeywell.png\",\"width\":500,\"height\":500},{\"@type\":\"BreadcrumbList\",\"@id\":\"https:\/\/sodip.net\/produit\/masque-honeywell\/#breadcrumb\",\"itemListElement\":[{\"@type\":\"ListItem\",\"position\":1,\"name\":\"Accueil\",\"item\":\"https:\/\/sodip.net\/\"},{\"@type\":\"ListItem\",\"position\":2,\"name\":\"Boutique\",\"item\":\"https:\/\/sodip.net\/en\/boutique\/\"},{\"@type\":\"ListItem\",\"position\":3,\"name\":\"Masque Honeywell\"}]},{\"@type\":\"WebSite\",\"@id\":\"https:\/\/sodip.net\/en\/#website\",\"url\":\"https:\/\/sodip.net\/en\/\",\"name\":\"SODIP SARL\",\"description\":\"Soci\u00e9t\u00e9 d&#039;ing\u00e9nierie et de production\",\"publisher\":{\"@id\":\"https:\/\/sodip.net\/en\/#organization\"},\"potentialAction\":[{\"@type\":\"SearchAction\",\"target\":{\"@type\":\"EntryPoint\",\"urlTemplate\":\"https:\/\/sodip.net\/en\/?s={search_term_string}\"},\"query-input\":\"required name=search_term_string\"}],\"inLanguage\":\"en-GB\"},{\"@type\":\"Organization\",\"@id\":\"https:\/\/sodip.net\/en\/#organization\",\"name\":\"SODIP SARL\",\"url\":\"https:\/\/sodip.net\/en\/\",\"logo\":{\"@type\":\"ImageObject\",\"inLanguage\":\"en-GB\",\"@id\":\"https:\/\/sodip.net\/en\/#\/schema\/logo\/image\/\",\"url\":\"https:\/\/sodip.net\/wp-content\/uploads\/2023\/09\/cropped-logo-1.png\",\"contentUrl\":\"https:\/\/sodip.net\/wp-content\/uploads\/2023\/09\/cropped-logo-1.png\",\"width\":825,\"height\":213,\"caption\":\"SODIP SARL\"},\"image\":{\"@id\":\"https:\/\/sodip.net\/en\/#\/schema\/logo\/image\/\"}}]}<\/script>\n<!-- \/ Yoast SEO plugin. -->","yoast_head_json":{"title":"Masque Honeywell - SODIP SARL","robots":{"index":"index","follow":"follow","max-snippet":"max-snippet:-1","max-image-preview":"max-image-preview:large","max-video-preview":"max-video-preview:-1"},"canonical":"https:\/\/sodip.net\/en\/product\/masque-honeywell\/","og_locale":"en_GB","og_type":"article","og_title":"Masque Honeywell - SODIP SARL","og_description":"Les masques Biomask r\u00e9alis\u00e9s en n\u00e9opr\u00e8ne permettent une protection totale du porteur tout en lui assurant un grand effort. Leurs l\u00e8vres d\u2019\u00e9tanch\u00e9it\u00e9s internes, leurs formes anatomiques et leurs grandes souplesses permettent en une seule taille d\u2019obtenir une parfaite \u00e9tanch\u00e9it\u00e9 et de s\u2019adapter \u00e0 toutes les formes de visages.\u00a0 \u00a0","og_url":"https:\/\/sodip.net\/en\/product\/masque-honeywell\/","og_site_name":"SODIP SARL","article_modified_time":"2023-11-06T12:33:10+00:00","og_image":[{"width":500,"height":500,"url":"https:\/\/sodip.net\/wp-content\/uploads\/2023\/11\/Masque-Honeywell.png","type":"image\/png"}],"twitter_card":"summary_large_image","schema":{"@context":"https:\/\/schema.org","@graph":[{"@type":"WebPage","@id":"https:\/\/sodip.net\/produit\/masque-honeywell\/","url":"https:\/\/sodip.net\/produit\/masque-honeywell\/","name":"Masque Honeywell - SODIP SARL","isPartOf":{"@id":"https:\/\/sodip.net\/en\/#website"},"primaryImageOfPage":{"@id":"https:\/\/sodip.net\/produit\/masque-honeywell\/#primaryimage"},"image":{"@id":"https:\/\/sodip.net\/produit\/masque-honeywell\/#primaryimage"},"thumbnailUrl":"https:\/\/sodip.net\/wp-content\/uploads\/2023\/11\/Masque-Honeywell.png","datePublished":"2023-11-06T11:41:05+00:00","dateModified":"2023-11-06T12:33:10+00:00","breadcrumb":{"@id":"https:\/\/sodip.net\/produit\/masque-honeywell\/#breadcrumb"},"inLanguage":"en-GB","potentialAction":[{"@type":"ReadAction","target":["https:\/\/sodip.net\/produit\/masque-honeywell\/"]}]},{"@type":"ImageObject","inLanguage":"en-GB","@id":"https:\/\/sodip.net\/produit\/masque-honeywell\/#primaryimage","url":"https:\/\/sodip.net\/wp-content\/uploads\/2023\/11\/Masque-Honeywell.png","contentUrl":"https:\/\/sodip.net\/wp-content\/uploads\/2023\/11\/Masque-Honeywell.png","width":500,"height":500},{"@type":"BreadcrumbList","@id":"https:\/\/sodip.net\/produit\/masque-honeywell\/#breadcrumb","itemListElement":[{"@type":"ListItem","position":1,"name":"Accueil","item":"https:\/\/sodip.net\/"},{"@type":"ListItem","position":2,"name":"Boutique","item":"https:\/\/sodip.net\/en\/boutique\/"},{"@type":"ListItem","position":3,"name":"Masque Honeywell"}]},{"@type":"WebSite","@id":"https:\/\/sodip.net\/en\/#website","url":"https:\/\/sodip.net\/en\/","name":"SODIP SARL","description":"Soci\u00e9t\u00e9 d&#039;ing\u00e9nierie et de production","publisher":{"@id":"https:\/\/sodip.net\/en\/#organization"},"potentialAction":[{"@type":"SearchAction","target":{"@type":"EntryPoint","urlTemplate":"https:\/\/sodip.net\/en\/?s={search_term_string}"},"query-input":"required name=search_term_string"}],"inLanguage":"en-GB"},{"@type":"Organization","@id":"https:\/\/sodip.net\/en\/#organization","name":"SODIP SARL","url":"https:\/\/sodip.net\/en\/","logo":{"@type":"ImageObject","inLanguage":"en-GB","@id":"https:\/\/sodip.net\/en\/#\/schema\/logo\/image\/","url":"https:\/\/sodip.net\/wp-content\/uploads\/2023\/09\/cropped-logo-1.png","contentUrl":"https:\/\/sodip.net\/wp-content\/uploads\/2023\/09\/cropped-logo-1.png","width":825,"height":213,"caption":"SODIP SARL"},"image":{"@id":"https:\/\/sodip.net\/en\/#\/schema\/logo\/image\/"}}]}},"_links":{"self":[{"href":"https:\/\/sodip.net\/en\/wp-json\/wp\/v2\/product\/7804","targetHints":{"allow":["GET"]}}],"collection":[{"href":"https:\/\/sodip.net\/en\/wp-json\/wp\/v2\/product"}],"about":[{"href":"https:\/\/sodip.net\/en\/wp-json\/wp\/v2\/types\/product"}],"replies":[{"embeddable":true,"href":"https:\/\/sodip.net\/en\/wp-json\/wp\/v2\/comments?post=7804"}],"wp:featuredmedia":[{"embeddable":true,"href":"https:\/\/sodip.net\/en\/wp-json\/wp\/v2\/media\/7812"}],"wp:attachment":[{"href":"https:\/\/sodip.net\/en\/wp-json\/wp\/v2\/media?parent=7804"}],"wp:term":[{"taxonomy":"product_cat","embeddable":true,"href":"https:\/\/sodip.net\/en\/wp-json\/wp\/v2\/product_cat?post=7804"},{"taxonomy":"product_tag","embeddable":true,"href":"https:\/\/sodip.net\/en\/wp-json\/wp\/v2\/product_tag?post=7804"}],"curies":[{"name":"wp","href":"https:\/\/api.w.org\/{rel}","templated":true}]}}