{"id":7803,"date":"2023-11-06T12:39:49","date_gmt":"2023-11-06T11:39:49","guid":{"rendered":"https:\/\/sodip.net\/?post_type=product&#038;p=7803"},"modified":"2023-11-06T13:34:36","modified_gmt":"2023-11-06T12:34:36","slug":"dosseret-msa","status":"publish","type":"product","link":"https:\/\/sodip.net\/en\/product\/dosseret-msa\/","title":{"rendered":"MSA backsplash"},"content":{"rendered":"<h2 class=\"p1\"><strong>MSA backsplash<\/strong><\/h2>\n<p class=\"p1\">The M1 SCBA is fully customizable and can be configured to meet a wide range of firefighters' needs. Buy according to your budget and upgrade later - directly in the field. Overall, the M1 respirator represents the most advanced, ergonomic and modular SCBA system on the market, designed and developed side-by-side with firefighters. This brand-new breathing apparatus platform includes a number of innovative, customizable features that contribute to improved hygiene and comfort<\/p>\n<p class=\"p1\">. <span class=\"Apple-converted-space\">\u00a0<\/span><\/p>","protected":false},"excerpt":{"rendered":"<p class=\"p1\">The M1 SCBA is fully customizable and can be configured to meet a wide range of firefighters' needs. Buy according to your budget and upgrade later - directly in the field. Overall, the M1 respirator represents the most advanced, ergonomic and modular SCBA system on the market, designed and developed side-by-side with firefighters. This brand-new breathing apparatus platform includes a number of innovative, customizable features that contribute to improved hygiene and comfort<\/p>","protected":false},"featured_media":7813,"comment_status":"closed","ping_status":"closed","template":"","meta":{"inline_featured_image":false},"product_cat":[130,118],"product_tag":[],"class_list":["post-7803","product","type-product","status-publish","has-post-thumbnail","hentry","product_cat-appareils-respiratoires-isolants","product_cat-protection-respiratoire"],"yoast_head":"<!-- This site is optimized with the Yoast SEO plugin v22.8 - https:\/\/yoast.com\/wordpress\/plugins\/seo\/ -->\n<title>Dosseret MSA - SODIP SARL<\/title>\n<meta name=\"robots\" content=\"index, follow, max-snippet:-1, max-image-preview:large, max-video-preview:-1\" \/>\n<link rel=\"canonical\" href=\"https:\/\/sodip.net\/en\/product\/dosseret-msa\/\" \/>\n<meta property=\"og:locale\" content=\"en_GB\" \/>\n<meta property=\"og:type\" content=\"article\" \/>\n<meta property=\"og:title\" content=\"Dosseret MSA - SODIP SARL\" \/>\n<meta property=\"og:description\" content=\"L&#039;ARI M1 est enti\u00e8rement personnalisable et peut \u00eatre configur\u00e9 pour r\u00e9pondre \u00e0 un large \u00e9ventail de besoins des pompiers. Achetez selon vos besoins budg\u00e9taires et effectuez une mise \u00e0 niveau plus tard \u2013 directement sur le terrain. Dans l&#039;ensemble, l&#039;appareil respiratoire M1 repr\u00e9sente le syst\u00e8me ARI le plus avanc\u00e9, ergonomique et modulaire du march\u00e9, con\u00e7u et d\u00e9velopp\u00e9 c\u00f4te \u00e0 c\u00f4te avec les pompiers. Cette toute nouvelle plateforme d&#039;appareils respiratoires comprend plusieurs fonctionnalit\u00e9s innovantes et personnalisables qui contribuent \u00e0 am\u00e9liorer l&#039;hygi\u00e8ne et le confort\" \/>\n<meta property=\"og:url\" content=\"https:\/\/sodip.net\/en\/product\/dosseret-msa\/\" \/>\n<meta property=\"og:site_name\" content=\"SODIP SARL\" \/>\n<meta property=\"article:modified_time\" content=\"2023-11-06T12:34:36+00:00\" \/>\n<meta property=\"og:image\" content=\"https:\/\/sodip.net\/wp-content\/uploads\/2023\/11\/Dosseret-MSA.png\" \/>\n\t<meta property=\"og:image:width\" content=\"500\" \/>\n\t<meta property=\"og:image:height\" content=\"500\" \/>\n\t<meta property=\"og:image:type\" content=\"image\/png\" \/>\n<meta name=\"twitter:card\" content=\"summary_large_image\" \/>\n<script type=\"application\/ld+json\" class=\"yoast-schema-graph\">{\"@context\":\"https:\/\/schema.org\",\"@graph\":[{\"@type\":\"WebPage\",\"@id\":\"https:\/\/sodip.net\/produit\/dosseret-msa\/\",\"url\":\"https:\/\/sodip.net\/produit\/dosseret-msa\/\",\"name\":\"Dosseret MSA - SODIP SARL\",\"isPartOf\":{\"@id\":\"https:\/\/sodip.net\/en\/#website\"},\"primaryImageOfPage\":{\"@id\":\"https:\/\/sodip.net\/produit\/dosseret-msa\/#primaryimage\"},\"image\":{\"@id\":\"https:\/\/sodip.net\/produit\/dosseret-msa\/#primaryimage\"},\"thumbnailUrl\":\"https:\/\/sodip.net\/wp-content\/uploads\/2023\/11\/Dosseret-MSA.png\",\"datePublished\":\"2023-11-06T11:39:49+00:00\",\"dateModified\":\"2023-11-06T12:34:36+00:00\",\"breadcrumb\":{\"@id\":\"https:\/\/sodip.net\/produit\/dosseret-msa\/#breadcrumb\"},\"inLanguage\":\"en-GB\",\"potentialAction\":[{\"@type\":\"ReadAction\",\"target\":[\"https:\/\/sodip.net\/produit\/dosseret-msa\/\"]}]},{\"@type\":\"ImageObject\",\"inLanguage\":\"en-GB\",\"@id\":\"https:\/\/sodip.net\/produit\/dosseret-msa\/#primaryimage\",\"url\":\"https:\/\/sodip.net\/wp-content\/uploads\/2023\/11\/Dosseret-MSA.png\",\"contentUrl\":\"https:\/\/sodip.net\/wp-content\/uploads\/2023\/11\/Dosseret-MSA.png\",\"width\":500,\"height\":500},{\"@type\":\"BreadcrumbList\",\"@id\":\"https:\/\/sodip.net\/produit\/dosseret-msa\/#breadcrumb\",\"itemListElement\":[{\"@type\":\"ListItem\",\"position\":1,\"name\":\"Accueil\",\"item\":\"https:\/\/sodip.net\/\"},{\"@type\":\"ListItem\",\"position\":2,\"name\":\"Boutique\",\"item\":\"https:\/\/sodip.net\/en\/boutique\/\"},{\"@type\":\"ListItem\",\"position\":3,\"name\":\"Dosseret MSA\"}]},{\"@type\":\"WebSite\",\"@id\":\"https:\/\/sodip.net\/en\/#website\",\"url\":\"https:\/\/sodip.net\/en\/\",\"name\":\"SODIP SARL\",\"description\":\"Soci\u00e9t\u00e9 d&#039;ing\u00e9nierie et de production\",\"publisher\":{\"@id\":\"https:\/\/sodip.net\/en\/#organization\"},\"potentialAction\":[{\"@type\":\"SearchAction\",\"target\":{\"@type\":\"EntryPoint\",\"urlTemplate\":\"https:\/\/sodip.net\/en\/?s={search_term_string}\"},\"query-input\":\"required name=search_term_string\"}],\"inLanguage\":\"en-GB\"},{\"@type\":\"Organization\",\"@id\":\"https:\/\/sodip.net\/en\/#organization\",\"name\":\"SODIP SARL\",\"url\":\"https:\/\/sodip.net\/en\/\",\"logo\":{\"@type\":\"ImageObject\",\"inLanguage\":\"en-GB\",\"@id\":\"https:\/\/sodip.net\/en\/#\/schema\/logo\/image\/\",\"url\":\"https:\/\/sodip.net\/wp-content\/uploads\/2023\/09\/cropped-logo-1.png\",\"contentUrl\":\"https:\/\/sodip.net\/wp-content\/uploads\/2023\/09\/cropped-logo-1.png\",\"width\":825,\"height\":213,\"caption\":\"SODIP SARL\"},\"image\":{\"@id\":\"https:\/\/sodip.net\/en\/#\/schema\/logo\/image\/\"}}]}<\/script>\n<!-- \/ Yoast SEO plugin. -->","yoast_head_json":{"title":"Dosseret MSA - SODIP SARL","robots":{"index":"index","follow":"follow","max-snippet":"max-snippet:-1","max-image-preview":"max-image-preview:large","max-video-preview":"max-video-preview:-1"},"canonical":"https:\/\/sodip.net\/en\/product\/dosseret-msa\/","og_locale":"en_GB","og_type":"article","og_title":"Dosseret MSA - SODIP SARL","og_description":"L'ARI M1 est enti\u00e8rement personnalisable et peut \u00eatre configur\u00e9 pour r\u00e9pondre \u00e0 un large \u00e9ventail de besoins des pompiers. Achetez selon vos besoins budg\u00e9taires et effectuez une mise \u00e0 niveau plus tard \u2013 directement sur le terrain. Dans l'ensemble, l'appareil respiratoire M1 repr\u00e9sente le syst\u00e8me ARI le plus avanc\u00e9, ergonomique et modulaire du march\u00e9, con\u00e7u et d\u00e9velopp\u00e9 c\u00f4te \u00e0 c\u00f4te avec les pompiers. Cette toute nouvelle plateforme d'appareils respiratoires comprend plusieurs fonctionnalit\u00e9s innovantes et personnalisables qui contribuent \u00e0 am\u00e9liorer l'hygi\u00e8ne et le confort","og_url":"https:\/\/sodip.net\/en\/product\/dosseret-msa\/","og_site_name":"SODIP SARL","article_modified_time":"2023-11-06T12:34:36+00:00","og_image":[{"width":500,"height":500,"url":"https:\/\/sodip.net\/wp-content\/uploads\/2023\/11\/Dosseret-MSA.png","type":"image\/png"}],"twitter_card":"summary_large_image","schema":{"@context":"https:\/\/schema.org","@graph":[{"@type":"WebPage","@id":"https:\/\/sodip.net\/produit\/dosseret-msa\/","url":"https:\/\/sodip.net\/produit\/dosseret-msa\/","name":"Dosseret MSA - SODIP SARL","isPartOf":{"@id":"https:\/\/sodip.net\/en\/#website"},"primaryImageOfPage":{"@id":"https:\/\/sodip.net\/produit\/dosseret-msa\/#primaryimage"},"image":{"@id":"https:\/\/sodip.net\/produit\/dosseret-msa\/#primaryimage"},"thumbnailUrl":"https:\/\/sodip.net\/wp-content\/uploads\/2023\/11\/Dosseret-MSA.png","datePublished":"2023-11-06T11:39:49+00:00","dateModified":"2023-11-06T12:34:36+00:00","breadcrumb":{"@id":"https:\/\/sodip.net\/produit\/dosseret-msa\/#breadcrumb"},"inLanguage":"en-GB","potentialAction":[{"@type":"ReadAction","target":["https:\/\/sodip.net\/produit\/dosseret-msa\/"]}]},{"@type":"ImageObject","inLanguage":"en-GB","@id":"https:\/\/sodip.net\/produit\/dosseret-msa\/#primaryimage","url":"https:\/\/sodip.net\/wp-content\/uploads\/2023\/11\/Dosseret-MSA.png","contentUrl":"https:\/\/sodip.net\/wp-content\/uploads\/2023\/11\/Dosseret-MSA.png","width":500,"height":500},{"@type":"BreadcrumbList","@id":"https:\/\/sodip.net\/produit\/dosseret-msa\/#breadcrumb","itemListElement":[{"@type":"ListItem","position":1,"name":"Accueil","item":"https:\/\/sodip.net\/"},{"@type":"ListItem","position":2,"name":"Boutique","item":"https:\/\/sodip.net\/en\/boutique\/"},{"@type":"ListItem","position":3,"name":"Dosseret MSA"}]},{"@type":"WebSite","@id":"https:\/\/sodip.net\/en\/#website","url":"https:\/\/sodip.net\/en\/","name":"SODIP SARL","description":"Soci\u00e9t\u00e9 d&#039;ing\u00e9nierie et de production","publisher":{"@id":"https:\/\/sodip.net\/en\/#organization"},"potentialAction":[{"@type":"SearchAction","target":{"@type":"EntryPoint","urlTemplate":"https:\/\/sodip.net\/en\/?s={search_term_string}"},"query-input":"required name=search_term_string"}],"inLanguage":"en-GB"},{"@type":"Organization","@id":"https:\/\/sodip.net\/en\/#organization","name":"SODIP SARL","url":"https:\/\/sodip.net\/en\/","logo":{"@type":"ImageObject","inLanguage":"en-GB","@id":"https:\/\/sodip.net\/en\/#\/schema\/logo\/image\/","url":"https:\/\/sodip.net\/wp-content\/uploads\/2023\/09\/cropped-logo-1.png","contentUrl":"https:\/\/sodip.net\/wp-content\/uploads\/2023\/09\/cropped-logo-1.png","width":825,"height":213,"caption":"SODIP SARL"},"image":{"@id":"https:\/\/sodip.net\/en\/#\/schema\/logo\/image\/"}}]}},"_links":{"self":[{"href":"https:\/\/sodip.net\/en\/wp-json\/wp\/v2\/product\/7803","targetHints":{"allow":["GET"]}}],"collection":[{"href":"https:\/\/sodip.net\/en\/wp-json\/wp\/v2\/product"}],"about":[{"href":"https:\/\/sodip.net\/en\/wp-json\/wp\/v2\/types\/product"}],"replies":[{"embeddable":true,"href":"https:\/\/sodip.net\/en\/wp-json\/wp\/v2\/comments?post=7803"}],"wp:featuredmedia":[{"embeddable":true,"href":"https:\/\/sodip.net\/en\/wp-json\/wp\/v2\/media\/7813"}],"wp:attachment":[{"href":"https:\/\/sodip.net\/en\/wp-json\/wp\/v2\/media?parent=7803"}],"wp:term":[{"taxonomy":"product_cat","embeddable":true,"href":"https:\/\/sodip.net\/en\/wp-json\/wp\/v2\/product_cat?post=7803"},{"taxonomy":"product_tag","embeddable":true,"href":"https:\/\/sodip.net\/en\/wp-json\/wp\/v2\/product_tag?post=7803"}],"curies":[{"name":"wp","href":"https:\/\/api.w.org\/{rel}","templated":true}]}}