{"id":7802,"date":"2023-11-06T12:38:15","date_gmt":"2023-11-06T11:38:15","guid":{"rendered":"https:\/\/sodip.net\/?post_type=product&#038;p=7802"},"modified":"2023-11-06T13:35:21","modified_gmt":"2023-11-06T12:35:21","slug":"dosseret-honeywell","status":"publish","type":"product","link":"https:\/\/sodip.net\/en\/product\/dosseret-honeywell\/","title":{"rendered":"Honeywell backsplash"},"content":{"rendered":"<h2 class=\"p1\"><strong>Honeywell backsplash<\/strong><\/h2>\n<p class=\"p1\">It adapts perfectly to the body, its anatomical shape designed to avoid discomfort and friction, despite its large support surface. The harness completes the frame by adapting quickly to all shapes and sizes of users. <span class=\"Apple-converted-space\">\u00a0<\/span><\/p>","protected":false},"excerpt":{"rendered":"<p class=\"p1\">It adapts perfectly to the body, its anatomical shape designed to avoid discomfort and friction, despite its large support surface. The harness completes the frame by adapting quickly to all shapes and sizes of users. <span class=\"Apple-converted-space\">\u00a0<\/span><\/p>","protected":false},"featured_media":7814,"comment_status":"closed","ping_status":"closed","template":"","meta":{"inline_featured_image":false},"product_cat":[130,118],"product_tag":[],"class_list":["post-7802","product","type-product","status-publish","has-post-thumbnail","hentry","product_cat-appareils-respiratoires-isolants","product_cat-protection-respiratoire"],"yoast_head":"<!-- This site is optimized with the Yoast SEO plugin v22.8 - https:\/\/yoast.com\/wordpress\/plugins\/seo\/ -->\n<title>Dosseret Honeywell - SODIP SARL<\/title>\n<meta name=\"robots\" content=\"index, follow, max-snippet:-1, max-image-preview:large, max-video-preview:-1\" \/>\n<link rel=\"canonical\" href=\"https:\/\/sodip.net\/en\/product\/dosseret-honeywell\/\" \/>\n<meta property=\"og:locale\" content=\"en_GB\" \/>\n<meta property=\"og:type\" content=\"article\" \/>\n<meta property=\"og:title\" content=\"Dosseret Honeywell - SODIP SARL\" \/>\n<meta property=\"og:description\" content=\"Il s\u2019adapte parfaitement au corps, sa forme anatomique a \u00e9t\u00e9 con\u00e7ue de telle sorte qu\u2019il n\u2019ait ni g\u00eane, ni frottement, malgr\u00e9 une grande surface d\u2019appui. Le harnais compl\u00e8te le b\u00e2ti par son adaptation rapide \u00e0 toutes les formes de tailles d\u2019utilisateurs. \u00a0\" \/>\n<meta property=\"og:url\" content=\"https:\/\/sodip.net\/en\/product\/dosseret-honeywell\/\" \/>\n<meta property=\"og:site_name\" content=\"SODIP SARL\" \/>\n<meta property=\"article:modified_time\" content=\"2023-11-06T12:35:21+00:00\" \/>\n<meta property=\"og:image\" content=\"https:\/\/sodip.net\/wp-content\/uploads\/2023\/11\/Dosseret-HONEYWELL.png\" \/>\n\t<meta property=\"og:image:width\" content=\"500\" \/>\n\t<meta property=\"og:image:height\" content=\"500\" \/>\n\t<meta property=\"og:image:type\" content=\"image\/png\" \/>\n<meta name=\"twitter:card\" content=\"summary_large_image\" \/>\n<script type=\"application\/ld+json\" class=\"yoast-schema-graph\">{\"@context\":\"https:\/\/schema.org\",\"@graph\":[{\"@type\":\"WebPage\",\"@id\":\"https:\/\/sodip.net\/produit\/dosseret-honeywell\/\",\"url\":\"https:\/\/sodip.net\/produit\/dosseret-honeywell\/\",\"name\":\"Dosseret Honeywell - SODIP SARL\",\"isPartOf\":{\"@id\":\"https:\/\/sodip.net\/en\/#website\"},\"primaryImageOfPage\":{\"@id\":\"https:\/\/sodip.net\/produit\/dosseret-honeywell\/#primaryimage\"},\"image\":{\"@id\":\"https:\/\/sodip.net\/produit\/dosseret-honeywell\/#primaryimage\"},\"thumbnailUrl\":\"https:\/\/sodip.net\/wp-content\/uploads\/2023\/11\/Dosseret-HONEYWELL.png\",\"datePublished\":\"2023-11-06T11:38:15+00:00\",\"dateModified\":\"2023-11-06T12:35:21+00:00\",\"breadcrumb\":{\"@id\":\"https:\/\/sodip.net\/produit\/dosseret-honeywell\/#breadcrumb\"},\"inLanguage\":\"en-GB\",\"potentialAction\":[{\"@type\":\"ReadAction\",\"target\":[\"https:\/\/sodip.net\/produit\/dosseret-honeywell\/\"]}]},{\"@type\":\"ImageObject\",\"inLanguage\":\"en-GB\",\"@id\":\"https:\/\/sodip.net\/produit\/dosseret-honeywell\/#primaryimage\",\"url\":\"https:\/\/sodip.net\/wp-content\/uploads\/2023\/11\/Dosseret-HONEYWELL.png\",\"contentUrl\":\"https:\/\/sodip.net\/wp-content\/uploads\/2023\/11\/Dosseret-HONEYWELL.png\",\"width\":500,\"height\":500},{\"@type\":\"BreadcrumbList\",\"@id\":\"https:\/\/sodip.net\/produit\/dosseret-honeywell\/#breadcrumb\",\"itemListElement\":[{\"@type\":\"ListItem\",\"position\":1,\"name\":\"Accueil\",\"item\":\"https:\/\/sodip.net\/\"},{\"@type\":\"ListItem\",\"position\":2,\"name\":\"Boutique\",\"item\":\"https:\/\/sodip.net\/en\/boutique\/\"},{\"@type\":\"ListItem\",\"position\":3,\"name\":\"Dosseret Honeywell\"}]},{\"@type\":\"WebSite\",\"@id\":\"https:\/\/sodip.net\/en\/#website\",\"url\":\"https:\/\/sodip.net\/en\/\",\"name\":\"SODIP SARL\",\"description\":\"Soci\u00e9t\u00e9 d&#039;ing\u00e9nierie et de production\",\"publisher\":{\"@id\":\"https:\/\/sodip.net\/en\/#organization\"},\"potentialAction\":[{\"@type\":\"SearchAction\",\"target\":{\"@type\":\"EntryPoint\",\"urlTemplate\":\"https:\/\/sodip.net\/en\/?s={search_term_string}\"},\"query-input\":\"required name=search_term_string\"}],\"inLanguage\":\"en-GB\"},{\"@type\":\"Organization\",\"@id\":\"https:\/\/sodip.net\/en\/#organization\",\"name\":\"SODIP SARL\",\"url\":\"https:\/\/sodip.net\/en\/\",\"logo\":{\"@type\":\"ImageObject\",\"inLanguage\":\"en-GB\",\"@id\":\"https:\/\/sodip.net\/en\/#\/schema\/logo\/image\/\",\"url\":\"https:\/\/sodip.net\/wp-content\/uploads\/2023\/09\/cropped-logo-1.png\",\"contentUrl\":\"https:\/\/sodip.net\/wp-content\/uploads\/2023\/09\/cropped-logo-1.png\",\"width\":825,\"height\":213,\"caption\":\"SODIP SARL\"},\"image\":{\"@id\":\"https:\/\/sodip.net\/en\/#\/schema\/logo\/image\/\"}}]}<\/script>\n<!-- \/ Yoast SEO plugin. -->","yoast_head_json":{"title":"Dosseret Honeywell - SODIP SARL","robots":{"index":"index","follow":"follow","max-snippet":"max-snippet:-1","max-image-preview":"max-image-preview:large","max-video-preview":"max-video-preview:-1"},"canonical":"https:\/\/sodip.net\/en\/product\/dosseret-honeywell\/","og_locale":"en_GB","og_type":"article","og_title":"Dosseret Honeywell - SODIP SARL","og_description":"Il s\u2019adapte parfaitement au corps, sa forme anatomique a \u00e9t\u00e9 con\u00e7ue de telle sorte qu\u2019il n\u2019ait ni g\u00eane, ni frottement, malgr\u00e9 une grande surface d\u2019appui. Le harnais compl\u00e8te le b\u00e2ti par son adaptation rapide \u00e0 toutes les formes de tailles d\u2019utilisateurs. \u00a0","og_url":"https:\/\/sodip.net\/en\/product\/dosseret-honeywell\/","og_site_name":"SODIP SARL","article_modified_time":"2023-11-06T12:35:21+00:00","og_image":[{"width":500,"height":500,"url":"https:\/\/sodip.net\/wp-content\/uploads\/2023\/11\/Dosseret-HONEYWELL.png","type":"image\/png"}],"twitter_card":"summary_large_image","schema":{"@context":"https:\/\/schema.org","@graph":[{"@type":"WebPage","@id":"https:\/\/sodip.net\/produit\/dosseret-honeywell\/","url":"https:\/\/sodip.net\/produit\/dosseret-honeywell\/","name":"Dosseret Honeywell - SODIP SARL","isPartOf":{"@id":"https:\/\/sodip.net\/en\/#website"},"primaryImageOfPage":{"@id":"https:\/\/sodip.net\/produit\/dosseret-honeywell\/#primaryimage"},"image":{"@id":"https:\/\/sodip.net\/produit\/dosseret-honeywell\/#primaryimage"},"thumbnailUrl":"https:\/\/sodip.net\/wp-content\/uploads\/2023\/11\/Dosseret-HONEYWELL.png","datePublished":"2023-11-06T11:38:15+00:00","dateModified":"2023-11-06T12:35:21+00:00","breadcrumb":{"@id":"https:\/\/sodip.net\/produit\/dosseret-honeywell\/#breadcrumb"},"inLanguage":"en-GB","potentialAction":[{"@type":"ReadAction","target":["https:\/\/sodip.net\/produit\/dosseret-honeywell\/"]}]},{"@type":"ImageObject","inLanguage":"en-GB","@id":"https:\/\/sodip.net\/produit\/dosseret-honeywell\/#primaryimage","url":"https:\/\/sodip.net\/wp-content\/uploads\/2023\/11\/Dosseret-HONEYWELL.png","contentUrl":"https:\/\/sodip.net\/wp-content\/uploads\/2023\/11\/Dosseret-HONEYWELL.png","width":500,"height":500},{"@type":"BreadcrumbList","@id":"https:\/\/sodip.net\/produit\/dosseret-honeywell\/#breadcrumb","itemListElement":[{"@type":"ListItem","position":1,"name":"Accueil","item":"https:\/\/sodip.net\/"},{"@type":"ListItem","position":2,"name":"Boutique","item":"https:\/\/sodip.net\/en\/boutique\/"},{"@type":"ListItem","position":3,"name":"Dosseret Honeywell"}]},{"@type":"WebSite","@id":"https:\/\/sodip.net\/en\/#website","url":"https:\/\/sodip.net\/en\/","name":"SODIP SARL","description":"Soci\u00e9t\u00e9 d&#039;ing\u00e9nierie et de production","publisher":{"@id":"https:\/\/sodip.net\/en\/#organization"},"potentialAction":[{"@type":"SearchAction","target":{"@type":"EntryPoint","urlTemplate":"https:\/\/sodip.net\/en\/?s={search_term_string}"},"query-input":"required name=search_term_string"}],"inLanguage":"en-GB"},{"@type":"Organization","@id":"https:\/\/sodip.net\/en\/#organization","name":"SODIP SARL","url":"https:\/\/sodip.net\/en\/","logo":{"@type":"ImageObject","inLanguage":"en-GB","@id":"https:\/\/sodip.net\/en\/#\/schema\/logo\/image\/","url":"https:\/\/sodip.net\/wp-content\/uploads\/2023\/09\/cropped-logo-1.png","contentUrl":"https:\/\/sodip.net\/wp-content\/uploads\/2023\/09\/cropped-logo-1.png","width":825,"height":213,"caption":"SODIP SARL"},"image":{"@id":"https:\/\/sodip.net\/en\/#\/schema\/logo\/image\/"}}]}},"_links":{"self":[{"href":"https:\/\/sodip.net\/en\/wp-json\/wp\/v2\/product\/7802","targetHints":{"allow":["GET"]}}],"collection":[{"href":"https:\/\/sodip.net\/en\/wp-json\/wp\/v2\/product"}],"about":[{"href":"https:\/\/sodip.net\/en\/wp-json\/wp\/v2\/types\/product"}],"replies":[{"embeddable":true,"href":"https:\/\/sodip.net\/en\/wp-json\/wp\/v2\/comments?post=7802"}],"wp:featuredmedia":[{"embeddable":true,"href":"https:\/\/sodip.net\/en\/wp-json\/wp\/v2\/media\/7814"}],"wp:attachment":[{"href":"https:\/\/sodip.net\/en\/wp-json\/wp\/v2\/media?parent=7802"}],"wp:term":[{"taxonomy":"product_cat","embeddable":true,"href":"https:\/\/sodip.net\/en\/wp-json\/wp\/v2\/product_cat?post=7802"},{"taxonomy":"product_tag","embeddable":true,"href":"https:\/\/sodip.net\/en\/wp-json\/wp\/v2\/product_tag?post=7802"}],"curies":[{"name":"wp","href":"https:\/\/api.w.org\/{rel}","templated":true}]}}