{"id":7801,"date":"2023-11-06T12:36:34","date_gmt":"2023-11-06T11:36:34","guid":{"rendered":"https:\/\/sodip.net\/?post_type=product&#038;p=7801"},"modified":"2023-11-06T13:36:09","modified_gmt":"2023-11-06T12:36:09","slug":"eebd-honeywell","status":"publish","type":"product","link":"https:\/\/sodip.net\/en\/product\/eebd-honeywell\/","title":{"rendered":"EEBD Honeywell"},"content":{"rendered":"<h2 class=\"p1\"><strong>EEBD Honeywell<\/strong><\/h2>\n<p class=\"p1\">Open-circuit compressed-air breathing apparatus fitted with an escape hood.<\/p>\n<p class=\"p1\">It is recommended for all areas where dangerous situations may arise due to the presence of fire fumes or lack of oxygen. It has been designed to guarantee the user a continuous flow of air for 15 minutes, thanks to its 2- or 3-liter 300-bar cylinder, connected directly to the valve\/pressure reducer and fitted with a manometer that continuously indicates the pressure in the same cylinder.<\/p>","protected":false},"excerpt":{"rendered":"<p class=\"p1\">Open-circuit compressed-air breathing apparatus fitted with an escape hood.<\/p>\n<p class=\"p1\">It is recommended for all areas where dangerous situations may arise due to the presence of fire fumes or lack of oxygen. It has been designed to guarantee the user a continuous flow of air for 15 minutes, thanks to its 2- or 3-liter 300-bar cylinder, connected directly to the valve\/pressure reducer and fitted with a manometer that continuously indicates the pressure in the same cylinder.<\/p>","protected":false},"featured_media":7815,"comment_status":"closed","ping_status":"closed","template":"","meta":{"inline_featured_image":false},"product_cat":[131,118],"product_tag":[],"class_list":["post-7801","product","type-product","status-publish","has-post-thumbnail","hentry","product_cat-dispositif-respiratoire-devacuation-durgence","product_cat-protection-respiratoire"],"yoast_head":"<!-- This site is optimized with the Yoast SEO plugin v22.8 - https:\/\/yoast.com\/wordpress\/plugins\/seo\/ -->\n<title>EEBD Honeywell - SODIP SARL<\/title>\n<meta name=\"robots\" content=\"index, follow, max-snippet:-1, max-image-preview:large, max-video-preview:-1\" \/>\n<link rel=\"canonical\" href=\"https:\/\/sodip.net\/en\/product\/eebd-honeywell\/\" \/>\n<meta property=\"og:locale\" content=\"en_GB\" \/>\n<meta property=\"og:type\" content=\"article\" \/>\n<meta property=\"og:title\" content=\"EEBD Honeywell - SODIP SARL\" \/>\n<meta property=\"og:description\" content=\"Appareil respiratoire \u00e0 air comprim\u00e9 \u00e0 circuit ouvert \u00e9quip\u00e9 d\u2019une cagoule pour l\u2019\u00e9vacuation. Il est pr\u00e9conis\u00e9 pour tous les endroits o\u00f9 il est possible que des situations dangereuses se produisent \u00e0 cause de la pr\u00e9sence des fum\u00e9es d\u2019incendie ou de manque d\u2019oxyg\u00e8ne. Il a \u00e9t\u00e9 con\u00e7u pour garantir \u00e0 l\u2019utilisateur un flux d\u2019air continu pour 15 minutes gr\u00e2ce \u00e0 sa bouteille de 2 ou 3 litres \u00e0 300 bars, reli\u00e9e directement au robinet\/d\u00e9tendeur \u00e9quip\u00e9e avec un manom\u00e8tre qui indique continuellement la pression dans la m\u00eame bouteille.\" \/>\n<meta property=\"og:url\" content=\"https:\/\/sodip.net\/en\/product\/eebd-honeywell\/\" \/>\n<meta property=\"og:site_name\" content=\"SODIP SARL\" \/>\n<meta property=\"article:modified_time\" content=\"2023-11-06T12:36:09+00:00\" \/>\n<meta property=\"og:image\" content=\"https:\/\/sodip.net\/wp-content\/uploads\/2023\/11\/EEBD-HONEYWELL.png\" \/>\n\t<meta property=\"og:image:width\" content=\"500\" \/>\n\t<meta property=\"og:image:height\" content=\"500\" \/>\n\t<meta property=\"og:image:type\" content=\"image\/png\" \/>\n<meta name=\"twitter:card\" content=\"summary_large_image\" \/>\n<script type=\"application\/ld+json\" class=\"yoast-schema-graph\">{\"@context\":\"https:\/\/schema.org\",\"@graph\":[{\"@type\":\"WebPage\",\"@id\":\"https:\/\/sodip.net\/produit\/eebd-honeywell\/\",\"url\":\"https:\/\/sodip.net\/produit\/eebd-honeywell\/\",\"name\":\"EEBD Honeywell - SODIP SARL\",\"isPartOf\":{\"@id\":\"https:\/\/sodip.net\/en\/#website\"},\"primaryImageOfPage\":{\"@id\":\"https:\/\/sodip.net\/produit\/eebd-honeywell\/#primaryimage\"},\"image\":{\"@id\":\"https:\/\/sodip.net\/produit\/eebd-honeywell\/#primaryimage\"},\"thumbnailUrl\":\"https:\/\/sodip.net\/wp-content\/uploads\/2023\/11\/EEBD-HONEYWELL.png\",\"datePublished\":\"2023-11-06T11:36:34+00:00\",\"dateModified\":\"2023-11-06T12:36:09+00:00\",\"breadcrumb\":{\"@id\":\"https:\/\/sodip.net\/produit\/eebd-honeywell\/#breadcrumb\"},\"inLanguage\":\"en-GB\",\"potentialAction\":[{\"@type\":\"ReadAction\",\"target\":[\"https:\/\/sodip.net\/produit\/eebd-honeywell\/\"]}]},{\"@type\":\"ImageObject\",\"inLanguage\":\"en-GB\",\"@id\":\"https:\/\/sodip.net\/produit\/eebd-honeywell\/#primaryimage\",\"url\":\"https:\/\/sodip.net\/wp-content\/uploads\/2023\/11\/EEBD-HONEYWELL.png\",\"contentUrl\":\"https:\/\/sodip.net\/wp-content\/uploads\/2023\/11\/EEBD-HONEYWELL.png\",\"width\":500,\"height\":500},{\"@type\":\"BreadcrumbList\",\"@id\":\"https:\/\/sodip.net\/produit\/eebd-honeywell\/#breadcrumb\",\"itemListElement\":[{\"@type\":\"ListItem\",\"position\":1,\"name\":\"Accueil\",\"item\":\"https:\/\/sodip.net\/\"},{\"@type\":\"ListItem\",\"position\":2,\"name\":\"Boutique\",\"item\":\"https:\/\/sodip.net\/en\/boutique\/\"},{\"@type\":\"ListItem\",\"position\":3,\"name\":\"EEBD Honeywell\"}]},{\"@type\":\"WebSite\",\"@id\":\"https:\/\/sodip.net\/en\/#website\",\"url\":\"https:\/\/sodip.net\/en\/\",\"name\":\"SODIP SARL\",\"description\":\"Soci\u00e9t\u00e9 d&#039;ing\u00e9nierie et de production\",\"publisher\":{\"@id\":\"https:\/\/sodip.net\/en\/#organization\"},\"potentialAction\":[{\"@type\":\"SearchAction\",\"target\":{\"@type\":\"EntryPoint\",\"urlTemplate\":\"https:\/\/sodip.net\/en\/?s={search_term_string}\"},\"query-input\":\"required name=search_term_string\"}],\"inLanguage\":\"en-GB\"},{\"@type\":\"Organization\",\"@id\":\"https:\/\/sodip.net\/en\/#organization\",\"name\":\"SODIP SARL\",\"url\":\"https:\/\/sodip.net\/en\/\",\"logo\":{\"@type\":\"ImageObject\",\"inLanguage\":\"en-GB\",\"@id\":\"https:\/\/sodip.net\/en\/#\/schema\/logo\/image\/\",\"url\":\"https:\/\/sodip.net\/wp-content\/uploads\/2023\/09\/cropped-logo-1.png\",\"contentUrl\":\"https:\/\/sodip.net\/wp-content\/uploads\/2023\/09\/cropped-logo-1.png\",\"width\":825,\"height\":213,\"caption\":\"SODIP SARL\"},\"image\":{\"@id\":\"https:\/\/sodip.net\/en\/#\/schema\/logo\/image\/\"}}]}<\/script>\n<!-- \/ Yoast SEO plugin. -->","yoast_head_json":{"title":"EEBD Honeywell - SODIP SARL","robots":{"index":"index","follow":"follow","max-snippet":"max-snippet:-1","max-image-preview":"max-image-preview:large","max-video-preview":"max-video-preview:-1"},"canonical":"https:\/\/sodip.net\/en\/product\/eebd-honeywell\/","og_locale":"en_GB","og_type":"article","og_title":"EEBD Honeywell - SODIP SARL","og_description":"Appareil respiratoire \u00e0 air comprim\u00e9 \u00e0 circuit ouvert \u00e9quip\u00e9 d\u2019une cagoule pour l\u2019\u00e9vacuation. Il est pr\u00e9conis\u00e9 pour tous les endroits o\u00f9 il est possible que des situations dangereuses se produisent \u00e0 cause de la pr\u00e9sence des fum\u00e9es d\u2019incendie ou de manque d\u2019oxyg\u00e8ne. Il a \u00e9t\u00e9 con\u00e7u pour garantir \u00e0 l\u2019utilisateur un flux d\u2019air continu pour 15 minutes gr\u00e2ce \u00e0 sa bouteille de 2 ou 3 litres \u00e0 300 bars, reli\u00e9e directement au robinet\/d\u00e9tendeur \u00e9quip\u00e9e avec un manom\u00e8tre qui indique continuellement la pression dans la m\u00eame bouteille.","og_url":"https:\/\/sodip.net\/en\/product\/eebd-honeywell\/","og_site_name":"SODIP SARL","article_modified_time":"2023-11-06T12:36:09+00:00","og_image":[{"width":500,"height":500,"url":"https:\/\/sodip.net\/wp-content\/uploads\/2023\/11\/EEBD-HONEYWELL.png","type":"image\/png"}],"twitter_card":"summary_large_image","schema":{"@context":"https:\/\/schema.org","@graph":[{"@type":"WebPage","@id":"https:\/\/sodip.net\/produit\/eebd-honeywell\/","url":"https:\/\/sodip.net\/produit\/eebd-honeywell\/","name":"EEBD Honeywell - SODIP SARL","isPartOf":{"@id":"https:\/\/sodip.net\/en\/#website"},"primaryImageOfPage":{"@id":"https:\/\/sodip.net\/produit\/eebd-honeywell\/#primaryimage"},"image":{"@id":"https:\/\/sodip.net\/produit\/eebd-honeywell\/#primaryimage"},"thumbnailUrl":"https:\/\/sodip.net\/wp-content\/uploads\/2023\/11\/EEBD-HONEYWELL.png","datePublished":"2023-11-06T11:36:34+00:00","dateModified":"2023-11-06T12:36:09+00:00","breadcrumb":{"@id":"https:\/\/sodip.net\/produit\/eebd-honeywell\/#breadcrumb"},"inLanguage":"en-GB","potentialAction":[{"@type":"ReadAction","target":["https:\/\/sodip.net\/produit\/eebd-honeywell\/"]}]},{"@type":"ImageObject","inLanguage":"en-GB","@id":"https:\/\/sodip.net\/produit\/eebd-honeywell\/#primaryimage","url":"https:\/\/sodip.net\/wp-content\/uploads\/2023\/11\/EEBD-HONEYWELL.png","contentUrl":"https:\/\/sodip.net\/wp-content\/uploads\/2023\/11\/EEBD-HONEYWELL.png","width":500,"height":500},{"@type":"BreadcrumbList","@id":"https:\/\/sodip.net\/produit\/eebd-honeywell\/#breadcrumb","itemListElement":[{"@type":"ListItem","position":1,"name":"Accueil","item":"https:\/\/sodip.net\/"},{"@type":"ListItem","position":2,"name":"Boutique","item":"https:\/\/sodip.net\/en\/boutique\/"},{"@type":"ListItem","position":3,"name":"EEBD Honeywell"}]},{"@type":"WebSite","@id":"https:\/\/sodip.net\/en\/#website","url":"https:\/\/sodip.net\/en\/","name":"SODIP SARL","description":"Soci\u00e9t\u00e9 d&#039;ing\u00e9nierie et de production","publisher":{"@id":"https:\/\/sodip.net\/en\/#organization"},"potentialAction":[{"@type":"SearchAction","target":{"@type":"EntryPoint","urlTemplate":"https:\/\/sodip.net\/en\/?s={search_term_string}"},"query-input":"required name=search_term_string"}],"inLanguage":"en-GB"},{"@type":"Organization","@id":"https:\/\/sodip.net\/en\/#organization","name":"SODIP SARL","url":"https:\/\/sodip.net\/en\/","logo":{"@type":"ImageObject","inLanguage":"en-GB","@id":"https:\/\/sodip.net\/en\/#\/schema\/logo\/image\/","url":"https:\/\/sodip.net\/wp-content\/uploads\/2023\/09\/cropped-logo-1.png","contentUrl":"https:\/\/sodip.net\/wp-content\/uploads\/2023\/09\/cropped-logo-1.png","width":825,"height":213,"caption":"SODIP SARL"},"image":{"@id":"https:\/\/sodip.net\/en\/#\/schema\/logo\/image\/"}}]}},"_links":{"self":[{"href":"https:\/\/sodip.net\/en\/wp-json\/wp\/v2\/product\/7801","targetHints":{"allow":["GET"]}}],"collection":[{"href":"https:\/\/sodip.net\/en\/wp-json\/wp\/v2\/product"}],"about":[{"href":"https:\/\/sodip.net\/en\/wp-json\/wp\/v2\/types\/product"}],"replies":[{"embeddable":true,"href":"https:\/\/sodip.net\/en\/wp-json\/wp\/v2\/comments?post=7801"}],"wp:featuredmedia":[{"embeddable":true,"href":"https:\/\/sodip.net\/en\/wp-json\/wp\/v2\/media\/7815"}],"wp:attachment":[{"href":"https:\/\/sodip.net\/en\/wp-json\/wp\/v2\/media?parent=7801"}],"wp:term":[{"taxonomy":"product_cat","embeddable":true,"href":"https:\/\/sodip.net\/en\/wp-json\/wp\/v2\/product_cat?post=7801"},{"taxonomy":"product_tag","embeddable":true,"href":"https:\/\/sodip.net\/en\/wp-json\/wp\/v2\/product_tag?post=7801"}],"curies":[{"name":"wp","href":"https:\/\/api.w.org\/{rel}","templated":true}]}}