{"id":7799,"date":"2023-11-06T12:33:45","date_gmt":"2023-11-06T11:33:45","guid":{"rendered":"https:\/\/sodip.net\/?post_type=product&#038;p=7799"},"modified":"2023-11-06T13:37:44","modified_gmt":"2023-11-06T12:37:44","slug":"bouteille-dair-respirable-avec-robinet","status":"publish","type":"product","link":"https:\/\/sodip.net\/en\/product\/bouteille-dair-respirable-avec-robinet\/","title":{"rendered":"Breathing air cylinder with tap"},"content":{"rendered":"<h2 class=\"p1\"><strong>Breathing air cylinder with tap<\/strong><\/h2>\n<p class=\"p1\">AERIS products are self-contained compressed-air breathing apparatus complying with the requirements of the latest version of EN137, and have been developed for use in extreme conditions.<\/p>","protected":false},"excerpt":{"rendered":"<p class=\"p1\">AERIS products are self-contained compressed-air breathing apparatus complying with the requirements of the latest version of EN137, and have been developed for use in extreme conditions.<\/p>","protected":false},"featured_media":7817,"comment_status":"closed","ping_status":"closed","template":"","meta":{"inline_featured_image":false},"product_cat":[130,118],"product_tag":[],"class_list":["post-7799","product","type-product","status-publish","has-post-thumbnail","hentry","product_cat-appareils-respiratoires-isolants","product_cat-protection-respiratoire"],"yoast_head":"<!-- This site is optimized with the Yoast SEO plugin v22.8 - https:\/\/yoast.com\/wordpress\/plugins\/seo\/ -->\n<title>Bouteille d\u2019air respirable avec robinet - SODIP SARL<\/title>\n<meta name=\"robots\" content=\"index, follow, max-snippet:-1, max-image-preview:large, max-video-preview:-1\" \/>\n<link rel=\"canonical\" href=\"https:\/\/sodip.net\/en\/product\/bouteille-dair-respirable-avec-robinet\/\" \/>\n<meta property=\"og:locale\" content=\"en_GB\" \/>\n<meta property=\"og:type\" content=\"article\" \/>\n<meta property=\"og:title\" content=\"Bouteille d\u2019air respirable avec robinet - SODIP SARL\" \/>\n<meta property=\"og:description\" content=\"Les produits AERIS sont des appareils respiratoires \u00e0 air comprim\u00e9 autonomes en ad\u00e9quation avec les exigences de la derni\u00e8re version de la norme EN137, a \u00e9t\u00e9 d\u00e9velopp\u00e9 pour une utilisation dans des conditions extr\u00eames.\" \/>\n<meta property=\"og:url\" content=\"https:\/\/sodip.net\/en\/product\/bouteille-dair-respirable-avec-robinet\/\" \/>\n<meta property=\"og:site_name\" content=\"SODIP SARL\" \/>\n<meta property=\"article:modified_time\" content=\"2023-11-06T12:37:44+00:00\" \/>\n<meta property=\"og:image\" content=\"https:\/\/sodip.net\/wp-content\/uploads\/2023\/11\/Bouteille-dair-respirable-avec-robinet.png\" \/>\n\t<meta property=\"og:image:width\" content=\"500\" \/>\n\t<meta property=\"og:image:height\" content=\"500\" \/>\n\t<meta property=\"og:image:type\" content=\"image\/png\" \/>\n<meta name=\"twitter:card\" content=\"summary_large_image\" \/>\n<script type=\"application\/ld+json\" class=\"yoast-schema-graph\">{\"@context\":\"https:\/\/schema.org\",\"@graph\":[{\"@type\":\"WebPage\",\"@id\":\"https:\/\/sodip.net\/produit\/bouteille-dair-respirable-avec-robinet\/\",\"url\":\"https:\/\/sodip.net\/produit\/bouteille-dair-respirable-avec-robinet\/\",\"name\":\"Bouteille d\u2019air respirable avec robinet - SODIP SARL\",\"isPartOf\":{\"@id\":\"https:\/\/sodip.net\/en\/#website\"},\"primaryImageOfPage\":{\"@id\":\"https:\/\/sodip.net\/produit\/bouteille-dair-respirable-avec-robinet\/#primaryimage\"},\"image\":{\"@id\":\"https:\/\/sodip.net\/produit\/bouteille-dair-respirable-avec-robinet\/#primaryimage\"},\"thumbnailUrl\":\"https:\/\/sodip.net\/wp-content\/uploads\/2023\/11\/Bouteille-dair-respirable-avec-robinet.png\",\"datePublished\":\"2023-11-06T11:33:45+00:00\",\"dateModified\":\"2023-11-06T12:37:44+00:00\",\"breadcrumb\":{\"@id\":\"https:\/\/sodip.net\/produit\/bouteille-dair-respirable-avec-robinet\/#breadcrumb\"},\"inLanguage\":\"en-GB\",\"potentialAction\":[{\"@type\":\"ReadAction\",\"target\":[\"https:\/\/sodip.net\/produit\/bouteille-dair-respirable-avec-robinet\/\"]}]},{\"@type\":\"ImageObject\",\"inLanguage\":\"en-GB\",\"@id\":\"https:\/\/sodip.net\/produit\/bouteille-dair-respirable-avec-robinet\/#primaryimage\",\"url\":\"https:\/\/sodip.net\/wp-content\/uploads\/2023\/11\/Bouteille-dair-respirable-avec-robinet.png\",\"contentUrl\":\"https:\/\/sodip.net\/wp-content\/uploads\/2023\/11\/Bouteille-dair-respirable-avec-robinet.png\",\"width\":500,\"height\":500},{\"@type\":\"BreadcrumbList\",\"@id\":\"https:\/\/sodip.net\/produit\/bouteille-dair-respirable-avec-robinet\/#breadcrumb\",\"itemListElement\":[{\"@type\":\"ListItem\",\"position\":1,\"name\":\"Accueil\",\"item\":\"https:\/\/sodip.net\/\"},{\"@type\":\"ListItem\",\"position\":2,\"name\":\"Boutique\",\"item\":\"https:\/\/sodip.net\/en\/boutique\/\"},{\"@type\":\"ListItem\",\"position\":3,\"name\":\"Bouteille d\u2019air respirable avec robinet\"}]},{\"@type\":\"WebSite\",\"@id\":\"https:\/\/sodip.net\/en\/#website\",\"url\":\"https:\/\/sodip.net\/en\/\",\"name\":\"SODIP SARL\",\"description\":\"Soci\u00e9t\u00e9 d&#039;ing\u00e9nierie et de production\",\"publisher\":{\"@id\":\"https:\/\/sodip.net\/en\/#organization\"},\"potentialAction\":[{\"@type\":\"SearchAction\",\"target\":{\"@type\":\"EntryPoint\",\"urlTemplate\":\"https:\/\/sodip.net\/en\/?s={search_term_string}\"},\"query-input\":\"required name=search_term_string\"}],\"inLanguage\":\"en-GB\"},{\"@type\":\"Organization\",\"@id\":\"https:\/\/sodip.net\/en\/#organization\",\"name\":\"SODIP SARL\",\"url\":\"https:\/\/sodip.net\/en\/\",\"logo\":{\"@type\":\"ImageObject\",\"inLanguage\":\"en-GB\",\"@id\":\"https:\/\/sodip.net\/en\/#\/schema\/logo\/image\/\",\"url\":\"https:\/\/sodip.net\/wp-content\/uploads\/2023\/09\/cropped-logo-1.png\",\"contentUrl\":\"https:\/\/sodip.net\/wp-content\/uploads\/2023\/09\/cropped-logo-1.png\",\"width\":825,\"height\":213,\"caption\":\"SODIP SARL\"},\"image\":{\"@id\":\"https:\/\/sodip.net\/en\/#\/schema\/logo\/image\/\"}}]}<\/script>\n<!-- \/ Yoast SEO plugin. -->","yoast_head_json":{"title":"Bouteille d\u2019air respirable avec robinet - SODIP SARL","robots":{"index":"index","follow":"follow","max-snippet":"max-snippet:-1","max-image-preview":"max-image-preview:large","max-video-preview":"max-video-preview:-1"},"canonical":"https:\/\/sodip.net\/en\/product\/bouteille-dair-respirable-avec-robinet\/","og_locale":"en_GB","og_type":"article","og_title":"Bouteille d\u2019air respirable avec robinet - SODIP SARL","og_description":"Les produits AERIS sont des appareils respiratoires \u00e0 air comprim\u00e9 autonomes en ad\u00e9quation avec les exigences de la derni\u00e8re version de la norme EN137, a \u00e9t\u00e9 d\u00e9velopp\u00e9 pour une utilisation dans des conditions extr\u00eames.","og_url":"https:\/\/sodip.net\/en\/product\/bouteille-dair-respirable-avec-robinet\/","og_site_name":"SODIP SARL","article_modified_time":"2023-11-06T12:37:44+00:00","og_image":[{"width":500,"height":500,"url":"https:\/\/sodip.net\/wp-content\/uploads\/2023\/11\/Bouteille-dair-respirable-avec-robinet.png","type":"image\/png"}],"twitter_card":"summary_large_image","schema":{"@context":"https:\/\/schema.org","@graph":[{"@type":"WebPage","@id":"https:\/\/sodip.net\/produit\/bouteille-dair-respirable-avec-robinet\/","url":"https:\/\/sodip.net\/produit\/bouteille-dair-respirable-avec-robinet\/","name":"Bouteille d\u2019air respirable avec robinet - SODIP SARL","isPartOf":{"@id":"https:\/\/sodip.net\/en\/#website"},"primaryImageOfPage":{"@id":"https:\/\/sodip.net\/produit\/bouteille-dair-respirable-avec-robinet\/#primaryimage"},"image":{"@id":"https:\/\/sodip.net\/produit\/bouteille-dair-respirable-avec-robinet\/#primaryimage"},"thumbnailUrl":"https:\/\/sodip.net\/wp-content\/uploads\/2023\/11\/Bouteille-dair-respirable-avec-robinet.png","datePublished":"2023-11-06T11:33:45+00:00","dateModified":"2023-11-06T12:37:44+00:00","breadcrumb":{"@id":"https:\/\/sodip.net\/produit\/bouteille-dair-respirable-avec-robinet\/#breadcrumb"},"inLanguage":"en-GB","potentialAction":[{"@type":"ReadAction","target":["https:\/\/sodip.net\/produit\/bouteille-dair-respirable-avec-robinet\/"]}]},{"@type":"ImageObject","inLanguage":"en-GB","@id":"https:\/\/sodip.net\/produit\/bouteille-dair-respirable-avec-robinet\/#primaryimage","url":"https:\/\/sodip.net\/wp-content\/uploads\/2023\/11\/Bouteille-dair-respirable-avec-robinet.png","contentUrl":"https:\/\/sodip.net\/wp-content\/uploads\/2023\/11\/Bouteille-dair-respirable-avec-robinet.png","width":500,"height":500},{"@type":"BreadcrumbList","@id":"https:\/\/sodip.net\/produit\/bouteille-dair-respirable-avec-robinet\/#breadcrumb","itemListElement":[{"@type":"ListItem","position":1,"name":"Accueil","item":"https:\/\/sodip.net\/"},{"@type":"ListItem","position":2,"name":"Boutique","item":"https:\/\/sodip.net\/en\/boutique\/"},{"@type":"ListItem","position":3,"name":"Bouteille d\u2019air respirable avec robinet"}]},{"@type":"WebSite","@id":"https:\/\/sodip.net\/en\/#website","url":"https:\/\/sodip.net\/en\/","name":"SODIP SARL","description":"Soci\u00e9t\u00e9 d&#039;ing\u00e9nierie et de production","publisher":{"@id":"https:\/\/sodip.net\/en\/#organization"},"potentialAction":[{"@type":"SearchAction","target":{"@type":"EntryPoint","urlTemplate":"https:\/\/sodip.net\/en\/?s={search_term_string}"},"query-input":"required name=search_term_string"}],"inLanguage":"en-GB"},{"@type":"Organization","@id":"https:\/\/sodip.net\/en\/#organization","name":"SODIP SARL","url":"https:\/\/sodip.net\/en\/","logo":{"@type":"ImageObject","inLanguage":"en-GB","@id":"https:\/\/sodip.net\/en\/#\/schema\/logo\/image\/","url":"https:\/\/sodip.net\/wp-content\/uploads\/2023\/09\/cropped-logo-1.png","contentUrl":"https:\/\/sodip.net\/wp-content\/uploads\/2023\/09\/cropped-logo-1.png","width":825,"height":213,"caption":"SODIP SARL"},"image":{"@id":"https:\/\/sodip.net\/en\/#\/schema\/logo\/image\/"}}]}},"_links":{"self":[{"href":"https:\/\/sodip.net\/en\/wp-json\/wp\/v2\/product\/7799","targetHints":{"allow":["GET"]}}],"collection":[{"href":"https:\/\/sodip.net\/en\/wp-json\/wp\/v2\/product"}],"about":[{"href":"https:\/\/sodip.net\/en\/wp-json\/wp\/v2\/types\/product"}],"replies":[{"embeddable":true,"href":"https:\/\/sodip.net\/en\/wp-json\/wp\/v2\/comments?post=7799"}],"wp:featuredmedia":[{"embeddable":true,"href":"https:\/\/sodip.net\/en\/wp-json\/wp\/v2\/media\/7817"}],"wp:attachment":[{"href":"https:\/\/sodip.net\/en\/wp-json\/wp\/v2\/media?parent=7799"}],"wp:term":[{"taxonomy":"product_cat","embeddable":true,"href":"https:\/\/sodip.net\/en\/wp-json\/wp\/v2\/product_cat?post=7799"},{"taxonomy":"product_tag","embeddable":true,"href":"https:\/\/sodip.net\/en\/wp-json\/wp\/v2\/product_tag?post=7799"}],"curies":[{"name":"wp","href":"https:\/\/api.w.org\/{rel}","templated":true}]}}