{"id":7798,"date":"2023-11-06T12:29:25","date_gmt":"2023-11-06T11:29:25","guid":{"rendered":"https:\/\/sodip.net\/?post_type=product&#038;p=7798"},"modified":"2023-11-06T13:38:28","modified_gmt":"2023-11-06T12:38:28","slug":"eebd-msa","status":"publish","type":"product","link":"https:\/\/sodip.net\/en\/product\/eebd-msa\/","title":{"rendered":"EEBD MSA"},"content":{"rendered":"<h2><strong>EEBD MSA<\/strong><\/h2>\n<p class=\"p1\">This compressed-air emergency escape device offers 15 minutes of vital respiratory protection in extremely toxic or oxygen-poor environments. Featuring rapid, automatic activation, a fluorescent protective carry bag and three liters of 200-bar compressed air, this device is ideal for use on ships, offshore oil platforms, refineries, water utilities and confined spaces.<\/p>","protected":false},"excerpt":{"rendered":"<p>This compressed-air emergency escape device offers 15 minutes of vital respiratory protection in extremely toxic or oxygen-poor environments. Featuring rapid, automatic activation, a fluorescent protective carry bag and three liters of 200-bar compressed air, this device is ideal for use on ships, offshore oil platforms, refineries, water utilities and confined spaces.<\/p>","protected":false},"featured_media":7818,"comment_status":"closed","ping_status":"closed","template":"","meta":{"inline_featured_image":false},"product_cat":[131,118],"product_tag":[],"class_list":["post-7798","product","type-product","status-publish","has-post-thumbnail","hentry","product_cat-dispositif-respiratoire-devacuation-durgence","product_cat-protection-respiratoire"],"yoast_head":"<!-- This site is optimized with the Yoast SEO plugin v22.8 - https:\/\/yoast.com\/wordpress\/plugins\/seo\/ -->\n<title>EEBD MSA - SODIP SARL<\/title>\n<meta name=\"robots\" content=\"index, follow, max-snippet:-1, max-image-preview:large, max-video-preview:-1\" \/>\n<link rel=\"canonical\" href=\"https:\/\/sodip.net\/en\/product\/eebd-msa\/\" \/>\n<meta property=\"og:locale\" content=\"en_GB\" \/>\n<meta property=\"og:type\" content=\"article\" \/>\n<meta property=\"og:title\" content=\"EEBD MSA - SODIP SARL\" \/>\n<meta property=\"og:description\" content=\"Ce dispositif d&#039;\u00e9vacuation d&#039;urgence \u00e0 air comprim\u00e9 offre 15 minutes de protection respiratoire vitale dans des environnements extr\u00eamement toxiques ou pauvres en oxyg\u00e8ne. Dot\u00e9 d&#039;une activation rapide et automatique, d&#039;un sac de transport de protection fluorescent et de trois litres d&#039;air comprim\u00e9 \u00e0 200 bars, cet appareil est id\u00e9al pour une utilisation sur les navires, les plates-formes p\u00e9troli\u00e8res offshore, les raffineries, les services d&#039;eau et les espaces confin\u00e9s\" \/>\n<meta property=\"og:url\" content=\"https:\/\/sodip.net\/en\/product\/eebd-msa\/\" \/>\n<meta property=\"og:site_name\" content=\"SODIP SARL\" \/>\n<meta property=\"article:modified_time\" content=\"2023-11-06T12:38:28+00:00\" \/>\n<meta property=\"og:image\" content=\"https:\/\/sodip.net\/wp-content\/uploads\/2023\/11\/EEBD-MSA.png\" \/>\n\t<meta property=\"og:image:width\" content=\"500\" \/>\n\t<meta property=\"og:image:height\" content=\"500\" \/>\n\t<meta property=\"og:image:type\" content=\"image\/png\" \/>\n<meta name=\"twitter:card\" content=\"summary_large_image\" \/>\n<script type=\"application\/ld+json\" class=\"yoast-schema-graph\">{\"@context\":\"https:\/\/schema.org\",\"@graph\":[{\"@type\":\"WebPage\",\"@id\":\"https:\/\/sodip.net\/produit\/eebd-msa\/\",\"url\":\"https:\/\/sodip.net\/produit\/eebd-msa\/\",\"name\":\"EEBD MSA - SODIP SARL\",\"isPartOf\":{\"@id\":\"https:\/\/sodip.net\/en\/#website\"},\"primaryImageOfPage\":{\"@id\":\"https:\/\/sodip.net\/produit\/eebd-msa\/#primaryimage\"},\"image\":{\"@id\":\"https:\/\/sodip.net\/produit\/eebd-msa\/#primaryimage\"},\"thumbnailUrl\":\"https:\/\/sodip.net\/wp-content\/uploads\/2023\/11\/EEBD-MSA.png\",\"datePublished\":\"2023-11-06T11:29:25+00:00\",\"dateModified\":\"2023-11-06T12:38:28+00:00\",\"breadcrumb\":{\"@id\":\"https:\/\/sodip.net\/produit\/eebd-msa\/#breadcrumb\"},\"inLanguage\":\"en-GB\",\"potentialAction\":[{\"@type\":\"ReadAction\",\"target\":[\"https:\/\/sodip.net\/produit\/eebd-msa\/\"]}]},{\"@type\":\"ImageObject\",\"inLanguage\":\"en-GB\",\"@id\":\"https:\/\/sodip.net\/produit\/eebd-msa\/#primaryimage\",\"url\":\"https:\/\/sodip.net\/wp-content\/uploads\/2023\/11\/EEBD-MSA.png\",\"contentUrl\":\"https:\/\/sodip.net\/wp-content\/uploads\/2023\/11\/EEBD-MSA.png\",\"width\":500,\"height\":500},{\"@type\":\"BreadcrumbList\",\"@id\":\"https:\/\/sodip.net\/produit\/eebd-msa\/#breadcrumb\",\"itemListElement\":[{\"@type\":\"ListItem\",\"position\":1,\"name\":\"Accueil\",\"item\":\"https:\/\/sodip.net\/\"},{\"@type\":\"ListItem\",\"position\":2,\"name\":\"Boutique\",\"item\":\"https:\/\/sodip.net\/en\/boutique\/\"},{\"@type\":\"ListItem\",\"position\":3,\"name\":\"EEBD MSA\"}]},{\"@type\":\"WebSite\",\"@id\":\"https:\/\/sodip.net\/en\/#website\",\"url\":\"https:\/\/sodip.net\/en\/\",\"name\":\"SODIP SARL\",\"description\":\"Soci\u00e9t\u00e9 d&#039;ing\u00e9nierie et de production\",\"publisher\":{\"@id\":\"https:\/\/sodip.net\/en\/#organization\"},\"potentialAction\":[{\"@type\":\"SearchAction\",\"target\":{\"@type\":\"EntryPoint\",\"urlTemplate\":\"https:\/\/sodip.net\/en\/?s={search_term_string}\"},\"query-input\":\"required name=search_term_string\"}],\"inLanguage\":\"en-GB\"},{\"@type\":\"Organization\",\"@id\":\"https:\/\/sodip.net\/en\/#organization\",\"name\":\"SODIP SARL\",\"url\":\"https:\/\/sodip.net\/en\/\",\"logo\":{\"@type\":\"ImageObject\",\"inLanguage\":\"en-GB\",\"@id\":\"https:\/\/sodip.net\/en\/#\/schema\/logo\/image\/\",\"url\":\"https:\/\/sodip.net\/wp-content\/uploads\/2023\/09\/cropped-logo-1.png\",\"contentUrl\":\"https:\/\/sodip.net\/wp-content\/uploads\/2023\/09\/cropped-logo-1.png\",\"width\":825,\"height\":213,\"caption\":\"SODIP SARL\"},\"image\":{\"@id\":\"https:\/\/sodip.net\/en\/#\/schema\/logo\/image\/\"}}]}<\/script>\n<!-- \/ Yoast SEO plugin. -->","yoast_head_json":{"title":"EEBD MSA - SODIP SARL","robots":{"index":"index","follow":"follow","max-snippet":"max-snippet:-1","max-image-preview":"max-image-preview:large","max-video-preview":"max-video-preview:-1"},"canonical":"https:\/\/sodip.net\/en\/product\/eebd-msa\/","og_locale":"en_GB","og_type":"article","og_title":"EEBD MSA - SODIP SARL","og_description":"Ce dispositif d'\u00e9vacuation d'urgence \u00e0 air comprim\u00e9 offre 15 minutes de protection respiratoire vitale dans des environnements extr\u00eamement toxiques ou pauvres en oxyg\u00e8ne. Dot\u00e9 d'une activation rapide et automatique, d'un sac de transport de protection fluorescent et de trois litres d'air comprim\u00e9 \u00e0 200 bars, cet appareil est id\u00e9al pour une utilisation sur les navires, les plates-formes p\u00e9troli\u00e8res offshore, les raffineries, les services d'eau et les espaces confin\u00e9s","og_url":"https:\/\/sodip.net\/en\/product\/eebd-msa\/","og_site_name":"SODIP SARL","article_modified_time":"2023-11-06T12:38:28+00:00","og_image":[{"width":500,"height":500,"url":"https:\/\/sodip.net\/wp-content\/uploads\/2023\/11\/EEBD-MSA.png","type":"image\/png"}],"twitter_card":"summary_large_image","schema":{"@context":"https:\/\/schema.org","@graph":[{"@type":"WebPage","@id":"https:\/\/sodip.net\/produit\/eebd-msa\/","url":"https:\/\/sodip.net\/produit\/eebd-msa\/","name":"EEBD MSA - SODIP SARL","isPartOf":{"@id":"https:\/\/sodip.net\/en\/#website"},"primaryImageOfPage":{"@id":"https:\/\/sodip.net\/produit\/eebd-msa\/#primaryimage"},"image":{"@id":"https:\/\/sodip.net\/produit\/eebd-msa\/#primaryimage"},"thumbnailUrl":"https:\/\/sodip.net\/wp-content\/uploads\/2023\/11\/EEBD-MSA.png","datePublished":"2023-11-06T11:29:25+00:00","dateModified":"2023-11-06T12:38:28+00:00","breadcrumb":{"@id":"https:\/\/sodip.net\/produit\/eebd-msa\/#breadcrumb"},"inLanguage":"en-GB","potentialAction":[{"@type":"ReadAction","target":["https:\/\/sodip.net\/produit\/eebd-msa\/"]}]},{"@type":"ImageObject","inLanguage":"en-GB","@id":"https:\/\/sodip.net\/produit\/eebd-msa\/#primaryimage","url":"https:\/\/sodip.net\/wp-content\/uploads\/2023\/11\/EEBD-MSA.png","contentUrl":"https:\/\/sodip.net\/wp-content\/uploads\/2023\/11\/EEBD-MSA.png","width":500,"height":500},{"@type":"BreadcrumbList","@id":"https:\/\/sodip.net\/produit\/eebd-msa\/#breadcrumb","itemListElement":[{"@type":"ListItem","position":1,"name":"Accueil","item":"https:\/\/sodip.net\/"},{"@type":"ListItem","position":2,"name":"Boutique","item":"https:\/\/sodip.net\/en\/boutique\/"},{"@type":"ListItem","position":3,"name":"EEBD MSA"}]},{"@type":"WebSite","@id":"https:\/\/sodip.net\/en\/#website","url":"https:\/\/sodip.net\/en\/","name":"SODIP SARL","description":"Soci\u00e9t\u00e9 d&#039;ing\u00e9nierie et de production","publisher":{"@id":"https:\/\/sodip.net\/en\/#organization"},"potentialAction":[{"@type":"SearchAction","target":{"@type":"EntryPoint","urlTemplate":"https:\/\/sodip.net\/en\/?s={search_term_string}"},"query-input":"required name=search_term_string"}],"inLanguage":"en-GB"},{"@type":"Organization","@id":"https:\/\/sodip.net\/en\/#organization","name":"SODIP SARL","url":"https:\/\/sodip.net\/en\/","logo":{"@type":"ImageObject","inLanguage":"en-GB","@id":"https:\/\/sodip.net\/en\/#\/schema\/logo\/image\/","url":"https:\/\/sodip.net\/wp-content\/uploads\/2023\/09\/cropped-logo-1.png","contentUrl":"https:\/\/sodip.net\/wp-content\/uploads\/2023\/09\/cropped-logo-1.png","width":825,"height":213,"caption":"SODIP SARL"},"image":{"@id":"https:\/\/sodip.net\/en\/#\/schema\/logo\/image\/"}}]}},"_links":{"self":[{"href":"https:\/\/sodip.net\/en\/wp-json\/wp\/v2\/product\/7798","targetHints":{"allow":["GET"]}}],"collection":[{"href":"https:\/\/sodip.net\/en\/wp-json\/wp\/v2\/product"}],"about":[{"href":"https:\/\/sodip.net\/en\/wp-json\/wp\/v2\/types\/product"}],"replies":[{"embeddable":true,"href":"https:\/\/sodip.net\/en\/wp-json\/wp\/v2\/comments?post=7798"}],"wp:featuredmedia":[{"embeddable":true,"href":"https:\/\/sodip.net\/en\/wp-json\/wp\/v2\/media\/7818"}],"wp:attachment":[{"href":"https:\/\/sodip.net\/en\/wp-json\/wp\/v2\/media?parent=7798"}],"wp:term":[{"taxonomy":"product_cat","embeddable":true,"href":"https:\/\/sodip.net\/en\/wp-json\/wp\/v2\/product_cat?post=7798"},{"taxonomy":"product_tag","embeddable":true,"href":"https:\/\/sodip.net\/en\/wp-json\/wp\/v2\/product_tag?post=7798"}],"curies":[{"name":"wp","href":"https:\/\/api.w.org\/{rel}","templated":true}]}}