{"id":7795,"date":"2023-11-06T12:13:41","date_gmt":"2023-11-06T11:13:41","guid":{"rendered":"https:\/\/sodip.net\/?post_type=product&#038;p=7795"},"modified":"2023-11-06T12:32:08","modified_gmt":"2023-11-06T11:32:08","slug":"general-monitors-s5000-gas-monitor","status":"publish","type":"product","link":"https:\/\/sodip.net\/en\/product\/general-monitors-s5000-gas-monitor\/","title":{"rendered":"Moniteur de gaz General Monitors\u00ae S5000"},"content":{"rendered":"<h2><strong>Moniteur de gaz General Monitors\u00ae S5000<\/strong><\/h2>\n<p>The General Monitors S5000 gas detector is the ultimate gas detector for extreme environments requiring detection of oxygen, toxic and combustible gases.<br \/>\nIt operates over a wide temperature range using a variety of gas detection technologies. Revolutionary XCell\u00ae gas sensors with TruCal\u00ae technology extend calibration cycles by up to 24 months, and actively monitor sensor integrity for absolute peace of mind.<\/p>","protected":false},"excerpt":{"rendered":"<p>The General Monitors S5000 gas detector is the ultimate gas detector for extreme environments requiring detection of oxygen, toxic and combustible gases.<br \/>\nIt operates over a wide temperature range using a variety of gas detection technologies. Revolutionary XCell\u00ae gas sensors with TruCal\u00ae technology extend calibration cycles by up to 24 months, and actively monitor sensor integrity for absolute peace of mind.<\/p>","protected":false},"featured_media":7796,"comment_status":"closed","ping_status":"closed","template":"","meta":{"inline_featured_image":false},"product_cat":[121,114],"product_tag":[],"class_list":["post-7795","product","type-product","status-publish","has-post-thumbnail","hentry","product_cat-detecteur-fixe","product_cat-detection-des-gaz"],"yoast_head":"<!-- This site is optimized with the Yoast SEO plugin v22.8 - https:\/\/yoast.com\/wordpress\/plugins\/seo\/ -->\n<title>General Monitors\u00ae S5000 Gas Monitor - SODIP SARL<\/title>\n<meta name=\"robots\" content=\"index, follow, max-snippet:-1, max-image-preview:large, max-video-preview:-1\" \/>\n<link rel=\"canonical\" href=\"https:\/\/sodip.net\/en\/product\/general-monitors-s5000-gas-monitor\/\" \/>\n<meta property=\"og:locale\" content=\"en_GB\" \/>\n<meta property=\"og:type\" content=\"article\" \/>\n<meta property=\"og:title\" content=\"General Monitors\u00ae S5000 Gas Monitor - SODIP SARL\" \/>\n<meta property=\"og:description\" content=\"Le d\u00e9tecteur de gaz General Monitors S5000 est le d\u00e9tecteur de gaz ultime pour les environnements extr\u00eames n\u00e9cessitant la d\u00e9tection de l&#039;oxyg\u00e8ne, des gaz toxiques et combustibles. Il fonctionne sur une large plage de temp\u00e9ratures en utilisant une vari\u00e9t\u00e9 de technologies de d\u00e9tection de gaz. Les capteurs de gaz XCell\u00ae r\u00e9volutionnaires dot\u00e9s de la technologie TruCal\u00ae prolongent les cycles d&#039;\u00e9talonnage jusqu&#039;\u00e0 24 mois et surveillent activement l&#039;int\u00e9grit\u00e9 du capteur pour une tranquillit\u00e9 d&#039;esprit absolue.\" \/>\n<meta property=\"og:url\" content=\"https:\/\/sodip.net\/en\/product\/general-monitors-s5000-gas-monitor\/\" \/>\n<meta property=\"og:site_name\" content=\"SODIP SARL\" \/>\n<meta property=\"article:modified_time\" content=\"2023-11-06T11:32:08+00:00\" \/>\n<meta property=\"og:image\" content=\"https:\/\/sodip.net\/wp-content\/uploads\/2023\/11\/General-Monitors\u00ae-S5000-Gas-Monitor.png\" \/>\n\t<meta property=\"og:image:width\" content=\"500\" \/>\n\t<meta property=\"og:image:height\" content=\"500\" \/>\n\t<meta property=\"og:image:type\" content=\"image\/png\" \/>\n<meta name=\"twitter:card\" content=\"summary_large_image\" \/>\n<script type=\"application\/ld+json\" class=\"yoast-schema-graph\">{\"@context\":\"https:\/\/schema.org\",\"@graph\":[{\"@type\":\"WebPage\",\"@id\":\"https:\/\/sodip.net\/produit\/general-monitors-s5000-gas-monitor\/\",\"url\":\"https:\/\/sodip.net\/produit\/general-monitors-s5000-gas-monitor\/\",\"name\":\"General Monitors\u00ae S5000 Gas Monitor - SODIP SARL\",\"isPartOf\":{\"@id\":\"https:\/\/sodip.net\/en\/#website\"},\"primaryImageOfPage\":{\"@id\":\"https:\/\/sodip.net\/produit\/general-monitors-s5000-gas-monitor\/#primaryimage\"},\"image\":{\"@id\":\"https:\/\/sodip.net\/produit\/general-monitors-s5000-gas-monitor\/#primaryimage\"},\"thumbnailUrl\":\"https:\/\/sodip.net\/wp-content\/uploads\/2023\/11\/General-Monitors\u00ae-S5000-Gas-Monitor.png\",\"datePublished\":\"2023-11-06T11:13:41+00:00\",\"dateModified\":\"2023-11-06T11:32:08+00:00\",\"breadcrumb\":{\"@id\":\"https:\/\/sodip.net\/produit\/general-monitors-s5000-gas-monitor\/#breadcrumb\"},\"inLanguage\":\"en-GB\",\"potentialAction\":[{\"@type\":\"ReadAction\",\"target\":[\"https:\/\/sodip.net\/produit\/general-monitors-s5000-gas-monitor\/\"]}]},{\"@type\":\"ImageObject\",\"inLanguage\":\"en-GB\",\"@id\":\"https:\/\/sodip.net\/produit\/general-monitors-s5000-gas-monitor\/#primaryimage\",\"url\":\"https:\/\/sodip.net\/wp-content\/uploads\/2023\/11\/General-Monitors\u00ae-S5000-Gas-Monitor.png\",\"contentUrl\":\"https:\/\/sodip.net\/wp-content\/uploads\/2023\/11\/General-Monitors\u00ae-S5000-Gas-Monitor.png\",\"width\":500,\"height\":500},{\"@type\":\"BreadcrumbList\",\"@id\":\"https:\/\/sodip.net\/produit\/general-monitors-s5000-gas-monitor\/#breadcrumb\",\"itemListElement\":[{\"@type\":\"ListItem\",\"position\":1,\"name\":\"Accueil\",\"item\":\"https:\/\/sodip.net\/\"},{\"@type\":\"ListItem\",\"position\":2,\"name\":\"Boutique\",\"item\":\"https:\/\/sodip.net\/en\/boutique\/\"},{\"@type\":\"ListItem\",\"position\":3,\"name\":\"General Monitors\u00ae S5000 Gas Monitor\"}]},{\"@type\":\"WebSite\",\"@id\":\"https:\/\/sodip.net\/en\/#website\",\"url\":\"https:\/\/sodip.net\/en\/\",\"name\":\"SODIP SARL\",\"description\":\"Soci\u00e9t\u00e9 d&#039;ing\u00e9nierie et de production\",\"publisher\":{\"@id\":\"https:\/\/sodip.net\/en\/#organization\"},\"potentialAction\":[{\"@type\":\"SearchAction\",\"target\":{\"@type\":\"EntryPoint\",\"urlTemplate\":\"https:\/\/sodip.net\/en\/?s={search_term_string}\"},\"query-input\":\"required name=search_term_string\"}],\"inLanguage\":\"en-GB\"},{\"@type\":\"Organization\",\"@id\":\"https:\/\/sodip.net\/en\/#organization\",\"name\":\"SODIP SARL\",\"url\":\"https:\/\/sodip.net\/en\/\",\"logo\":{\"@type\":\"ImageObject\",\"inLanguage\":\"en-GB\",\"@id\":\"https:\/\/sodip.net\/en\/#\/schema\/logo\/image\/\",\"url\":\"https:\/\/sodip.net\/wp-content\/uploads\/2023\/09\/cropped-logo-1.png\",\"contentUrl\":\"https:\/\/sodip.net\/wp-content\/uploads\/2023\/09\/cropped-logo-1.png\",\"width\":825,\"height\":213,\"caption\":\"SODIP SARL\"},\"image\":{\"@id\":\"https:\/\/sodip.net\/en\/#\/schema\/logo\/image\/\"}}]}<\/script>\n<!-- \/ Yoast SEO plugin. -->","yoast_head_json":{"title":"General Monitors\u00ae S5000 Gas Monitor - SODIP SARL","robots":{"index":"index","follow":"follow","max-snippet":"max-snippet:-1","max-image-preview":"max-image-preview:large","max-video-preview":"max-video-preview:-1"},"canonical":"https:\/\/sodip.net\/en\/product\/general-monitors-s5000-gas-monitor\/","og_locale":"en_GB","og_type":"article","og_title":"General Monitors\u00ae S5000 Gas Monitor - SODIP SARL","og_description":"Le d\u00e9tecteur de gaz General Monitors S5000 est le d\u00e9tecteur de gaz ultime pour les environnements extr\u00eames n\u00e9cessitant la d\u00e9tection de l'oxyg\u00e8ne, des gaz toxiques et combustibles. Il fonctionne sur une large plage de temp\u00e9ratures en utilisant une vari\u00e9t\u00e9 de technologies de d\u00e9tection de gaz. Les capteurs de gaz XCell\u00ae r\u00e9volutionnaires dot\u00e9s de la technologie TruCal\u00ae prolongent les cycles d'\u00e9talonnage jusqu'\u00e0 24 mois et surveillent activement l'int\u00e9grit\u00e9 du capteur pour une tranquillit\u00e9 d'esprit absolue.","og_url":"https:\/\/sodip.net\/en\/product\/general-monitors-s5000-gas-monitor\/","og_site_name":"SODIP SARL","article_modified_time":"2023-11-06T11:32:08+00:00","og_image":[{"width":500,"height":500,"url":"https:\/\/sodip.net\/wp-content\/uploads\/2023\/11\/General-Monitors\u00ae-S5000-Gas-Monitor.png","type":"image\/png"}],"twitter_card":"summary_large_image","schema":{"@context":"https:\/\/schema.org","@graph":[{"@type":"WebPage","@id":"https:\/\/sodip.net\/produit\/general-monitors-s5000-gas-monitor\/","url":"https:\/\/sodip.net\/produit\/general-monitors-s5000-gas-monitor\/","name":"General Monitors\u00ae S5000 Gas Monitor - SODIP SARL","isPartOf":{"@id":"https:\/\/sodip.net\/en\/#website"},"primaryImageOfPage":{"@id":"https:\/\/sodip.net\/produit\/general-monitors-s5000-gas-monitor\/#primaryimage"},"image":{"@id":"https:\/\/sodip.net\/produit\/general-monitors-s5000-gas-monitor\/#primaryimage"},"thumbnailUrl":"https:\/\/sodip.net\/wp-content\/uploads\/2023\/11\/General-Monitors\u00ae-S5000-Gas-Monitor.png","datePublished":"2023-11-06T11:13:41+00:00","dateModified":"2023-11-06T11:32:08+00:00","breadcrumb":{"@id":"https:\/\/sodip.net\/produit\/general-monitors-s5000-gas-monitor\/#breadcrumb"},"inLanguage":"en-GB","potentialAction":[{"@type":"ReadAction","target":["https:\/\/sodip.net\/produit\/general-monitors-s5000-gas-monitor\/"]}]},{"@type":"ImageObject","inLanguage":"en-GB","@id":"https:\/\/sodip.net\/produit\/general-monitors-s5000-gas-monitor\/#primaryimage","url":"https:\/\/sodip.net\/wp-content\/uploads\/2023\/11\/General-Monitors\u00ae-S5000-Gas-Monitor.png","contentUrl":"https:\/\/sodip.net\/wp-content\/uploads\/2023\/11\/General-Monitors\u00ae-S5000-Gas-Monitor.png","width":500,"height":500},{"@type":"BreadcrumbList","@id":"https:\/\/sodip.net\/produit\/general-monitors-s5000-gas-monitor\/#breadcrumb","itemListElement":[{"@type":"ListItem","position":1,"name":"Accueil","item":"https:\/\/sodip.net\/"},{"@type":"ListItem","position":2,"name":"Boutique","item":"https:\/\/sodip.net\/en\/boutique\/"},{"@type":"ListItem","position":3,"name":"General Monitors\u00ae S5000 Gas Monitor"}]},{"@type":"WebSite","@id":"https:\/\/sodip.net\/en\/#website","url":"https:\/\/sodip.net\/en\/","name":"SODIP SARL","description":"Soci\u00e9t\u00e9 d&#039;ing\u00e9nierie et de production","publisher":{"@id":"https:\/\/sodip.net\/en\/#organization"},"potentialAction":[{"@type":"SearchAction","target":{"@type":"EntryPoint","urlTemplate":"https:\/\/sodip.net\/en\/?s={search_term_string}"},"query-input":"required name=search_term_string"}],"inLanguage":"en-GB"},{"@type":"Organization","@id":"https:\/\/sodip.net\/en\/#organization","name":"SODIP SARL","url":"https:\/\/sodip.net\/en\/","logo":{"@type":"ImageObject","inLanguage":"en-GB","@id":"https:\/\/sodip.net\/en\/#\/schema\/logo\/image\/","url":"https:\/\/sodip.net\/wp-content\/uploads\/2023\/09\/cropped-logo-1.png","contentUrl":"https:\/\/sodip.net\/wp-content\/uploads\/2023\/09\/cropped-logo-1.png","width":825,"height":213,"caption":"SODIP SARL"},"image":{"@id":"https:\/\/sodip.net\/en\/#\/schema\/logo\/image\/"}}]}},"_links":{"self":[{"href":"https:\/\/sodip.net\/en\/wp-json\/wp\/v2\/product\/7795","targetHints":{"allow":["GET"]}}],"collection":[{"href":"https:\/\/sodip.net\/en\/wp-json\/wp\/v2\/product"}],"about":[{"href":"https:\/\/sodip.net\/en\/wp-json\/wp\/v2\/types\/product"}],"replies":[{"embeddable":true,"href":"https:\/\/sodip.net\/en\/wp-json\/wp\/v2\/comments?post=7795"}],"wp:featuredmedia":[{"embeddable":true,"href":"https:\/\/sodip.net\/en\/wp-json\/wp\/v2\/media\/7796"}],"wp:attachment":[{"href":"https:\/\/sodip.net\/en\/wp-json\/wp\/v2\/media?parent=7795"}],"wp:term":[{"taxonomy":"product_cat","embeddable":true,"href":"https:\/\/sodip.net\/en\/wp-json\/wp\/v2\/product_cat?post=7795"},{"taxonomy":"product_tag","embeddable":true,"href":"https:\/\/sodip.net\/en\/wp-json\/wp\/v2\/product_tag?post=7795"}],"curies":[{"name":"wp","href":"https:\/\/api.w.org\/{rel}","templated":true}]}}