{"id":7790,"date":"2023-11-06T11:54:38","date_gmt":"2023-11-06T10:54:38","guid":{"rendered":"https:\/\/sodip.net\/?post_type=product&#038;p=7790"},"modified":"2023-11-06T12:32:37","modified_gmt":"2023-11-06T11:32:37","slug":"ultima-x5000-gas-monitor","status":"publish","type":"product","link":"https:\/\/sodip.net\/en\/product\/ultima-x5000-gas-monitor\/","title":{"rendered":"ULTIMA\u00ae X5000 Gas Monitor"},"content":{"rendered":"<h2><strong>ULTIMA\u00ae X5000 Gas Monitor<\/strong><\/h2>\n<p>The ULTIMA\u00ae X5000 gas detector is the future of oxygen, toxic and combustible gas detection. MSA XCell\u00ae gas sensors with TruCal\u00ae technology offer calibration cycles of up to 24 months (local calibration respected). The gas transmitter's multilingual OLED display is easy to read, and the unique touchscreen interface makes it easy to navigate.<\/p>","protected":false},"excerpt":{"rendered":"<p>The ULTIMA\u00ae X5000 gas detector is the future of oxygen, toxic and combustible gas detection. MSA XCell\u00ae gas sensors with TruCal\u00ae technology offer calibration cycles of up to 24 months (local calibration respected). The gas transmitter's multilingual OLED display is easy to read, and the unique touchscreen interface makes it easy to navigate.<\/p>","protected":false},"featured_media":7791,"comment_status":"closed","ping_status":"closed","template":"","meta":{"inline_featured_image":false},"product_cat":[121,114],"product_tag":[],"class_list":["post-7790","product","type-product","status-publish","has-post-thumbnail","hentry","product_cat-detecteur-fixe","product_cat-detection-des-gaz"],"yoast_head":"<!-- This site is optimized with the Yoast SEO plugin v22.8 - https:\/\/yoast.com\/wordpress\/plugins\/seo\/ -->\n<title>ULTIMA\u00ae X5000 Gas Monitor - SODIP SARL<\/title>\n<meta name=\"robots\" content=\"index, follow, max-snippet:-1, max-image-preview:large, max-video-preview:-1\" \/>\n<link rel=\"canonical\" href=\"https:\/\/sodip.net\/en\/product\/ultima-x5000-gas-monitor\/\" \/>\n<meta property=\"og:locale\" content=\"en_GB\" \/>\n<meta property=\"og:type\" content=\"article\" \/>\n<meta property=\"og:title\" content=\"ULTIMA\u00ae X5000 Gas Monitor - SODIP SARL\" \/>\n<meta property=\"og:description\" content=\"Le d\u00e9tecteur de gaz ULTIMA\u00ae X5000 est l&#039;avenir de la d\u00e9tection de l&#039;oxyg\u00e8ne et des gaz toxiques et combustibles. Les capteurs de gaz MSA XCell\u00ae avec la technologie TruCal\u00ae offrent des cycles d&#039;\u00e9talonnage allant jusqu&#039;\u00e0 24 mois (\u00e9talonnage local respect\u00e9). L&#039;\u00e9cran OLED multilingue du transmetteur de gaz est facile \u00e0 lire et l&#039;interface unique de l&#039;\u00e9cran tactile facilite la navigation.\" \/>\n<meta property=\"og:url\" content=\"https:\/\/sodip.net\/en\/product\/ultima-x5000-gas-monitor\/\" \/>\n<meta property=\"og:site_name\" content=\"SODIP SARL\" \/>\n<meta property=\"article:modified_time\" content=\"2023-11-06T11:32:37+00:00\" \/>\n<meta property=\"og:image\" content=\"https:\/\/sodip.net\/wp-content\/uploads\/2023\/11\/X5000-GAS-MONITOR.png\" \/>\n\t<meta property=\"og:image:width\" content=\"500\" \/>\n\t<meta property=\"og:image:height\" content=\"500\" \/>\n\t<meta property=\"og:image:type\" content=\"image\/png\" \/>\n<meta name=\"twitter:card\" content=\"summary_large_image\" \/>\n<script type=\"application\/ld+json\" class=\"yoast-schema-graph\">{\"@context\":\"https:\/\/schema.org\",\"@graph\":[{\"@type\":\"WebPage\",\"@id\":\"https:\/\/sodip.net\/produit\/ultima-x5000-gas-monitor\/\",\"url\":\"https:\/\/sodip.net\/produit\/ultima-x5000-gas-monitor\/\",\"name\":\"ULTIMA\u00ae X5000 Gas Monitor - SODIP SARL\",\"isPartOf\":{\"@id\":\"https:\/\/sodip.net\/en\/#website\"},\"primaryImageOfPage\":{\"@id\":\"https:\/\/sodip.net\/produit\/ultima-x5000-gas-monitor\/#primaryimage\"},\"image\":{\"@id\":\"https:\/\/sodip.net\/produit\/ultima-x5000-gas-monitor\/#primaryimage\"},\"thumbnailUrl\":\"https:\/\/sodip.net\/wp-content\/uploads\/2023\/11\/X5000-GAS-MONITOR.png\",\"datePublished\":\"2023-11-06T10:54:38+00:00\",\"dateModified\":\"2023-11-06T11:32:37+00:00\",\"breadcrumb\":{\"@id\":\"https:\/\/sodip.net\/produit\/ultima-x5000-gas-monitor\/#breadcrumb\"},\"inLanguage\":\"en-GB\",\"potentialAction\":[{\"@type\":\"ReadAction\",\"target\":[\"https:\/\/sodip.net\/produit\/ultima-x5000-gas-monitor\/\"]}]},{\"@type\":\"ImageObject\",\"inLanguage\":\"en-GB\",\"@id\":\"https:\/\/sodip.net\/produit\/ultima-x5000-gas-monitor\/#primaryimage\",\"url\":\"https:\/\/sodip.net\/wp-content\/uploads\/2023\/11\/X5000-GAS-MONITOR.png\",\"contentUrl\":\"https:\/\/sodip.net\/wp-content\/uploads\/2023\/11\/X5000-GAS-MONITOR.png\",\"width\":500,\"height\":500},{\"@type\":\"BreadcrumbList\",\"@id\":\"https:\/\/sodip.net\/produit\/ultima-x5000-gas-monitor\/#breadcrumb\",\"itemListElement\":[{\"@type\":\"ListItem\",\"position\":1,\"name\":\"Accueil\",\"item\":\"https:\/\/sodip.net\/\"},{\"@type\":\"ListItem\",\"position\":2,\"name\":\"Boutique\",\"item\":\"https:\/\/sodip.net\/en\/boutique\/\"},{\"@type\":\"ListItem\",\"position\":3,\"name\":\"ULTIMA\u00ae X5000 Gas Monitor\"}]},{\"@type\":\"WebSite\",\"@id\":\"https:\/\/sodip.net\/en\/#website\",\"url\":\"https:\/\/sodip.net\/en\/\",\"name\":\"SODIP SARL\",\"description\":\"Soci\u00e9t\u00e9 d&#039;ing\u00e9nierie et de production\",\"publisher\":{\"@id\":\"https:\/\/sodip.net\/en\/#organization\"},\"potentialAction\":[{\"@type\":\"SearchAction\",\"target\":{\"@type\":\"EntryPoint\",\"urlTemplate\":\"https:\/\/sodip.net\/en\/?s={search_term_string}\"},\"query-input\":\"required name=search_term_string\"}],\"inLanguage\":\"en-GB\"},{\"@type\":\"Organization\",\"@id\":\"https:\/\/sodip.net\/en\/#organization\",\"name\":\"SODIP SARL\",\"url\":\"https:\/\/sodip.net\/en\/\",\"logo\":{\"@type\":\"ImageObject\",\"inLanguage\":\"en-GB\",\"@id\":\"https:\/\/sodip.net\/en\/#\/schema\/logo\/image\/\",\"url\":\"https:\/\/sodip.net\/wp-content\/uploads\/2023\/09\/cropped-logo-1.png\",\"contentUrl\":\"https:\/\/sodip.net\/wp-content\/uploads\/2023\/09\/cropped-logo-1.png\",\"width\":825,\"height\":213,\"caption\":\"SODIP SARL\"},\"image\":{\"@id\":\"https:\/\/sodip.net\/en\/#\/schema\/logo\/image\/\"}}]}<\/script>\n<!-- \/ Yoast SEO plugin. -->","yoast_head_json":{"title":"ULTIMA\u00ae X5000 Gas Monitor - SODIP SARL","robots":{"index":"index","follow":"follow","max-snippet":"max-snippet:-1","max-image-preview":"max-image-preview:large","max-video-preview":"max-video-preview:-1"},"canonical":"https:\/\/sodip.net\/en\/product\/ultima-x5000-gas-monitor\/","og_locale":"en_GB","og_type":"article","og_title":"ULTIMA\u00ae X5000 Gas Monitor - SODIP SARL","og_description":"Le d\u00e9tecteur de gaz ULTIMA\u00ae X5000 est l'avenir de la d\u00e9tection de l'oxyg\u00e8ne et des gaz toxiques et combustibles. Les capteurs de gaz MSA XCell\u00ae avec la technologie TruCal\u00ae offrent des cycles d'\u00e9talonnage allant jusqu'\u00e0 24 mois (\u00e9talonnage local respect\u00e9). L'\u00e9cran OLED multilingue du transmetteur de gaz est facile \u00e0 lire et l'interface unique de l'\u00e9cran tactile facilite la navigation.","og_url":"https:\/\/sodip.net\/en\/product\/ultima-x5000-gas-monitor\/","og_site_name":"SODIP SARL","article_modified_time":"2023-11-06T11:32:37+00:00","og_image":[{"width":500,"height":500,"url":"https:\/\/sodip.net\/wp-content\/uploads\/2023\/11\/X5000-GAS-MONITOR.png","type":"image\/png"}],"twitter_card":"summary_large_image","schema":{"@context":"https:\/\/schema.org","@graph":[{"@type":"WebPage","@id":"https:\/\/sodip.net\/produit\/ultima-x5000-gas-monitor\/","url":"https:\/\/sodip.net\/produit\/ultima-x5000-gas-monitor\/","name":"ULTIMA\u00ae X5000 Gas Monitor - SODIP SARL","isPartOf":{"@id":"https:\/\/sodip.net\/en\/#website"},"primaryImageOfPage":{"@id":"https:\/\/sodip.net\/produit\/ultima-x5000-gas-monitor\/#primaryimage"},"image":{"@id":"https:\/\/sodip.net\/produit\/ultima-x5000-gas-monitor\/#primaryimage"},"thumbnailUrl":"https:\/\/sodip.net\/wp-content\/uploads\/2023\/11\/X5000-GAS-MONITOR.png","datePublished":"2023-11-06T10:54:38+00:00","dateModified":"2023-11-06T11:32:37+00:00","breadcrumb":{"@id":"https:\/\/sodip.net\/produit\/ultima-x5000-gas-monitor\/#breadcrumb"},"inLanguage":"en-GB","potentialAction":[{"@type":"ReadAction","target":["https:\/\/sodip.net\/produit\/ultima-x5000-gas-monitor\/"]}]},{"@type":"ImageObject","inLanguage":"en-GB","@id":"https:\/\/sodip.net\/produit\/ultima-x5000-gas-monitor\/#primaryimage","url":"https:\/\/sodip.net\/wp-content\/uploads\/2023\/11\/X5000-GAS-MONITOR.png","contentUrl":"https:\/\/sodip.net\/wp-content\/uploads\/2023\/11\/X5000-GAS-MONITOR.png","width":500,"height":500},{"@type":"BreadcrumbList","@id":"https:\/\/sodip.net\/produit\/ultima-x5000-gas-monitor\/#breadcrumb","itemListElement":[{"@type":"ListItem","position":1,"name":"Accueil","item":"https:\/\/sodip.net\/"},{"@type":"ListItem","position":2,"name":"Boutique","item":"https:\/\/sodip.net\/en\/boutique\/"},{"@type":"ListItem","position":3,"name":"ULTIMA\u00ae X5000 Gas Monitor"}]},{"@type":"WebSite","@id":"https:\/\/sodip.net\/en\/#website","url":"https:\/\/sodip.net\/en\/","name":"SODIP SARL","description":"Soci\u00e9t\u00e9 d&#039;ing\u00e9nierie et de production","publisher":{"@id":"https:\/\/sodip.net\/en\/#organization"},"potentialAction":[{"@type":"SearchAction","target":{"@type":"EntryPoint","urlTemplate":"https:\/\/sodip.net\/en\/?s={search_term_string}"},"query-input":"required name=search_term_string"}],"inLanguage":"en-GB"},{"@type":"Organization","@id":"https:\/\/sodip.net\/en\/#organization","name":"SODIP SARL","url":"https:\/\/sodip.net\/en\/","logo":{"@type":"ImageObject","inLanguage":"en-GB","@id":"https:\/\/sodip.net\/en\/#\/schema\/logo\/image\/","url":"https:\/\/sodip.net\/wp-content\/uploads\/2023\/09\/cropped-logo-1.png","contentUrl":"https:\/\/sodip.net\/wp-content\/uploads\/2023\/09\/cropped-logo-1.png","width":825,"height":213,"caption":"SODIP SARL"},"image":{"@id":"https:\/\/sodip.net\/en\/#\/schema\/logo\/image\/"}}]}},"_links":{"self":[{"href":"https:\/\/sodip.net\/en\/wp-json\/wp\/v2\/product\/7790","targetHints":{"allow":["GET"]}}],"collection":[{"href":"https:\/\/sodip.net\/en\/wp-json\/wp\/v2\/product"}],"about":[{"href":"https:\/\/sodip.net\/en\/wp-json\/wp\/v2\/types\/product"}],"replies":[{"embeddable":true,"href":"https:\/\/sodip.net\/en\/wp-json\/wp\/v2\/comments?post=7790"}],"wp:featuredmedia":[{"embeddable":true,"href":"https:\/\/sodip.net\/en\/wp-json\/wp\/v2\/media\/7791"}],"wp:attachment":[{"href":"https:\/\/sodip.net\/en\/wp-json\/wp\/v2\/media?parent=7790"}],"wp:term":[{"taxonomy":"product_cat","embeddable":true,"href":"https:\/\/sodip.net\/en\/wp-json\/wp\/v2\/product_cat?post=7790"},{"taxonomy":"product_tag","embeddable":true,"href":"https:\/\/sodip.net\/en\/wp-json\/wp\/v2\/product_tag?post=7790"}],"curies":[{"name":"wp","href":"https:\/\/api.w.org\/{rel}","templated":true}]}}