{"id":7693,"date":"2023-11-02T11:46:20","date_gmt":"2023-11-02T10:46:20","guid":{"rendered":"https:\/\/sodip.net\/?post_type=product&#038;p=7693"},"modified":"2023-11-02T15:36:16","modified_gmt":"2023-11-02T14:36:16","slug":"largueur-hydrostatique-e-hammar","status":"publish","type":"product","link":"https:\/\/sodip.net\/en\/product\/largueur-hydrostatique-e-hammar\/","title":{"rendered":"E HAMMAR HYDROSTATIC RELEASE"},"content":{"rendered":"<h2 class=\"p1\"><strong>E HAMMAR HYDROSTATIC RELEASE<\/strong><\/h2>\n<p>In the event of immersion between 1.50 and 4 meters, the H20E automatically activates and releases the EPIRB beacon, which rises to the surface to communicate the identification signal and position of the vessel in distress.  It requires no inspection or maintenance, and can be replaced every 2 years.<\/p>","protected":false},"excerpt":{"rendered":"<p>In the event of immersion between 1.50 and 4 meters, the H20E automatically activates and releases the EPIRB beacon, which rises to the surface to communicate the identification signal and position of the vessel in distress.  It requires no inspection or maintenance, and can be replaced every 2 years.<\/p>","protected":false},"featured_media":7698,"comment_status":"closed","ping_status":"closed","template":"","meta":{"inline_featured_image":false},"product_cat":[152,119],"product_tag":[],"class_list":["post-7693","product","type-product","status-publish","has-post-thumbnail","hentry","product_cat-acessoirs-de-survie","product_cat-survie-en-mer"],"yoast_head":"<!-- This site is optimized with the Yoast SEO plugin v22.8 - https:\/\/yoast.com\/wordpress\/plugins\/seo\/ -->\n<title>LARGUEUR HYDROSTATIQUE-E HAMMAR - SODIP SARL<\/title>\n<meta name=\"robots\" content=\"index, follow, max-snippet:-1, max-image-preview:large, max-video-preview:-1\" \/>\n<link rel=\"canonical\" href=\"https:\/\/sodip.net\/en\/product\/largueur-hydrostatique-e-hammar\/\" \/>\n<meta property=\"og:locale\" content=\"en_GB\" \/>\n<meta property=\"og:type\" content=\"article\" \/>\n<meta property=\"og:title\" content=\"LARGUEUR HYDROSTATIQUE-E HAMMAR - SODIP SARL\" \/>\n<meta property=\"og:description\" content=\"En cas d&#039;immersion entre 1,50 et 4 m\u00e8tres, le largueur H20E s&#039;active automatiquement et permet le largage de la balise EPIRB, qui remonte en surface et communique le signal d&#039;identification et la position du navire en d\u00e9tresse.\u00a0 Il ne n\u00e9cessite ni contr\u00f4le ni maintenance et se remplace tous les 2 ans.\" \/>\n<meta property=\"og:url\" content=\"https:\/\/sodip.net\/en\/product\/largueur-hydrostatique-e-hammar\/\" \/>\n<meta property=\"og:site_name\" content=\"SODIP SARL\" \/>\n<meta property=\"article:modified_time\" content=\"2023-11-02T14:36:16+00:00\" \/>\n<meta property=\"og:image\" content=\"https:\/\/sodip.net\/wp-content\/uploads\/2023\/11\/LARGUEUR-HYDROSTATIQUE-E-HAMMAR.png\" \/>\n\t<meta property=\"og:image:width\" content=\"500\" \/>\n\t<meta property=\"og:image:height\" content=\"500\" \/>\n\t<meta property=\"og:image:type\" content=\"image\/png\" \/>\n<meta name=\"twitter:card\" content=\"summary_large_image\" \/>\n<script type=\"application\/ld+json\" class=\"yoast-schema-graph\">{\"@context\":\"https:\/\/schema.org\",\"@graph\":[{\"@type\":\"WebPage\",\"@id\":\"https:\/\/sodip.net\/produit\/largueur-hydrostatique-e-hammar\/\",\"url\":\"https:\/\/sodip.net\/produit\/largueur-hydrostatique-e-hammar\/\",\"name\":\"LARGUEUR HYDROSTATIQUE-E HAMMAR - SODIP SARL\",\"isPartOf\":{\"@id\":\"https:\/\/sodip.net\/en\/#website\"},\"primaryImageOfPage\":{\"@id\":\"https:\/\/sodip.net\/produit\/largueur-hydrostatique-e-hammar\/#primaryimage\"},\"image\":{\"@id\":\"https:\/\/sodip.net\/produit\/largueur-hydrostatique-e-hammar\/#primaryimage\"},\"thumbnailUrl\":\"https:\/\/sodip.net\/wp-content\/uploads\/2023\/11\/LARGUEUR-HYDROSTATIQUE-E-HAMMAR.png\",\"datePublished\":\"2023-11-02T10:46:20+00:00\",\"dateModified\":\"2023-11-02T14:36:16+00:00\",\"breadcrumb\":{\"@id\":\"https:\/\/sodip.net\/produit\/largueur-hydrostatique-e-hammar\/#breadcrumb\"},\"inLanguage\":\"en-GB\",\"potentialAction\":[{\"@type\":\"ReadAction\",\"target\":[\"https:\/\/sodip.net\/produit\/largueur-hydrostatique-e-hammar\/\"]}]},{\"@type\":\"ImageObject\",\"inLanguage\":\"en-GB\",\"@id\":\"https:\/\/sodip.net\/produit\/largueur-hydrostatique-e-hammar\/#primaryimage\",\"url\":\"https:\/\/sodip.net\/wp-content\/uploads\/2023\/11\/LARGUEUR-HYDROSTATIQUE-E-HAMMAR.png\",\"contentUrl\":\"https:\/\/sodip.net\/wp-content\/uploads\/2023\/11\/LARGUEUR-HYDROSTATIQUE-E-HAMMAR.png\",\"width\":500,\"height\":500},{\"@type\":\"BreadcrumbList\",\"@id\":\"https:\/\/sodip.net\/produit\/largueur-hydrostatique-e-hammar\/#breadcrumb\",\"itemListElement\":[{\"@type\":\"ListItem\",\"position\":1,\"name\":\"Accueil\",\"item\":\"https:\/\/sodip.net\/\"},{\"@type\":\"ListItem\",\"position\":2,\"name\":\"Boutique\",\"item\":\"https:\/\/sodip.net\/en\/boutique\/\"},{\"@type\":\"ListItem\",\"position\":3,\"name\":\"LARGUEUR HYDROSTATIQUE-E HAMMAR\"}]},{\"@type\":\"WebSite\",\"@id\":\"https:\/\/sodip.net\/en\/#website\",\"url\":\"https:\/\/sodip.net\/en\/\",\"name\":\"SODIP SARL\",\"description\":\"Soci\u00e9t\u00e9 d&#039;ing\u00e9nierie et de production\",\"publisher\":{\"@id\":\"https:\/\/sodip.net\/en\/#organization\"},\"potentialAction\":[{\"@type\":\"SearchAction\",\"target\":{\"@type\":\"EntryPoint\",\"urlTemplate\":\"https:\/\/sodip.net\/en\/?s={search_term_string}\"},\"query-input\":\"required name=search_term_string\"}],\"inLanguage\":\"en-GB\"},{\"@type\":\"Organization\",\"@id\":\"https:\/\/sodip.net\/en\/#organization\",\"name\":\"SODIP SARL\",\"url\":\"https:\/\/sodip.net\/en\/\",\"logo\":{\"@type\":\"ImageObject\",\"inLanguage\":\"en-GB\",\"@id\":\"https:\/\/sodip.net\/en\/#\/schema\/logo\/image\/\",\"url\":\"https:\/\/sodip.net\/wp-content\/uploads\/2023\/09\/cropped-logo-1.png\",\"contentUrl\":\"https:\/\/sodip.net\/wp-content\/uploads\/2023\/09\/cropped-logo-1.png\",\"width\":825,\"height\":213,\"caption\":\"SODIP SARL\"},\"image\":{\"@id\":\"https:\/\/sodip.net\/en\/#\/schema\/logo\/image\/\"}}]}<\/script>\n<!-- \/ Yoast SEO plugin. -->","yoast_head_json":{"title":"LARGUEUR HYDROSTATIQUE-E HAMMAR - SODIP SARL","robots":{"index":"index","follow":"follow","max-snippet":"max-snippet:-1","max-image-preview":"max-image-preview:large","max-video-preview":"max-video-preview:-1"},"canonical":"https:\/\/sodip.net\/en\/product\/largueur-hydrostatique-e-hammar\/","og_locale":"en_GB","og_type":"article","og_title":"LARGUEUR HYDROSTATIQUE-E HAMMAR - SODIP SARL","og_description":"En cas d'immersion entre 1,50 et 4 m\u00e8tres, le largueur H20E s'active automatiquement et permet le largage de la balise EPIRB, qui remonte en surface et communique le signal d'identification et la position du navire en d\u00e9tresse.\u00a0 Il ne n\u00e9cessite ni contr\u00f4le ni maintenance et se remplace tous les 2 ans.","og_url":"https:\/\/sodip.net\/en\/product\/largueur-hydrostatique-e-hammar\/","og_site_name":"SODIP SARL","article_modified_time":"2023-11-02T14:36:16+00:00","og_image":[{"width":500,"height":500,"url":"https:\/\/sodip.net\/wp-content\/uploads\/2023\/11\/LARGUEUR-HYDROSTATIQUE-E-HAMMAR.png","type":"image\/png"}],"twitter_card":"summary_large_image","schema":{"@context":"https:\/\/schema.org","@graph":[{"@type":"WebPage","@id":"https:\/\/sodip.net\/produit\/largueur-hydrostatique-e-hammar\/","url":"https:\/\/sodip.net\/produit\/largueur-hydrostatique-e-hammar\/","name":"LARGUEUR HYDROSTATIQUE-E HAMMAR - SODIP SARL","isPartOf":{"@id":"https:\/\/sodip.net\/en\/#website"},"primaryImageOfPage":{"@id":"https:\/\/sodip.net\/produit\/largueur-hydrostatique-e-hammar\/#primaryimage"},"image":{"@id":"https:\/\/sodip.net\/produit\/largueur-hydrostatique-e-hammar\/#primaryimage"},"thumbnailUrl":"https:\/\/sodip.net\/wp-content\/uploads\/2023\/11\/LARGUEUR-HYDROSTATIQUE-E-HAMMAR.png","datePublished":"2023-11-02T10:46:20+00:00","dateModified":"2023-11-02T14:36:16+00:00","breadcrumb":{"@id":"https:\/\/sodip.net\/produit\/largueur-hydrostatique-e-hammar\/#breadcrumb"},"inLanguage":"en-GB","potentialAction":[{"@type":"ReadAction","target":["https:\/\/sodip.net\/produit\/largueur-hydrostatique-e-hammar\/"]}]},{"@type":"ImageObject","inLanguage":"en-GB","@id":"https:\/\/sodip.net\/produit\/largueur-hydrostatique-e-hammar\/#primaryimage","url":"https:\/\/sodip.net\/wp-content\/uploads\/2023\/11\/LARGUEUR-HYDROSTATIQUE-E-HAMMAR.png","contentUrl":"https:\/\/sodip.net\/wp-content\/uploads\/2023\/11\/LARGUEUR-HYDROSTATIQUE-E-HAMMAR.png","width":500,"height":500},{"@type":"BreadcrumbList","@id":"https:\/\/sodip.net\/produit\/largueur-hydrostatique-e-hammar\/#breadcrumb","itemListElement":[{"@type":"ListItem","position":1,"name":"Accueil","item":"https:\/\/sodip.net\/"},{"@type":"ListItem","position":2,"name":"Boutique","item":"https:\/\/sodip.net\/en\/boutique\/"},{"@type":"ListItem","position":3,"name":"LARGUEUR HYDROSTATIQUE-E HAMMAR"}]},{"@type":"WebSite","@id":"https:\/\/sodip.net\/en\/#website","url":"https:\/\/sodip.net\/en\/","name":"SODIP SARL","description":"Soci\u00e9t\u00e9 d&#039;ing\u00e9nierie et de production","publisher":{"@id":"https:\/\/sodip.net\/en\/#organization"},"potentialAction":[{"@type":"SearchAction","target":{"@type":"EntryPoint","urlTemplate":"https:\/\/sodip.net\/en\/?s={search_term_string}"},"query-input":"required name=search_term_string"}],"inLanguage":"en-GB"},{"@type":"Organization","@id":"https:\/\/sodip.net\/en\/#organization","name":"SODIP SARL","url":"https:\/\/sodip.net\/en\/","logo":{"@type":"ImageObject","inLanguage":"en-GB","@id":"https:\/\/sodip.net\/en\/#\/schema\/logo\/image\/","url":"https:\/\/sodip.net\/wp-content\/uploads\/2023\/09\/cropped-logo-1.png","contentUrl":"https:\/\/sodip.net\/wp-content\/uploads\/2023\/09\/cropped-logo-1.png","width":825,"height":213,"caption":"SODIP SARL"},"image":{"@id":"https:\/\/sodip.net\/en\/#\/schema\/logo\/image\/"}}]}},"_links":{"self":[{"href":"https:\/\/sodip.net\/en\/wp-json\/wp\/v2\/product\/7693","targetHints":{"allow":["GET"]}}],"collection":[{"href":"https:\/\/sodip.net\/en\/wp-json\/wp\/v2\/product"}],"about":[{"href":"https:\/\/sodip.net\/en\/wp-json\/wp\/v2\/types\/product"}],"replies":[{"embeddable":true,"href":"https:\/\/sodip.net\/en\/wp-json\/wp\/v2\/comments?post=7693"}],"wp:featuredmedia":[{"embeddable":true,"href":"https:\/\/sodip.net\/en\/wp-json\/wp\/v2\/media\/7698"}],"wp:attachment":[{"href":"https:\/\/sodip.net\/en\/wp-json\/wp\/v2\/media?parent=7693"}],"wp:term":[{"taxonomy":"product_cat","embeddable":true,"href":"https:\/\/sodip.net\/en\/wp-json\/wp\/v2\/product_cat?post=7693"},{"taxonomy":"product_tag","embeddable":true,"href":"https:\/\/sodip.net\/en\/wp-json\/wp\/v2\/product_tag?post=7693"}],"curies":[{"name":"wp","href":"https:\/\/api.w.org\/{rel}","templated":true}]}}