{"id":7689,"date":"2023-11-02T11:38:11","date_gmt":"2023-11-02T10:38:11","guid":{"rendered":"https:\/\/sodip.net\/?post_type=product&#038;p=7689"},"modified":"2023-11-02T15:38:47","modified_gmt":"2023-11-02T14:38:47","slug":"redningsvestlys-w4-a","status":"publish","type":"product","link":"https:\/\/sodip.net\/en\/product\/redningsvestlys-w4-a\/","title":{"rendered":"Redningsvestlys W4-A"},"content":{"rendered":"<h2 class=\"p1\"><strong>Redningsvestlys W4-A<\/strong><\/h2>\n<p>The Redningsvestlys W4-A is an essential accessory for your lifejacket. It's an automatic lifejacket that ensures your visibility in difficult situations. With this light attached to your lifejacket, you'll be easy to spot in the waves during rescue operations.<\/p>","protected":false},"excerpt":{"rendered":"<p>The Redningsvestlys W4-A is an essential accessory for your lifejacket. It's an automatic lifejacket that ensures your visibility in difficult situations. With this light attached to your lifejacket, you'll be easy to spot in the waves during rescue operations.<\/p>","protected":false},"featured_media":7701,"comment_status":"closed","ping_status":"closed","template":"","meta":{"inline_featured_image":false},"product_cat":[152,119],"product_tag":[],"class_list":["post-7689","product","type-product","status-publish","has-post-thumbnail","hentry","product_cat-acessoirs-de-survie","product_cat-survie-en-mer"],"yoast_head":"<!-- This site is optimized with the Yoast SEO plugin v22.8 - https:\/\/yoast.com\/wordpress\/plugins\/seo\/ -->\n<title>Redningsvestlys W4-A - SODIP SARL<\/title>\n<meta name=\"robots\" content=\"index, follow, max-snippet:-1, max-image-preview:large, max-video-preview:-1\" \/>\n<link rel=\"canonical\" href=\"https:\/\/sodip.net\/en\/product\/redningsvestlys-w4-a\/\" \/>\n<meta property=\"og:locale\" content=\"en_GB\" \/>\n<meta property=\"og:type\" content=\"article\" \/>\n<meta property=\"og:title\" content=\"Redningsvestlys W4-A - SODIP SARL\" \/>\n<meta property=\"og:description\" content=\"Le Redningsvestlys W4-A est un accessoire indispensable pour votre gilet de sauvetage.\u00a0Il s&#039;agit d&#039;un gilet de sauvetage automatique qui assure votre visibilit\u00e9 dans les situations difficiles.\u00a0Gr\u00e2ce \u00e0 cette lumi\u00e8re fix\u00e9e \u00e0 votre gilet de sauvetage, vous serez facilement rep\u00e9rable dans les vagues lors des op\u00e9rations de sauvetage.\" \/>\n<meta property=\"og:url\" content=\"https:\/\/sodip.net\/en\/product\/redningsvestlys-w4-a\/\" \/>\n<meta property=\"og:site_name\" content=\"SODIP SARL\" \/>\n<meta property=\"article:modified_time\" content=\"2023-11-02T14:38:47+00:00\" \/>\n<meta property=\"og:image\" content=\"https:\/\/sodip.net\/wp-content\/uploads\/2023\/11\/Redningsvestlys-W4-A.png\" \/>\n\t<meta property=\"og:image:width\" content=\"500\" \/>\n\t<meta property=\"og:image:height\" content=\"500\" \/>\n\t<meta property=\"og:image:type\" content=\"image\/png\" \/>\n<meta name=\"twitter:card\" content=\"summary_large_image\" \/>\n<script type=\"application\/ld+json\" class=\"yoast-schema-graph\">{\"@context\":\"https:\/\/schema.org\",\"@graph\":[{\"@type\":\"WebPage\",\"@id\":\"https:\/\/sodip.net\/produit\/redningsvestlys-w4-a\/\",\"url\":\"https:\/\/sodip.net\/produit\/redningsvestlys-w4-a\/\",\"name\":\"Redningsvestlys W4-A - SODIP SARL\",\"isPartOf\":{\"@id\":\"https:\/\/sodip.net\/en\/#website\"},\"primaryImageOfPage\":{\"@id\":\"https:\/\/sodip.net\/produit\/redningsvestlys-w4-a\/#primaryimage\"},\"image\":{\"@id\":\"https:\/\/sodip.net\/produit\/redningsvestlys-w4-a\/#primaryimage\"},\"thumbnailUrl\":\"https:\/\/sodip.net\/wp-content\/uploads\/2023\/11\/Redningsvestlys-W4-A.png\",\"datePublished\":\"2023-11-02T10:38:11+00:00\",\"dateModified\":\"2023-11-02T14:38:47+00:00\",\"breadcrumb\":{\"@id\":\"https:\/\/sodip.net\/produit\/redningsvestlys-w4-a\/#breadcrumb\"},\"inLanguage\":\"en-GB\",\"potentialAction\":[{\"@type\":\"ReadAction\",\"target\":[\"https:\/\/sodip.net\/produit\/redningsvestlys-w4-a\/\"]}]},{\"@type\":\"ImageObject\",\"inLanguage\":\"en-GB\",\"@id\":\"https:\/\/sodip.net\/produit\/redningsvestlys-w4-a\/#primaryimage\",\"url\":\"https:\/\/sodip.net\/wp-content\/uploads\/2023\/11\/Redningsvestlys-W4-A.png\",\"contentUrl\":\"https:\/\/sodip.net\/wp-content\/uploads\/2023\/11\/Redningsvestlys-W4-A.png\",\"width\":500,\"height\":500},{\"@type\":\"BreadcrumbList\",\"@id\":\"https:\/\/sodip.net\/produit\/redningsvestlys-w4-a\/#breadcrumb\",\"itemListElement\":[{\"@type\":\"ListItem\",\"position\":1,\"name\":\"Accueil\",\"item\":\"https:\/\/sodip.net\/\"},{\"@type\":\"ListItem\",\"position\":2,\"name\":\"Boutique\",\"item\":\"https:\/\/sodip.net\/en\/boutique\/\"},{\"@type\":\"ListItem\",\"position\":3,\"name\":\"Redningsvestlys W4-A\"}]},{\"@type\":\"WebSite\",\"@id\":\"https:\/\/sodip.net\/en\/#website\",\"url\":\"https:\/\/sodip.net\/en\/\",\"name\":\"SODIP SARL\",\"description\":\"Soci\u00e9t\u00e9 d&#039;ing\u00e9nierie et de production\",\"publisher\":{\"@id\":\"https:\/\/sodip.net\/en\/#organization\"},\"potentialAction\":[{\"@type\":\"SearchAction\",\"target\":{\"@type\":\"EntryPoint\",\"urlTemplate\":\"https:\/\/sodip.net\/en\/?s={search_term_string}\"},\"query-input\":\"required name=search_term_string\"}],\"inLanguage\":\"en-GB\"},{\"@type\":\"Organization\",\"@id\":\"https:\/\/sodip.net\/en\/#organization\",\"name\":\"SODIP SARL\",\"url\":\"https:\/\/sodip.net\/en\/\",\"logo\":{\"@type\":\"ImageObject\",\"inLanguage\":\"en-GB\",\"@id\":\"https:\/\/sodip.net\/en\/#\/schema\/logo\/image\/\",\"url\":\"https:\/\/sodip.net\/wp-content\/uploads\/2023\/09\/cropped-logo-1.png\",\"contentUrl\":\"https:\/\/sodip.net\/wp-content\/uploads\/2023\/09\/cropped-logo-1.png\",\"width\":825,\"height\":213,\"caption\":\"SODIP SARL\"},\"image\":{\"@id\":\"https:\/\/sodip.net\/en\/#\/schema\/logo\/image\/\"}}]}<\/script>\n<!-- \/ Yoast SEO plugin. -->","yoast_head_json":{"title":"Redningsvestlys W4-A - SODIP SARL","robots":{"index":"index","follow":"follow","max-snippet":"max-snippet:-1","max-image-preview":"max-image-preview:large","max-video-preview":"max-video-preview:-1"},"canonical":"https:\/\/sodip.net\/en\/product\/redningsvestlys-w4-a\/","og_locale":"en_GB","og_type":"article","og_title":"Redningsvestlys W4-A - SODIP SARL","og_description":"Le Redningsvestlys W4-A est un accessoire indispensable pour votre gilet de sauvetage.\u00a0Il s'agit d'un gilet de sauvetage automatique qui assure votre visibilit\u00e9 dans les situations difficiles.\u00a0Gr\u00e2ce \u00e0 cette lumi\u00e8re fix\u00e9e \u00e0 votre gilet de sauvetage, vous serez facilement rep\u00e9rable dans les vagues lors des op\u00e9rations de sauvetage.","og_url":"https:\/\/sodip.net\/en\/product\/redningsvestlys-w4-a\/","og_site_name":"SODIP SARL","article_modified_time":"2023-11-02T14:38:47+00:00","og_image":[{"width":500,"height":500,"url":"https:\/\/sodip.net\/wp-content\/uploads\/2023\/11\/Redningsvestlys-W4-A.png","type":"image\/png"}],"twitter_card":"summary_large_image","schema":{"@context":"https:\/\/schema.org","@graph":[{"@type":"WebPage","@id":"https:\/\/sodip.net\/produit\/redningsvestlys-w4-a\/","url":"https:\/\/sodip.net\/produit\/redningsvestlys-w4-a\/","name":"Redningsvestlys W4-A - SODIP SARL","isPartOf":{"@id":"https:\/\/sodip.net\/en\/#website"},"primaryImageOfPage":{"@id":"https:\/\/sodip.net\/produit\/redningsvestlys-w4-a\/#primaryimage"},"image":{"@id":"https:\/\/sodip.net\/produit\/redningsvestlys-w4-a\/#primaryimage"},"thumbnailUrl":"https:\/\/sodip.net\/wp-content\/uploads\/2023\/11\/Redningsvestlys-W4-A.png","datePublished":"2023-11-02T10:38:11+00:00","dateModified":"2023-11-02T14:38:47+00:00","breadcrumb":{"@id":"https:\/\/sodip.net\/produit\/redningsvestlys-w4-a\/#breadcrumb"},"inLanguage":"en-GB","potentialAction":[{"@type":"ReadAction","target":["https:\/\/sodip.net\/produit\/redningsvestlys-w4-a\/"]}]},{"@type":"ImageObject","inLanguage":"en-GB","@id":"https:\/\/sodip.net\/produit\/redningsvestlys-w4-a\/#primaryimage","url":"https:\/\/sodip.net\/wp-content\/uploads\/2023\/11\/Redningsvestlys-W4-A.png","contentUrl":"https:\/\/sodip.net\/wp-content\/uploads\/2023\/11\/Redningsvestlys-W4-A.png","width":500,"height":500},{"@type":"BreadcrumbList","@id":"https:\/\/sodip.net\/produit\/redningsvestlys-w4-a\/#breadcrumb","itemListElement":[{"@type":"ListItem","position":1,"name":"Accueil","item":"https:\/\/sodip.net\/"},{"@type":"ListItem","position":2,"name":"Boutique","item":"https:\/\/sodip.net\/en\/boutique\/"},{"@type":"ListItem","position":3,"name":"Redningsvestlys W4-A"}]},{"@type":"WebSite","@id":"https:\/\/sodip.net\/en\/#website","url":"https:\/\/sodip.net\/en\/","name":"SODIP SARL","description":"Soci\u00e9t\u00e9 d&#039;ing\u00e9nierie et de production","publisher":{"@id":"https:\/\/sodip.net\/en\/#organization"},"potentialAction":[{"@type":"SearchAction","target":{"@type":"EntryPoint","urlTemplate":"https:\/\/sodip.net\/en\/?s={search_term_string}"},"query-input":"required name=search_term_string"}],"inLanguage":"en-GB"},{"@type":"Organization","@id":"https:\/\/sodip.net\/en\/#organization","name":"SODIP SARL","url":"https:\/\/sodip.net\/en\/","logo":{"@type":"ImageObject","inLanguage":"en-GB","@id":"https:\/\/sodip.net\/en\/#\/schema\/logo\/image\/","url":"https:\/\/sodip.net\/wp-content\/uploads\/2023\/09\/cropped-logo-1.png","contentUrl":"https:\/\/sodip.net\/wp-content\/uploads\/2023\/09\/cropped-logo-1.png","width":825,"height":213,"caption":"SODIP SARL"},"image":{"@id":"https:\/\/sodip.net\/en\/#\/schema\/logo\/image\/"}}]}},"_links":{"self":[{"href":"https:\/\/sodip.net\/en\/wp-json\/wp\/v2\/product\/7689","targetHints":{"allow":["GET"]}}],"collection":[{"href":"https:\/\/sodip.net\/en\/wp-json\/wp\/v2\/product"}],"about":[{"href":"https:\/\/sodip.net\/en\/wp-json\/wp\/v2\/types\/product"}],"replies":[{"embeddable":true,"href":"https:\/\/sodip.net\/en\/wp-json\/wp\/v2\/comments?post=7689"}],"wp:featuredmedia":[{"embeddable":true,"href":"https:\/\/sodip.net\/en\/wp-json\/wp\/v2\/media\/7701"}],"wp:attachment":[{"href":"https:\/\/sodip.net\/en\/wp-json\/wp\/v2\/media?parent=7689"}],"wp:term":[{"taxonomy":"product_cat","embeddable":true,"href":"https:\/\/sodip.net\/en\/wp-json\/wp\/v2\/product_cat?post=7689"},{"taxonomy":"product_tag","embeddable":true,"href":"https:\/\/sodip.net\/en\/wp-json\/wp\/v2\/product_tag?post=7689"}],"curies":[{"name":"wp","href":"https:\/\/api.w.org\/{rel}","templated":true}]}}