{"id":7687,"date":"2023-11-02T11:33:53","date_gmt":"2023-11-02T10:33:53","guid":{"rendered":"https:\/\/sodip.net\/?post_type=product&#038;p=7687"},"modified":"2023-11-02T15:40:07","modified_gmt":"2023-11-02T14:40:07","slug":"gilet-de-sauvetage-en-mousse","status":"publish","type":"product","link":"https:\/\/sodip.net\/en\/product\/gilet-de-sauvetage-en-mousse\/","title":{"rendered":"Foam lifejacket"},"content":{"rendered":"<h2 class=\"p1\"><strong>Foam lifejacket<\/strong><\/h2>\n<p>The foam lifejacket can be folded to take up minimal space when stored. There is no dead buoyancy through the trunk, which means greater freedom of movement for the user, ultimately making it easier to board a survival craft.<\/p>","protected":false},"excerpt":{"rendered":"<p>The foam lifejacket can be folded to take up minimal space when stored. There is no dead buoyancy through the trunk, which means greater freedom of movement for the user, ultimately making it easier to board a survival craft.<\/p>","protected":false},"featured_media":7703,"comment_status":"closed","ping_status":"closed","template":"","meta":{"inline_featured_image":false},"product_cat":[135,119],"product_tag":[],"class_list":["post-7687","product","type-product","status-publish","has-post-thumbnail","hentry","product_cat-gilets-de-sauvetage","product_cat-survie-en-mer"],"yoast_head":"<!-- This site is optimized with the Yoast SEO plugin v22.8 - https:\/\/yoast.com\/wordpress\/plugins\/seo\/ -->\n<title>Gilet de sauvetage en mousse - SODIP SARL<\/title>\n<meta name=\"robots\" content=\"index, follow, max-snippet:-1, max-image-preview:large, max-video-preview:-1\" \/>\n<link rel=\"canonical\" href=\"https:\/\/sodip.net\/en\/product\/gilet-de-sauvetage-en-mousse\/\" \/>\n<meta property=\"og:locale\" content=\"en_GB\" \/>\n<meta property=\"og:type\" content=\"article\" \/>\n<meta property=\"og:title\" content=\"Gilet de sauvetage en mousse - SODIP SARL\" \/>\n<meta property=\"og:description\" content=\"Le gilet de sauvetage \u00e0 mousse peut \u00eatre pli\u00e9 pour prendre l&#039;espace minimal une fois stock\u00e9. Il n&#039;y a aucune flottabilit\u00e9 morte \u00e0 travers le coffre, qui signifie une meilleure libert\u00e9 de circulation pour l&#039;utilisateur, la facilitant finalement pour monter \u00e0 bord d&#039;une embarcation de survie.\" \/>\n<meta property=\"og:url\" content=\"https:\/\/sodip.net\/en\/product\/gilet-de-sauvetage-en-mousse\/\" \/>\n<meta property=\"og:site_name\" content=\"SODIP SARL\" \/>\n<meta property=\"article:modified_time\" content=\"2023-11-02T14:40:07+00:00\" \/>\n<meta property=\"og:image\" content=\"https:\/\/sodip.net\/wp-content\/uploads\/2023\/11\/Gilet-de-sauvetage-en-mousse.png\" \/>\n\t<meta property=\"og:image:width\" content=\"500\" \/>\n\t<meta property=\"og:image:height\" content=\"500\" \/>\n\t<meta property=\"og:image:type\" content=\"image\/png\" \/>\n<meta name=\"twitter:card\" content=\"summary_large_image\" \/>\n<script type=\"application\/ld+json\" class=\"yoast-schema-graph\">{\"@context\":\"https:\/\/schema.org\",\"@graph\":[{\"@type\":\"WebPage\",\"@id\":\"https:\/\/sodip.net\/en\/product\/gilet-de-sauvetage-en-mousse\/\",\"url\":\"https:\/\/sodip.net\/en\/product\/gilet-de-sauvetage-en-mousse\/\",\"name\":\"Gilet de sauvetage en mousse - SODIP SARL\",\"isPartOf\":{\"@id\":\"https:\/\/sodip.net\/en\/#website\"},\"primaryImageOfPage\":{\"@id\":\"https:\/\/sodip.net\/en\/product\/gilet-de-sauvetage-en-mousse\/#primaryimage\"},\"image\":{\"@id\":\"https:\/\/sodip.net\/en\/product\/gilet-de-sauvetage-en-mousse\/#primaryimage\"},\"thumbnailUrl\":\"https:\/\/sodip.net\/wp-content\/uploads\/2023\/11\/Gilet-de-sauvetage-en-mousse.png\",\"datePublished\":\"2023-11-02T10:33:53+00:00\",\"dateModified\":\"2023-11-02T14:40:07+00:00\",\"breadcrumb\":{\"@id\":\"https:\/\/sodip.net\/en\/product\/gilet-de-sauvetage-en-mousse\/#breadcrumb\"},\"inLanguage\":\"en-GB\",\"potentialAction\":[{\"@type\":\"ReadAction\",\"target\":[\"https:\/\/sodip.net\/en\/product\/gilet-de-sauvetage-en-mousse\/\"]}]},{\"@type\":\"ImageObject\",\"inLanguage\":\"en-GB\",\"@id\":\"https:\/\/sodip.net\/en\/product\/gilet-de-sauvetage-en-mousse\/#primaryimage\",\"url\":\"https:\/\/sodip.net\/wp-content\/uploads\/2023\/11\/Gilet-de-sauvetage-en-mousse.png\",\"contentUrl\":\"https:\/\/sodip.net\/wp-content\/uploads\/2023\/11\/Gilet-de-sauvetage-en-mousse.png\",\"width\":500,\"height\":500},{\"@type\":\"BreadcrumbList\",\"@id\":\"https:\/\/sodip.net\/en\/product\/gilet-de-sauvetage-en-mousse\/#breadcrumb\",\"itemListElement\":[{\"@type\":\"ListItem\",\"position\":1,\"name\":\"Accueil\",\"item\":\"https:\/\/sodip.net\/\"},{\"@type\":\"ListItem\",\"position\":2,\"name\":\"Boutique\",\"item\":\"https:\/\/sodip.net\/en\/boutique\/\"},{\"@type\":\"ListItem\",\"position\":3,\"name\":\"Gilet de sauvetage en mousse\"}]},{\"@type\":\"WebSite\",\"@id\":\"https:\/\/sodip.net\/en\/#website\",\"url\":\"https:\/\/sodip.net\/en\/\",\"name\":\"SODIP SARL\",\"description\":\"Soci\u00e9t\u00e9 d&#039;ing\u00e9nierie et de production\",\"publisher\":{\"@id\":\"https:\/\/sodip.net\/en\/#organization\"},\"potentialAction\":[{\"@type\":\"SearchAction\",\"target\":{\"@type\":\"EntryPoint\",\"urlTemplate\":\"https:\/\/sodip.net\/en\/?s={search_term_string}\"},\"query-input\":\"required name=search_term_string\"}],\"inLanguage\":\"en-GB\"},{\"@type\":\"Organization\",\"@id\":\"https:\/\/sodip.net\/en\/#organization\",\"name\":\"SODIP SARL\",\"url\":\"https:\/\/sodip.net\/en\/\",\"logo\":{\"@type\":\"ImageObject\",\"inLanguage\":\"en-GB\",\"@id\":\"https:\/\/sodip.net\/en\/#\/schema\/logo\/image\/\",\"url\":\"https:\/\/sodip.net\/wp-content\/uploads\/2023\/09\/cropped-logo-1.png\",\"contentUrl\":\"https:\/\/sodip.net\/wp-content\/uploads\/2023\/09\/cropped-logo-1.png\",\"width\":825,\"height\":213,\"caption\":\"SODIP SARL\"},\"image\":{\"@id\":\"https:\/\/sodip.net\/en\/#\/schema\/logo\/image\/\"}}]}<\/script>\n<!-- \/ Yoast SEO plugin. -->","yoast_head_json":{"title":"Gilet de sauvetage en mousse - SODIP SARL","robots":{"index":"index","follow":"follow","max-snippet":"max-snippet:-1","max-image-preview":"max-image-preview:large","max-video-preview":"max-video-preview:-1"},"canonical":"https:\/\/sodip.net\/en\/product\/gilet-de-sauvetage-en-mousse\/","og_locale":"en_GB","og_type":"article","og_title":"Gilet de sauvetage en mousse - SODIP SARL","og_description":"Le gilet de sauvetage \u00e0 mousse peut \u00eatre pli\u00e9 pour prendre l'espace minimal une fois stock\u00e9. Il n'y a aucune flottabilit\u00e9 morte \u00e0 travers le coffre, qui signifie une meilleure libert\u00e9 de circulation pour l'utilisateur, la facilitant finalement pour monter \u00e0 bord d'une embarcation de survie.","og_url":"https:\/\/sodip.net\/en\/product\/gilet-de-sauvetage-en-mousse\/","og_site_name":"SODIP SARL","article_modified_time":"2023-11-02T14:40:07+00:00","og_image":[{"width":500,"height":500,"url":"https:\/\/sodip.net\/wp-content\/uploads\/2023\/11\/Gilet-de-sauvetage-en-mousse.png","type":"image\/png"}],"twitter_card":"summary_large_image","schema":{"@context":"https:\/\/schema.org","@graph":[{"@type":"WebPage","@id":"https:\/\/sodip.net\/en\/product\/gilet-de-sauvetage-en-mousse\/","url":"https:\/\/sodip.net\/en\/product\/gilet-de-sauvetage-en-mousse\/","name":"Gilet de sauvetage en mousse - SODIP SARL","isPartOf":{"@id":"https:\/\/sodip.net\/en\/#website"},"primaryImageOfPage":{"@id":"https:\/\/sodip.net\/en\/product\/gilet-de-sauvetage-en-mousse\/#primaryimage"},"image":{"@id":"https:\/\/sodip.net\/en\/product\/gilet-de-sauvetage-en-mousse\/#primaryimage"},"thumbnailUrl":"https:\/\/sodip.net\/wp-content\/uploads\/2023\/11\/Gilet-de-sauvetage-en-mousse.png","datePublished":"2023-11-02T10:33:53+00:00","dateModified":"2023-11-02T14:40:07+00:00","breadcrumb":{"@id":"https:\/\/sodip.net\/en\/product\/gilet-de-sauvetage-en-mousse\/#breadcrumb"},"inLanguage":"en-GB","potentialAction":[{"@type":"ReadAction","target":["https:\/\/sodip.net\/en\/product\/gilet-de-sauvetage-en-mousse\/"]}]},{"@type":"ImageObject","inLanguage":"en-GB","@id":"https:\/\/sodip.net\/en\/product\/gilet-de-sauvetage-en-mousse\/#primaryimage","url":"https:\/\/sodip.net\/wp-content\/uploads\/2023\/11\/Gilet-de-sauvetage-en-mousse.png","contentUrl":"https:\/\/sodip.net\/wp-content\/uploads\/2023\/11\/Gilet-de-sauvetage-en-mousse.png","width":500,"height":500},{"@type":"BreadcrumbList","@id":"https:\/\/sodip.net\/en\/product\/gilet-de-sauvetage-en-mousse\/#breadcrumb","itemListElement":[{"@type":"ListItem","position":1,"name":"Accueil","item":"https:\/\/sodip.net\/"},{"@type":"ListItem","position":2,"name":"Boutique","item":"https:\/\/sodip.net\/en\/boutique\/"},{"@type":"ListItem","position":3,"name":"Gilet de sauvetage en mousse"}]},{"@type":"WebSite","@id":"https:\/\/sodip.net\/en\/#website","url":"https:\/\/sodip.net\/en\/","name":"SODIP SARL","description":"Soci\u00e9t\u00e9 d&#039;ing\u00e9nierie et de production","publisher":{"@id":"https:\/\/sodip.net\/en\/#organization"},"potentialAction":[{"@type":"SearchAction","target":{"@type":"EntryPoint","urlTemplate":"https:\/\/sodip.net\/en\/?s={search_term_string}"},"query-input":"required name=search_term_string"}],"inLanguage":"en-GB"},{"@type":"Organization","@id":"https:\/\/sodip.net\/en\/#organization","name":"SODIP SARL","url":"https:\/\/sodip.net\/en\/","logo":{"@type":"ImageObject","inLanguage":"en-GB","@id":"https:\/\/sodip.net\/en\/#\/schema\/logo\/image\/","url":"https:\/\/sodip.net\/wp-content\/uploads\/2023\/09\/cropped-logo-1.png","contentUrl":"https:\/\/sodip.net\/wp-content\/uploads\/2023\/09\/cropped-logo-1.png","width":825,"height":213,"caption":"SODIP SARL"},"image":{"@id":"https:\/\/sodip.net\/en\/#\/schema\/logo\/image\/"}}]}},"_links":{"self":[{"href":"https:\/\/sodip.net\/en\/wp-json\/wp\/v2\/product\/7687","targetHints":{"allow":["GET"]}}],"collection":[{"href":"https:\/\/sodip.net\/en\/wp-json\/wp\/v2\/product"}],"about":[{"href":"https:\/\/sodip.net\/en\/wp-json\/wp\/v2\/types\/product"}],"replies":[{"embeddable":true,"href":"https:\/\/sodip.net\/en\/wp-json\/wp\/v2\/comments?post=7687"}],"wp:featuredmedia":[{"embeddable":true,"href":"https:\/\/sodip.net\/en\/wp-json\/wp\/v2\/media\/7703"}],"wp:attachment":[{"href":"https:\/\/sodip.net\/en\/wp-json\/wp\/v2\/media?parent=7687"}],"wp:term":[{"taxonomy":"product_cat","embeddable":true,"href":"https:\/\/sodip.net\/en\/wp-json\/wp\/v2\/product_cat?post=7687"},{"taxonomy":"product_tag","embeddable":true,"href":"https:\/\/sodip.net\/en\/wp-json\/wp\/v2\/product_tag?post=7687"}],"curies":[{"name":"wp","href":"https:\/\/api.w.org\/{rel}","templated":true}]}}