{"id":7685,"date":"2023-11-02T11:28:13","date_gmt":"2023-11-02T10:28:13","guid":{"rendered":"https:\/\/sodip.net\/?post_type=product&#038;p=7685"},"modified":"2023-11-02T15:41:58","modified_gmt":"2023-11-02T14:41:58","slug":"combinaison-dimmersion-viking-yousafe-walk-to-work","status":"publish","type":"product","link":"https:\/\/sodip.net\/en\/product\/combinaison-dimmersion-viking-yousafe-walk-to-work\/","title":{"rendered":"Immersion suit - VIKING YouSafe Walk to Work"},"content":{"rendered":"<h2 class=\"p1\"><strong>Immersion suit - VIKING YouSafe Walk to Work<\/strong><\/h2>\n<p>This lightweight, one-hour SOLAS-approved immersion suit, packed in a practical pouch, makes crew transfer safer and easier.<\/p>","protected":false},"excerpt":{"rendered":"<p>This lightweight, one-hour SOLAS-approved immersion suit, packed in a practical pouch, makes crew transfer safer and easier.<\/p>","protected":false},"featured_media":7705,"comment_status":"closed","ping_status":"closed","template":"","meta":{"inline_featured_image":false},"product_cat":[134,119],"product_tag":[],"class_list":["post-7685","product","type-product","status-publish","has-post-thumbnail","hentry","product_cat-combiinaison-dimmersion","product_cat-survie-en-mer"],"yoast_head":"<!-- This site is optimized with the Yoast SEO plugin v22.8 - https:\/\/yoast.com\/wordpress\/plugins\/seo\/ -->\n<title>Combinaison d&#039;immersion - VIKING YouSafe Walk to Work - SODIP SARL<\/title>\n<meta name=\"robots\" content=\"index, follow, max-snippet:-1, max-image-preview:large, max-video-preview:-1\" \/>\n<link rel=\"canonical\" href=\"https:\/\/sodip.net\/en\/product\/combinaison-dimmersion-viking-yousafe-walk-to-work\/\" \/>\n<meta property=\"og:locale\" content=\"en_GB\" \/>\n<meta property=\"og:type\" content=\"article\" \/>\n<meta property=\"og:title\" content=\"Combinaison d&#039;immersion - VIKING YouSafe Walk to Work - SODIP SARL\" \/>\n<meta property=\"og:description\" content=\"Cette combinaison d&#039;immersion l\u00e9g\u00e8re d&#039;une heure approuv\u00e9e par SOLAS, emball\u00e9e dans une pochette pratique, rend le transfert de l&#039;\u00e9quipage plus s\u00fbr et plus facile.\" \/>\n<meta property=\"og:url\" content=\"https:\/\/sodip.net\/en\/product\/combinaison-dimmersion-viking-yousafe-walk-to-work\/\" \/>\n<meta property=\"og:site_name\" content=\"SODIP SARL\" \/>\n<meta property=\"article:modified_time\" content=\"2023-11-02T14:41:58+00:00\" \/>\n<meta property=\"og:image\" content=\"https:\/\/sodip.net\/wp-content\/uploads\/2023\/11\/Combinaison-dimmersion.png\" \/>\n\t<meta property=\"og:image:width\" content=\"500\" \/>\n\t<meta property=\"og:image:height\" content=\"500\" \/>\n\t<meta property=\"og:image:type\" content=\"image\/png\" \/>\n<meta name=\"twitter:card\" content=\"summary_large_image\" \/>\n<script type=\"application\/ld+json\" class=\"yoast-schema-graph\">{\"@context\":\"https:\/\/schema.org\",\"@graph\":[{\"@type\":\"WebPage\",\"@id\":\"https:\/\/sodip.net\/produit\/combinaison-dimmersion-viking-yousafe-walk-to-work\/\",\"url\":\"https:\/\/sodip.net\/produit\/combinaison-dimmersion-viking-yousafe-walk-to-work\/\",\"name\":\"Combinaison d'immersion - VIKING YouSafe Walk to Work - SODIP SARL\",\"isPartOf\":{\"@id\":\"https:\/\/sodip.net\/en\/#website\"},\"primaryImageOfPage\":{\"@id\":\"https:\/\/sodip.net\/produit\/combinaison-dimmersion-viking-yousafe-walk-to-work\/#primaryimage\"},\"image\":{\"@id\":\"https:\/\/sodip.net\/produit\/combinaison-dimmersion-viking-yousafe-walk-to-work\/#primaryimage\"},\"thumbnailUrl\":\"https:\/\/sodip.net\/wp-content\/uploads\/2023\/11\/Combinaison-dimmersion.png\",\"datePublished\":\"2023-11-02T10:28:13+00:00\",\"dateModified\":\"2023-11-02T14:41:58+00:00\",\"breadcrumb\":{\"@id\":\"https:\/\/sodip.net\/produit\/combinaison-dimmersion-viking-yousafe-walk-to-work\/#breadcrumb\"},\"inLanguage\":\"en-GB\",\"potentialAction\":[{\"@type\":\"ReadAction\",\"target\":[\"https:\/\/sodip.net\/produit\/combinaison-dimmersion-viking-yousafe-walk-to-work\/\"]}]},{\"@type\":\"ImageObject\",\"inLanguage\":\"en-GB\",\"@id\":\"https:\/\/sodip.net\/produit\/combinaison-dimmersion-viking-yousafe-walk-to-work\/#primaryimage\",\"url\":\"https:\/\/sodip.net\/wp-content\/uploads\/2023\/11\/Combinaison-dimmersion.png\",\"contentUrl\":\"https:\/\/sodip.net\/wp-content\/uploads\/2023\/11\/Combinaison-dimmersion.png\",\"width\":500,\"height\":500},{\"@type\":\"BreadcrumbList\",\"@id\":\"https:\/\/sodip.net\/produit\/combinaison-dimmersion-viking-yousafe-walk-to-work\/#breadcrumb\",\"itemListElement\":[{\"@type\":\"ListItem\",\"position\":1,\"name\":\"Accueil\",\"item\":\"https:\/\/sodip.net\/\"},{\"@type\":\"ListItem\",\"position\":2,\"name\":\"Boutique\",\"item\":\"https:\/\/sodip.net\/en\/boutique\/\"},{\"@type\":\"ListItem\",\"position\":3,\"name\":\"Combinaison d&#8217;immersion &#8211; VIKING YouSafe Walk to Work\"}]},{\"@type\":\"WebSite\",\"@id\":\"https:\/\/sodip.net\/en\/#website\",\"url\":\"https:\/\/sodip.net\/en\/\",\"name\":\"SODIP SARL\",\"description\":\"Soci\u00e9t\u00e9 d&#039;ing\u00e9nierie et de production\",\"publisher\":{\"@id\":\"https:\/\/sodip.net\/en\/#organization\"},\"potentialAction\":[{\"@type\":\"SearchAction\",\"target\":{\"@type\":\"EntryPoint\",\"urlTemplate\":\"https:\/\/sodip.net\/en\/?s={search_term_string}\"},\"query-input\":\"required name=search_term_string\"}],\"inLanguage\":\"en-GB\"},{\"@type\":\"Organization\",\"@id\":\"https:\/\/sodip.net\/en\/#organization\",\"name\":\"SODIP SARL\",\"url\":\"https:\/\/sodip.net\/en\/\",\"logo\":{\"@type\":\"ImageObject\",\"inLanguage\":\"en-GB\",\"@id\":\"https:\/\/sodip.net\/en\/#\/schema\/logo\/image\/\",\"url\":\"https:\/\/sodip.net\/wp-content\/uploads\/2023\/09\/cropped-logo-1.png\",\"contentUrl\":\"https:\/\/sodip.net\/wp-content\/uploads\/2023\/09\/cropped-logo-1.png\",\"width\":825,\"height\":213,\"caption\":\"SODIP SARL\"},\"image\":{\"@id\":\"https:\/\/sodip.net\/en\/#\/schema\/logo\/image\/\"}}]}<\/script>\n<!-- \/ Yoast SEO plugin. -->","yoast_head_json":{"title":"Combinaison d'immersion - VIKING YouSafe Walk to Work - SODIP SARL","robots":{"index":"index","follow":"follow","max-snippet":"max-snippet:-1","max-image-preview":"max-image-preview:large","max-video-preview":"max-video-preview:-1"},"canonical":"https:\/\/sodip.net\/en\/product\/combinaison-dimmersion-viking-yousafe-walk-to-work\/","og_locale":"en_GB","og_type":"article","og_title":"Combinaison d'immersion - VIKING YouSafe Walk to Work - SODIP SARL","og_description":"Cette combinaison d'immersion l\u00e9g\u00e8re d'une heure approuv\u00e9e par SOLAS, emball\u00e9e dans une pochette pratique, rend le transfert de l'\u00e9quipage plus s\u00fbr et plus facile.","og_url":"https:\/\/sodip.net\/en\/product\/combinaison-dimmersion-viking-yousafe-walk-to-work\/","og_site_name":"SODIP SARL","article_modified_time":"2023-11-02T14:41:58+00:00","og_image":[{"width":500,"height":500,"url":"https:\/\/sodip.net\/wp-content\/uploads\/2023\/11\/Combinaison-dimmersion.png","type":"image\/png"}],"twitter_card":"summary_large_image","schema":{"@context":"https:\/\/schema.org","@graph":[{"@type":"WebPage","@id":"https:\/\/sodip.net\/produit\/combinaison-dimmersion-viking-yousafe-walk-to-work\/","url":"https:\/\/sodip.net\/produit\/combinaison-dimmersion-viking-yousafe-walk-to-work\/","name":"Combinaison d'immersion - VIKING YouSafe Walk to Work - SODIP SARL","isPartOf":{"@id":"https:\/\/sodip.net\/en\/#website"},"primaryImageOfPage":{"@id":"https:\/\/sodip.net\/produit\/combinaison-dimmersion-viking-yousafe-walk-to-work\/#primaryimage"},"image":{"@id":"https:\/\/sodip.net\/produit\/combinaison-dimmersion-viking-yousafe-walk-to-work\/#primaryimage"},"thumbnailUrl":"https:\/\/sodip.net\/wp-content\/uploads\/2023\/11\/Combinaison-dimmersion.png","datePublished":"2023-11-02T10:28:13+00:00","dateModified":"2023-11-02T14:41:58+00:00","breadcrumb":{"@id":"https:\/\/sodip.net\/produit\/combinaison-dimmersion-viking-yousafe-walk-to-work\/#breadcrumb"},"inLanguage":"en-GB","potentialAction":[{"@type":"ReadAction","target":["https:\/\/sodip.net\/produit\/combinaison-dimmersion-viking-yousafe-walk-to-work\/"]}]},{"@type":"ImageObject","inLanguage":"en-GB","@id":"https:\/\/sodip.net\/produit\/combinaison-dimmersion-viking-yousafe-walk-to-work\/#primaryimage","url":"https:\/\/sodip.net\/wp-content\/uploads\/2023\/11\/Combinaison-dimmersion.png","contentUrl":"https:\/\/sodip.net\/wp-content\/uploads\/2023\/11\/Combinaison-dimmersion.png","width":500,"height":500},{"@type":"BreadcrumbList","@id":"https:\/\/sodip.net\/produit\/combinaison-dimmersion-viking-yousafe-walk-to-work\/#breadcrumb","itemListElement":[{"@type":"ListItem","position":1,"name":"Accueil","item":"https:\/\/sodip.net\/"},{"@type":"ListItem","position":2,"name":"Boutique","item":"https:\/\/sodip.net\/en\/boutique\/"},{"@type":"ListItem","position":3,"name":"Combinaison d&#8217;immersion &#8211; VIKING YouSafe Walk to Work"}]},{"@type":"WebSite","@id":"https:\/\/sodip.net\/en\/#website","url":"https:\/\/sodip.net\/en\/","name":"SODIP SARL","description":"Soci\u00e9t\u00e9 d&#039;ing\u00e9nierie et de production","publisher":{"@id":"https:\/\/sodip.net\/en\/#organization"},"potentialAction":[{"@type":"SearchAction","target":{"@type":"EntryPoint","urlTemplate":"https:\/\/sodip.net\/en\/?s={search_term_string}"},"query-input":"required name=search_term_string"}],"inLanguage":"en-GB"},{"@type":"Organization","@id":"https:\/\/sodip.net\/en\/#organization","name":"SODIP SARL","url":"https:\/\/sodip.net\/en\/","logo":{"@type":"ImageObject","inLanguage":"en-GB","@id":"https:\/\/sodip.net\/en\/#\/schema\/logo\/image\/","url":"https:\/\/sodip.net\/wp-content\/uploads\/2023\/09\/cropped-logo-1.png","contentUrl":"https:\/\/sodip.net\/wp-content\/uploads\/2023\/09\/cropped-logo-1.png","width":825,"height":213,"caption":"SODIP SARL"},"image":{"@id":"https:\/\/sodip.net\/en\/#\/schema\/logo\/image\/"}}]}},"_links":{"self":[{"href":"https:\/\/sodip.net\/en\/wp-json\/wp\/v2\/product\/7685","targetHints":{"allow":["GET"]}}],"collection":[{"href":"https:\/\/sodip.net\/en\/wp-json\/wp\/v2\/product"}],"about":[{"href":"https:\/\/sodip.net\/en\/wp-json\/wp\/v2\/types\/product"}],"replies":[{"embeddable":true,"href":"https:\/\/sodip.net\/en\/wp-json\/wp\/v2\/comments?post=7685"}],"wp:featuredmedia":[{"embeddable":true,"href":"https:\/\/sodip.net\/en\/wp-json\/wp\/v2\/media\/7705"}],"wp:attachment":[{"href":"https:\/\/sodip.net\/en\/wp-json\/wp\/v2\/media?parent=7685"}],"wp:term":[{"taxonomy":"product_cat","embeddable":true,"href":"https:\/\/sodip.net\/en\/wp-json\/wp\/v2\/product_cat?post=7685"},{"taxonomy":"product_tag","embeddable":true,"href":"https:\/\/sodip.net\/en\/wp-json\/wp\/v2\/product_tag?post=7685"}],"curies":[{"name":"wp","href":"https:\/\/api.w.org\/{rel}","templated":true}]}}