{"id":7684,"date":"2023-11-02T11:25:57","date_gmt":"2023-11-02T10:25:57","guid":{"rendered":"https:\/\/sodip.net\/?post_type=product&#038;p=7684"},"modified":"2023-11-08T12:05:38","modified_gmt":"2023-11-08T11:05:38","slug":"ribo","status":"publish","type":"product","link":"https:\/\/sodip.net\/en\/product\/ribo\/","title":{"rendered":"RIBO"},"content":{"rendered":"<h2 class=\"p1\"><strong>RIBO<\/strong><\/h2>\n<p>Boats specially designed for search and rescue operations in the harshest environments. The range includes different sizes to meet multiple objectives and requirements, tailored to your operational needs. Offering perfect seaworthiness, shock attenuation and low freeboard, these boats are ideal for optimizing stability and maneuverability when critical support is required.<\/p>","protected":false},"excerpt":{"rendered":"<p>Boats specially designed for search and rescue operations in the harshest environments. The range includes different sizes to meet multiple objectives and requirements, tailored to your operational needs. Offering perfect seaworthiness, shock attenuation and low freeboard, these boats are ideal for optimizing stability and maneuverability when critical support is required.<\/p>","protected":false},"featured_media":7706,"comment_status":"closed","ping_status":"closed","template":"","meta":{"inline_featured_image":false},"product_cat":[158,119],"product_tag":[],"class_list":["post-7684","product","type-product","status-publish","has-post-thumbnail","hentry","product_cat-bateaux-gonflables","product_cat-survie-en-mer"],"yoast_head":"<!-- This site is optimized with the Yoast SEO plugin v22.8 - https:\/\/yoast.com\/wordpress\/plugins\/seo\/ -->\n<title>RIBO - SODIP SARL<\/title>\n<meta name=\"robots\" content=\"index, follow, max-snippet:-1, max-image-preview:large, max-video-preview:-1\" \/>\n<link rel=\"canonical\" href=\"https:\/\/sodip.net\/en\/product\/ribo\/\" \/>\n<meta property=\"og:locale\" content=\"en_GB\" \/>\n<meta property=\"og:type\" content=\"article\" \/>\n<meta property=\"og:title\" content=\"RIBO - SODIP SARL\" \/>\n<meta property=\"og:description\" content=\"Bateaux sp\u00e9cialement con\u00e7us pour les op\u00e9rations de recherche et de sauvetage dans les environnements les plus difficiles. La gamme comprend diff\u00e9rentes tailles pour r\u00e9pondre \u00e0 de multiples objectifs et exigences, adapt\u00e9es \u00e0 vos besoins op\u00e9rationnels. Offrant une parfaite navigabilit\u00e9, une att\u00e9nuation des chocs et un faible franc-bord, ces embarcations sont id\u00e9ales pour optimiser la stabilit\u00e9 et la man\u0153uvrabilit\u00e9 lorsqu&#039;un soutien critique est n\u00e9cessaire.\" \/>\n<meta property=\"og:url\" content=\"https:\/\/sodip.net\/en\/product\/ribo\/\" \/>\n<meta property=\"og:site_name\" content=\"SODIP SARL\" \/>\n<meta property=\"article:modified_time\" content=\"2023-11-08T11:05:38+00:00\" \/>\n<meta property=\"og:image\" content=\"https:\/\/sodip.net\/wp-content\/uploads\/2023\/11\/RIBO.png\" \/>\n\t<meta property=\"og:image:width\" content=\"500\" \/>\n\t<meta property=\"og:image:height\" content=\"500\" \/>\n\t<meta property=\"og:image:type\" content=\"image\/png\" \/>\n<meta name=\"twitter:card\" content=\"summary_large_image\" \/>\n<script type=\"application\/ld+json\" class=\"yoast-schema-graph\">{\"@context\":\"https:\/\/schema.org\",\"@graph\":[{\"@type\":\"WebPage\",\"@id\":\"https:\/\/sodip.net\/produit\/ribo\/\",\"url\":\"https:\/\/sodip.net\/produit\/ribo\/\",\"name\":\"RIBO - SODIP SARL\",\"isPartOf\":{\"@id\":\"https:\/\/sodip.net\/en\/#website\"},\"primaryImageOfPage\":{\"@id\":\"https:\/\/sodip.net\/produit\/ribo\/#primaryimage\"},\"image\":{\"@id\":\"https:\/\/sodip.net\/produit\/ribo\/#primaryimage\"},\"thumbnailUrl\":\"https:\/\/sodip.net\/wp-content\/uploads\/2023\/11\/RIBO.png\",\"datePublished\":\"2023-11-02T10:25:57+00:00\",\"dateModified\":\"2023-11-08T11:05:38+00:00\",\"breadcrumb\":{\"@id\":\"https:\/\/sodip.net\/produit\/ribo\/#breadcrumb\"},\"inLanguage\":\"en-GB\",\"potentialAction\":[{\"@type\":\"ReadAction\",\"target\":[\"https:\/\/sodip.net\/produit\/ribo\/\"]}]},{\"@type\":\"ImageObject\",\"inLanguage\":\"en-GB\",\"@id\":\"https:\/\/sodip.net\/produit\/ribo\/#primaryimage\",\"url\":\"https:\/\/sodip.net\/wp-content\/uploads\/2023\/11\/RIBO.png\",\"contentUrl\":\"https:\/\/sodip.net\/wp-content\/uploads\/2023\/11\/RIBO.png\",\"width\":500,\"height\":500},{\"@type\":\"BreadcrumbList\",\"@id\":\"https:\/\/sodip.net\/produit\/ribo\/#breadcrumb\",\"itemListElement\":[{\"@type\":\"ListItem\",\"position\":1,\"name\":\"Accueil\",\"item\":\"https:\/\/sodip.net\/\"},{\"@type\":\"ListItem\",\"position\":2,\"name\":\"Boutique\",\"item\":\"https:\/\/sodip.net\/en\/boutique\/\"},{\"@type\":\"ListItem\",\"position\":3,\"name\":\"RIBO\"}]},{\"@type\":\"WebSite\",\"@id\":\"https:\/\/sodip.net\/en\/#website\",\"url\":\"https:\/\/sodip.net\/en\/\",\"name\":\"SODIP SARL\",\"description\":\"Soci\u00e9t\u00e9 d&#039;ing\u00e9nierie et de production\",\"publisher\":{\"@id\":\"https:\/\/sodip.net\/en\/#organization\"},\"potentialAction\":[{\"@type\":\"SearchAction\",\"target\":{\"@type\":\"EntryPoint\",\"urlTemplate\":\"https:\/\/sodip.net\/en\/?s={search_term_string}\"},\"query-input\":\"required name=search_term_string\"}],\"inLanguage\":\"en-GB\"},{\"@type\":\"Organization\",\"@id\":\"https:\/\/sodip.net\/en\/#organization\",\"name\":\"SODIP SARL\",\"url\":\"https:\/\/sodip.net\/en\/\",\"logo\":{\"@type\":\"ImageObject\",\"inLanguage\":\"en-GB\",\"@id\":\"https:\/\/sodip.net\/en\/#\/schema\/logo\/image\/\",\"url\":\"https:\/\/sodip.net\/wp-content\/uploads\/2023\/09\/cropped-logo-1.png\",\"contentUrl\":\"https:\/\/sodip.net\/wp-content\/uploads\/2023\/09\/cropped-logo-1.png\",\"width\":825,\"height\":213,\"caption\":\"SODIP SARL\"},\"image\":{\"@id\":\"https:\/\/sodip.net\/en\/#\/schema\/logo\/image\/\"}}]}<\/script>\n<!-- \/ Yoast SEO plugin. -->","yoast_head_json":{"title":"RIBO - SODIP SARL","robots":{"index":"index","follow":"follow","max-snippet":"max-snippet:-1","max-image-preview":"max-image-preview:large","max-video-preview":"max-video-preview:-1"},"canonical":"https:\/\/sodip.net\/en\/product\/ribo\/","og_locale":"en_GB","og_type":"article","og_title":"RIBO - SODIP SARL","og_description":"Bateaux sp\u00e9cialement con\u00e7us pour les op\u00e9rations de recherche et de sauvetage dans les environnements les plus difficiles. La gamme comprend diff\u00e9rentes tailles pour r\u00e9pondre \u00e0 de multiples objectifs et exigences, adapt\u00e9es \u00e0 vos besoins op\u00e9rationnels. Offrant une parfaite navigabilit\u00e9, une att\u00e9nuation des chocs et un faible franc-bord, ces embarcations sont id\u00e9ales pour optimiser la stabilit\u00e9 et la man\u0153uvrabilit\u00e9 lorsqu'un soutien critique est n\u00e9cessaire.","og_url":"https:\/\/sodip.net\/en\/product\/ribo\/","og_site_name":"SODIP SARL","article_modified_time":"2023-11-08T11:05:38+00:00","og_image":[{"width":500,"height":500,"url":"https:\/\/sodip.net\/wp-content\/uploads\/2023\/11\/RIBO.png","type":"image\/png"}],"twitter_card":"summary_large_image","schema":{"@context":"https:\/\/schema.org","@graph":[{"@type":"WebPage","@id":"https:\/\/sodip.net\/produit\/ribo\/","url":"https:\/\/sodip.net\/produit\/ribo\/","name":"RIBO - SODIP SARL","isPartOf":{"@id":"https:\/\/sodip.net\/en\/#website"},"primaryImageOfPage":{"@id":"https:\/\/sodip.net\/produit\/ribo\/#primaryimage"},"image":{"@id":"https:\/\/sodip.net\/produit\/ribo\/#primaryimage"},"thumbnailUrl":"https:\/\/sodip.net\/wp-content\/uploads\/2023\/11\/RIBO.png","datePublished":"2023-11-02T10:25:57+00:00","dateModified":"2023-11-08T11:05:38+00:00","breadcrumb":{"@id":"https:\/\/sodip.net\/produit\/ribo\/#breadcrumb"},"inLanguage":"en-GB","potentialAction":[{"@type":"ReadAction","target":["https:\/\/sodip.net\/produit\/ribo\/"]}]},{"@type":"ImageObject","inLanguage":"en-GB","@id":"https:\/\/sodip.net\/produit\/ribo\/#primaryimage","url":"https:\/\/sodip.net\/wp-content\/uploads\/2023\/11\/RIBO.png","contentUrl":"https:\/\/sodip.net\/wp-content\/uploads\/2023\/11\/RIBO.png","width":500,"height":500},{"@type":"BreadcrumbList","@id":"https:\/\/sodip.net\/produit\/ribo\/#breadcrumb","itemListElement":[{"@type":"ListItem","position":1,"name":"Accueil","item":"https:\/\/sodip.net\/"},{"@type":"ListItem","position":2,"name":"Boutique","item":"https:\/\/sodip.net\/en\/boutique\/"},{"@type":"ListItem","position":3,"name":"RIBO"}]},{"@type":"WebSite","@id":"https:\/\/sodip.net\/en\/#website","url":"https:\/\/sodip.net\/en\/","name":"SODIP SARL","description":"Soci\u00e9t\u00e9 d&#039;ing\u00e9nierie et de production","publisher":{"@id":"https:\/\/sodip.net\/en\/#organization"},"potentialAction":[{"@type":"SearchAction","target":{"@type":"EntryPoint","urlTemplate":"https:\/\/sodip.net\/en\/?s={search_term_string}"},"query-input":"required name=search_term_string"}],"inLanguage":"en-GB"},{"@type":"Organization","@id":"https:\/\/sodip.net\/en\/#organization","name":"SODIP SARL","url":"https:\/\/sodip.net\/en\/","logo":{"@type":"ImageObject","inLanguage":"en-GB","@id":"https:\/\/sodip.net\/en\/#\/schema\/logo\/image\/","url":"https:\/\/sodip.net\/wp-content\/uploads\/2023\/09\/cropped-logo-1.png","contentUrl":"https:\/\/sodip.net\/wp-content\/uploads\/2023\/09\/cropped-logo-1.png","width":825,"height":213,"caption":"SODIP SARL"},"image":{"@id":"https:\/\/sodip.net\/en\/#\/schema\/logo\/image\/"}}]}},"_links":{"self":[{"href":"https:\/\/sodip.net\/en\/wp-json\/wp\/v2\/product\/7684","targetHints":{"allow":["GET"]}}],"collection":[{"href":"https:\/\/sodip.net\/en\/wp-json\/wp\/v2\/product"}],"about":[{"href":"https:\/\/sodip.net\/en\/wp-json\/wp\/v2\/types\/product"}],"replies":[{"embeddable":true,"href":"https:\/\/sodip.net\/en\/wp-json\/wp\/v2\/comments?post=7684"}],"wp:featuredmedia":[{"embeddable":true,"href":"https:\/\/sodip.net\/en\/wp-json\/wp\/v2\/media\/7706"}],"wp:attachment":[{"href":"https:\/\/sodip.net\/en\/wp-json\/wp\/v2\/media?parent=7684"}],"wp:term":[{"taxonomy":"product_cat","embeddable":true,"href":"https:\/\/sodip.net\/en\/wp-json\/wp\/v2\/product_cat?post=7684"},{"taxonomy":"product_tag","embeddable":true,"href":"https:\/\/sodip.net\/en\/wp-json\/wp\/v2\/product_tag?post=7684"}],"curies":[{"name":"wp","href":"https:\/\/api.w.org\/{rel}","templated":true}]}}