{"id":7682,"date":"2023-11-02T10:54:08","date_gmt":"2023-11-02T09:54:08","guid":{"rendered":"https:\/\/sodip.net\/?post_type=product&#038;p=7682"},"modified":"2023-11-14T12:39:44","modified_gmt":"2023-11-14T11:39:44","slug":"dk-dkf-dke-s30","status":"publish","type":"product","link":"https:\/\/sodip.net\/en\/product\/dk-dkf-dke-s30\/","title":{"rendered":"VIKING DK+\/ DKF+\/ DK+E\/ S30"},"content":{"rendered":"<h2 class=\"p1\"><strong>DK+\/ DKF+\/ DK+E\/ S30<\/strong><\/h2>\n<p>Inflatable liferafts are designed for rapid inflation and deployment, and once at sea or in open water, they must keep people safe until help arrives. It's essential to choose a high-quality liferaft, just in case the worst happens.<\/p>","protected":false},"excerpt":{"rendered":"<p>Inflatable liferafts are designed for rapid inflation and deployment, and once at sea or in open water, they must keep people safe until help arrives. It's essential to choose a high-quality liferaft, just in case the worst happens.<\/p>\n<p>Disponible de 8 \u00e0 50 places<\/p>","protected":false},"featured_media":8056,"comment_status":"closed","ping_status":"closed","template":"","meta":{"inline_featured_image":false},"product_cat":[132,119],"product_tag":[],"class_list":["post-7682","product","type-product","status-publish","has-post-thumbnail","hentry","product_cat-radeaux","product_cat-survie-en-mer"],"yoast_head":"<!-- This site is optimized with the Yoast SEO plugin v22.8 - https:\/\/yoast.com\/wordpress\/plugins\/seo\/ -->\n<title>VIKING DK+\/ DKF+\/ DK+E\/ S30 - SODIP SARL<\/title>\n<meta name=\"robots\" content=\"index, follow, max-snippet:-1, max-image-preview:large, max-video-preview:-1\" \/>\n<link rel=\"canonical\" href=\"https:\/\/sodip.net\/en\/product\/dk-dkf-dke-s30\/\" \/>\n<meta property=\"og:locale\" content=\"en_GB\" \/>\n<meta property=\"og:type\" content=\"article\" \/>\n<meta property=\"og:title\" content=\"VIKING DK+\/ DKF+\/ DK+E\/ S30 - SODIP SARL\" \/>\n<meta property=\"og:description\" content=\"Les radeaux de sauvetage gonflables sont con\u00e7us pour un gonflage et un d\u00e9ploiement rapides, et une fois en mer ou en eau libre, ils doivent assurer la s\u00e9curit\u00e9 des personnes jusqu\u2019\u00e0 l\u2019arriv\u00e9e des secours. Il est essentiel de choisir un radeau de sauvetage de haute qualit\u00e9, au cas o\u00f9 le pire se produirait.  Disponible de 8 \u00e0 50 places\" \/>\n<meta property=\"og:url\" content=\"https:\/\/sodip.net\/en\/product\/dk-dkf-dke-s30\/\" \/>\n<meta property=\"og:site_name\" content=\"SODIP SARL\" \/>\n<meta property=\"article:modified_time\" content=\"2023-11-14T11:39:44+00:00\" \/>\n<meta property=\"og:image\" content=\"https:\/\/sodip.net\/wp-content\/uploads\/2023\/11\/viking.png\" \/>\n\t<meta property=\"og:image:width\" content=\"500\" \/>\n\t<meta property=\"og:image:height\" content=\"500\" \/>\n\t<meta property=\"og:image:type\" content=\"image\/png\" \/>\n<meta name=\"twitter:card\" content=\"summary_large_image\" \/>\n<script type=\"application\/ld+json\" class=\"yoast-schema-graph\">{\"@context\":\"https:\/\/schema.org\",\"@graph\":[{\"@type\":\"WebPage\",\"@id\":\"https:\/\/sodip.net\/produit\/dk-dkf-dke-s30\/\",\"url\":\"https:\/\/sodip.net\/produit\/dk-dkf-dke-s30\/\",\"name\":\"VIKING DK+\/ DKF+\/ DK+E\/ S30 - SODIP SARL\",\"isPartOf\":{\"@id\":\"https:\/\/sodip.net\/en\/#website\"},\"primaryImageOfPage\":{\"@id\":\"https:\/\/sodip.net\/produit\/dk-dkf-dke-s30\/#primaryimage\"},\"image\":{\"@id\":\"https:\/\/sodip.net\/produit\/dk-dkf-dke-s30\/#primaryimage\"},\"thumbnailUrl\":\"https:\/\/sodip.net\/wp-content\/uploads\/2023\/11\/viking.png\",\"datePublished\":\"2023-11-02T09:54:08+00:00\",\"dateModified\":\"2023-11-14T11:39:44+00:00\",\"breadcrumb\":{\"@id\":\"https:\/\/sodip.net\/produit\/dk-dkf-dke-s30\/#breadcrumb\"},\"inLanguage\":\"en-GB\",\"potentialAction\":[{\"@type\":\"ReadAction\",\"target\":[\"https:\/\/sodip.net\/produit\/dk-dkf-dke-s30\/\"]}]},{\"@type\":\"ImageObject\",\"inLanguage\":\"en-GB\",\"@id\":\"https:\/\/sodip.net\/produit\/dk-dkf-dke-s30\/#primaryimage\",\"url\":\"https:\/\/sodip.net\/wp-content\/uploads\/2023\/11\/viking.png\",\"contentUrl\":\"https:\/\/sodip.net\/wp-content\/uploads\/2023\/11\/viking.png\",\"width\":500,\"height\":500},{\"@type\":\"BreadcrumbList\",\"@id\":\"https:\/\/sodip.net\/produit\/dk-dkf-dke-s30\/#breadcrumb\",\"itemListElement\":[{\"@type\":\"ListItem\",\"position\":1,\"name\":\"Accueil\",\"item\":\"https:\/\/sodip.net\/\"},{\"@type\":\"ListItem\",\"position\":2,\"name\":\"Boutique\",\"item\":\"https:\/\/sodip.net\/en\/boutique\/\"},{\"@type\":\"ListItem\",\"position\":3,\"name\":\"VIKING DK+\/ DKF+\/ DK+E\/ S30\"}]},{\"@type\":\"WebSite\",\"@id\":\"https:\/\/sodip.net\/en\/#website\",\"url\":\"https:\/\/sodip.net\/en\/\",\"name\":\"SODIP SARL\",\"description\":\"Soci\u00e9t\u00e9 d&#039;ing\u00e9nierie et de production\",\"publisher\":{\"@id\":\"https:\/\/sodip.net\/en\/#organization\"},\"potentialAction\":[{\"@type\":\"SearchAction\",\"target\":{\"@type\":\"EntryPoint\",\"urlTemplate\":\"https:\/\/sodip.net\/en\/?s={search_term_string}\"},\"query-input\":\"required name=search_term_string\"}],\"inLanguage\":\"en-GB\"},{\"@type\":\"Organization\",\"@id\":\"https:\/\/sodip.net\/en\/#organization\",\"name\":\"SODIP SARL\",\"url\":\"https:\/\/sodip.net\/en\/\",\"logo\":{\"@type\":\"ImageObject\",\"inLanguage\":\"en-GB\",\"@id\":\"https:\/\/sodip.net\/en\/#\/schema\/logo\/image\/\",\"url\":\"https:\/\/sodip.net\/wp-content\/uploads\/2023\/09\/cropped-logo-1.png\",\"contentUrl\":\"https:\/\/sodip.net\/wp-content\/uploads\/2023\/09\/cropped-logo-1.png\",\"width\":825,\"height\":213,\"caption\":\"SODIP SARL\"},\"image\":{\"@id\":\"https:\/\/sodip.net\/en\/#\/schema\/logo\/image\/\"}}]}<\/script>\n<!-- \/ Yoast SEO plugin. -->","yoast_head_json":{"title":"VIKING DK+\/ DKF+\/ DK+E\/ S30 - SODIP SARL","robots":{"index":"index","follow":"follow","max-snippet":"max-snippet:-1","max-image-preview":"max-image-preview:large","max-video-preview":"max-video-preview:-1"},"canonical":"https:\/\/sodip.net\/en\/product\/dk-dkf-dke-s30\/","og_locale":"en_GB","og_type":"article","og_title":"VIKING DK+\/ DKF+\/ DK+E\/ S30 - SODIP SARL","og_description":"Les radeaux de sauvetage gonflables sont con\u00e7us pour un gonflage et un d\u00e9ploiement rapides, et une fois en mer ou en eau libre, ils doivent assurer la s\u00e9curit\u00e9 des personnes jusqu\u2019\u00e0 l\u2019arriv\u00e9e des secours. Il est essentiel de choisir un radeau de sauvetage de haute qualit\u00e9, au cas o\u00f9 le pire se produirait.  Disponible de 8 \u00e0 50 places","og_url":"https:\/\/sodip.net\/en\/product\/dk-dkf-dke-s30\/","og_site_name":"SODIP SARL","article_modified_time":"2023-11-14T11:39:44+00:00","og_image":[{"width":500,"height":500,"url":"https:\/\/sodip.net\/wp-content\/uploads\/2023\/11\/viking.png","type":"image\/png"}],"twitter_card":"summary_large_image","schema":{"@context":"https:\/\/schema.org","@graph":[{"@type":"WebPage","@id":"https:\/\/sodip.net\/produit\/dk-dkf-dke-s30\/","url":"https:\/\/sodip.net\/produit\/dk-dkf-dke-s30\/","name":"VIKING DK+\/ DKF+\/ DK+E\/ S30 - SODIP SARL","isPartOf":{"@id":"https:\/\/sodip.net\/en\/#website"},"primaryImageOfPage":{"@id":"https:\/\/sodip.net\/produit\/dk-dkf-dke-s30\/#primaryimage"},"image":{"@id":"https:\/\/sodip.net\/produit\/dk-dkf-dke-s30\/#primaryimage"},"thumbnailUrl":"https:\/\/sodip.net\/wp-content\/uploads\/2023\/11\/viking.png","datePublished":"2023-11-02T09:54:08+00:00","dateModified":"2023-11-14T11:39:44+00:00","breadcrumb":{"@id":"https:\/\/sodip.net\/produit\/dk-dkf-dke-s30\/#breadcrumb"},"inLanguage":"en-GB","potentialAction":[{"@type":"ReadAction","target":["https:\/\/sodip.net\/produit\/dk-dkf-dke-s30\/"]}]},{"@type":"ImageObject","inLanguage":"en-GB","@id":"https:\/\/sodip.net\/produit\/dk-dkf-dke-s30\/#primaryimage","url":"https:\/\/sodip.net\/wp-content\/uploads\/2023\/11\/viking.png","contentUrl":"https:\/\/sodip.net\/wp-content\/uploads\/2023\/11\/viking.png","width":500,"height":500},{"@type":"BreadcrumbList","@id":"https:\/\/sodip.net\/produit\/dk-dkf-dke-s30\/#breadcrumb","itemListElement":[{"@type":"ListItem","position":1,"name":"Accueil","item":"https:\/\/sodip.net\/"},{"@type":"ListItem","position":2,"name":"Boutique","item":"https:\/\/sodip.net\/en\/boutique\/"},{"@type":"ListItem","position":3,"name":"VIKING DK+\/ DKF+\/ DK+E\/ S30"}]},{"@type":"WebSite","@id":"https:\/\/sodip.net\/en\/#website","url":"https:\/\/sodip.net\/en\/","name":"SODIP SARL","description":"Soci\u00e9t\u00e9 d&#039;ing\u00e9nierie et de production","publisher":{"@id":"https:\/\/sodip.net\/en\/#organization"},"potentialAction":[{"@type":"SearchAction","target":{"@type":"EntryPoint","urlTemplate":"https:\/\/sodip.net\/en\/?s={search_term_string}"},"query-input":"required name=search_term_string"}],"inLanguage":"en-GB"},{"@type":"Organization","@id":"https:\/\/sodip.net\/en\/#organization","name":"SODIP SARL","url":"https:\/\/sodip.net\/en\/","logo":{"@type":"ImageObject","inLanguage":"en-GB","@id":"https:\/\/sodip.net\/en\/#\/schema\/logo\/image\/","url":"https:\/\/sodip.net\/wp-content\/uploads\/2023\/09\/cropped-logo-1.png","contentUrl":"https:\/\/sodip.net\/wp-content\/uploads\/2023\/09\/cropped-logo-1.png","width":825,"height":213,"caption":"SODIP SARL"},"image":{"@id":"https:\/\/sodip.net\/en\/#\/schema\/logo\/image\/"}}]}},"_links":{"self":[{"href":"https:\/\/sodip.net\/en\/wp-json\/wp\/v2\/product\/7682","targetHints":{"allow":["GET"]}}],"collection":[{"href":"https:\/\/sodip.net\/en\/wp-json\/wp\/v2\/product"}],"about":[{"href":"https:\/\/sodip.net\/en\/wp-json\/wp\/v2\/types\/product"}],"replies":[{"embeddable":true,"href":"https:\/\/sodip.net\/en\/wp-json\/wp\/v2\/comments?post=7682"}],"wp:featuredmedia":[{"embeddable":true,"href":"https:\/\/sodip.net\/en\/wp-json\/wp\/v2\/media\/8056"}],"wp:attachment":[{"href":"https:\/\/sodip.net\/en\/wp-json\/wp\/v2\/media?parent=7682"}],"wp:term":[{"taxonomy":"product_cat","embeddable":true,"href":"https:\/\/sodip.net\/en\/wp-json\/wp\/v2\/product_cat?post=7682"},{"taxonomy":"product_tag","embeddable":true,"href":"https:\/\/sodip.net\/en\/wp-json\/wp\/v2\/product_tag?post=7682"}],"curies":[{"name":"wp","href":"https:\/\/api.w.org\/{rel}","templated":true}]}}