{"id":7666,"date":"2023-11-01T17:45:18","date_gmt":"2023-11-01T16:45:18","guid":{"rendered":"https:\/\/sodip.net\/?post_type=product&#038;p=7666"},"modified":"2023-11-02T11:58:06","modified_gmt":"2023-11-02T10:58:06","slug":"torche-et-batterie","status":"publish","type":"product","link":"https:\/\/sodip.net\/en\/product\/torche-et-batterie\/","title":{"rendered":"TORCH AND BATTERY"},"content":{"rendered":"<h2 class=\"p1\"><strong>TORCH AND BATTERY<\/strong><\/h2>\n<p>Torch and batteries in case of distress<\/p>","protected":false},"excerpt":{"rendered":"<p>Torch and batteries in case of distress<\/p>","protected":false},"featured_media":7671,"comment_status":"closed","ping_status":"closed","template":"","meta":{"inline_featured_image":false},"product_cat":[152,119],"product_tag":[],"class_list":["post-7666","product","type-product","status-publish","has-post-thumbnail","hentry","product_cat-acessoirs-de-survie","product_cat-survie-en-mer"],"yoast_head":"<!-- This site is optimized with the Yoast SEO plugin v22.8 - https:\/\/yoast.com\/wordpress\/plugins\/seo\/ -->\n<title>TORCHE ET BATTERIE - SODIP SARL<\/title>\n<meta name=\"robots\" content=\"index, follow, max-snippet:-1, max-image-preview:large, max-video-preview:-1\" \/>\n<link rel=\"canonical\" href=\"https:\/\/sodip.net\/en\/product\/torche-et-batterie\/\" \/>\n<meta property=\"og:locale\" content=\"en_GB\" \/>\n<meta property=\"og:type\" content=\"article\" \/>\n<meta property=\"og:title\" content=\"TORCHE ET BATTERIE - SODIP SARL\" \/>\n<meta property=\"og:description\" content=\"Torche et batteries en cas de d\u00e9tresse\" \/>\n<meta property=\"og:url\" content=\"https:\/\/sodip.net\/en\/product\/torche-et-batterie\/\" \/>\n<meta property=\"og:site_name\" content=\"SODIP SARL\" \/>\n<meta property=\"article:modified_time\" content=\"2023-11-02T10:58:06+00:00\" \/>\n<meta property=\"og:image\" content=\"https:\/\/sodip.net\/wp-content\/uploads\/2023\/11\/torche.png\" \/>\n\t<meta property=\"og:image:width\" content=\"500\" \/>\n\t<meta property=\"og:image:height\" content=\"500\" \/>\n\t<meta property=\"og:image:type\" content=\"image\/png\" \/>\n<meta name=\"twitter:card\" content=\"summary_large_image\" \/>\n<script type=\"application\/ld+json\" class=\"yoast-schema-graph\">{\"@context\":\"https:\/\/schema.org\",\"@graph\":[{\"@type\":\"WebPage\",\"@id\":\"https:\/\/sodip.net\/produit\/torche-et-batterie\/\",\"url\":\"https:\/\/sodip.net\/produit\/torche-et-batterie\/\",\"name\":\"TORCHE ET BATTERIE - SODIP SARL\",\"isPartOf\":{\"@id\":\"https:\/\/sodip.net\/en\/#website\"},\"primaryImageOfPage\":{\"@id\":\"https:\/\/sodip.net\/produit\/torche-et-batterie\/#primaryimage\"},\"image\":{\"@id\":\"https:\/\/sodip.net\/produit\/torche-et-batterie\/#primaryimage\"},\"thumbnailUrl\":\"https:\/\/sodip.net\/wp-content\/uploads\/2023\/11\/torche.png\",\"datePublished\":\"2023-11-01T16:45:18+00:00\",\"dateModified\":\"2023-11-02T10:58:06+00:00\",\"breadcrumb\":{\"@id\":\"https:\/\/sodip.net\/produit\/torche-et-batterie\/#breadcrumb\"},\"inLanguage\":\"en-GB\",\"potentialAction\":[{\"@type\":\"ReadAction\",\"target\":[\"https:\/\/sodip.net\/produit\/torche-et-batterie\/\"]}]},{\"@type\":\"ImageObject\",\"inLanguage\":\"en-GB\",\"@id\":\"https:\/\/sodip.net\/produit\/torche-et-batterie\/#primaryimage\",\"url\":\"https:\/\/sodip.net\/wp-content\/uploads\/2023\/11\/torche.png\",\"contentUrl\":\"https:\/\/sodip.net\/wp-content\/uploads\/2023\/11\/torche.png\",\"width\":500,\"height\":500},{\"@type\":\"BreadcrumbList\",\"@id\":\"https:\/\/sodip.net\/produit\/torche-et-batterie\/#breadcrumb\",\"itemListElement\":[{\"@type\":\"ListItem\",\"position\":1,\"name\":\"Accueil\",\"item\":\"https:\/\/sodip.net\/\"},{\"@type\":\"ListItem\",\"position\":2,\"name\":\"Boutique\",\"item\":\"https:\/\/sodip.net\/en\/boutique\/\"},{\"@type\":\"ListItem\",\"position\":3,\"name\":\"TORCHE ET BATTERIE\"}]},{\"@type\":\"WebSite\",\"@id\":\"https:\/\/sodip.net\/en\/#website\",\"url\":\"https:\/\/sodip.net\/en\/\",\"name\":\"SODIP SARL\",\"description\":\"Soci\u00e9t\u00e9 d&#039;ing\u00e9nierie et de production\",\"publisher\":{\"@id\":\"https:\/\/sodip.net\/en\/#organization\"},\"potentialAction\":[{\"@type\":\"SearchAction\",\"target\":{\"@type\":\"EntryPoint\",\"urlTemplate\":\"https:\/\/sodip.net\/en\/?s={search_term_string}\"},\"query-input\":\"required name=search_term_string\"}],\"inLanguage\":\"en-GB\"},{\"@type\":\"Organization\",\"@id\":\"https:\/\/sodip.net\/en\/#organization\",\"name\":\"SODIP SARL\",\"url\":\"https:\/\/sodip.net\/en\/\",\"logo\":{\"@type\":\"ImageObject\",\"inLanguage\":\"en-GB\",\"@id\":\"https:\/\/sodip.net\/en\/#\/schema\/logo\/image\/\",\"url\":\"https:\/\/sodip.net\/wp-content\/uploads\/2023\/09\/cropped-logo-1.png\",\"contentUrl\":\"https:\/\/sodip.net\/wp-content\/uploads\/2023\/09\/cropped-logo-1.png\",\"width\":825,\"height\":213,\"caption\":\"SODIP SARL\"},\"image\":{\"@id\":\"https:\/\/sodip.net\/en\/#\/schema\/logo\/image\/\"}}]}<\/script>\n<!-- \/ Yoast SEO plugin. -->","yoast_head_json":{"title":"TORCHE ET BATTERIE - SODIP SARL","robots":{"index":"index","follow":"follow","max-snippet":"max-snippet:-1","max-image-preview":"max-image-preview:large","max-video-preview":"max-video-preview:-1"},"canonical":"https:\/\/sodip.net\/en\/product\/torche-et-batterie\/","og_locale":"en_GB","og_type":"article","og_title":"TORCHE ET BATTERIE - SODIP SARL","og_description":"Torche et batteries en cas de d\u00e9tresse","og_url":"https:\/\/sodip.net\/en\/product\/torche-et-batterie\/","og_site_name":"SODIP SARL","article_modified_time":"2023-11-02T10:58:06+00:00","og_image":[{"width":500,"height":500,"url":"https:\/\/sodip.net\/wp-content\/uploads\/2023\/11\/torche.png","type":"image\/png"}],"twitter_card":"summary_large_image","schema":{"@context":"https:\/\/schema.org","@graph":[{"@type":"WebPage","@id":"https:\/\/sodip.net\/produit\/torche-et-batterie\/","url":"https:\/\/sodip.net\/produit\/torche-et-batterie\/","name":"TORCHE ET BATTERIE - SODIP SARL","isPartOf":{"@id":"https:\/\/sodip.net\/en\/#website"},"primaryImageOfPage":{"@id":"https:\/\/sodip.net\/produit\/torche-et-batterie\/#primaryimage"},"image":{"@id":"https:\/\/sodip.net\/produit\/torche-et-batterie\/#primaryimage"},"thumbnailUrl":"https:\/\/sodip.net\/wp-content\/uploads\/2023\/11\/torche.png","datePublished":"2023-11-01T16:45:18+00:00","dateModified":"2023-11-02T10:58:06+00:00","breadcrumb":{"@id":"https:\/\/sodip.net\/produit\/torche-et-batterie\/#breadcrumb"},"inLanguage":"en-GB","potentialAction":[{"@type":"ReadAction","target":["https:\/\/sodip.net\/produit\/torche-et-batterie\/"]}]},{"@type":"ImageObject","inLanguage":"en-GB","@id":"https:\/\/sodip.net\/produit\/torche-et-batterie\/#primaryimage","url":"https:\/\/sodip.net\/wp-content\/uploads\/2023\/11\/torche.png","contentUrl":"https:\/\/sodip.net\/wp-content\/uploads\/2023\/11\/torche.png","width":500,"height":500},{"@type":"BreadcrumbList","@id":"https:\/\/sodip.net\/produit\/torche-et-batterie\/#breadcrumb","itemListElement":[{"@type":"ListItem","position":1,"name":"Accueil","item":"https:\/\/sodip.net\/"},{"@type":"ListItem","position":2,"name":"Boutique","item":"https:\/\/sodip.net\/en\/boutique\/"},{"@type":"ListItem","position":3,"name":"TORCHE ET BATTERIE"}]},{"@type":"WebSite","@id":"https:\/\/sodip.net\/en\/#website","url":"https:\/\/sodip.net\/en\/","name":"SODIP SARL","description":"Soci\u00e9t\u00e9 d&#039;ing\u00e9nierie et de production","publisher":{"@id":"https:\/\/sodip.net\/en\/#organization"},"potentialAction":[{"@type":"SearchAction","target":{"@type":"EntryPoint","urlTemplate":"https:\/\/sodip.net\/en\/?s={search_term_string}"},"query-input":"required name=search_term_string"}],"inLanguage":"en-GB"},{"@type":"Organization","@id":"https:\/\/sodip.net\/en\/#organization","name":"SODIP SARL","url":"https:\/\/sodip.net\/en\/","logo":{"@type":"ImageObject","inLanguage":"en-GB","@id":"https:\/\/sodip.net\/en\/#\/schema\/logo\/image\/","url":"https:\/\/sodip.net\/wp-content\/uploads\/2023\/09\/cropped-logo-1.png","contentUrl":"https:\/\/sodip.net\/wp-content\/uploads\/2023\/09\/cropped-logo-1.png","width":825,"height":213,"caption":"SODIP SARL"},"image":{"@id":"https:\/\/sodip.net\/en\/#\/schema\/logo\/image\/"}}]}},"_links":{"self":[{"href":"https:\/\/sodip.net\/en\/wp-json\/wp\/v2\/product\/7666","targetHints":{"allow":["GET"]}}],"collection":[{"href":"https:\/\/sodip.net\/en\/wp-json\/wp\/v2\/product"}],"about":[{"href":"https:\/\/sodip.net\/en\/wp-json\/wp\/v2\/types\/product"}],"replies":[{"embeddable":true,"href":"https:\/\/sodip.net\/en\/wp-json\/wp\/v2\/comments?post=7666"}],"wp:featuredmedia":[{"embeddable":true,"href":"https:\/\/sodip.net\/en\/wp-json\/wp\/v2\/media\/7671"}],"wp:attachment":[{"href":"https:\/\/sodip.net\/en\/wp-json\/wp\/v2\/media?parent=7666"}],"wp:term":[{"taxonomy":"product_cat","embeddable":true,"href":"https:\/\/sodip.net\/en\/wp-json\/wp\/v2\/product_cat?post=7666"},{"taxonomy":"product_tag","embeddable":true,"href":"https:\/\/sodip.net\/en\/wp-json\/wp\/v2\/product_tag?post=7666"}],"curies":[{"name":"wp","href":"https:\/\/api.w.org\/{rel}","templated":true}]}}