{"id":7654,"date":"2023-11-01T17:00:34","date_gmt":"2023-11-01T16:00:34","guid":{"rendered":"https:\/\/sodip.net\/?post_type=product&#038;p=7654"},"modified":"2023-11-01T17:16:59","modified_gmt":"2023-11-01T16:16:59","slug":"extincteurs-portables-a-co2","status":"publish","type":"product","link":"https:\/\/sodip.net\/en\/product\/extincteurs-portables-a-co2\/","title":{"rendered":"Portable CO2 extinguishers"},"content":{"rendered":"<h2 class=\"p1\"><strong>Portable CO2 extinguishers<\/strong><\/h2>\n<p>The carbon dioxide (CO2) extinguisher extinguishes Class B fires by smothering, isolating and blowing out. This type of extinguisher contains carbon dioxide in compressed, liquefied and gaseous form. They are recommended above all for electrical fires, as they have the advantage of being non-destructive to equipment.<\/p>","protected":false},"excerpt":{"rendered":"<p>The carbon dioxide (CO2) extinguisher extinguishes Class B fires by smothering, isolating and blowing out. This type of extinguisher contains carbon dioxide in compressed, liquefied and gaseous form. They are recommended above all for electrical fires, as they have the advantage of being non-destructive to equipment.<\/p>","protected":false},"featured_media":7655,"comment_status":"closed","ping_status":"closed","template":"","meta":{"inline_featured_image":false},"product_cat":[15,126,128],"product_tag":[],"class_list":["post-7654","product","type-product","status-publish","has-post-thumbnail","hentry","product_cat-protection-incendie","product_cat-extincteurs","product_cat-extincteurs-portables"],"yoast_head":"<!-- This site is optimized with the Yoast SEO plugin v22.8 - https:\/\/yoast.com\/wordpress\/plugins\/seo\/ -->\n<title>Extincteurs portables \u00e0 CO2 - SODIP SARL<\/title>\n<meta name=\"robots\" content=\"index, follow, max-snippet:-1, max-image-preview:large, max-video-preview:-1\" \/>\n<link rel=\"canonical\" href=\"https:\/\/sodip.net\/en\/product\/extincteurs-portables-a-co2\/\" \/>\n<meta property=\"og:locale\" content=\"en_GB\" \/>\n<meta property=\"og:type\" content=\"article\" \/>\n<meta property=\"og:title\" content=\"Extincteurs portables \u00e0 CO2 - SODIP SARL\" \/>\n<meta property=\"og:description\" content=\"L\u2019extincteur au dioxyde de carbone (CO2) \u00e9teint des feux de classe B par \u00e9touffement, isolement et soufflage. Ce type d\u2019extincteur contient du dioxyde de carbone sous forme comprim\u00e9e liqu\u00e9fi\u00e9e et gazeuse. Ils sont avant tout recommand\u00e9s pour les incendies \u00e9lectriques car ils poss\u00e8dent l\u2019avantage d\u2019\u00eatre non destructif pour les appareils.\" \/>\n<meta property=\"og:url\" content=\"https:\/\/sodip.net\/en\/product\/extincteurs-portables-a-co2\/\" \/>\n<meta property=\"og:site_name\" content=\"SODIP SARL\" \/>\n<meta property=\"article:modified_time\" content=\"2023-11-01T16:16:59+00:00\" \/>\n<meta property=\"og:image\" content=\"https:\/\/sodip.net\/wp-content\/uploads\/2023\/11\/Extincteurs-portables-a-CO2.png\" \/>\n\t<meta property=\"og:image:width\" content=\"500\" \/>\n\t<meta property=\"og:image:height\" content=\"500\" \/>\n\t<meta property=\"og:image:type\" content=\"image\/png\" \/>\n<meta name=\"twitter:card\" content=\"summary_large_image\" \/>\n<script type=\"application\/ld+json\" class=\"yoast-schema-graph\">{\"@context\":\"https:\/\/schema.org\",\"@graph\":[{\"@type\":\"WebPage\",\"@id\":\"https:\/\/sodip.net\/produit\/extincteurs-portables-a-co2\/\",\"url\":\"https:\/\/sodip.net\/produit\/extincteurs-portables-a-co2\/\",\"name\":\"Extincteurs portables \u00e0 CO2 - SODIP SARL\",\"isPartOf\":{\"@id\":\"https:\/\/sodip.net\/en\/#website\"},\"primaryImageOfPage\":{\"@id\":\"https:\/\/sodip.net\/produit\/extincteurs-portables-a-co2\/#primaryimage\"},\"image\":{\"@id\":\"https:\/\/sodip.net\/produit\/extincteurs-portables-a-co2\/#primaryimage\"},\"thumbnailUrl\":\"https:\/\/sodip.net\/wp-content\/uploads\/2023\/11\/Extincteurs-portables-a-CO2.png\",\"datePublished\":\"2023-11-01T16:00:34+00:00\",\"dateModified\":\"2023-11-01T16:16:59+00:00\",\"breadcrumb\":{\"@id\":\"https:\/\/sodip.net\/produit\/extincteurs-portables-a-co2\/#breadcrumb\"},\"inLanguage\":\"en-GB\",\"potentialAction\":[{\"@type\":\"ReadAction\",\"target\":[\"https:\/\/sodip.net\/produit\/extincteurs-portables-a-co2\/\"]}]},{\"@type\":\"ImageObject\",\"inLanguage\":\"en-GB\",\"@id\":\"https:\/\/sodip.net\/produit\/extincteurs-portables-a-co2\/#primaryimage\",\"url\":\"https:\/\/sodip.net\/wp-content\/uploads\/2023\/11\/Extincteurs-portables-a-CO2.png\",\"contentUrl\":\"https:\/\/sodip.net\/wp-content\/uploads\/2023\/11\/Extincteurs-portables-a-CO2.png\",\"width\":500,\"height\":500},{\"@type\":\"BreadcrumbList\",\"@id\":\"https:\/\/sodip.net\/produit\/extincteurs-portables-a-co2\/#breadcrumb\",\"itemListElement\":[{\"@type\":\"ListItem\",\"position\":1,\"name\":\"Accueil\",\"item\":\"https:\/\/sodip.net\/\"},{\"@type\":\"ListItem\",\"position\":2,\"name\":\"Boutique\",\"item\":\"https:\/\/sodip.net\/en\/boutique\/\"},{\"@type\":\"ListItem\",\"position\":3,\"name\":\"Extincteurs portables \u00e0 CO2\"}]},{\"@type\":\"WebSite\",\"@id\":\"https:\/\/sodip.net\/en\/#website\",\"url\":\"https:\/\/sodip.net\/en\/\",\"name\":\"SODIP SARL\",\"description\":\"Soci\u00e9t\u00e9 d&#039;ing\u00e9nierie et de production\",\"publisher\":{\"@id\":\"https:\/\/sodip.net\/en\/#organization\"},\"potentialAction\":[{\"@type\":\"SearchAction\",\"target\":{\"@type\":\"EntryPoint\",\"urlTemplate\":\"https:\/\/sodip.net\/en\/?s={search_term_string}\"},\"query-input\":\"required name=search_term_string\"}],\"inLanguage\":\"en-GB\"},{\"@type\":\"Organization\",\"@id\":\"https:\/\/sodip.net\/en\/#organization\",\"name\":\"SODIP SARL\",\"url\":\"https:\/\/sodip.net\/en\/\",\"logo\":{\"@type\":\"ImageObject\",\"inLanguage\":\"en-GB\",\"@id\":\"https:\/\/sodip.net\/en\/#\/schema\/logo\/image\/\",\"url\":\"https:\/\/sodip.net\/wp-content\/uploads\/2023\/09\/cropped-logo-1.png\",\"contentUrl\":\"https:\/\/sodip.net\/wp-content\/uploads\/2023\/09\/cropped-logo-1.png\",\"width\":825,\"height\":213,\"caption\":\"SODIP SARL\"},\"image\":{\"@id\":\"https:\/\/sodip.net\/en\/#\/schema\/logo\/image\/\"}}]}<\/script>\n<!-- \/ Yoast SEO plugin. -->","yoast_head_json":{"title":"Extincteurs portables \u00e0 CO2 - SODIP SARL","robots":{"index":"index","follow":"follow","max-snippet":"max-snippet:-1","max-image-preview":"max-image-preview:large","max-video-preview":"max-video-preview:-1"},"canonical":"https:\/\/sodip.net\/en\/product\/extincteurs-portables-a-co2\/","og_locale":"en_GB","og_type":"article","og_title":"Extincteurs portables \u00e0 CO2 - SODIP SARL","og_description":"L\u2019extincteur au dioxyde de carbone (CO2) \u00e9teint des feux de classe B par \u00e9touffement, isolement et soufflage. Ce type d\u2019extincteur contient du dioxyde de carbone sous forme comprim\u00e9e liqu\u00e9fi\u00e9e et gazeuse. Ils sont avant tout recommand\u00e9s pour les incendies \u00e9lectriques car ils poss\u00e8dent l\u2019avantage d\u2019\u00eatre non destructif pour les appareils.","og_url":"https:\/\/sodip.net\/en\/product\/extincteurs-portables-a-co2\/","og_site_name":"SODIP SARL","article_modified_time":"2023-11-01T16:16:59+00:00","og_image":[{"width":500,"height":500,"url":"https:\/\/sodip.net\/wp-content\/uploads\/2023\/11\/Extincteurs-portables-a-CO2.png","type":"image\/png"}],"twitter_card":"summary_large_image","schema":{"@context":"https:\/\/schema.org","@graph":[{"@type":"WebPage","@id":"https:\/\/sodip.net\/produit\/extincteurs-portables-a-co2\/","url":"https:\/\/sodip.net\/produit\/extincteurs-portables-a-co2\/","name":"Extincteurs portables \u00e0 CO2 - SODIP SARL","isPartOf":{"@id":"https:\/\/sodip.net\/en\/#website"},"primaryImageOfPage":{"@id":"https:\/\/sodip.net\/produit\/extincteurs-portables-a-co2\/#primaryimage"},"image":{"@id":"https:\/\/sodip.net\/produit\/extincteurs-portables-a-co2\/#primaryimage"},"thumbnailUrl":"https:\/\/sodip.net\/wp-content\/uploads\/2023\/11\/Extincteurs-portables-a-CO2.png","datePublished":"2023-11-01T16:00:34+00:00","dateModified":"2023-11-01T16:16:59+00:00","breadcrumb":{"@id":"https:\/\/sodip.net\/produit\/extincteurs-portables-a-co2\/#breadcrumb"},"inLanguage":"en-GB","potentialAction":[{"@type":"ReadAction","target":["https:\/\/sodip.net\/produit\/extincteurs-portables-a-co2\/"]}]},{"@type":"ImageObject","inLanguage":"en-GB","@id":"https:\/\/sodip.net\/produit\/extincteurs-portables-a-co2\/#primaryimage","url":"https:\/\/sodip.net\/wp-content\/uploads\/2023\/11\/Extincteurs-portables-a-CO2.png","contentUrl":"https:\/\/sodip.net\/wp-content\/uploads\/2023\/11\/Extincteurs-portables-a-CO2.png","width":500,"height":500},{"@type":"BreadcrumbList","@id":"https:\/\/sodip.net\/produit\/extincteurs-portables-a-co2\/#breadcrumb","itemListElement":[{"@type":"ListItem","position":1,"name":"Accueil","item":"https:\/\/sodip.net\/"},{"@type":"ListItem","position":2,"name":"Boutique","item":"https:\/\/sodip.net\/en\/boutique\/"},{"@type":"ListItem","position":3,"name":"Extincteurs portables \u00e0 CO2"}]},{"@type":"WebSite","@id":"https:\/\/sodip.net\/en\/#website","url":"https:\/\/sodip.net\/en\/","name":"SODIP SARL","description":"Soci\u00e9t\u00e9 d&#039;ing\u00e9nierie et de production","publisher":{"@id":"https:\/\/sodip.net\/en\/#organization"},"potentialAction":[{"@type":"SearchAction","target":{"@type":"EntryPoint","urlTemplate":"https:\/\/sodip.net\/en\/?s={search_term_string}"},"query-input":"required name=search_term_string"}],"inLanguage":"en-GB"},{"@type":"Organization","@id":"https:\/\/sodip.net\/en\/#organization","name":"SODIP SARL","url":"https:\/\/sodip.net\/en\/","logo":{"@type":"ImageObject","inLanguage":"en-GB","@id":"https:\/\/sodip.net\/en\/#\/schema\/logo\/image\/","url":"https:\/\/sodip.net\/wp-content\/uploads\/2023\/09\/cropped-logo-1.png","contentUrl":"https:\/\/sodip.net\/wp-content\/uploads\/2023\/09\/cropped-logo-1.png","width":825,"height":213,"caption":"SODIP SARL"},"image":{"@id":"https:\/\/sodip.net\/en\/#\/schema\/logo\/image\/"}}]}},"_links":{"self":[{"href":"https:\/\/sodip.net\/en\/wp-json\/wp\/v2\/product\/7654","targetHints":{"allow":["GET"]}}],"collection":[{"href":"https:\/\/sodip.net\/en\/wp-json\/wp\/v2\/product"}],"about":[{"href":"https:\/\/sodip.net\/en\/wp-json\/wp\/v2\/types\/product"}],"replies":[{"embeddable":true,"href":"https:\/\/sodip.net\/en\/wp-json\/wp\/v2\/comments?post=7654"}],"wp:featuredmedia":[{"embeddable":true,"href":"https:\/\/sodip.net\/en\/wp-json\/wp\/v2\/media\/7655"}],"wp:attachment":[{"href":"https:\/\/sodip.net\/en\/wp-json\/wp\/v2\/media?parent=7654"}],"wp:term":[{"taxonomy":"product_cat","embeddable":true,"href":"https:\/\/sodip.net\/en\/wp-json\/wp\/v2\/product_cat?post=7654"},{"taxonomy":"product_tag","embeddable":true,"href":"https:\/\/sodip.net\/en\/wp-json\/wp\/v2\/product_tag?post=7654"}],"curies":[{"name":"wp","href":"https:\/\/api.w.org\/{rel}","templated":true}]}}