{"id":7635,"date":"2023-11-01T15:08:54","date_gmt":"2023-11-01T14:08:54","guid":{"rendered":"https:\/\/sodip.net\/?post_type=product&#038;p=7635"},"modified":"2023-11-01T16:43:50","modified_gmt":"2023-11-01T15:43:50","slug":"msa-retractable-fall-arrester","status":"publish","type":"product","link":"https:\/\/sodip.net\/en\/product\/msa-retractable-fall-arrester\/","title":{"rendered":"MSA RETRACTABLE  FALL ARRESTER"},"content":{"rendered":"<h2 class=\"p1\"><strong>MSA RETRACTABLE\u00a0 FALL ARRESTER<\/strong><\/h2>\n<p>The V-TEC PFL retractable lanyard is the most compact and lightweight self-retracting lanyard ever developed in its class. It uses multi-spring radial energy absorption technology. This new design eliminates the need for an energy absorber external to the housing, making it the smallest retractable lanyard in its class on the market.<\/p>","protected":false},"excerpt":{"rendered":"<p>The V-TEC PFL retractable lanyard is the most compact and lightweight self-retracting lanyard ever developed in its class. It uses multi-spring radial energy absorption technology. This new design eliminates the need for an energy absorber external to the housing, making it the smallest retractable lanyard in its class on the market.<\/p>","protected":false},"featured_media":7650,"comment_status":"closed","ping_status":"closed","template":"","meta":{"inline_featured_image":false},"product_cat":[123,115],"product_tag":[],"class_list":["post-7635","product","type-product","status-publish","has-post-thumbnail","hentry","product_cat-antichute","product_cat-equipement-de-protection-individuel"],"yoast_head":"<!-- This site is optimized with the Yoast SEO plugin v22.8 - https:\/\/yoast.com\/wordpress\/plugins\/seo\/ -->\n<title>MSA RETRACTABLE FALL ARRESTER - SODIP SARL<\/title>\n<meta name=\"robots\" content=\"index, follow, max-snippet:-1, max-image-preview:large, max-video-preview:-1\" \/>\n<link rel=\"canonical\" href=\"https:\/\/sodip.net\/en\/product\/msa-retractable-fall-arrester\/\" \/>\n<meta property=\"og:locale\" content=\"en_GB\" \/>\n<meta property=\"og:type\" content=\"article\" \/>\n<meta property=\"og:title\" content=\"MSA RETRACTABLE FALL ARRESTER - SODIP SARL\" \/>\n<meta property=\"og:description\" content=\"La longe r\u00e9tractable V-TEC PFL est la longe auto-r\u00e9tractable la plus compacte et la plus l\u00e9g\u00e8re jamais d\u00e9velopp\u00e9e dans sa cat\u00e9gorie. Elle utilise une technologie d&#039;absorption d&#039;\u00e9nergie radiale \u00e0 ressorts multiples. Cette nouvelle conception \u00e9limine le besoin d&#039;un absorbeur d&#039;\u00e9nergie externe au bo\u00eetier, ce qui en fait la longe r\u00e9tractable la plus petite de sa cat\u00e9gorie sur le march\u00e9.\" \/>\n<meta property=\"og:url\" content=\"https:\/\/sodip.net\/en\/product\/msa-retractable-fall-arrester\/\" \/>\n<meta property=\"og:site_name\" content=\"SODIP SARL\" \/>\n<meta property=\"article:modified_time\" content=\"2023-11-01T15:43:50+00:00\" \/>\n<meta property=\"og:image\" content=\"https:\/\/sodip.net\/wp-content\/uploads\/2023\/11\/MSA-RETRACTABLE-FALL-ARRESTER-min.png\" \/>\n\t<meta property=\"og:image:width\" content=\"500\" \/>\n\t<meta property=\"og:image:height\" content=\"500\" \/>\n\t<meta property=\"og:image:type\" content=\"image\/png\" \/>\n<meta name=\"twitter:card\" content=\"summary_large_image\" \/>\n<script type=\"application\/ld+json\" class=\"yoast-schema-graph\">{\"@context\":\"https:\/\/schema.org\",\"@graph\":[{\"@type\":\"WebPage\",\"@id\":\"https:\/\/sodip.net\/produit\/msa-retractable-fall-arrester\/\",\"url\":\"https:\/\/sodip.net\/produit\/msa-retractable-fall-arrester\/\",\"name\":\"MSA RETRACTABLE FALL ARRESTER - SODIP SARL\",\"isPartOf\":{\"@id\":\"https:\/\/sodip.net\/en\/#website\"},\"primaryImageOfPage\":{\"@id\":\"https:\/\/sodip.net\/produit\/msa-retractable-fall-arrester\/#primaryimage\"},\"image\":{\"@id\":\"https:\/\/sodip.net\/produit\/msa-retractable-fall-arrester\/#primaryimage\"},\"thumbnailUrl\":\"https:\/\/sodip.net\/wp-content\/uploads\/2023\/11\/MSA-RETRACTABLE-FALL-ARRESTER-min.png\",\"datePublished\":\"2023-11-01T14:08:54+00:00\",\"dateModified\":\"2023-11-01T15:43:50+00:00\",\"breadcrumb\":{\"@id\":\"https:\/\/sodip.net\/produit\/msa-retractable-fall-arrester\/#breadcrumb\"},\"inLanguage\":\"en-GB\",\"potentialAction\":[{\"@type\":\"ReadAction\",\"target\":[\"https:\/\/sodip.net\/produit\/msa-retractable-fall-arrester\/\"]}]},{\"@type\":\"ImageObject\",\"inLanguage\":\"en-GB\",\"@id\":\"https:\/\/sodip.net\/produit\/msa-retractable-fall-arrester\/#primaryimage\",\"url\":\"https:\/\/sodip.net\/wp-content\/uploads\/2023\/11\/MSA-RETRACTABLE-FALL-ARRESTER-min.png\",\"contentUrl\":\"https:\/\/sodip.net\/wp-content\/uploads\/2023\/11\/MSA-RETRACTABLE-FALL-ARRESTER-min.png\",\"width\":500,\"height\":500},{\"@type\":\"BreadcrumbList\",\"@id\":\"https:\/\/sodip.net\/produit\/msa-retractable-fall-arrester\/#breadcrumb\",\"itemListElement\":[{\"@type\":\"ListItem\",\"position\":1,\"name\":\"Accueil\",\"item\":\"https:\/\/sodip.net\/\"},{\"@type\":\"ListItem\",\"position\":2,\"name\":\"Boutique\",\"item\":\"https:\/\/sodip.net\/en\/boutique\/\"},{\"@type\":\"ListItem\",\"position\":3,\"name\":\"MSA RETRACTABLE FALL ARRESTER\"}]},{\"@type\":\"WebSite\",\"@id\":\"https:\/\/sodip.net\/en\/#website\",\"url\":\"https:\/\/sodip.net\/en\/\",\"name\":\"SODIP SARL\",\"description\":\"Soci\u00e9t\u00e9 d&#039;ing\u00e9nierie et de production\",\"publisher\":{\"@id\":\"https:\/\/sodip.net\/en\/#organization\"},\"potentialAction\":[{\"@type\":\"SearchAction\",\"target\":{\"@type\":\"EntryPoint\",\"urlTemplate\":\"https:\/\/sodip.net\/en\/?s={search_term_string}\"},\"query-input\":\"required name=search_term_string\"}],\"inLanguage\":\"en-GB\"},{\"@type\":\"Organization\",\"@id\":\"https:\/\/sodip.net\/en\/#organization\",\"name\":\"SODIP SARL\",\"url\":\"https:\/\/sodip.net\/en\/\",\"logo\":{\"@type\":\"ImageObject\",\"inLanguage\":\"en-GB\",\"@id\":\"https:\/\/sodip.net\/en\/#\/schema\/logo\/image\/\",\"url\":\"https:\/\/sodip.net\/wp-content\/uploads\/2023\/09\/cropped-logo-1.png\",\"contentUrl\":\"https:\/\/sodip.net\/wp-content\/uploads\/2023\/09\/cropped-logo-1.png\",\"width\":825,\"height\":213,\"caption\":\"SODIP SARL\"},\"image\":{\"@id\":\"https:\/\/sodip.net\/en\/#\/schema\/logo\/image\/\"}}]}<\/script>\n<!-- \/ Yoast SEO plugin. -->","yoast_head_json":{"title":"MSA RETRACTABLE FALL ARRESTER - SODIP SARL","robots":{"index":"index","follow":"follow","max-snippet":"max-snippet:-1","max-image-preview":"max-image-preview:large","max-video-preview":"max-video-preview:-1"},"canonical":"https:\/\/sodip.net\/en\/product\/msa-retractable-fall-arrester\/","og_locale":"en_GB","og_type":"article","og_title":"MSA RETRACTABLE FALL ARRESTER - SODIP SARL","og_description":"La longe r\u00e9tractable V-TEC PFL est la longe auto-r\u00e9tractable la plus compacte et la plus l\u00e9g\u00e8re jamais d\u00e9velopp\u00e9e dans sa cat\u00e9gorie. Elle utilise une technologie d'absorption d'\u00e9nergie radiale \u00e0 ressorts multiples. Cette nouvelle conception \u00e9limine le besoin d'un absorbeur d'\u00e9nergie externe au bo\u00eetier, ce qui en fait la longe r\u00e9tractable la plus petite de sa cat\u00e9gorie sur le march\u00e9.","og_url":"https:\/\/sodip.net\/en\/product\/msa-retractable-fall-arrester\/","og_site_name":"SODIP SARL","article_modified_time":"2023-11-01T15:43:50+00:00","og_image":[{"width":500,"height":500,"url":"https:\/\/sodip.net\/wp-content\/uploads\/2023\/11\/MSA-RETRACTABLE-FALL-ARRESTER-min.png","type":"image\/png"}],"twitter_card":"summary_large_image","schema":{"@context":"https:\/\/schema.org","@graph":[{"@type":"WebPage","@id":"https:\/\/sodip.net\/produit\/msa-retractable-fall-arrester\/","url":"https:\/\/sodip.net\/produit\/msa-retractable-fall-arrester\/","name":"MSA RETRACTABLE FALL ARRESTER - SODIP SARL","isPartOf":{"@id":"https:\/\/sodip.net\/en\/#website"},"primaryImageOfPage":{"@id":"https:\/\/sodip.net\/produit\/msa-retractable-fall-arrester\/#primaryimage"},"image":{"@id":"https:\/\/sodip.net\/produit\/msa-retractable-fall-arrester\/#primaryimage"},"thumbnailUrl":"https:\/\/sodip.net\/wp-content\/uploads\/2023\/11\/MSA-RETRACTABLE-FALL-ARRESTER-min.png","datePublished":"2023-11-01T14:08:54+00:00","dateModified":"2023-11-01T15:43:50+00:00","breadcrumb":{"@id":"https:\/\/sodip.net\/produit\/msa-retractable-fall-arrester\/#breadcrumb"},"inLanguage":"en-GB","potentialAction":[{"@type":"ReadAction","target":["https:\/\/sodip.net\/produit\/msa-retractable-fall-arrester\/"]}]},{"@type":"ImageObject","inLanguage":"en-GB","@id":"https:\/\/sodip.net\/produit\/msa-retractable-fall-arrester\/#primaryimage","url":"https:\/\/sodip.net\/wp-content\/uploads\/2023\/11\/MSA-RETRACTABLE-FALL-ARRESTER-min.png","contentUrl":"https:\/\/sodip.net\/wp-content\/uploads\/2023\/11\/MSA-RETRACTABLE-FALL-ARRESTER-min.png","width":500,"height":500},{"@type":"BreadcrumbList","@id":"https:\/\/sodip.net\/produit\/msa-retractable-fall-arrester\/#breadcrumb","itemListElement":[{"@type":"ListItem","position":1,"name":"Accueil","item":"https:\/\/sodip.net\/"},{"@type":"ListItem","position":2,"name":"Boutique","item":"https:\/\/sodip.net\/en\/boutique\/"},{"@type":"ListItem","position":3,"name":"MSA RETRACTABLE FALL ARRESTER"}]},{"@type":"WebSite","@id":"https:\/\/sodip.net\/en\/#website","url":"https:\/\/sodip.net\/en\/","name":"SODIP SARL","description":"Soci\u00e9t\u00e9 d&#039;ing\u00e9nierie et de production","publisher":{"@id":"https:\/\/sodip.net\/en\/#organization"},"potentialAction":[{"@type":"SearchAction","target":{"@type":"EntryPoint","urlTemplate":"https:\/\/sodip.net\/en\/?s={search_term_string}"},"query-input":"required name=search_term_string"}],"inLanguage":"en-GB"},{"@type":"Organization","@id":"https:\/\/sodip.net\/en\/#organization","name":"SODIP SARL","url":"https:\/\/sodip.net\/en\/","logo":{"@type":"ImageObject","inLanguage":"en-GB","@id":"https:\/\/sodip.net\/en\/#\/schema\/logo\/image\/","url":"https:\/\/sodip.net\/wp-content\/uploads\/2023\/09\/cropped-logo-1.png","contentUrl":"https:\/\/sodip.net\/wp-content\/uploads\/2023\/09\/cropped-logo-1.png","width":825,"height":213,"caption":"SODIP SARL"},"image":{"@id":"https:\/\/sodip.net\/en\/#\/schema\/logo\/image\/"}}]}},"_links":{"self":[{"href":"https:\/\/sodip.net\/en\/wp-json\/wp\/v2\/product\/7635","targetHints":{"allow":["GET"]}}],"collection":[{"href":"https:\/\/sodip.net\/en\/wp-json\/wp\/v2\/product"}],"about":[{"href":"https:\/\/sodip.net\/en\/wp-json\/wp\/v2\/types\/product"}],"replies":[{"embeddable":true,"href":"https:\/\/sodip.net\/en\/wp-json\/wp\/v2\/comments?post=7635"}],"wp:featuredmedia":[{"embeddable":true,"href":"https:\/\/sodip.net\/en\/wp-json\/wp\/v2\/media\/7650"}],"wp:attachment":[{"href":"https:\/\/sodip.net\/en\/wp-json\/wp\/v2\/media?parent=7635"}],"wp:term":[{"taxonomy":"product_cat","embeddable":true,"href":"https:\/\/sodip.net\/en\/wp-json\/wp\/v2\/product_cat?post=7635"},{"taxonomy":"product_tag","embeddable":true,"href":"https:\/\/sodip.net\/en\/wp-json\/wp\/v2\/product_tag?post=7635"}],"curies":[{"name":"wp","href":"https:\/\/api.w.org\/{rel}","templated":true}]}}