{"id":7633,"date":"2023-11-01T15:05:24","date_gmt":"2023-11-01T14:05:24","guid":{"rendered":"https:\/\/sodip.net\/?post_type=product&#038;p=7633"},"modified":"2023-11-01T16:40:55","modified_gmt":"2023-11-01T15:40:55","slug":"msa-v-gard-protective-hat","status":"publish","type":"product","link":"https:\/\/sodip.net\/en\/product\/msa-v-gard-protective-hat\/","title":{"rendered":"MSA V-GARD PROTECTIVE HAT"},"content":{"rendered":"<h2 class=\"p1\"><strong>MSA V-GARD PROTECTIVE HAT<\/strong><\/h2>\n<p>Working at heights or in confined spaces is a challenge. To ensure that your personnel wear their safety helmets and that they remain comfortably on their heads throughout the day, MSA has developed the V-Gard 520 helmet. This modern helmet is designed without a visor, guaranteeing unrestricted upward vision. New suspensions and optional chinstraps ensure a stable hold on the head, even when bending over.<\/p>","protected":false},"excerpt":{"rendered":"<p>Working at heights or in confined spaces is a challenge. To ensure that your personnel wear their safety helmets and that they remain comfortably on their heads throughout the day, MSA has developed the V-Gard 520 helmet. This modern helmet is designed without a visor, guaranteeing unrestricted upward vision. New suspensions and optional chinstraps ensure a stable hold on the head, even when bending over.<\/p>","protected":false},"featured_media":7648,"comment_status":"closed","ping_status":"closed","template":"","meta":{"inline_featured_image":false},"product_cat":[149,115],"product_tag":[],"class_list":["post-7633","product","type-product","status-publish","has-post-thumbnail","hentry","product_cat-casques-de-securite","product_cat-equipement-de-protection-individuel"],"yoast_head":"<!-- This site is optimized with the Yoast SEO plugin v22.8 - https:\/\/yoast.com\/wordpress\/plugins\/seo\/ -->\n<title>MSA V-GARD PROTECTIVE HAT - SODIP SARL<\/title>\n<meta name=\"robots\" content=\"index, follow, max-snippet:-1, max-image-preview:large, max-video-preview:-1\" \/>\n<link rel=\"canonical\" href=\"https:\/\/sodip.net\/en\/product\/msa-v-gard-protective-hat\/\" \/>\n<meta property=\"og:locale\" content=\"en_GB\" \/>\n<meta property=\"og:type\" content=\"article\" \/>\n<meta property=\"og:title\" content=\"MSA V-GARD PROTECTIVE HAT - SODIP SARL\" \/>\n<meta property=\"og:description\" content=\"Travailler en hauteur ou dans des espaces confin\u00e9s est un d\u00e9fi. Pour s&#039;assurer que votre personnel porte son casque de s\u00e9curit\u00e9 et qu&#039;il reste confortablement sur la t\u00eate tout au long de la journ\u00e9e, MSA a mis au point le casque V-Gard 520. Ce casque moderne est con\u00e7u sans visi\u00e8re, ce qui garantit une vision sans restriction vers le haut. Les nouvelles suspensions et les jugulaires optionnelles assurent un maintien stable sur la t\u00eate, m\u00eame lorsque l&#039;on se penche.\" \/>\n<meta property=\"og:url\" content=\"https:\/\/sodip.net\/en\/product\/msa-v-gard-protective-hat\/\" \/>\n<meta property=\"og:site_name\" content=\"SODIP SARL\" \/>\n<meta property=\"article:modified_time\" content=\"2023-11-01T15:40:55+00:00\" \/>\n<meta property=\"og:image\" content=\"https:\/\/sodip.net\/wp-content\/uploads\/2023\/11\/MSA-V-GARD-PROTECTIVE-HAT-min.png\" \/>\n\t<meta property=\"og:image:width\" content=\"500\" \/>\n\t<meta property=\"og:image:height\" content=\"500\" \/>\n\t<meta property=\"og:image:type\" content=\"image\/png\" \/>\n<meta name=\"twitter:card\" content=\"summary_large_image\" \/>\n<script type=\"application\/ld+json\" class=\"yoast-schema-graph\">{\"@context\":\"https:\/\/schema.org\",\"@graph\":[{\"@type\":\"WebPage\",\"@id\":\"https:\/\/sodip.net\/produit\/msa-v-gard-protective-hat\/\",\"url\":\"https:\/\/sodip.net\/produit\/msa-v-gard-protective-hat\/\",\"name\":\"MSA V-GARD PROTECTIVE HAT - SODIP SARL\",\"isPartOf\":{\"@id\":\"https:\/\/sodip.net\/en\/#website\"},\"primaryImageOfPage\":{\"@id\":\"https:\/\/sodip.net\/produit\/msa-v-gard-protective-hat\/#primaryimage\"},\"image\":{\"@id\":\"https:\/\/sodip.net\/produit\/msa-v-gard-protective-hat\/#primaryimage\"},\"thumbnailUrl\":\"https:\/\/sodip.net\/wp-content\/uploads\/2023\/11\/MSA-V-GARD-PROTECTIVE-HAT-min.png\",\"datePublished\":\"2023-11-01T14:05:24+00:00\",\"dateModified\":\"2023-11-01T15:40:55+00:00\",\"breadcrumb\":{\"@id\":\"https:\/\/sodip.net\/produit\/msa-v-gard-protective-hat\/#breadcrumb\"},\"inLanguage\":\"en-GB\",\"potentialAction\":[{\"@type\":\"ReadAction\",\"target\":[\"https:\/\/sodip.net\/produit\/msa-v-gard-protective-hat\/\"]}]},{\"@type\":\"ImageObject\",\"inLanguage\":\"en-GB\",\"@id\":\"https:\/\/sodip.net\/produit\/msa-v-gard-protective-hat\/#primaryimage\",\"url\":\"https:\/\/sodip.net\/wp-content\/uploads\/2023\/11\/MSA-V-GARD-PROTECTIVE-HAT-min.png\",\"contentUrl\":\"https:\/\/sodip.net\/wp-content\/uploads\/2023\/11\/MSA-V-GARD-PROTECTIVE-HAT-min.png\",\"width\":500,\"height\":500},{\"@type\":\"BreadcrumbList\",\"@id\":\"https:\/\/sodip.net\/produit\/msa-v-gard-protective-hat\/#breadcrumb\",\"itemListElement\":[{\"@type\":\"ListItem\",\"position\":1,\"name\":\"Accueil\",\"item\":\"https:\/\/sodip.net\/\"},{\"@type\":\"ListItem\",\"position\":2,\"name\":\"Boutique\",\"item\":\"https:\/\/sodip.net\/en\/boutique\/\"},{\"@type\":\"ListItem\",\"position\":3,\"name\":\"MSA V-GARD PROTECTIVE HAT\"}]},{\"@type\":\"WebSite\",\"@id\":\"https:\/\/sodip.net\/en\/#website\",\"url\":\"https:\/\/sodip.net\/en\/\",\"name\":\"SODIP SARL\",\"description\":\"Soci\u00e9t\u00e9 d&#039;ing\u00e9nierie et de production\",\"publisher\":{\"@id\":\"https:\/\/sodip.net\/en\/#organization\"},\"potentialAction\":[{\"@type\":\"SearchAction\",\"target\":{\"@type\":\"EntryPoint\",\"urlTemplate\":\"https:\/\/sodip.net\/en\/?s={search_term_string}\"},\"query-input\":\"required name=search_term_string\"}],\"inLanguage\":\"en-GB\"},{\"@type\":\"Organization\",\"@id\":\"https:\/\/sodip.net\/en\/#organization\",\"name\":\"SODIP SARL\",\"url\":\"https:\/\/sodip.net\/en\/\",\"logo\":{\"@type\":\"ImageObject\",\"inLanguage\":\"en-GB\",\"@id\":\"https:\/\/sodip.net\/en\/#\/schema\/logo\/image\/\",\"url\":\"https:\/\/sodip.net\/wp-content\/uploads\/2023\/09\/cropped-logo-1.png\",\"contentUrl\":\"https:\/\/sodip.net\/wp-content\/uploads\/2023\/09\/cropped-logo-1.png\",\"width\":825,\"height\":213,\"caption\":\"SODIP SARL\"},\"image\":{\"@id\":\"https:\/\/sodip.net\/en\/#\/schema\/logo\/image\/\"}}]}<\/script>\n<!-- \/ Yoast SEO plugin. -->","yoast_head_json":{"title":"MSA V-GARD PROTECTIVE HAT - SODIP SARL","robots":{"index":"index","follow":"follow","max-snippet":"max-snippet:-1","max-image-preview":"max-image-preview:large","max-video-preview":"max-video-preview:-1"},"canonical":"https:\/\/sodip.net\/en\/product\/msa-v-gard-protective-hat\/","og_locale":"en_GB","og_type":"article","og_title":"MSA V-GARD PROTECTIVE HAT - SODIP SARL","og_description":"Travailler en hauteur ou dans des espaces confin\u00e9s est un d\u00e9fi. Pour s'assurer que votre personnel porte son casque de s\u00e9curit\u00e9 et qu'il reste confortablement sur la t\u00eate tout au long de la journ\u00e9e, MSA a mis au point le casque V-Gard 520. Ce casque moderne est con\u00e7u sans visi\u00e8re, ce qui garantit une vision sans restriction vers le haut. Les nouvelles suspensions et les jugulaires optionnelles assurent un maintien stable sur la t\u00eate, m\u00eame lorsque l'on se penche.","og_url":"https:\/\/sodip.net\/en\/product\/msa-v-gard-protective-hat\/","og_site_name":"SODIP SARL","article_modified_time":"2023-11-01T15:40:55+00:00","og_image":[{"width":500,"height":500,"url":"https:\/\/sodip.net\/wp-content\/uploads\/2023\/11\/MSA-V-GARD-PROTECTIVE-HAT-min.png","type":"image\/png"}],"twitter_card":"summary_large_image","schema":{"@context":"https:\/\/schema.org","@graph":[{"@type":"WebPage","@id":"https:\/\/sodip.net\/produit\/msa-v-gard-protective-hat\/","url":"https:\/\/sodip.net\/produit\/msa-v-gard-protective-hat\/","name":"MSA V-GARD PROTECTIVE HAT - SODIP SARL","isPartOf":{"@id":"https:\/\/sodip.net\/en\/#website"},"primaryImageOfPage":{"@id":"https:\/\/sodip.net\/produit\/msa-v-gard-protective-hat\/#primaryimage"},"image":{"@id":"https:\/\/sodip.net\/produit\/msa-v-gard-protective-hat\/#primaryimage"},"thumbnailUrl":"https:\/\/sodip.net\/wp-content\/uploads\/2023\/11\/MSA-V-GARD-PROTECTIVE-HAT-min.png","datePublished":"2023-11-01T14:05:24+00:00","dateModified":"2023-11-01T15:40:55+00:00","breadcrumb":{"@id":"https:\/\/sodip.net\/produit\/msa-v-gard-protective-hat\/#breadcrumb"},"inLanguage":"en-GB","potentialAction":[{"@type":"ReadAction","target":["https:\/\/sodip.net\/produit\/msa-v-gard-protective-hat\/"]}]},{"@type":"ImageObject","inLanguage":"en-GB","@id":"https:\/\/sodip.net\/produit\/msa-v-gard-protective-hat\/#primaryimage","url":"https:\/\/sodip.net\/wp-content\/uploads\/2023\/11\/MSA-V-GARD-PROTECTIVE-HAT-min.png","contentUrl":"https:\/\/sodip.net\/wp-content\/uploads\/2023\/11\/MSA-V-GARD-PROTECTIVE-HAT-min.png","width":500,"height":500},{"@type":"BreadcrumbList","@id":"https:\/\/sodip.net\/produit\/msa-v-gard-protective-hat\/#breadcrumb","itemListElement":[{"@type":"ListItem","position":1,"name":"Accueil","item":"https:\/\/sodip.net\/"},{"@type":"ListItem","position":2,"name":"Boutique","item":"https:\/\/sodip.net\/en\/boutique\/"},{"@type":"ListItem","position":3,"name":"MSA V-GARD PROTECTIVE HAT"}]},{"@type":"WebSite","@id":"https:\/\/sodip.net\/en\/#website","url":"https:\/\/sodip.net\/en\/","name":"SODIP SARL","description":"Soci\u00e9t\u00e9 d&#039;ing\u00e9nierie et de production","publisher":{"@id":"https:\/\/sodip.net\/en\/#organization"},"potentialAction":[{"@type":"SearchAction","target":{"@type":"EntryPoint","urlTemplate":"https:\/\/sodip.net\/en\/?s={search_term_string}"},"query-input":"required name=search_term_string"}],"inLanguage":"en-GB"},{"@type":"Organization","@id":"https:\/\/sodip.net\/en\/#organization","name":"SODIP SARL","url":"https:\/\/sodip.net\/en\/","logo":{"@type":"ImageObject","inLanguage":"en-GB","@id":"https:\/\/sodip.net\/en\/#\/schema\/logo\/image\/","url":"https:\/\/sodip.net\/wp-content\/uploads\/2023\/09\/cropped-logo-1.png","contentUrl":"https:\/\/sodip.net\/wp-content\/uploads\/2023\/09\/cropped-logo-1.png","width":825,"height":213,"caption":"SODIP SARL"},"image":{"@id":"https:\/\/sodip.net\/en\/#\/schema\/logo\/image\/"}}]}},"_links":{"self":[{"href":"https:\/\/sodip.net\/en\/wp-json\/wp\/v2\/product\/7633","targetHints":{"allow":["GET"]}}],"collection":[{"href":"https:\/\/sodip.net\/en\/wp-json\/wp\/v2\/product"}],"about":[{"href":"https:\/\/sodip.net\/en\/wp-json\/wp\/v2\/types\/product"}],"replies":[{"embeddable":true,"href":"https:\/\/sodip.net\/en\/wp-json\/wp\/v2\/comments?post=7633"}],"wp:featuredmedia":[{"embeddable":true,"href":"https:\/\/sodip.net\/en\/wp-json\/wp\/v2\/media\/7648"}],"wp:attachment":[{"href":"https:\/\/sodip.net\/en\/wp-json\/wp\/v2\/media?parent=7633"}],"wp:term":[{"taxonomy":"product_cat","embeddable":true,"href":"https:\/\/sodip.net\/en\/wp-json\/wp\/v2\/product_cat?post=7633"},{"taxonomy":"product_tag","embeddable":true,"href":"https:\/\/sodip.net\/en\/wp-json\/wp\/v2\/product_tag?post=7633"}],"curies":[{"name":"wp","href":"https:\/\/api.w.org\/{rel}","templated":true}]}}