{"id":7631,"date":"2023-11-01T14:58:24","date_gmt":"2023-11-01T13:58:24","guid":{"rendered":"https:\/\/sodip.net\/?post_type=product&#038;p=7631"},"modified":"2023-11-01T16:39:24","modified_gmt":"2023-11-01T15:39:24","slug":"msa-cartridges-adv-gma","status":"publish","type":"product","link":"https:\/\/sodip.net\/en\/product\/msa-cartridges-adv-gma\/","title":{"rendered":"MSA CARTRIDGES ADV GMA"},"content":{"rendered":"<h2 class=\"p1\"><strong>MSA CARTRIDGES ADV GMA<\/strong><\/h2>\n<p>Designed for easy installation and solid protection, Advantage breathing cartridges use a bayonet design for easy assembly. With reduced lug height and inlet connectors, cartridges lock into place with a simple twist.<\/p>","protected":false},"excerpt":{"rendered":"<p>Designed for easy installation and solid protection, Advantage breathing cartridges use a bayonet design for easy assembly. With reduced lug height and inlet connectors, cartridges lock into place with a simple twist.<\/p>","protected":false},"featured_media":7646,"comment_status":"closed","ping_status":"closed","template":"","meta":{"inline_featured_image":false},"product_cat":[115,146],"product_tag":[],"class_list":["post-7631","product","type-product","status-publish","has-post-thumbnail","hentry","product_cat-equipement-de-protection-individuel","product_cat-masques"],"yoast_head":"<!-- This site is optimized with the Yoast SEO plugin v22.8 - https:\/\/yoast.com\/wordpress\/plugins\/seo\/ -->\n<title>MSA CARTRIDGES ADV GMA - SODIP SARL<\/title>\n<meta name=\"robots\" content=\"index, follow, max-snippet:-1, max-image-preview:large, max-video-preview:-1\" \/>\n<link rel=\"canonical\" href=\"https:\/\/sodip.net\/en\/product\/msa-cartridges-adv-gma\/\" \/>\n<meta property=\"og:locale\" content=\"en_GB\" \/>\n<meta property=\"og:type\" content=\"article\" \/>\n<meta property=\"og:title\" content=\"MSA CARTRIDGES ADV GMA - SODIP SARL\" \/>\n<meta property=\"og:description\" content=\"Con\u00e7ues pour une installation facile et une protection solide, les cartouches respiratoires Advantage utilisent une conception \u00e0 ba\u00efonnette pour un montage facile. Avec une hauteur d&#039;ergot r\u00e9duite et des connecteurs d&#039;entr\u00e9e, les cartouches se verrouillent en place d&#039;un simple tour de main.\" \/>\n<meta property=\"og:url\" content=\"https:\/\/sodip.net\/en\/product\/msa-cartridges-adv-gma\/\" \/>\n<meta property=\"og:site_name\" content=\"SODIP SARL\" \/>\n<meta property=\"article:modified_time\" content=\"2023-11-01T15:39:24+00:00\" \/>\n<meta property=\"og:image\" content=\"https:\/\/sodip.net\/wp-content\/uploads\/2023\/11\/MSA-CARTRIDGES-ADV-GMA-min.png\" \/>\n\t<meta property=\"og:image:width\" content=\"500\" \/>\n\t<meta property=\"og:image:height\" content=\"500\" \/>\n\t<meta property=\"og:image:type\" content=\"image\/png\" \/>\n<meta name=\"twitter:card\" content=\"summary_large_image\" \/>\n<script type=\"application\/ld+json\" class=\"yoast-schema-graph\">{\"@context\":\"https:\/\/schema.org\",\"@graph\":[{\"@type\":\"WebPage\",\"@id\":\"https:\/\/sodip.net\/produit\/msa-cartridges-adv-gma\/\",\"url\":\"https:\/\/sodip.net\/produit\/msa-cartridges-adv-gma\/\",\"name\":\"MSA CARTRIDGES ADV GMA - SODIP SARL\",\"isPartOf\":{\"@id\":\"https:\/\/sodip.net\/en\/#website\"},\"primaryImageOfPage\":{\"@id\":\"https:\/\/sodip.net\/produit\/msa-cartridges-adv-gma\/#primaryimage\"},\"image\":{\"@id\":\"https:\/\/sodip.net\/produit\/msa-cartridges-adv-gma\/#primaryimage\"},\"thumbnailUrl\":\"https:\/\/sodip.net\/wp-content\/uploads\/2023\/11\/MSA-CARTRIDGES-ADV-GMA-min.png\",\"datePublished\":\"2023-11-01T13:58:24+00:00\",\"dateModified\":\"2023-11-01T15:39:24+00:00\",\"breadcrumb\":{\"@id\":\"https:\/\/sodip.net\/produit\/msa-cartridges-adv-gma\/#breadcrumb\"},\"inLanguage\":\"en-GB\",\"potentialAction\":[{\"@type\":\"ReadAction\",\"target\":[\"https:\/\/sodip.net\/produit\/msa-cartridges-adv-gma\/\"]}]},{\"@type\":\"ImageObject\",\"inLanguage\":\"en-GB\",\"@id\":\"https:\/\/sodip.net\/produit\/msa-cartridges-adv-gma\/#primaryimage\",\"url\":\"https:\/\/sodip.net\/wp-content\/uploads\/2023\/11\/MSA-CARTRIDGES-ADV-GMA-min.png\",\"contentUrl\":\"https:\/\/sodip.net\/wp-content\/uploads\/2023\/11\/MSA-CARTRIDGES-ADV-GMA-min.png\",\"width\":500,\"height\":500},{\"@type\":\"BreadcrumbList\",\"@id\":\"https:\/\/sodip.net\/produit\/msa-cartridges-adv-gma\/#breadcrumb\",\"itemListElement\":[{\"@type\":\"ListItem\",\"position\":1,\"name\":\"Accueil\",\"item\":\"https:\/\/sodip.net\/\"},{\"@type\":\"ListItem\",\"position\":2,\"name\":\"Boutique\",\"item\":\"https:\/\/sodip.net\/en\/boutique\/\"},{\"@type\":\"ListItem\",\"position\":3,\"name\":\"MSA CARTRIDGES ADV GMA\"}]},{\"@type\":\"WebSite\",\"@id\":\"https:\/\/sodip.net\/en\/#website\",\"url\":\"https:\/\/sodip.net\/en\/\",\"name\":\"SODIP SARL\",\"description\":\"Soci\u00e9t\u00e9 d&#039;ing\u00e9nierie et de production\",\"publisher\":{\"@id\":\"https:\/\/sodip.net\/en\/#organization\"},\"potentialAction\":[{\"@type\":\"SearchAction\",\"target\":{\"@type\":\"EntryPoint\",\"urlTemplate\":\"https:\/\/sodip.net\/en\/?s={search_term_string}\"},\"query-input\":\"required name=search_term_string\"}],\"inLanguage\":\"en-GB\"},{\"@type\":\"Organization\",\"@id\":\"https:\/\/sodip.net\/en\/#organization\",\"name\":\"SODIP SARL\",\"url\":\"https:\/\/sodip.net\/en\/\",\"logo\":{\"@type\":\"ImageObject\",\"inLanguage\":\"en-GB\",\"@id\":\"https:\/\/sodip.net\/en\/#\/schema\/logo\/image\/\",\"url\":\"https:\/\/sodip.net\/wp-content\/uploads\/2023\/09\/cropped-logo-1.png\",\"contentUrl\":\"https:\/\/sodip.net\/wp-content\/uploads\/2023\/09\/cropped-logo-1.png\",\"width\":825,\"height\":213,\"caption\":\"SODIP SARL\"},\"image\":{\"@id\":\"https:\/\/sodip.net\/en\/#\/schema\/logo\/image\/\"}}]}<\/script>\n<!-- \/ Yoast SEO plugin. -->","yoast_head_json":{"title":"MSA CARTRIDGES ADV GMA - SODIP SARL","robots":{"index":"index","follow":"follow","max-snippet":"max-snippet:-1","max-image-preview":"max-image-preview:large","max-video-preview":"max-video-preview:-1"},"canonical":"https:\/\/sodip.net\/en\/product\/msa-cartridges-adv-gma\/","og_locale":"en_GB","og_type":"article","og_title":"MSA CARTRIDGES ADV GMA - SODIP SARL","og_description":"Con\u00e7ues pour une installation facile et une protection solide, les cartouches respiratoires Advantage utilisent une conception \u00e0 ba\u00efonnette pour un montage facile. Avec une hauteur d'ergot r\u00e9duite et des connecteurs d'entr\u00e9e, les cartouches se verrouillent en place d'un simple tour de main.","og_url":"https:\/\/sodip.net\/en\/product\/msa-cartridges-adv-gma\/","og_site_name":"SODIP SARL","article_modified_time":"2023-11-01T15:39:24+00:00","og_image":[{"width":500,"height":500,"url":"https:\/\/sodip.net\/wp-content\/uploads\/2023\/11\/MSA-CARTRIDGES-ADV-GMA-min.png","type":"image\/png"}],"twitter_card":"summary_large_image","schema":{"@context":"https:\/\/schema.org","@graph":[{"@type":"WebPage","@id":"https:\/\/sodip.net\/produit\/msa-cartridges-adv-gma\/","url":"https:\/\/sodip.net\/produit\/msa-cartridges-adv-gma\/","name":"MSA CARTRIDGES ADV GMA - SODIP SARL","isPartOf":{"@id":"https:\/\/sodip.net\/en\/#website"},"primaryImageOfPage":{"@id":"https:\/\/sodip.net\/produit\/msa-cartridges-adv-gma\/#primaryimage"},"image":{"@id":"https:\/\/sodip.net\/produit\/msa-cartridges-adv-gma\/#primaryimage"},"thumbnailUrl":"https:\/\/sodip.net\/wp-content\/uploads\/2023\/11\/MSA-CARTRIDGES-ADV-GMA-min.png","datePublished":"2023-11-01T13:58:24+00:00","dateModified":"2023-11-01T15:39:24+00:00","breadcrumb":{"@id":"https:\/\/sodip.net\/produit\/msa-cartridges-adv-gma\/#breadcrumb"},"inLanguage":"en-GB","potentialAction":[{"@type":"ReadAction","target":["https:\/\/sodip.net\/produit\/msa-cartridges-adv-gma\/"]}]},{"@type":"ImageObject","inLanguage":"en-GB","@id":"https:\/\/sodip.net\/produit\/msa-cartridges-adv-gma\/#primaryimage","url":"https:\/\/sodip.net\/wp-content\/uploads\/2023\/11\/MSA-CARTRIDGES-ADV-GMA-min.png","contentUrl":"https:\/\/sodip.net\/wp-content\/uploads\/2023\/11\/MSA-CARTRIDGES-ADV-GMA-min.png","width":500,"height":500},{"@type":"BreadcrumbList","@id":"https:\/\/sodip.net\/produit\/msa-cartridges-adv-gma\/#breadcrumb","itemListElement":[{"@type":"ListItem","position":1,"name":"Accueil","item":"https:\/\/sodip.net\/"},{"@type":"ListItem","position":2,"name":"Boutique","item":"https:\/\/sodip.net\/en\/boutique\/"},{"@type":"ListItem","position":3,"name":"MSA CARTRIDGES ADV GMA"}]},{"@type":"WebSite","@id":"https:\/\/sodip.net\/en\/#website","url":"https:\/\/sodip.net\/en\/","name":"SODIP SARL","description":"Soci\u00e9t\u00e9 d&#039;ing\u00e9nierie et de production","publisher":{"@id":"https:\/\/sodip.net\/en\/#organization"},"potentialAction":[{"@type":"SearchAction","target":{"@type":"EntryPoint","urlTemplate":"https:\/\/sodip.net\/en\/?s={search_term_string}"},"query-input":"required name=search_term_string"}],"inLanguage":"en-GB"},{"@type":"Organization","@id":"https:\/\/sodip.net\/en\/#organization","name":"SODIP SARL","url":"https:\/\/sodip.net\/en\/","logo":{"@type":"ImageObject","inLanguage":"en-GB","@id":"https:\/\/sodip.net\/en\/#\/schema\/logo\/image\/","url":"https:\/\/sodip.net\/wp-content\/uploads\/2023\/09\/cropped-logo-1.png","contentUrl":"https:\/\/sodip.net\/wp-content\/uploads\/2023\/09\/cropped-logo-1.png","width":825,"height":213,"caption":"SODIP SARL"},"image":{"@id":"https:\/\/sodip.net\/en\/#\/schema\/logo\/image\/"}}]}},"_links":{"self":[{"href":"https:\/\/sodip.net\/en\/wp-json\/wp\/v2\/product\/7631","targetHints":{"allow":["GET"]}}],"collection":[{"href":"https:\/\/sodip.net\/en\/wp-json\/wp\/v2\/product"}],"about":[{"href":"https:\/\/sodip.net\/en\/wp-json\/wp\/v2\/types\/product"}],"replies":[{"embeddable":true,"href":"https:\/\/sodip.net\/en\/wp-json\/wp\/v2\/comments?post=7631"}],"wp:featuredmedia":[{"embeddable":true,"href":"https:\/\/sodip.net\/en\/wp-json\/wp\/v2\/media\/7646"}],"wp:attachment":[{"href":"https:\/\/sodip.net\/en\/wp-json\/wp\/v2\/media?parent=7631"}],"wp:term":[{"taxonomy":"product_cat","embeddable":true,"href":"https:\/\/sodip.net\/en\/wp-json\/wp\/v2\/product_cat?post=7631"},{"taxonomy":"product_tag","embeddable":true,"href":"https:\/\/sodip.net\/en\/wp-json\/wp\/v2\/product_tag?post=7631"}],"curies":[{"name":"wp","href":"https:\/\/api.w.org\/{rel}","templated":true}]}}