{"id":7600,"date":"2023-11-01T12:07:28","date_gmt":"2023-11-01T11:07:28","guid":{"rendered":"https:\/\/sodip.net\/?post_type=product&#038;p=7600"},"modified":"2023-11-01T16:38:00","modified_gmt":"2023-11-01T15:38:00","slug":"spectacles-aurora","status":"publish","type":"product","link":"https:\/\/sodip.net\/en\/product\/spectacles-aurora\/","title":{"rendered":"SPECTACLES AURORA"},"content":{"rendered":"<h2 class=\"p1\"><strong>SPECTACLES AURORA<\/strong><\/h2>\n<p>Offering all-round protection, these stylish single-lens spectacles with vented side shields are ideal for visitors and regular wearers alike. Clear or smoked, they fit most prescription glasses.<\/p>","protected":false},"excerpt":{"rendered":"<p>Offering all-round protection, these stylish single-lens spectacles with vented side shields are ideal for visitors and regular wearers alike. Clear or smoked, they fit most prescription glasses.<\/p>","protected":false},"featured_media":7645,"comment_status":"closed","ping_status":"closed","template":"","meta":{"inline_featured_image":false},"product_cat":[115,147],"product_tag":[],"class_list":["post-7600","product","type-product","status-publish","has-post-thumbnail","hentry","product_cat-equipement-de-protection-individuel","product_cat-lunettes"],"yoast_head":"<!-- This site is optimized with the Yoast SEO plugin v22.8 - https:\/\/yoast.com\/wordpress\/plugins\/seo\/ -->\n<title>SPECTACLES AURORA - SODIP SARL<\/title>\n<meta name=\"robots\" content=\"index, follow, max-snippet:-1, max-image-preview:large, max-video-preview:-1\" \/>\n<link rel=\"canonical\" href=\"https:\/\/sodip.net\/en\/product\/spectacles-aurora\/\" \/>\n<meta property=\"og:locale\" content=\"en_GB\" \/>\n<meta property=\"og:type\" content=\"article\" \/>\n<meta property=\"og:title\" content=\"SPECTACLES AURORA - SODIP SARL\" \/>\n<meta property=\"og:description\" content=\"Offrant une protection globale, ces lunettes \u00e9l\u00e9gantes \u00e0 verre unique, dot\u00e9es d&#039;\u00e9crans lat\u00e9raux ventil\u00e9s, sont id\u00e9ales pour les visiteurs comme pour les porteurs r\u00e9guliers. Transparentes ou fum\u00e9es, elles s&#039;adaptent \u00e0 la plupart des lunettes de vue.\" \/>\n<meta property=\"og:url\" content=\"https:\/\/sodip.net\/en\/product\/spectacles-aurora\/\" \/>\n<meta property=\"og:site_name\" content=\"SODIP SARL\" \/>\n<meta property=\"article:modified_time\" content=\"2023-11-01T15:38:00+00:00\" \/>\n<meta property=\"og:image\" content=\"https:\/\/sodip.net\/wp-content\/uploads\/2023\/11\/SPECTACLES-AURORA-min.png\" \/>\n\t<meta property=\"og:image:width\" content=\"500\" \/>\n\t<meta property=\"og:image:height\" content=\"500\" \/>\n\t<meta property=\"og:image:type\" content=\"image\/png\" \/>\n<meta name=\"twitter:card\" content=\"summary_large_image\" \/>\n<script type=\"application\/ld+json\" class=\"yoast-schema-graph\">{\"@context\":\"https:\/\/schema.org\",\"@graph\":[{\"@type\":\"WebPage\",\"@id\":\"https:\/\/sodip.net\/produit\/spectacles-aurora\/\",\"url\":\"https:\/\/sodip.net\/produit\/spectacles-aurora\/\",\"name\":\"SPECTACLES AURORA - SODIP SARL\",\"isPartOf\":{\"@id\":\"https:\/\/sodip.net\/en\/#website\"},\"primaryImageOfPage\":{\"@id\":\"https:\/\/sodip.net\/produit\/spectacles-aurora\/#primaryimage\"},\"image\":{\"@id\":\"https:\/\/sodip.net\/produit\/spectacles-aurora\/#primaryimage\"},\"thumbnailUrl\":\"https:\/\/sodip.net\/wp-content\/uploads\/2023\/11\/SPECTACLES-AURORA-min.png\",\"datePublished\":\"2023-11-01T11:07:28+00:00\",\"dateModified\":\"2023-11-01T15:38:00+00:00\",\"breadcrumb\":{\"@id\":\"https:\/\/sodip.net\/produit\/spectacles-aurora\/#breadcrumb\"},\"inLanguage\":\"en-GB\",\"potentialAction\":[{\"@type\":\"ReadAction\",\"target\":[\"https:\/\/sodip.net\/produit\/spectacles-aurora\/\"]}]},{\"@type\":\"ImageObject\",\"inLanguage\":\"en-GB\",\"@id\":\"https:\/\/sodip.net\/produit\/spectacles-aurora\/#primaryimage\",\"url\":\"https:\/\/sodip.net\/wp-content\/uploads\/2023\/11\/SPECTACLES-AURORA-min.png\",\"contentUrl\":\"https:\/\/sodip.net\/wp-content\/uploads\/2023\/11\/SPECTACLES-AURORA-min.png\",\"width\":500,\"height\":500},{\"@type\":\"BreadcrumbList\",\"@id\":\"https:\/\/sodip.net\/produit\/spectacles-aurora\/#breadcrumb\",\"itemListElement\":[{\"@type\":\"ListItem\",\"position\":1,\"name\":\"Accueil\",\"item\":\"https:\/\/sodip.net\/\"},{\"@type\":\"ListItem\",\"position\":2,\"name\":\"Boutique\",\"item\":\"https:\/\/sodip.net\/en\/boutique\/\"},{\"@type\":\"ListItem\",\"position\":3,\"name\":\"SPECTACLES AURORA\"}]},{\"@type\":\"WebSite\",\"@id\":\"https:\/\/sodip.net\/en\/#website\",\"url\":\"https:\/\/sodip.net\/en\/\",\"name\":\"SODIP SARL\",\"description\":\"Soci\u00e9t\u00e9 d&#039;ing\u00e9nierie et de production\",\"publisher\":{\"@id\":\"https:\/\/sodip.net\/en\/#organization\"},\"potentialAction\":[{\"@type\":\"SearchAction\",\"target\":{\"@type\":\"EntryPoint\",\"urlTemplate\":\"https:\/\/sodip.net\/en\/?s={search_term_string}\"},\"query-input\":\"required name=search_term_string\"}],\"inLanguage\":\"en-GB\"},{\"@type\":\"Organization\",\"@id\":\"https:\/\/sodip.net\/en\/#organization\",\"name\":\"SODIP SARL\",\"url\":\"https:\/\/sodip.net\/en\/\",\"logo\":{\"@type\":\"ImageObject\",\"inLanguage\":\"en-GB\",\"@id\":\"https:\/\/sodip.net\/en\/#\/schema\/logo\/image\/\",\"url\":\"https:\/\/sodip.net\/wp-content\/uploads\/2023\/09\/cropped-logo-1.png\",\"contentUrl\":\"https:\/\/sodip.net\/wp-content\/uploads\/2023\/09\/cropped-logo-1.png\",\"width\":825,\"height\":213,\"caption\":\"SODIP SARL\"},\"image\":{\"@id\":\"https:\/\/sodip.net\/en\/#\/schema\/logo\/image\/\"}}]}<\/script>\n<!-- \/ Yoast SEO plugin. -->","yoast_head_json":{"title":"SPECTACLES AURORA - SODIP SARL","robots":{"index":"index","follow":"follow","max-snippet":"max-snippet:-1","max-image-preview":"max-image-preview:large","max-video-preview":"max-video-preview:-1"},"canonical":"https:\/\/sodip.net\/en\/product\/spectacles-aurora\/","og_locale":"en_GB","og_type":"article","og_title":"SPECTACLES AURORA - SODIP SARL","og_description":"Offrant une protection globale, ces lunettes \u00e9l\u00e9gantes \u00e0 verre unique, dot\u00e9es d'\u00e9crans lat\u00e9raux ventil\u00e9s, sont id\u00e9ales pour les visiteurs comme pour les porteurs r\u00e9guliers. Transparentes ou fum\u00e9es, elles s'adaptent \u00e0 la plupart des lunettes de vue.","og_url":"https:\/\/sodip.net\/en\/product\/spectacles-aurora\/","og_site_name":"SODIP SARL","article_modified_time":"2023-11-01T15:38:00+00:00","og_image":[{"width":500,"height":500,"url":"https:\/\/sodip.net\/wp-content\/uploads\/2023\/11\/SPECTACLES-AURORA-min.png","type":"image\/png"}],"twitter_card":"summary_large_image","schema":{"@context":"https:\/\/schema.org","@graph":[{"@type":"WebPage","@id":"https:\/\/sodip.net\/produit\/spectacles-aurora\/","url":"https:\/\/sodip.net\/produit\/spectacles-aurora\/","name":"SPECTACLES AURORA - SODIP SARL","isPartOf":{"@id":"https:\/\/sodip.net\/en\/#website"},"primaryImageOfPage":{"@id":"https:\/\/sodip.net\/produit\/spectacles-aurora\/#primaryimage"},"image":{"@id":"https:\/\/sodip.net\/produit\/spectacles-aurora\/#primaryimage"},"thumbnailUrl":"https:\/\/sodip.net\/wp-content\/uploads\/2023\/11\/SPECTACLES-AURORA-min.png","datePublished":"2023-11-01T11:07:28+00:00","dateModified":"2023-11-01T15:38:00+00:00","breadcrumb":{"@id":"https:\/\/sodip.net\/produit\/spectacles-aurora\/#breadcrumb"},"inLanguage":"en-GB","potentialAction":[{"@type":"ReadAction","target":["https:\/\/sodip.net\/produit\/spectacles-aurora\/"]}]},{"@type":"ImageObject","inLanguage":"en-GB","@id":"https:\/\/sodip.net\/produit\/spectacles-aurora\/#primaryimage","url":"https:\/\/sodip.net\/wp-content\/uploads\/2023\/11\/SPECTACLES-AURORA-min.png","contentUrl":"https:\/\/sodip.net\/wp-content\/uploads\/2023\/11\/SPECTACLES-AURORA-min.png","width":500,"height":500},{"@type":"BreadcrumbList","@id":"https:\/\/sodip.net\/produit\/spectacles-aurora\/#breadcrumb","itemListElement":[{"@type":"ListItem","position":1,"name":"Accueil","item":"https:\/\/sodip.net\/"},{"@type":"ListItem","position":2,"name":"Boutique","item":"https:\/\/sodip.net\/en\/boutique\/"},{"@type":"ListItem","position":3,"name":"SPECTACLES AURORA"}]},{"@type":"WebSite","@id":"https:\/\/sodip.net\/en\/#website","url":"https:\/\/sodip.net\/en\/","name":"SODIP SARL","description":"Soci\u00e9t\u00e9 d&#039;ing\u00e9nierie et de production","publisher":{"@id":"https:\/\/sodip.net\/en\/#organization"},"potentialAction":[{"@type":"SearchAction","target":{"@type":"EntryPoint","urlTemplate":"https:\/\/sodip.net\/en\/?s={search_term_string}"},"query-input":"required name=search_term_string"}],"inLanguage":"en-GB"},{"@type":"Organization","@id":"https:\/\/sodip.net\/en\/#organization","name":"SODIP SARL","url":"https:\/\/sodip.net\/en\/","logo":{"@type":"ImageObject","inLanguage":"en-GB","@id":"https:\/\/sodip.net\/en\/#\/schema\/logo\/image\/","url":"https:\/\/sodip.net\/wp-content\/uploads\/2023\/09\/cropped-logo-1.png","contentUrl":"https:\/\/sodip.net\/wp-content\/uploads\/2023\/09\/cropped-logo-1.png","width":825,"height":213,"caption":"SODIP SARL"},"image":{"@id":"https:\/\/sodip.net\/en\/#\/schema\/logo\/image\/"}}]}},"_links":{"self":[{"href":"https:\/\/sodip.net\/en\/wp-json\/wp\/v2\/product\/7600","targetHints":{"allow":["GET"]}}],"collection":[{"href":"https:\/\/sodip.net\/en\/wp-json\/wp\/v2\/product"}],"about":[{"href":"https:\/\/sodip.net\/en\/wp-json\/wp\/v2\/types\/product"}],"replies":[{"embeddable":true,"href":"https:\/\/sodip.net\/en\/wp-json\/wp\/v2\/comments?post=7600"}],"wp:featuredmedia":[{"embeddable":true,"href":"https:\/\/sodip.net\/en\/wp-json\/wp\/v2\/media\/7645"}],"wp:attachment":[{"href":"https:\/\/sodip.net\/en\/wp-json\/wp\/v2\/media?parent=7600"}],"wp:term":[{"taxonomy":"product_cat","embeddable":true,"href":"https:\/\/sodip.net\/en\/wp-json\/wp\/v2\/product_cat?post=7600"},{"taxonomy":"product_tag","embeddable":true,"href":"https:\/\/sodip.net\/en\/wp-json\/wp\/v2\/product_tag?post=7600"}],"curies":[{"name":"wp","href":"https:\/\/api.w.org\/{rel}","templated":true}]}}