{"id":7599,"date":"2023-11-01T12:05:19","date_gmt":"2023-11-01T11:05:19","guid":{"rendered":"https:\/\/sodip.net\/?post_type=product&#038;p=7599"},"modified":"2023-11-01T16:37:37","modified_gmt":"2023-11-01T15:37:37","slug":"spectacles-discovery-ii-clear-anti-frog","status":"publish","type":"product","link":"https:\/\/sodip.net\/en\/product\/spectacles-discovery-ii-clear-anti-frog\/","title":{"rendered":"SPECTACLES DISCOVERY II CLEAR ANTI-FROG"},"content":{"rendered":"<h2 class=\"p1\"><strong>SPECTACLES DISCOVERY II CLEAR ANTI-FROG<\/strong><\/h2>\n<p>Weighing just 25 grams, these are the lightest single-lens impact goggles available. Regardless of face size, these safety goggles are ideal when tight-fitting glasses are required. They are fully transparent, with hard-coated optical class 1 lenses and 99% UV absorption.<\/p>","protected":false},"excerpt":{"rendered":"<p>Weighing just 25 grams, these are the lightest single-lens impact goggles available. Regardless of face size, these safety goggles are ideal when tight-fitting glasses are required. They are fully transparent, with hard-coated optical class 1 lenses and 99% UV absorption.<\/p>","protected":false},"featured_media":7644,"comment_status":"closed","ping_status":"closed","template":"","meta":{"inline_featured_image":false},"product_cat":[115,147,122],"product_tag":[],"class_list":["post-7599","product","type-product","status-publish","has-post-thumbnail","hentry","product_cat-equipement-de-protection-individuel","product_cat-lunettes","product_cat-protection-de-la-tete"],"yoast_head":"<!-- This site is optimized with the Yoast SEO plugin v22.8 - https:\/\/yoast.com\/wordpress\/plugins\/seo\/ -->\n<title>SPECTACLES DISCOVERY II CLEAR ANTI-FROG - SODIP SARL<\/title>\n<meta name=\"robots\" content=\"index, follow, max-snippet:-1, max-image-preview:large, max-video-preview:-1\" \/>\n<link rel=\"canonical\" href=\"https:\/\/sodip.net\/en\/product\/spectacles-discovery-ii-clear-anti-frog\/\" \/>\n<meta property=\"og:locale\" content=\"en_GB\" \/>\n<meta property=\"og:type\" content=\"article\" \/>\n<meta property=\"og:title\" content=\"SPECTACLES DISCOVERY II CLEAR ANTI-FROG - SODIP SARL\" \/>\n<meta property=\"og:description\" content=\"Avec un poids de seulement 25 grammes, ces lunettes sont les plus l\u00e9g\u00e8res parmi les lunettes d&#039;impact \u00e0 verre unique. Quelle que soit la taille du visage, ces lunettes de s\u00e9curit\u00e9 sont id\u00e9ales lorsque des lunettes bien ajust\u00e9es sont n\u00e9cessaires. Elles sont totalement transparentes, avec des verres de classe optique 1 \u00e0 rev\u00eatement dur et une absorption de 99 % des UV.\" \/>\n<meta property=\"og:url\" content=\"https:\/\/sodip.net\/en\/product\/spectacles-discovery-ii-clear-anti-frog\/\" \/>\n<meta property=\"og:site_name\" content=\"SODIP SARL\" \/>\n<meta property=\"article:modified_time\" content=\"2023-11-01T15:37:37+00:00\" \/>\n<meta property=\"og:image\" content=\"https:\/\/sodip.net\/wp-content\/uploads\/2023\/11\/SPECTACLES-DISCOVERY-II-CLEAR-ANTI-FROG-min.png\" \/>\n\t<meta property=\"og:image:width\" content=\"500\" \/>\n\t<meta property=\"og:image:height\" content=\"500\" \/>\n\t<meta property=\"og:image:type\" content=\"image\/png\" \/>\n<meta name=\"twitter:card\" content=\"summary_large_image\" \/>\n<script type=\"application\/ld+json\" class=\"yoast-schema-graph\">{\"@context\":\"https:\/\/schema.org\",\"@graph\":[{\"@type\":\"WebPage\",\"@id\":\"https:\/\/sodip.net\/produit\/spectacles-discovery-ii-clear-anti-frog\/\",\"url\":\"https:\/\/sodip.net\/produit\/spectacles-discovery-ii-clear-anti-frog\/\",\"name\":\"SPECTACLES DISCOVERY II CLEAR ANTI-FROG - SODIP SARL\",\"isPartOf\":{\"@id\":\"https:\/\/sodip.net\/en\/#website\"},\"primaryImageOfPage\":{\"@id\":\"https:\/\/sodip.net\/produit\/spectacles-discovery-ii-clear-anti-frog\/#primaryimage\"},\"image\":{\"@id\":\"https:\/\/sodip.net\/produit\/spectacles-discovery-ii-clear-anti-frog\/#primaryimage\"},\"thumbnailUrl\":\"https:\/\/sodip.net\/wp-content\/uploads\/2023\/11\/SPECTACLES-DISCOVERY-II-CLEAR-ANTI-FROG-min.png\",\"datePublished\":\"2023-11-01T11:05:19+00:00\",\"dateModified\":\"2023-11-01T15:37:37+00:00\",\"breadcrumb\":{\"@id\":\"https:\/\/sodip.net\/produit\/spectacles-discovery-ii-clear-anti-frog\/#breadcrumb\"},\"inLanguage\":\"en-GB\",\"potentialAction\":[{\"@type\":\"ReadAction\",\"target\":[\"https:\/\/sodip.net\/produit\/spectacles-discovery-ii-clear-anti-frog\/\"]}]},{\"@type\":\"ImageObject\",\"inLanguage\":\"en-GB\",\"@id\":\"https:\/\/sodip.net\/produit\/spectacles-discovery-ii-clear-anti-frog\/#primaryimage\",\"url\":\"https:\/\/sodip.net\/wp-content\/uploads\/2023\/11\/SPECTACLES-DISCOVERY-II-CLEAR-ANTI-FROG-min.png\",\"contentUrl\":\"https:\/\/sodip.net\/wp-content\/uploads\/2023\/11\/SPECTACLES-DISCOVERY-II-CLEAR-ANTI-FROG-min.png\",\"width\":500,\"height\":500},{\"@type\":\"BreadcrumbList\",\"@id\":\"https:\/\/sodip.net\/produit\/spectacles-discovery-ii-clear-anti-frog\/#breadcrumb\",\"itemListElement\":[{\"@type\":\"ListItem\",\"position\":1,\"name\":\"Accueil\",\"item\":\"https:\/\/sodip.net\/\"},{\"@type\":\"ListItem\",\"position\":2,\"name\":\"Boutique\",\"item\":\"https:\/\/sodip.net\/en\/boutique\/\"},{\"@type\":\"ListItem\",\"position\":3,\"name\":\"SPECTACLES DISCOVERY II CLEAR ANTI-FROG\"}]},{\"@type\":\"WebSite\",\"@id\":\"https:\/\/sodip.net\/en\/#website\",\"url\":\"https:\/\/sodip.net\/en\/\",\"name\":\"SODIP SARL\",\"description\":\"Soci\u00e9t\u00e9 d&#039;ing\u00e9nierie et de production\",\"publisher\":{\"@id\":\"https:\/\/sodip.net\/en\/#organization\"},\"potentialAction\":[{\"@type\":\"SearchAction\",\"target\":{\"@type\":\"EntryPoint\",\"urlTemplate\":\"https:\/\/sodip.net\/en\/?s={search_term_string}\"},\"query-input\":\"required name=search_term_string\"}],\"inLanguage\":\"en-GB\"},{\"@type\":\"Organization\",\"@id\":\"https:\/\/sodip.net\/en\/#organization\",\"name\":\"SODIP SARL\",\"url\":\"https:\/\/sodip.net\/en\/\",\"logo\":{\"@type\":\"ImageObject\",\"inLanguage\":\"en-GB\",\"@id\":\"https:\/\/sodip.net\/en\/#\/schema\/logo\/image\/\",\"url\":\"https:\/\/sodip.net\/wp-content\/uploads\/2023\/09\/cropped-logo-1.png\",\"contentUrl\":\"https:\/\/sodip.net\/wp-content\/uploads\/2023\/09\/cropped-logo-1.png\",\"width\":825,\"height\":213,\"caption\":\"SODIP SARL\"},\"image\":{\"@id\":\"https:\/\/sodip.net\/en\/#\/schema\/logo\/image\/\"}}]}<\/script>\n<!-- \/ Yoast SEO plugin. -->","yoast_head_json":{"title":"SPECTACLES DISCOVERY II CLEAR ANTI-FROG - SODIP SARL","robots":{"index":"index","follow":"follow","max-snippet":"max-snippet:-1","max-image-preview":"max-image-preview:large","max-video-preview":"max-video-preview:-1"},"canonical":"https:\/\/sodip.net\/en\/product\/spectacles-discovery-ii-clear-anti-frog\/","og_locale":"en_GB","og_type":"article","og_title":"SPECTACLES DISCOVERY II CLEAR ANTI-FROG - SODIP SARL","og_description":"Avec un poids de seulement 25 grammes, ces lunettes sont les plus l\u00e9g\u00e8res parmi les lunettes d'impact \u00e0 verre unique. Quelle que soit la taille du visage, ces lunettes de s\u00e9curit\u00e9 sont id\u00e9ales lorsque des lunettes bien ajust\u00e9es sont n\u00e9cessaires. Elles sont totalement transparentes, avec des verres de classe optique 1 \u00e0 rev\u00eatement dur et une absorption de 99 % des UV.","og_url":"https:\/\/sodip.net\/en\/product\/spectacles-discovery-ii-clear-anti-frog\/","og_site_name":"SODIP SARL","article_modified_time":"2023-11-01T15:37:37+00:00","og_image":[{"width":500,"height":500,"url":"https:\/\/sodip.net\/wp-content\/uploads\/2023\/11\/SPECTACLES-DISCOVERY-II-CLEAR-ANTI-FROG-min.png","type":"image\/png"}],"twitter_card":"summary_large_image","schema":{"@context":"https:\/\/schema.org","@graph":[{"@type":"WebPage","@id":"https:\/\/sodip.net\/produit\/spectacles-discovery-ii-clear-anti-frog\/","url":"https:\/\/sodip.net\/produit\/spectacles-discovery-ii-clear-anti-frog\/","name":"SPECTACLES DISCOVERY II CLEAR ANTI-FROG - SODIP SARL","isPartOf":{"@id":"https:\/\/sodip.net\/en\/#website"},"primaryImageOfPage":{"@id":"https:\/\/sodip.net\/produit\/spectacles-discovery-ii-clear-anti-frog\/#primaryimage"},"image":{"@id":"https:\/\/sodip.net\/produit\/spectacles-discovery-ii-clear-anti-frog\/#primaryimage"},"thumbnailUrl":"https:\/\/sodip.net\/wp-content\/uploads\/2023\/11\/SPECTACLES-DISCOVERY-II-CLEAR-ANTI-FROG-min.png","datePublished":"2023-11-01T11:05:19+00:00","dateModified":"2023-11-01T15:37:37+00:00","breadcrumb":{"@id":"https:\/\/sodip.net\/produit\/spectacles-discovery-ii-clear-anti-frog\/#breadcrumb"},"inLanguage":"en-GB","potentialAction":[{"@type":"ReadAction","target":["https:\/\/sodip.net\/produit\/spectacles-discovery-ii-clear-anti-frog\/"]}]},{"@type":"ImageObject","inLanguage":"en-GB","@id":"https:\/\/sodip.net\/produit\/spectacles-discovery-ii-clear-anti-frog\/#primaryimage","url":"https:\/\/sodip.net\/wp-content\/uploads\/2023\/11\/SPECTACLES-DISCOVERY-II-CLEAR-ANTI-FROG-min.png","contentUrl":"https:\/\/sodip.net\/wp-content\/uploads\/2023\/11\/SPECTACLES-DISCOVERY-II-CLEAR-ANTI-FROG-min.png","width":500,"height":500},{"@type":"BreadcrumbList","@id":"https:\/\/sodip.net\/produit\/spectacles-discovery-ii-clear-anti-frog\/#breadcrumb","itemListElement":[{"@type":"ListItem","position":1,"name":"Accueil","item":"https:\/\/sodip.net\/"},{"@type":"ListItem","position":2,"name":"Boutique","item":"https:\/\/sodip.net\/en\/boutique\/"},{"@type":"ListItem","position":3,"name":"SPECTACLES DISCOVERY II CLEAR ANTI-FROG"}]},{"@type":"WebSite","@id":"https:\/\/sodip.net\/en\/#website","url":"https:\/\/sodip.net\/en\/","name":"SODIP SARL","description":"Soci\u00e9t\u00e9 d&#039;ing\u00e9nierie et de production","publisher":{"@id":"https:\/\/sodip.net\/en\/#organization"},"potentialAction":[{"@type":"SearchAction","target":{"@type":"EntryPoint","urlTemplate":"https:\/\/sodip.net\/en\/?s={search_term_string}"},"query-input":"required name=search_term_string"}],"inLanguage":"en-GB"},{"@type":"Organization","@id":"https:\/\/sodip.net\/en\/#organization","name":"SODIP SARL","url":"https:\/\/sodip.net\/en\/","logo":{"@type":"ImageObject","inLanguage":"en-GB","@id":"https:\/\/sodip.net\/en\/#\/schema\/logo\/image\/","url":"https:\/\/sodip.net\/wp-content\/uploads\/2023\/09\/cropped-logo-1.png","contentUrl":"https:\/\/sodip.net\/wp-content\/uploads\/2023\/09\/cropped-logo-1.png","width":825,"height":213,"caption":"SODIP SARL"},"image":{"@id":"https:\/\/sodip.net\/en\/#\/schema\/logo\/image\/"}}]}},"_links":{"self":[{"href":"https:\/\/sodip.net\/en\/wp-json\/wp\/v2\/product\/7599","targetHints":{"allow":["GET"]}}],"collection":[{"href":"https:\/\/sodip.net\/en\/wp-json\/wp\/v2\/product"}],"about":[{"href":"https:\/\/sodip.net\/en\/wp-json\/wp\/v2\/types\/product"}],"replies":[{"embeddable":true,"href":"https:\/\/sodip.net\/en\/wp-json\/wp\/v2\/comments?post=7599"}],"wp:featuredmedia":[{"embeddable":true,"href":"https:\/\/sodip.net\/en\/wp-json\/wp\/v2\/media\/7644"}],"wp:attachment":[{"href":"https:\/\/sodip.net\/en\/wp-json\/wp\/v2\/media?parent=7599"}],"wp:term":[{"taxonomy":"product_cat","embeddable":true,"href":"https:\/\/sodip.net\/en\/wp-json\/wp\/v2\/product_cat?post=7599"},{"taxonomy":"product_tag","embeddable":true,"href":"https:\/\/sodip.net\/en\/wp-json\/wp\/v2\/product_tag?post=7599"}],"curies":[{"name":"wp","href":"https:\/\/api.w.org\/{rel}","templated":true}]}}