{"id":7597,"date":"2023-11-01T12:00:14","date_gmt":"2023-11-01T11:00:14","guid":{"rendered":"https:\/\/sodip.net\/?post_type=product&#038;p=7597"},"modified":"2023-11-01T16:36:34","modified_gmt":"2023-11-01T15:36:34","slug":"msa-v-fit-harness-back-chest-dring","status":"publish","type":"product","link":"https:\/\/sodip.net\/en\/product\/msa-v-fit-harness-back-chest-dring\/","title":{"rendered":"MSA V-FIT HARNESS BACK\/CHEST DRING"},"content":{"rendered":"<h2 class=\"p1\"><strong>MSA V-FIT HARNESS BACK\/CHEST DRING<\/strong><\/h2>\n<p>Featuring a patent-pending RaceFLEX\u2122 buckle, bulky chest straps are eliminated for a snug, comfortable fit. The athletic cut of the V-FIT harness contours the body, improving upper torso movement at work, while soft shoulder padding helps eliminate pressure points and chafing for all-day comfort.<\/p>","protected":false},"excerpt":{"rendered":"<p>Featuring a patent-pending RaceFLEX\u2122 buckle, bulky chest straps are eliminated for a snug, comfortable fit. The athletic cut of the V-FIT harness contours the body, improving upper torso movement at work, while soft shoulder padding helps eliminate pressure points and chafing for all-day comfort.<\/p>","protected":false},"featured_media":7642,"comment_status":"closed","ping_status":"closed","template":"","meta":{"inline_featured_image":false},"product_cat":[123,115],"product_tag":[],"class_list":["post-7597","product","type-product","status-publish","has-post-thumbnail","hentry","product_cat-antichute","product_cat-equipement-de-protection-individuel"],"yoast_head":"<!-- This site is optimized with the Yoast SEO plugin v22.8 - https:\/\/yoast.com\/wordpress\/plugins\/seo\/ -->\n<title>MSA V-FIT HARNESS BACK\/CHEST DRING - SODIP SARL<\/title>\n<meta name=\"robots\" content=\"index, follow, max-snippet:-1, max-image-preview:large, max-video-preview:-1\" \/>\n<link rel=\"canonical\" href=\"https:\/\/sodip.net\/en\/product\/msa-v-fit-harness-back-chest-dring\/\" \/>\n<meta property=\"og:locale\" content=\"en_GB\" \/>\n<meta property=\"og:type\" content=\"article\" \/>\n<meta property=\"og:title\" content=\"MSA V-FIT HARNESS BACK\/CHEST DRING - SODIP SARL\" \/>\n<meta property=\"og:description\" content=\"Dot\u00e9 d&#039;une boucle RaceFLEX\u2122 en instance de brevet, les sangles de poitrine encombrantes sont \u00e9limin\u00e9es pour un ajustement \u00e9troit et confortable. La coupe athl\u00e9tique du harnais V-FIT \u00e9pouse les contours du corps, am\u00e9liorant les mouvements du haut du torse au travail, tandis que le rembourrage souple des \u00e9paules aide \u00e0 \u00e9liminer les points de pression et les frottements pour un confort tout au long de la journ\u00e9e.\" \/>\n<meta property=\"og:url\" content=\"https:\/\/sodip.net\/en\/product\/msa-v-fit-harness-back-chest-dring\/\" \/>\n<meta property=\"og:site_name\" content=\"SODIP SARL\" \/>\n<meta property=\"article:modified_time\" content=\"2023-11-01T15:36:34+00:00\" \/>\n<meta property=\"og:image\" content=\"https:\/\/sodip.net\/wp-content\/uploads\/2023\/11\/MSA-V-FIT-HARNESS-BACK-CHEST-DRING-min.png\" \/>\n\t<meta property=\"og:image:width\" content=\"500\" \/>\n\t<meta property=\"og:image:height\" content=\"500\" \/>\n\t<meta property=\"og:image:type\" content=\"image\/png\" \/>\n<meta name=\"twitter:card\" content=\"summary_large_image\" \/>\n<script type=\"application\/ld+json\" class=\"yoast-schema-graph\">{\"@context\":\"https:\/\/schema.org\",\"@graph\":[{\"@type\":\"WebPage\",\"@id\":\"https:\/\/sodip.net\/produit\/msa-v-fit-harness-back-chest-dring\/\",\"url\":\"https:\/\/sodip.net\/produit\/msa-v-fit-harness-back-chest-dring\/\",\"name\":\"MSA V-FIT HARNESS BACK\/CHEST DRING - SODIP SARL\",\"isPartOf\":{\"@id\":\"https:\/\/sodip.net\/en\/#website\"},\"primaryImageOfPage\":{\"@id\":\"https:\/\/sodip.net\/produit\/msa-v-fit-harness-back-chest-dring\/#primaryimage\"},\"image\":{\"@id\":\"https:\/\/sodip.net\/produit\/msa-v-fit-harness-back-chest-dring\/#primaryimage\"},\"thumbnailUrl\":\"https:\/\/sodip.net\/wp-content\/uploads\/2023\/11\/MSA-V-FIT-HARNESS-BACK-CHEST-DRING-min.png\",\"datePublished\":\"2023-11-01T11:00:14+00:00\",\"dateModified\":\"2023-11-01T15:36:34+00:00\",\"breadcrumb\":{\"@id\":\"https:\/\/sodip.net\/produit\/msa-v-fit-harness-back-chest-dring\/#breadcrumb\"},\"inLanguage\":\"en-GB\",\"potentialAction\":[{\"@type\":\"ReadAction\",\"target\":[\"https:\/\/sodip.net\/produit\/msa-v-fit-harness-back-chest-dring\/\"]}]},{\"@type\":\"ImageObject\",\"inLanguage\":\"en-GB\",\"@id\":\"https:\/\/sodip.net\/produit\/msa-v-fit-harness-back-chest-dring\/#primaryimage\",\"url\":\"https:\/\/sodip.net\/wp-content\/uploads\/2023\/11\/MSA-V-FIT-HARNESS-BACK-CHEST-DRING-min.png\",\"contentUrl\":\"https:\/\/sodip.net\/wp-content\/uploads\/2023\/11\/MSA-V-FIT-HARNESS-BACK-CHEST-DRING-min.png\",\"width\":500,\"height\":500},{\"@type\":\"BreadcrumbList\",\"@id\":\"https:\/\/sodip.net\/produit\/msa-v-fit-harness-back-chest-dring\/#breadcrumb\",\"itemListElement\":[{\"@type\":\"ListItem\",\"position\":1,\"name\":\"Accueil\",\"item\":\"https:\/\/sodip.net\/\"},{\"@type\":\"ListItem\",\"position\":2,\"name\":\"Boutique\",\"item\":\"https:\/\/sodip.net\/en\/boutique\/\"},{\"@type\":\"ListItem\",\"position\":3,\"name\":\"MSA V-FIT HARNESS BACK\/CHEST DRING\"}]},{\"@type\":\"WebSite\",\"@id\":\"https:\/\/sodip.net\/en\/#website\",\"url\":\"https:\/\/sodip.net\/en\/\",\"name\":\"SODIP SARL\",\"description\":\"Soci\u00e9t\u00e9 d&#039;ing\u00e9nierie et de production\",\"publisher\":{\"@id\":\"https:\/\/sodip.net\/en\/#organization\"},\"potentialAction\":[{\"@type\":\"SearchAction\",\"target\":{\"@type\":\"EntryPoint\",\"urlTemplate\":\"https:\/\/sodip.net\/en\/?s={search_term_string}\"},\"query-input\":\"required name=search_term_string\"}],\"inLanguage\":\"en-GB\"},{\"@type\":\"Organization\",\"@id\":\"https:\/\/sodip.net\/en\/#organization\",\"name\":\"SODIP SARL\",\"url\":\"https:\/\/sodip.net\/en\/\",\"logo\":{\"@type\":\"ImageObject\",\"inLanguage\":\"en-GB\",\"@id\":\"https:\/\/sodip.net\/en\/#\/schema\/logo\/image\/\",\"url\":\"https:\/\/sodip.net\/wp-content\/uploads\/2023\/09\/cropped-logo-1.png\",\"contentUrl\":\"https:\/\/sodip.net\/wp-content\/uploads\/2023\/09\/cropped-logo-1.png\",\"width\":825,\"height\":213,\"caption\":\"SODIP SARL\"},\"image\":{\"@id\":\"https:\/\/sodip.net\/en\/#\/schema\/logo\/image\/\"}}]}<\/script>\n<!-- \/ Yoast SEO plugin. -->","yoast_head_json":{"title":"MSA V-FIT HARNESS BACK\/CHEST DRING - SODIP SARL","robots":{"index":"index","follow":"follow","max-snippet":"max-snippet:-1","max-image-preview":"max-image-preview:large","max-video-preview":"max-video-preview:-1"},"canonical":"https:\/\/sodip.net\/en\/product\/msa-v-fit-harness-back-chest-dring\/","og_locale":"en_GB","og_type":"article","og_title":"MSA V-FIT HARNESS BACK\/CHEST DRING - SODIP SARL","og_description":"Dot\u00e9 d'une boucle RaceFLEX\u2122 en instance de brevet, les sangles de poitrine encombrantes sont \u00e9limin\u00e9es pour un ajustement \u00e9troit et confortable. La coupe athl\u00e9tique du harnais V-FIT \u00e9pouse les contours du corps, am\u00e9liorant les mouvements du haut du torse au travail, tandis que le rembourrage souple des \u00e9paules aide \u00e0 \u00e9liminer les points de pression et les frottements pour un confort tout au long de la journ\u00e9e.","og_url":"https:\/\/sodip.net\/en\/product\/msa-v-fit-harness-back-chest-dring\/","og_site_name":"SODIP SARL","article_modified_time":"2023-11-01T15:36:34+00:00","og_image":[{"width":500,"height":500,"url":"https:\/\/sodip.net\/wp-content\/uploads\/2023\/11\/MSA-V-FIT-HARNESS-BACK-CHEST-DRING-min.png","type":"image\/png"}],"twitter_card":"summary_large_image","schema":{"@context":"https:\/\/schema.org","@graph":[{"@type":"WebPage","@id":"https:\/\/sodip.net\/produit\/msa-v-fit-harness-back-chest-dring\/","url":"https:\/\/sodip.net\/produit\/msa-v-fit-harness-back-chest-dring\/","name":"MSA V-FIT HARNESS BACK\/CHEST DRING - SODIP SARL","isPartOf":{"@id":"https:\/\/sodip.net\/en\/#website"},"primaryImageOfPage":{"@id":"https:\/\/sodip.net\/produit\/msa-v-fit-harness-back-chest-dring\/#primaryimage"},"image":{"@id":"https:\/\/sodip.net\/produit\/msa-v-fit-harness-back-chest-dring\/#primaryimage"},"thumbnailUrl":"https:\/\/sodip.net\/wp-content\/uploads\/2023\/11\/MSA-V-FIT-HARNESS-BACK-CHEST-DRING-min.png","datePublished":"2023-11-01T11:00:14+00:00","dateModified":"2023-11-01T15:36:34+00:00","breadcrumb":{"@id":"https:\/\/sodip.net\/produit\/msa-v-fit-harness-back-chest-dring\/#breadcrumb"},"inLanguage":"en-GB","potentialAction":[{"@type":"ReadAction","target":["https:\/\/sodip.net\/produit\/msa-v-fit-harness-back-chest-dring\/"]}]},{"@type":"ImageObject","inLanguage":"en-GB","@id":"https:\/\/sodip.net\/produit\/msa-v-fit-harness-back-chest-dring\/#primaryimage","url":"https:\/\/sodip.net\/wp-content\/uploads\/2023\/11\/MSA-V-FIT-HARNESS-BACK-CHEST-DRING-min.png","contentUrl":"https:\/\/sodip.net\/wp-content\/uploads\/2023\/11\/MSA-V-FIT-HARNESS-BACK-CHEST-DRING-min.png","width":500,"height":500},{"@type":"BreadcrumbList","@id":"https:\/\/sodip.net\/produit\/msa-v-fit-harness-back-chest-dring\/#breadcrumb","itemListElement":[{"@type":"ListItem","position":1,"name":"Accueil","item":"https:\/\/sodip.net\/"},{"@type":"ListItem","position":2,"name":"Boutique","item":"https:\/\/sodip.net\/en\/boutique\/"},{"@type":"ListItem","position":3,"name":"MSA V-FIT HARNESS BACK\/CHEST DRING"}]},{"@type":"WebSite","@id":"https:\/\/sodip.net\/en\/#website","url":"https:\/\/sodip.net\/en\/","name":"SODIP SARL","description":"Soci\u00e9t\u00e9 d&#039;ing\u00e9nierie et de production","publisher":{"@id":"https:\/\/sodip.net\/en\/#organization"},"potentialAction":[{"@type":"SearchAction","target":{"@type":"EntryPoint","urlTemplate":"https:\/\/sodip.net\/en\/?s={search_term_string}"},"query-input":"required name=search_term_string"}],"inLanguage":"en-GB"},{"@type":"Organization","@id":"https:\/\/sodip.net\/en\/#organization","name":"SODIP SARL","url":"https:\/\/sodip.net\/en\/","logo":{"@type":"ImageObject","inLanguage":"en-GB","@id":"https:\/\/sodip.net\/en\/#\/schema\/logo\/image\/","url":"https:\/\/sodip.net\/wp-content\/uploads\/2023\/09\/cropped-logo-1.png","contentUrl":"https:\/\/sodip.net\/wp-content\/uploads\/2023\/09\/cropped-logo-1.png","width":825,"height":213,"caption":"SODIP SARL"},"image":{"@id":"https:\/\/sodip.net\/en\/#\/schema\/logo\/image\/"}}]}},"_links":{"self":[{"href":"https:\/\/sodip.net\/en\/wp-json\/wp\/v2\/product\/7597","targetHints":{"allow":["GET"]}}],"collection":[{"href":"https:\/\/sodip.net\/en\/wp-json\/wp\/v2\/product"}],"about":[{"href":"https:\/\/sodip.net\/en\/wp-json\/wp\/v2\/types\/product"}],"replies":[{"embeddable":true,"href":"https:\/\/sodip.net\/en\/wp-json\/wp\/v2\/comments?post=7597"}],"wp:featuredmedia":[{"embeddable":true,"href":"https:\/\/sodip.net\/en\/wp-json\/wp\/v2\/media\/7642"}],"wp:attachment":[{"href":"https:\/\/sodip.net\/en\/wp-json\/wp\/v2\/media?parent=7597"}],"wp:term":[{"taxonomy":"product_cat","embeddable":true,"href":"https:\/\/sodip.net\/en\/wp-json\/wp\/v2\/product_cat?post=7597"},{"taxonomy":"product_tag","embeddable":true,"href":"https:\/\/sodip.net\/en\/wp-json\/wp\/v2\/product_tag?post=7597"}],"curies":[{"name":"wp","href":"https:\/\/api.w.org\/{rel}","templated":true}]}}