{"id":7596,"date":"2023-11-01T11:56:50","date_gmt":"2023-11-01T10:56:50","guid":{"rendered":"https:\/\/sodip.net\/?post_type=product&#038;p=7596"},"modified":"2023-11-01T16:36:01","modified_gmt":"2023-11-01T15:36:01","slug":"msa-v-formfull-body-harness","status":"publish","type":"product","link":"https:\/\/sodip.net\/en\/product\/msa-v-formfull-body-harness\/","title":{"rendered":"MSA V FORMFULL BODY HARNESS"},"content":{"rendered":"<h2 class=\"p1\"><strong>MSA V FORMFULL BODY HARNESS<\/strong><\/h2>\n<p>It offers a snug, comfortable fit thanks to the racing-style bayonet buckle. The athletic cut contours the body, improving upper torso movement at work, while soft shoulder padding helps eliminate pressure points for all-day comfort.<\/p>","protected":false},"excerpt":{"rendered":"<p>It offers a snug, comfortable fit thanks to the racing-style bayonet buckle. The athletic cut contours the body, improving upper torso movement at work, while soft shoulder padding helps eliminate pressure points for all-day comfort.<\/p>","protected":false},"featured_media":7641,"comment_status":"closed","ping_status":"closed","template":"","meta":{"inline_featured_image":false},"product_cat":[123,115],"product_tag":[],"class_list":["post-7596","product","type-product","status-publish","has-post-thumbnail","hentry","product_cat-antichute","product_cat-equipement-de-protection-individuel"],"yoast_head":"<!-- This site is optimized with the Yoast SEO plugin v22.8 - https:\/\/yoast.com\/wordpress\/plugins\/seo\/ -->\n<title>MSA V FORMFULL BODY HARNESS - SODIP SARL<\/title>\n<meta name=\"robots\" content=\"index, follow, max-snippet:-1, max-image-preview:large, max-video-preview:-1\" \/>\n<link rel=\"canonical\" href=\"https:\/\/sodip.net\/en\/product\/msa-v-formfull-body-harness\/\" \/>\n<meta property=\"og:locale\" content=\"en_GB\" \/>\n<meta property=\"og:type\" content=\"article\" \/>\n<meta property=\"og:title\" content=\"MSA V FORMFULL BODY HARNESS - SODIP SARL\" \/>\n<meta property=\"og:description\" content=\"Il offre un ajustement serr\u00e9 et confortable gr\u00e2ce \u00e0 la boucle \u00e0 ba\u00efonnette de type course. La coupe athl\u00e9tique \u00e9pouse les contours du corps, am\u00e9liorant les mouvements du haut du torse au travail, tandis que le rembourrage souple des \u00e9paules aide \u00e0 \u00e9liminer les points de pression pour un confort tout au long de la journ\u00e9e.\" \/>\n<meta property=\"og:url\" content=\"https:\/\/sodip.net\/en\/product\/msa-v-formfull-body-harness\/\" \/>\n<meta property=\"og:site_name\" content=\"SODIP SARL\" \/>\n<meta property=\"article:modified_time\" content=\"2023-11-01T15:36:01+00:00\" \/>\n<meta property=\"og:image\" content=\"https:\/\/sodip.net\/wp-content\/uploads\/2023\/11\/MSA-V-FORMFULL-BODY-HARNESS-min.png\" \/>\n\t<meta property=\"og:image:width\" content=\"500\" \/>\n\t<meta property=\"og:image:height\" content=\"500\" \/>\n\t<meta property=\"og:image:type\" content=\"image\/png\" \/>\n<meta name=\"twitter:card\" content=\"summary_large_image\" \/>\n<script type=\"application\/ld+json\" class=\"yoast-schema-graph\">{\"@context\":\"https:\/\/schema.org\",\"@graph\":[{\"@type\":\"WebPage\",\"@id\":\"https:\/\/sodip.net\/produit\/msa-v-formfull-body-harness\/\",\"url\":\"https:\/\/sodip.net\/produit\/msa-v-formfull-body-harness\/\",\"name\":\"MSA V FORMFULL BODY HARNESS - SODIP SARL\",\"isPartOf\":{\"@id\":\"https:\/\/sodip.net\/en\/#website\"},\"primaryImageOfPage\":{\"@id\":\"https:\/\/sodip.net\/produit\/msa-v-formfull-body-harness\/#primaryimage\"},\"image\":{\"@id\":\"https:\/\/sodip.net\/produit\/msa-v-formfull-body-harness\/#primaryimage\"},\"thumbnailUrl\":\"https:\/\/sodip.net\/wp-content\/uploads\/2023\/11\/MSA-V-FORMFULL-BODY-HARNESS-min.png\",\"datePublished\":\"2023-11-01T10:56:50+00:00\",\"dateModified\":\"2023-11-01T15:36:01+00:00\",\"breadcrumb\":{\"@id\":\"https:\/\/sodip.net\/produit\/msa-v-formfull-body-harness\/#breadcrumb\"},\"inLanguage\":\"en-GB\",\"potentialAction\":[{\"@type\":\"ReadAction\",\"target\":[\"https:\/\/sodip.net\/produit\/msa-v-formfull-body-harness\/\"]}]},{\"@type\":\"ImageObject\",\"inLanguage\":\"en-GB\",\"@id\":\"https:\/\/sodip.net\/produit\/msa-v-formfull-body-harness\/#primaryimage\",\"url\":\"https:\/\/sodip.net\/wp-content\/uploads\/2023\/11\/MSA-V-FORMFULL-BODY-HARNESS-min.png\",\"contentUrl\":\"https:\/\/sodip.net\/wp-content\/uploads\/2023\/11\/MSA-V-FORMFULL-BODY-HARNESS-min.png\",\"width\":500,\"height\":500},{\"@type\":\"BreadcrumbList\",\"@id\":\"https:\/\/sodip.net\/produit\/msa-v-formfull-body-harness\/#breadcrumb\",\"itemListElement\":[{\"@type\":\"ListItem\",\"position\":1,\"name\":\"Accueil\",\"item\":\"https:\/\/sodip.net\/\"},{\"@type\":\"ListItem\",\"position\":2,\"name\":\"Boutique\",\"item\":\"https:\/\/sodip.net\/en\/boutique\/\"},{\"@type\":\"ListItem\",\"position\":3,\"name\":\"MSA V FORMFULL BODY HARNESS\"}]},{\"@type\":\"WebSite\",\"@id\":\"https:\/\/sodip.net\/en\/#website\",\"url\":\"https:\/\/sodip.net\/en\/\",\"name\":\"SODIP SARL\",\"description\":\"Soci\u00e9t\u00e9 d&#039;ing\u00e9nierie et de production\",\"publisher\":{\"@id\":\"https:\/\/sodip.net\/en\/#organization\"},\"potentialAction\":[{\"@type\":\"SearchAction\",\"target\":{\"@type\":\"EntryPoint\",\"urlTemplate\":\"https:\/\/sodip.net\/en\/?s={search_term_string}\"},\"query-input\":\"required name=search_term_string\"}],\"inLanguage\":\"en-GB\"},{\"@type\":\"Organization\",\"@id\":\"https:\/\/sodip.net\/en\/#organization\",\"name\":\"SODIP SARL\",\"url\":\"https:\/\/sodip.net\/en\/\",\"logo\":{\"@type\":\"ImageObject\",\"inLanguage\":\"en-GB\",\"@id\":\"https:\/\/sodip.net\/en\/#\/schema\/logo\/image\/\",\"url\":\"https:\/\/sodip.net\/wp-content\/uploads\/2023\/09\/cropped-logo-1.png\",\"contentUrl\":\"https:\/\/sodip.net\/wp-content\/uploads\/2023\/09\/cropped-logo-1.png\",\"width\":825,\"height\":213,\"caption\":\"SODIP SARL\"},\"image\":{\"@id\":\"https:\/\/sodip.net\/en\/#\/schema\/logo\/image\/\"}}]}<\/script>\n<!-- \/ Yoast SEO plugin. -->","yoast_head_json":{"title":"MSA V FORMFULL BODY HARNESS - SODIP SARL","robots":{"index":"index","follow":"follow","max-snippet":"max-snippet:-1","max-image-preview":"max-image-preview:large","max-video-preview":"max-video-preview:-1"},"canonical":"https:\/\/sodip.net\/en\/product\/msa-v-formfull-body-harness\/","og_locale":"en_GB","og_type":"article","og_title":"MSA V FORMFULL BODY HARNESS - SODIP SARL","og_description":"Il offre un ajustement serr\u00e9 et confortable gr\u00e2ce \u00e0 la boucle \u00e0 ba\u00efonnette de type course. La coupe athl\u00e9tique \u00e9pouse les contours du corps, am\u00e9liorant les mouvements du haut du torse au travail, tandis que le rembourrage souple des \u00e9paules aide \u00e0 \u00e9liminer les points de pression pour un confort tout au long de la journ\u00e9e.","og_url":"https:\/\/sodip.net\/en\/product\/msa-v-formfull-body-harness\/","og_site_name":"SODIP SARL","article_modified_time":"2023-11-01T15:36:01+00:00","og_image":[{"width":500,"height":500,"url":"https:\/\/sodip.net\/wp-content\/uploads\/2023\/11\/MSA-V-FORMFULL-BODY-HARNESS-min.png","type":"image\/png"}],"twitter_card":"summary_large_image","schema":{"@context":"https:\/\/schema.org","@graph":[{"@type":"WebPage","@id":"https:\/\/sodip.net\/produit\/msa-v-formfull-body-harness\/","url":"https:\/\/sodip.net\/produit\/msa-v-formfull-body-harness\/","name":"MSA V FORMFULL BODY HARNESS - SODIP SARL","isPartOf":{"@id":"https:\/\/sodip.net\/en\/#website"},"primaryImageOfPage":{"@id":"https:\/\/sodip.net\/produit\/msa-v-formfull-body-harness\/#primaryimage"},"image":{"@id":"https:\/\/sodip.net\/produit\/msa-v-formfull-body-harness\/#primaryimage"},"thumbnailUrl":"https:\/\/sodip.net\/wp-content\/uploads\/2023\/11\/MSA-V-FORMFULL-BODY-HARNESS-min.png","datePublished":"2023-11-01T10:56:50+00:00","dateModified":"2023-11-01T15:36:01+00:00","breadcrumb":{"@id":"https:\/\/sodip.net\/produit\/msa-v-formfull-body-harness\/#breadcrumb"},"inLanguage":"en-GB","potentialAction":[{"@type":"ReadAction","target":["https:\/\/sodip.net\/produit\/msa-v-formfull-body-harness\/"]}]},{"@type":"ImageObject","inLanguage":"en-GB","@id":"https:\/\/sodip.net\/produit\/msa-v-formfull-body-harness\/#primaryimage","url":"https:\/\/sodip.net\/wp-content\/uploads\/2023\/11\/MSA-V-FORMFULL-BODY-HARNESS-min.png","contentUrl":"https:\/\/sodip.net\/wp-content\/uploads\/2023\/11\/MSA-V-FORMFULL-BODY-HARNESS-min.png","width":500,"height":500},{"@type":"BreadcrumbList","@id":"https:\/\/sodip.net\/produit\/msa-v-formfull-body-harness\/#breadcrumb","itemListElement":[{"@type":"ListItem","position":1,"name":"Accueil","item":"https:\/\/sodip.net\/"},{"@type":"ListItem","position":2,"name":"Boutique","item":"https:\/\/sodip.net\/en\/boutique\/"},{"@type":"ListItem","position":3,"name":"MSA V FORMFULL BODY HARNESS"}]},{"@type":"WebSite","@id":"https:\/\/sodip.net\/en\/#website","url":"https:\/\/sodip.net\/en\/","name":"SODIP SARL","description":"Soci\u00e9t\u00e9 d&#039;ing\u00e9nierie et de production","publisher":{"@id":"https:\/\/sodip.net\/en\/#organization"},"potentialAction":[{"@type":"SearchAction","target":{"@type":"EntryPoint","urlTemplate":"https:\/\/sodip.net\/en\/?s={search_term_string}"},"query-input":"required name=search_term_string"}],"inLanguage":"en-GB"},{"@type":"Organization","@id":"https:\/\/sodip.net\/en\/#organization","name":"SODIP SARL","url":"https:\/\/sodip.net\/en\/","logo":{"@type":"ImageObject","inLanguage":"en-GB","@id":"https:\/\/sodip.net\/en\/#\/schema\/logo\/image\/","url":"https:\/\/sodip.net\/wp-content\/uploads\/2023\/09\/cropped-logo-1.png","contentUrl":"https:\/\/sodip.net\/wp-content\/uploads\/2023\/09\/cropped-logo-1.png","width":825,"height":213,"caption":"SODIP SARL"},"image":{"@id":"https:\/\/sodip.net\/en\/#\/schema\/logo\/image\/"}}]}},"_links":{"self":[{"href":"https:\/\/sodip.net\/en\/wp-json\/wp\/v2\/product\/7596","targetHints":{"allow":["GET"]}}],"collection":[{"href":"https:\/\/sodip.net\/en\/wp-json\/wp\/v2\/product"}],"about":[{"href":"https:\/\/sodip.net\/en\/wp-json\/wp\/v2\/types\/product"}],"replies":[{"embeddable":true,"href":"https:\/\/sodip.net\/en\/wp-json\/wp\/v2\/comments?post=7596"}],"wp:featuredmedia":[{"embeddable":true,"href":"https:\/\/sodip.net\/en\/wp-json\/wp\/v2\/media\/7641"}],"wp:attachment":[{"href":"https:\/\/sodip.net\/en\/wp-json\/wp\/v2\/media?parent=7596"}],"wp:term":[{"taxonomy":"product_cat","embeddable":true,"href":"https:\/\/sodip.net\/en\/wp-json\/wp\/v2\/product_cat?post=7596"},{"taxonomy":"product_tag","embeddable":true,"href":"https:\/\/sodip.net\/en\/wp-json\/wp\/v2\/product_tag?post=7596"}],"curies":[{"name":"wp","href":"https:\/\/api.w.org\/{rel}","templated":true}]}}