{"id":7595,"date":"2023-11-01T11:53:28","date_gmt":"2023-11-01T10:53:28","guid":{"rendered":"https:\/\/sodip.net\/?post_type=product&#038;p=7595"},"modified":"2023-11-01T16:35:08","modified_gmt":"2023-11-01T15:35:08","slug":"respirator-adv-200ls","status":"publish","type":"product","link":"https:\/\/sodip.net\/en\/product\/respirator-adv-200ls\/","title":{"rendered":"RESPIRATOR ADV 200LS"},"content":{"rendered":"<h2 class=\"p1\"><strong>RESPIRATOR ADV 200LS<\/strong><\/h2>\n<p>The Advantage 200 LS is a comfortable, effective and economical half-mask. It is ideal for applications where workers are exposed to a variety of task-specific hazards, such as high concentrations of fumes, mists and gases.<br \/>\nThanks to its patented MultiFlex system, the Advantage 200 LS offers maximum protection and wearing comfort. The soft, flexible combination of rubber and plastic provides a customized, pressure-free fit, adapting instantly to the wearer's unique facial features.<br \/>\nThe Advantage 200 LS is available in three sizes and features a full range of cartridges and filters to protect against particles and harmful gases.<\/p>","protected":false},"excerpt":{"rendered":"<p>The Advantage 200 LS is a comfortable, effective and economical half-mask. It is ideal for applications where workers are exposed to a variety of task-specific hazards, such as high concentrations of fumes, mists and gases.<br \/>\nThanks to its patented MultiFlex system, the Advantage 200 LS offers maximum protection and wearing comfort. The soft, flexible combination of rubber and plastic provides a customized, pressure-free fit, adapting instantly to the wearer's unique facial features.<br \/>\nThe Advantage 200 LS is available in three sizes and features a full range of cartridges and filters to protect against particles and harmful gases.<\/p>","protected":false},"featured_media":7640,"comment_status":"closed","ping_status":"closed","template":"","meta":{"inline_featured_image":false},"product_cat":[115,146],"product_tag":[],"class_list":["post-7595","product","type-product","status-publish","has-post-thumbnail","hentry","product_cat-equipement-de-protection-individuel","product_cat-masques"],"yoast_head":"<!-- This site is optimized with the Yoast SEO plugin v22.8 - https:\/\/yoast.com\/wordpress\/plugins\/seo\/ -->\n<title>RESPIRATOR ADV 200LS - SODIP SARL<\/title>\n<meta name=\"robots\" content=\"index, follow, max-snippet:-1, max-image-preview:large, max-video-preview:-1\" \/>\n<link rel=\"canonical\" href=\"https:\/\/sodip.net\/en\/product\/respirator-adv-200ls\/\" \/>\n<meta property=\"og:locale\" content=\"en_GB\" \/>\n<meta property=\"og:type\" content=\"article\" \/>\n<meta property=\"og:title\" content=\"RESPIRATOR ADV 200LS - SODIP SARL\" \/>\n<meta property=\"og:description\" content=\"L&#039;Advantage 200 LS est un demi-masque confortable, efficace et \u00e9conomique. Il est id\u00e9al pour les applications o\u00f9 les travailleurs sont expos\u00e9s \u00e0 divers risques d&#039;une t\u00e2che \u00e0 l&#039;autre, tels que des concentrations \u00e9lev\u00e9es de fum\u00e9es, de brouillards et de gaz. Gr\u00e2ce \u00e0 son syst\u00e8me MultiFlex brevet\u00e9, l&#039;Advantage 200 LS offre une protection maximale et un grand confort de port. La combinaison souple et flexible de caoutchouc et de plastique permet un ajustement personnalis\u00e9 et sans pression, s&#039;adaptant instantan\u00e9ment aux caract\u00e9ristiques faciales uniques de l&#039;utilisateur. L&#039;Advantage 200 LS est disponible en trois tailles et dispose d&#039;une gamme compl\u00e8te de cartouches et de filtres pour prot\u00e9ger contre les particules et les gaz nocifs.\" \/>\n<meta property=\"og:url\" content=\"https:\/\/sodip.net\/en\/product\/respirator-adv-200ls\/\" \/>\n<meta property=\"og:site_name\" content=\"SODIP SARL\" \/>\n<meta property=\"article:modified_time\" content=\"2023-11-01T15:35:08+00:00\" \/>\n<meta property=\"og:image\" content=\"https:\/\/sodip.net\/wp-content\/uploads\/2023\/11\/RESPIRATOR-ADV-200LS.png\" \/>\n\t<meta property=\"og:image:width\" content=\"500\" \/>\n\t<meta property=\"og:image:height\" content=\"500\" \/>\n\t<meta property=\"og:image:type\" content=\"image\/png\" \/>\n<meta name=\"twitter:card\" content=\"summary_large_image\" \/>\n<meta name=\"twitter:label1\" content=\"Estimated reading time\" \/>\n\t<meta name=\"twitter:data1\" content=\"1 minute\" \/>\n<script type=\"application\/ld+json\" class=\"yoast-schema-graph\">{\"@context\":\"https:\/\/schema.org\",\"@graph\":[{\"@type\":\"WebPage\",\"@id\":\"https:\/\/sodip.net\/produit\/respirator-adv-200ls\/\",\"url\":\"https:\/\/sodip.net\/produit\/respirator-adv-200ls\/\",\"name\":\"RESPIRATOR ADV 200LS - SODIP SARL\",\"isPartOf\":{\"@id\":\"https:\/\/sodip.net\/en\/#website\"},\"primaryImageOfPage\":{\"@id\":\"https:\/\/sodip.net\/produit\/respirator-adv-200ls\/#primaryimage\"},\"image\":{\"@id\":\"https:\/\/sodip.net\/produit\/respirator-adv-200ls\/#primaryimage\"},\"thumbnailUrl\":\"https:\/\/sodip.net\/wp-content\/uploads\/2023\/11\/RESPIRATOR-ADV-200LS.png\",\"datePublished\":\"2023-11-01T10:53:28+00:00\",\"dateModified\":\"2023-11-01T15:35:08+00:00\",\"breadcrumb\":{\"@id\":\"https:\/\/sodip.net\/produit\/respirator-adv-200ls\/#breadcrumb\"},\"inLanguage\":\"en-GB\",\"potentialAction\":[{\"@type\":\"ReadAction\",\"target\":[\"https:\/\/sodip.net\/produit\/respirator-adv-200ls\/\"]}]},{\"@type\":\"ImageObject\",\"inLanguage\":\"en-GB\",\"@id\":\"https:\/\/sodip.net\/produit\/respirator-adv-200ls\/#primaryimage\",\"url\":\"https:\/\/sodip.net\/wp-content\/uploads\/2023\/11\/RESPIRATOR-ADV-200LS.png\",\"contentUrl\":\"https:\/\/sodip.net\/wp-content\/uploads\/2023\/11\/RESPIRATOR-ADV-200LS.png\",\"width\":500,\"height\":500},{\"@type\":\"BreadcrumbList\",\"@id\":\"https:\/\/sodip.net\/produit\/respirator-adv-200ls\/#breadcrumb\",\"itemListElement\":[{\"@type\":\"ListItem\",\"position\":1,\"name\":\"Accueil\",\"item\":\"https:\/\/sodip.net\/\"},{\"@type\":\"ListItem\",\"position\":2,\"name\":\"Boutique\",\"item\":\"https:\/\/sodip.net\/en\/boutique\/\"},{\"@type\":\"ListItem\",\"position\":3,\"name\":\"RESPIRATOR ADV 200LS\"}]},{\"@type\":\"WebSite\",\"@id\":\"https:\/\/sodip.net\/en\/#website\",\"url\":\"https:\/\/sodip.net\/en\/\",\"name\":\"SODIP SARL\",\"description\":\"Soci\u00e9t\u00e9 d&#039;ing\u00e9nierie et de production\",\"publisher\":{\"@id\":\"https:\/\/sodip.net\/en\/#organization\"},\"potentialAction\":[{\"@type\":\"SearchAction\",\"target\":{\"@type\":\"EntryPoint\",\"urlTemplate\":\"https:\/\/sodip.net\/en\/?s={search_term_string}\"},\"query-input\":\"required name=search_term_string\"}],\"inLanguage\":\"en-GB\"},{\"@type\":\"Organization\",\"@id\":\"https:\/\/sodip.net\/en\/#organization\",\"name\":\"SODIP SARL\",\"url\":\"https:\/\/sodip.net\/en\/\",\"logo\":{\"@type\":\"ImageObject\",\"inLanguage\":\"en-GB\",\"@id\":\"https:\/\/sodip.net\/en\/#\/schema\/logo\/image\/\",\"url\":\"https:\/\/sodip.net\/wp-content\/uploads\/2023\/09\/cropped-logo-1.png\",\"contentUrl\":\"https:\/\/sodip.net\/wp-content\/uploads\/2023\/09\/cropped-logo-1.png\",\"width\":825,\"height\":213,\"caption\":\"SODIP SARL\"},\"image\":{\"@id\":\"https:\/\/sodip.net\/en\/#\/schema\/logo\/image\/\"}}]}<\/script>\n<!-- \/ Yoast SEO plugin. -->","yoast_head_json":{"title":"RESPIRATOR ADV 200LS - SODIP SARL","robots":{"index":"index","follow":"follow","max-snippet":"max-snippet:-1","max-image-preview":"max-image-preview:large","max-video-preview":"max-video-preview:-1"},"canonical":"https:\/\/sodip.net\/en\/product\/respirator-adv-200ls\/","og_locale":"en_GB","og_type":"article","og_title":"RESPIRATOR ADV 200LS - SODIP SARL","og_description":"L'Advantage 200 LS est un demi-masque confortable, efficace et \u00e9conomique. Il est id\u00e9al pour les applications o\u00f9 les travailleurs sont expos\u00e9s \u00e0 divers risques d'une t\u00e2che \u00e0 l'autre, tels que des concentrations \u00e9lev\u00e9es de fum\u00e9es, de brouillards et de gaz. Gr\u00e2ce \u00e0 son syst\u00e8me MultiFlex brevet\u00e9, l'Advantage 200 LS offre une protection maximale et un grand confort de port. La combinaison souple et flexible de caoutchouc et de plastique permet un ajustement personnalis\u00e9 et sans pression, s'adaptant instantan\u00e9ment aux caract\u00e9ristiques faciales uniques de l'utilisateur. L'Advantage 200 LS est disponible en trois tailles et dispose d'une gamme compl\u00e8te de cartouches et de filtres pour prot\u00e9ger contre les particules et les gaz nocifs.","og_url":"https:\/\/sodip.net\/en\/product\/respirator-adv-200ls\/","og_site_name":"SODIP SARL","article_modified_time":"2023-11-01T15:35:08+00:00","og_image":[{"width":500,"height":500,"url":"https:\/\/sodip.net\/wp-content\/uploads\/2023\/11\/RESPIRATOR-ADV-200LS.png","type":"image\/png"}],"twitter_card":"summary_large_image","twitter_misc":{"Estimated reading time":"1 minute"},"schema":{"@context":"https:\/\/schema.org","@graph":[{"@type":"WebPage","@id":"https:\/\/sodip.net\/produit\/respirator-adv-200ls\/","url":"https:\/\/sodip.net\/produit\/respirator-adv-200ls\/","name":"RESPIRATOR ADV 200LS - SODIP SARL","isPartOf":{"@id":"https:\/\/sodip.net\/en\/#website"},"primaryImageOfPage":{"@id":"https:\/\/sodip.net\/produit\/respirator-adv-200ls\/#primaryimage"},"image":{"@id":"https:\/\/sodip.net\/produit\/respirator-adv-200ls\/#primaryimage"},"thumbnailUrl":"https:\/\/sodip.net\/wp-content\/uploads\/2023\/11\/RESPIRATOR-ADV-200LS.png","datePublished":"2023-11-01T10:53:28+00:00","dateModified":"2023-11-01T15:35:08+00:00","breadcrumb":{"@id":"https:\/\/sodip.net\/produit\/respirator-adv-200ls\/#breadcrumb"},"inLanguage":"en-GB","potentialAction":[{"@type":"ReadAction","target":["https:\/\/sodip.net\/produit\/respirator-adv-200ls\/"]}]},{"@type":"ImageObject","inLanguage":"en-GB","@id":"https:\/\/sodip.net\/produit\/respirator-adv-200ls\/#primaryimage","url":"https:\/\/sodip.net\/wp-content\/uploads\/2023\/11\/RESPIRATOR-ADV-200LS.png","contentUrl":"https:\/\/sodip.net\/wp-content\/uploads\/2023\/11\/RESPIRATOR-ADV-200LS.png","width":500,"height":500},{"@type":"BreadcrumbList","@id":"https:\/\/sodip.net\/produit\/respirator-adv-200ls\/#breadcrumb","itemListElement":[{"@type":"ListItem","position":1,"name":"Accueil","item":"https:\/\/sodip.net\/"},{"@type":"ListItem","position":2,"name":"Boutique","item":"https:\/\/sodip.net\/en\/boutique\/"},{"@type":"ListItem","position":3,"name":"RESPIRATOR ADV 200LS"}]},{"@type":"WebSite","@id":"https:\/\/sodip.net\/en\/#website","url":"https:\/\/sodip.net\/en\/","name":"SODIP SARL","description":"Soci\u00e9t\u00e9 d&#039;ing\u00e9nierie et de production","publisher":{"@id":"https:\/\/sodip.net\/en\/#organization"},"potentialAction":[{"@type":"SearchAction","target":{"@type":"EntryPoint","urlTemplate":"https:\/\/sodip.net\/en\/?s={search_term_string}"},"query-input":"required name=search_term_string"}],"inLanguage":"en-GB"},{"@type":"Organization","@id":"https:\/\/sodip.net\/en\/#organization","name":"SODIP SARL","url":"https:\/\/sodip.net\/en\/","logo":{"@type":"ImageObject","inLanguage":"en-GB","@id":"https:\/\/sodip.net\/en\/#\/schema\/logo\/image\/","url":"https:\/\/sodip.net\/wp-content\/uploads\/2023\/09\/cropped-logo-1.png","contentUrl":"https:\/\/sodip.net\/wp-content\/uploads\/2023\/09\/cropped-logo-1.png","width":825,"height":213,"caption":"SODIP SARL"},"image":{"@id":"https:\/\/sodip.net\/en\/#\/schema\/logo\/image\/"}}]}},"_links":{"self":[{"href":"https:\/\/sodip.net\/en\/wp-json\/wp\/v2\/product\/7595","targetHints":{"allow":["GET"]}}],"collection":[{"href":"https:\/\/sodip.net\/en\/wp-json\/wp\/v2\/product"}],"about":[{"href":"https:\/\/sodip.net\/en\/wp-json\/wp\/v2\/types\/product"}],"replies":[{"embeddable":true,"href":"https:\/\/sodip.net\/en\/wp-json\/wp\/v2\/comments?post=7595"}],"wp:featuredmedia":[{"embeddable":true,"href":"https:\/\/sodip.net\/en\/wp-json\/wp\/v2\/media\/7640"}],"wp:attachment":[{"href":"https:\/\/sodip.net\/en\/wp-json\/wp\/v2\/media?parent=7595"}],"wp:term":[{"taxonomy":"product_cat","embeddable":true,"href":"https:\/\/sodip.net\/en\/wp-json\/wp\/v2\/product_cat?post=7595"},{"taxonomy":"product_tag","embeddable":true,"href":"https:\/\/sodip.net\/en\/wp-json\/wp\/v2\/product_tag?post=7595"}],"curies":[{"name":"wp","href":"https:\/\/api.w.org\/{rel}","templated":true}]}}