{"id":7591,"date":"2023-11-01T11:28:50","date_gmt":"2023-11-01T10:28:50","guid":{"rendered":"https:\/\/sodip.net\/?post_type=product&#038;p=7591"},"modified":"2023-11-01T16:21:25","modified_gmt":"2023-11-01T15:21:25","slug":"altair-5x-pid","status":"publish","type":"product","link":"https:\/\/sodip.net\/en\/product\/altair-5x-pid\/","title":{"rendered":"ALTAIR 5X PID"},"content":{"rendered":"<h2 class=\"p1\"><strong>ALTAIR 5X PID<\/strong><\/h2>\n<p>The ALTAIR 5X gas detector is capable of measuring up to 6 gases simultaneously, and is now available with an integrated PID sensor for VOC detection. Thanks to advanced MSA XCell\u00ae sensor technology, the ALTAIR 5X gas detector offers faster response time, greater stability, higher accuracy, longer life and savings over the lifetime of the instrument.<\/p>","protected":false},"excerpt":{"rendered":"<p>The ALTAIR 5X gas detector is capable of measuring up to 6 gases simultaneously, and is now available with an integrated PID sensor for VOC detection. Thanks to advanced MSA XCell\u00ae sensor technology, the ALTAIR 5X gas detector offers faster response time, greater stability, higher accuracy, longer life and savings over the lifetime of the instrument.<\/p>","protected":false},"featured_media":7636,"comment_status":"closed","ping_status":"closed","template":"","meta":{"inline_featured_image":false},"product_cat":[120,114,143],"product_tag":[],"class_list":["post-7591","product","type-product","status-publish","has-post-thumbnail","hentry","product_cat-detecteur-portable","product_cat-detection-des-gaz","product_cat-multi-gaz"],"yoast_head":"<!-- This site is optimized with the Yoast SEO plugin v22.8 - https:\/\/yoast.com\/wordpress\/plugins\/seo\/ -->\n<title>ALTAIR 5X PID - SODIP SARL<\/title>\n<meta name=\"robots\" content=\"index, follow, max-snippet:-1, max-image-preview:large, max-video-preview:-1\" \/>\n<link rel=\"canonical\" href=\"https:\/\/sodip.net\/en\/product\/altair-5x-pid\/\" \/>\n<meta property=\"og:locale\" content=\"en_GB\" \/>\n<meta property=\"og:type\" content=\"article\" \/>\n<meta property=\"og:title\" content=\"ALTAIR 5X PID - SODIP SARL\" \/>\n<meta property=\"og:description\" content=\"Le d\u00e9tecteur de gaz ALTAIR 5X est capable de mesurer jusqu&#039;\u00e0 6 gaz simultan\u00e9ment et est d\u00e9sormais disponible avec un capteur PID int\u00e9gr\u00e9 pour la d\u00e9tection des COV. Gr\u00e2ce \u00e0 la technologie avanc\u00e9e du capteur MSA XCell\u00ae, le d\u00e9tecteur de gaz ALTAIR 5X offre un temps de r\u00e9ponse plus rapide, une meilleure stabilit\u00e9, une plus grande pr\u00e9cision, une dur\u00e9e de vie plus longue et des \u00e9conomies sur toute la dur\u00e9e de vie de l&#039;instrument.\" \/>\n<meta property=\"og:url\" content=\"https:\/\/sodip.net\/en\/product\/altair-5x-pid\/\" \/>\n<meta property=\"og:site_name\" content=\"SODIP SARL\" \/>\n<meta property=\"article:modified_time\" content=\"2023-11-01T15:21:25+00:00\" \/>\n<meta property=\"og:image\" content=\"https:\/\/sodip.net\/wp-content\/uploads\/2023\/11\/ALTAIR-5X-PID.png\" \/>\n\t<meta property=\"og:image:width\" content=\"500\" \/>\n\t<meta property=\"og:image:height\" content=\"500\" \/>\n\t<meta property=\"og:image:type\" content=\"image\/png\" \/>\n<meta name=\"twitter:card\" content=\"summary_large_image\" \/>\n<script type=\"application\/ld+json\" class=\"yoast-schema-graph\">{\"@context\":\"https:\/\/schema.org\",\"@graph\":[{\"@type\":\"WebPage\",\"@id\":\"https:\/\/sodip.net\/produit\/altair-5x-pid\/\",\"url\":\"https:\/\/sodip.net\/produit\/altair-5x-pid\/\",\"name\":\"ALTAIR 5X PID - SODIP SARL\",\"isPartOf\":{\"@id\":\"https:\/\/sodip.net\/en\/#website\"},\"primaryImageOfPage\":{\"@id\":\"https:\/\/sodip.net\/produit\/altair-5x-pid\/#primaryimage\"},\"image\":{\"@id\":\"https:\/\/sodip.net\/produit\/altair-5x-pid\/#primaryimage\"},\"thumbnailUrl\":\"https:\/\/sodip.net\/wp-content\/uploads\/2023\/11\/ALTAIR-5X-PID.png\",\"datePublished\":\"2023-11-01T10:28:50+00:00\",\"dateModified\":\"2023-11-01T15:21:25+00:00\",\"breadcrumb\":{\"@id\":\"https:\/\/sodip.net\/produit\/altair-5x-pid\/#breadcrumb\"},\"inLanguage\":\"en-GB\",\"potentialAction\":[{\"@type\":\"ReadAction\",\"target\":[\"https:\/\/sodip.net\/produit\/altair-5x-pid\/\"]}]},{\"@type\":\"ImageObject\",\"inLanguage\":\"en-GB\",\"@id\":\"https:\/\/sodip.net\/produit\/altair-5x-pid\/#primaryimage\",\"url\":\"https:\/\/sodip.net\/wp-content\/uploads\/2023\/11\/ALTAIR-5X-PID.png\",\"contentUrl\":\"https:\/\/sodip.net\/wp-content\/uploads\/2023\/11\/ALTAIR-5X-PID.png\",\"width\":500,\"height\":500},{\"@type\":\"BreadcrumbList\",\"@id\":\"https:\/\/sodip.net\/produit\/altair-5x-pid\/#breadcrumb\",\"itemListElement\":[{\"@type\":\"ListItem\",\"position\":1,\"name\":\"Accueil\",\"item\":\"https:\/\/sodip.net\/\"},{\"@type\":\"ListItem\",\"position\":2,\"name\":\"Boutique\",\"item\":\"https:\/\/sodip.net\/en\/boutique\/\"},{\"@type\":\"ListItem\",\"position\":3,\"name\":\"ALTAIR 5X PID\"}]},{\"@type\":\"WebSite\",\"@id\":\"https:\/\/sodip.net\/en\/#website\",\"url\":\"https:\/\/sodip.net\/en\/\",\"name\":\"SODIP SARL\",\"description\":\"Soci\u00e9t\u00e9 d&#039;ing\u00e9nierie et de production\",\"publisher\":{\"@id\":\"https:\/\/sodip.net\/en\/#organization\"},\"potentialAction\":[{\"@type\":\"SearchAction\",\"target\":{\"@type\":\"EntryPoint\",\"urlTemplate\":\"https:\/\/sodip.net\/en\/?s={search_term_string}\"},\"query-input\":\"required name=search_term_string\"}],\"inLanguage\":\"en-GB\"},{\"@type\":\"Organization\",\"@id\":\"https:\/\/sodip.net\/en\/#organization\",\"name\":\"SODIP SARL\",\"url\":\"https:\/\/sodip.net\/en\/\",\"logo\":{\"@type\":\"ImageObject\",\"inLanguage\":\"en-GB\",\"@id\":\"https:\/\/sodip.net\/en\/#\/schema\/logo\/image\/\",\"url\":\"https:\/\/sodip.net\/wp-content\/uploads\/2023\/09\/cropped-logo-1.png\",\"contentUrl\":\"https:\/\/sodip.net\/wp-content\/uploads\/2023\/09\/cropped-logo-1.png\",\"width\":825,\"height\":213,\"caption\":\"SODIP SARL\"},\"image\":{\"@id\":\"https:\/\/sodip.net\/en\/#\/schema\/logo\/image\/\"}}]}<\/script>\n<!-- \/ Yoast SEO plugin. -->","yoast_head_json":{"title":"ALTAIR 5X PID - SODIP SARL","robots":{"index":"index","follow":"follow","max-snippet":"max-snippet:-1","max-image-preview":"max-image-preview:large","max-video-preview":"max-video-preview:-1"},"canonical":"https:\/\/sodip.net\/en\/product\/altair-5x-pid\/","og_locale":"en_GB","og_type":"article","og_title":"ALTAIR 5X PID - SODIP SARL","og_description":"Le d\u00e9tecteur de gaz ALTAIR 5X est capable de mesurer jusqu'\u00e0 6 gaz simultan\u00e9ment et est d\u00e9sormais disponible avec un capteur PID int\u00e9gr\u00e9 pour la d\u00e9tection des COV. Gr\u00e2ce \u00e0 la technologie avanc\u00e9e du capteur MSA XCell\u00ae, le d\u00e9tecteur de gaz ALTAIR 5X offre un temps de r\u00e9ponse plus rapide, une meilleure stabilit\u00e9, une plus grande pr\u00e9cision, une dur\u00e9e de vie plus longue et des \u00e9conomies sur toute la dur\u00e9e de vie de l'instrument.","og_url":"https:\/\/sodip.net\/en\/product\/altair-5x-pid\/","og_site_name":"SODIP SARL","article_modified_time":"2023-11-01T15:21:25+00:00","og_image":[{"width":500,"height":500,"url":"https:\/\/sodip.net\/wp-content\/uploads\/2023\/11\/ALTAIR-5X-PID.png","type":"image\/png"}],"twitter_card":"summary_large_image","schema":{"@context":"https:\/\/schema.org","@graph":[{"@type":"WebPage","@id":"https:\/\/sodip.net\/produit\/altair-5x-pid\/","url":"https:\/\/sodip.net\/produit\/altair-5x-pid\/","name":"ALTAIR 5X PID - SODIP SARL","isPartOf":{"@id":"https:\/\/sodip.net\/en\/#website"},"primaryImageOfPage":{"@id":"https:\/\/sodip.net\/produit\/altair-5x-pid\/#primaryimage"},"image":{"@id":"https:\/\/sodip.net\/produit\/altair-5x-pid\/#primaryimage"},"thumbnailUrl":"https:\/\/sodip.net\/wp-content\/uploads\/2023\/11\/ALTAIR-5X-PID.png","datePublished":"2023-11-01T10:28:50+00:00","dateModified":"2023-11-01T15:21:25+00:00","breadcrumb":{"@id":"https:\/\/sodip.net\/produit\/altair-5x-pid\/#breadcrumb"},"inLanguage":"en-GB","potentialAction":[{"@type":"ReadAction","target":["https:\/\/sodip.net\/produit\/altair-5x-pid\/"]}]},{"@type":"ImageObject","inLanguage":"en-GB","@id":"https:\/\/sodip.net\/produit\/altair-5x-pid\/#primaryimage","url":"https:\/\/sodip.net\/wp-content\/uploads\/2023\/11\/ALTAIR-5X-PID.png","contentUrl":"https:\/\/sodip.net\/wp-content\/uploads\/2023\/11\/ALTAIR-5X-PID.png","width":500,"height":500},{"@type":"BreadcrumbList","@id":"https:\/\/sodip.net\/produit\/altair-5x-pid\/#breadcrumb","itemListElement":[{"@type":"ListItem","position":1,"name":"Accueil","item":"https:\/\/sodip.net\/"},{"@type":"ListItem","position":2,"name":"Boutique","item":"https:\/\/sodip.net\/en\/boutique\/"},{"@type":"ListItem","position":3,"name":"ALTAIR 5X PID"}]},{"@type":"WebSite","@id":"https:\/\/sodip.net\/en\/#website","url":"https:\/\/sodip.net\/en\/","name":"SODIP SARL","description":"Soci\u00e9t\u00e9 d&#039;ing\u00e9nierie et de production","publisher":{"@id":"https:\/\/sodip.net\/en\/#organization"},"potentialAction":[{"@type":"SearchAction","target":{"@type":"EntryPoint","urlTemplate":"https:\/\/sodip.net\/en\/?s={search_term_string}"},"query-input":"required name=search_term_string"}],"inLanguage":"en-GB"},{"@type":"Organization","@id":"https:\/\/sodip.net\/en\/#organization","name":"SODIP SARL","url":"https:\/\/sodip.net\/en\/","logo":{"@type":"ImageObject","inLanguage":"en-GB","@id":"https:\/\/sodip.net\/en\/#\/schema\/logo\/image\/","url":"https:\/\/sodip.net\/wp-content\/uploads\/2023\/09\/cropped-logo-1.png","contentUrl":"https:\/\/sodip.net\/wp-content\/uploads\/2023\/09\/cropped-logo-1.png","width":825,"height":213,"caption":"SODIP SARL"},"image":{"@id":"https:\/\/sodip.net\/en\/#\/schema\/logo\/image\/"}}]}},"_links":{"self":[{"href":"https:\/\/sodip.net\/en\/wp-json\/wp\/v2\/product\/7591","targetHints":{"allow":["GET"]}}],"collection":[{"href":"https:\/\/sodip.net\/en\/wp-json\/wp\/v2\/product"}],"about":[{"href":"https:\/\/sodip.net\/en\/wp-json\/wp\/v2\/types\/product"}],"replies":[{"embeddable":true,"href":"https:\/\/sodip.net\/en\/wp-json\/wp\/v2\/comments?post=7591"}],"wp:featuredmedia":[{"embeddable":true,"href":"https:\/\/sodip.net\/en\/wp-json\/wp\/v2\/media\/7636"}],"wp:attachment":[{"href":"https:\/\/sodip.net\/en\/wp-json\/wp\/v2\/media?parent=7591"}],"wp:term":[{"taxonomy":"product_cat","embeddable":true,"href":"https:\/\/sodip.net\/en\/wp-json\/wp\/v2\/product_cat?post=7591"},{"taxonomy":"product_tag","embeddable":true,"href":"https:\/\/sodip.net\/en\/wp-json\/wp\/v2\/product_tag?post=7591"}],"curies":[{"name":"wp","href":"https:\/\/api.w.org\/{rel}","templated":true}]}}