{"id":7588,"date":"2023-11-01T11:22:45","date_gmt":"2023-11-01T10:22:45","guid":{"rendered":"https:\/\/sodip.net\/?post_type=product&#038;p=7588"},"modified":"2023-11-01T12:17:27","modified_gmt":"2023-11-01T11:17:27","slug":"altair-4xr-2","status":"publish","type":"product","link":"https:\/\/sodip.net\/en\/product\/altair-4xr-2\/","title":{"rendered":"ALTAIR 4XR"},"content":{"rendered":"<h2 class=\"p1\"><strong>ALTAIR 4XR<\/strong><\/h2>\n<p>Equipped with fast-response MSA XCell\u00ae sensors, the ALTAIR 4XR gas detector is the most robust 4-gas detector on the market, and comes with a 4-year warranty. The ALTAIR 4XR can also inform team members, supervisors, safety managers and others about incidents in real time when linked to the MSA ALTAIR Connect app via a Bluetooth\u00ae wireless connection.<\/p>","protected":false},"excerpt":{"rendered":"<p>Equipped with fast-response MSA XCell\u00ae sensors, the ALTAIR 4XR gas detector is the most robust 4-gas detector on the market, and comes with a 4-year warranty. The ALTAIR 4XR can also inform team members, supervisors, safety managers and others about incidents in real time when linked to the MSA ALTAIR Connect app via a Bluetooth\u00ae wireless connection.<\/p>","protected":false},"featured_media":7517,"comment_status":"closed","ping_status":"closed","template":"","meta":{"inline_featured_image":false},"product_cat":[120,114,143],"product_tag":[],"class_list":["post-7588","product","type-product","status-publish","has-post-thumbnail","hentry","product_cat-detecteur-portable","product_cat-detection-des-gaz","product_cat-multi-gaz"],"yoast_head":"<!-- This site is optimized with the Yoast SEO plugin v22.8 - https:\/\/yoast.com\/wordpress\/plugins\/seo\/ -->\n<title>ALTAIR 4XR - SODIP SARL<\/title>\n<meta name=\"robots\" content=\"index, follow, max-snippet:-1, max-image-preview:large, max-video-preview:-1\" \/>\n<link rel=\"canonical\" href=\"https:\/\/sodip.net\/en\/product\/altair-4xr-2\/\" \/>\n<meta property=\"og:locale\" content=\"en_GB\" \/>\n<meta property=\"og:type\" content=\"article\" \/>\n<meta property=\"og:title\" content=\"ALTAIR 4XR - SODIP SARL\" \/>\n<meta property=\"og:description\" content=\"\u00c9quip\u00e9 de capteurs MSA XCell\u00ae \u00e0 r\u00e9ponse rapide, le d\u00e9tecteur de gaz ALTAIR 4XR est le d\u00e9tecteur 4 gaz le plus robuste du march\u00e9 et b\u00e9n\u00e9ficie d&#039;une garantie de 4 ans. L&#039;ALTAIR 4XR peut \u00e9galement informer en temps r\u00e9el les membres de l&#039;\u00e9quipe, les superviseurs, les responsables de la s\u00e9curit\u00e9 et d&#039;autres personnes sur les incidents lorsqu&#039;il est associ\u00e9 \u00e0 l&#039;application MSA ALTAIR Connect par le biais d&#039;une connexion sans fil Bluetooth\u00ae.\" \/>\n<meta property=\"og:url\" content=\"https:\/\/sodip.net\/en\/product\/altair-4xr-2\/\" \/>\n<meta property=\"og:site_name\" content=\"SODIP SARL\" \/>\n<meta property=\"article:modified_time\" content=\"2023-11-01T11:17:27+00:00\" \/>\n<meta property=\"og:image\" content=\"https:\/\/sodip.net\/wp-content\/uploads\/2023\/10\/Altair4XR.png\" \/>\n\t<meta property=\"og:image:width\" content=\"500\" \/>\n\t<meta property=\"og:image:height\" content=\"500\" \/>\n\t<meta property=\"og:image:type\" content=\"image\/png\" \/>\n<meta name=\"twitter:card\" content=\"summary_large_image\" \/>\n<script type=\"application\/ld+json\" class=\"yoast-schema-graph\">{\"@context\":\"https:\/\/schema.org\",\"@graph\":[{\"@type\":\"WebPage\",\"@id\":\"https:\/\/sodip.net\/produit\/altair-4xr-2\/\",\"url\":\"https:\/\/sodip.net\/produit\/altair-4xr-2\/\",\"name\":\"ALTAIR 4XR - SODIP SARL\",\"isPartOf\":{\"@id\":\"https:\/\/sodip.net\/en\/#website\"},\"primaryImageOfPage\":{\"@id\":\"https:\/\/sodip.net\/produit\/altair-4xr-2\/#primaryimage\"},\"image\":{\"@id\":\"https:\/\/sodip.net\/produit\/altair-4xr-2\/#primaryimage\"},\"thumbnailUrl\":\"https:\/\/sodip.net\/wp-content\/uploads\/2023\/10\/Altair4XR.png\",\"datePublished\":\"2023-11-01T10:22:45+00:00\",\"dateModified\":\"2023-11-01T11:17:27+00:00\",\"breadcrumb\":{\"@id\":\"https:\/\/sodip.net\/produit\/altair-4xr-2\/#breadcrumb\"},\"inLanguage\":\"en-GB\",\"potentialAction\":[{\"@type\":\"ReadAction\",\"target\":[\"https:\/\/sodip.net\/produit\/altair-4xr-2\/\"]}]},{\"@type\":\"ImageObject\",\"inLanguage\":\"en-GB\",\"@id\":\"https:\/\/sodip.net\/produit\/altair-4xr-2\/#primaryimage\",\"url\":\"https:\/\/sodip.net\/wp-content\/uploads\/2023\/10\/Altair4XR.png\",\"contentUrl\":\"https:\/\/sodip.net\/wp-content\/uploads\/2023\/10\/Altair4XR.png\",\"width\":500,\"height\":500},{\"@type\":\"BreadcrumbList\",\"@id\":\"https:\/\/sodip.net\/produit\/altair-4xr-2\/#breadcrumb\",\"itemListElement\":[{\"@type\":\"ListItem\",\"position\":1,\"name\":\"Accueil\",\"item\":\"https:\/\/sodip.net\/\"},{\"@type\":\"ListItem\",\"position\":2,\"name\":\"Boutique\",\"item\":\"https:\/\/sodip.net\/en\/boutique\/\"},{\"@type\":\"ListItem\",\"position\":3,\"name\":\"ALTAIR 4XR\"}]},{\"@type\":\"WebSite\",\"@id\":\"https:\/\/sodip.net\/en\/#website\",\"url\":\"https:\/\/sodip.net\/en\/\",\"name\":\"SODIP SARL\",\"description\":\"Soci\u00e9t\u00e9 d&#039;ing\u00e9nierie et de production\",\"publisher\":{\"@id\":\"https:\/\/sodip.net\/en\/#organization\"},\"potentialAction\":[{\"@type\":\"SearchAction\",\"target\":{\"@type\":\"EntryPoint\",\"urlTemplate\":\"https:\/\/sodip.net\/en\/?s={search_term_string}\"},\"query-input\":\"required name=search_term_string\"}],\"inLanguage\":\"en-GB\"},{\"@type\":\"Organization\",\"@id\":\"https:\/\/sodip.net\/en\/#organization\",\"name\":\"SODIP SARL\",\"url\":\"https:\/\/sodip.net\/en\/\",\"logo\":{\"@type\":\"ImageObject\",\"inLanguage\":\"en-GB\",\"@id\":\"https:\/\/sodip.net\/en\/#\/schema\/logo\/image\/\",\"url\":\"https:\/\/sodip.net\/wp-content\/uploads\/2023\/09\/cropped-logo-1.png\",\"contentUrl\":\"https:\/\/sodip.net\/wp-content\/uploads\/2023\/09\/cropped-logo-1.png\",\"width\":825,\"height\":213,\"caption\":\"SODIP SARL\"},\"image\":{\"@id\":\"https:\/\/sodip.net\/en\/#\/schema\/logo\/image\/\"}}]}<\/script>\n<!-- \/ Yoast SEO plugin. -->","yoast_head_json":{"title":"ALTAIR 4XR - SODIP SARL","robots":{"index":"index","follow":"follow","max-snippet":"max-snippet:-1","max-image-preview":"max-image-preview:large","max-video-preview":"max-video-preview:-1"},"canonical":"https:\/\/sodip.net\/en\/product\/altair-4xr-2\/","og_locale":"en_GB","og_type":"article","og_title":"ALTAIR 4XR - SODIP SARL","og_description":"\u00c9quip\u00e9 de capteurs MSA XCell\u00ae \u00e0 r\u00e9ponse rapide, le d\u00e9tecteur de gaz ALTAIR 4XR est le d\u00e9tecteur 4 gaz le plus robuste du march\u00e9 et b\u00e9n\u00e9ficie d'une garantie de 4 ans. L'ALTAIR 4XR peut \u00e9galement informer en temps r\u00e9el les membres de l'\u00e9quipe, les superviseurs, les responsables de la s\u00e9curit\u00e9 et d'autres personnes sur les incidents lorsqu'il est associ\u00e9 \u00e0 l'application MSA ALTAIR Connect par le biais d'une connexion sans fil Bluetooth\u00ae.","og_url":"https:\/\/sodip.net\/en\/product\/altair-4xr-2\/","og_site_name":"SODIP SARL","article_modified_time":"2023-11-01T11:17:27+00:00","og_image":[{"width":500,"height":500,"url":"https:\/\/sodip.net\/wp-content\/uploads\/2023\/10\/Altair4XR.png","type":"image\/png"}],"twitter_card":"summary_large_image","schema":{"@context":"https:\/\/schema.org","@graph":[{"@type":"WebPage","@id":"https:\/\/sodip.net\/produit\/altair-4xr-2\/","url":"https:\/\/sodip.net\/produit\/altair-4xr-2\/","name":"ALTAIR 4XR - SODIP SARL","isPartOf":{"@id":"https:\/\/sodip.net\/en\/#website"},"primaryImageOfPage":{"@id":"https:\/\/sodip.net\/produit\/altair-4xr-2\/#primaryimage"},"image":{"@id":"https:\/\/sodip.net\/produit\/altair-4xr-2\/#primaryimage"},"thumbnailUrl":"https:\/\/sodip.net\/wp-content\/uploads\/2023\/10\/Altair4XR.png","datePublished":"2023-11-01T10:22:45+00:00","dateModified":"2023-11-01T11:17:27+00:00","breadcrumb":{"@id":"https:\/\/sodip.net\/produit\/altair-4xr-2\/#breadcrumb"},"inLanguage":"en-GB","potentialAction":[{"@type":"ReadAction","target":["https:\/\/sodip.net\/produit\/altair-4xr-2\/"]}]},{"@type":"ImageObject","inLanguage":"en-GB","@id":"https:\/\/sodip.net\/produit\/altair-4xr-2\/#primaryimage","url":"https:\/\/sodip.net\/wp-content\/uploads\/2023\/10\/Altair4XR.png","contentUrl":"https:\/\/sodip.net\/wp-content\/uploads\/2023\/10\/Altair4XR.png","width":500,"height":500},{"@type":"BreadcrumbList","@id":"https:\/\/sodip.net\/produit\/altair-4xr-2\/#breadcrumb","itemListElement":[{"@type":"ListItem","position":1,"name":"Accueil","item":"https:\/\/sodip.net\/"},{"@type":"ListItem","position":2,"name":"Boutique","item":"https:\/\/sodip.net\/en\/boutique\/"},{"@type":"ListItem","position":3,"name":"ALTAIR 4XR"}]},{"@type":"WebSite","@id":"https:\/\/sodip.net\/en\/#website","url":"https:\/\/sodip.net\/en\/","name":"SODIP SARL","description":"Soci\u00e9t\u00e9 d&#039;ing\u00e9nierie et de production","publisher":{"@id":"https:\/\/sodip.net\/en\/#organization"},"potentialAction":[{"@type":"SearchAction","target":{"@type":"EntryPoint","urlTemplate":"https:\/\/sodip.net\/en\/?s={search_term_string}"},"query-input":"required name=search_term_string"}],"inLanguage":"en-GB"},{"@type":"Organization","@id":"https:\/\/sodip.net\/en\/#organization","name":"SODIP SARL","url":"https:\/\/sodip.net\/en\/","logo":{"@type":"ImageObject","inLanguage":"en-GB","@id":"https:\/\/sodip.net\/en\/#\/schema\/logo\/image\/","url":"https:\/\/sodip.net\/wp-content\/uploads\/2023\/09\/cropped-logo-1.png","contentUrl":"https:\/\/sodip.net\/wp-content\/uploads\/2023\/09\/cropped-logo-1.png","width":825,"height":213,"caption":"SODIP SARL"},"image":{"@id":"https:\/\/sodip.net\/en\/#\/schema\/logo\/image\/"}}]}},"_links":{"self":[{"href":"https:\/\/sodip.net\/en\/wp-json\/wp\/v2\/product\/7588","targetHints":{"allow":["GET"]}}],"collection":[{"href":"https:\/\/sodip.net\/en\/wp-json\/wp\/v2\/product"}],"about":[{"href":"https:\/\/sodip.net\/en\/wp-json\/wp\/v2\/types\/product"}],"replies":[{"embeddable":true,"href":"https:\/\/sodip.net\/en\/wp-json\/wp\/v2\/comments?post=7588"}],"wp:featuredmedia":[{"embeddable":true,"href":"https:\/\/sodip.net\/en\/wp-json\/wp\/v2\/media\/7517"}],"wp:attachment":[{"href":"https:\/\/sodip.net\/en\/wp-json\/wp\/v2\/media?parent=7588"}],"wp:term":[{"taxonomy":"product_cat","embeddable":true,"href":"https:\/\/sodip.net\/en\/wp-json\/wp\/v2\/product_cat?post=7588"},{"taxonomy":"product_tag","embeddable":true,"href":"https:\/\/sodip.net\/en\/wp-json\/wp\/v2\/product_tag?post=7588"}],"curies":[{"name":"wp","href":"https:\/\/api.w.org\/{rel}","templated":true}]}}