{"id":7587,"date":"2023-11-01T11:21:22","date_gmt":"2023-11-01T10:21:22","guid":{"rendered":"https:\/\/sodip.net\/?post_type=product&#038;p=7587"},"modified":"2023-11-01T16:22:19","modified_gmt":"2023-11-01T15:22:19","slug":"altair-1x-2","status":"publish","type":"product","link":"https:\/\/sodip.net\/en\/product\/altair-1x-2\/","title":{"rendered":"ALTAIR 1X"},"content":{"rendered":"<h2 class=\"p1\"><strong>ALTAIR 1X<\/strong><\/h2>\n<p>Based on the standard ALTAIR single-gas detector, but with additional features and functionality, ALTAIR Pro toxic gas and oxygen detectors combine reliable detection and LED\/audible\/blinking\/vibrating alarms with clear, backlit LCD displays. Electrochemical sensors measure concentrations of toxic gases (chlorine dioxide, hydrogen cyanide and phosphine) or percentage of oxygen. Designed for superior protection against dust and water, excellent shock resistance and radio frequency performance.<\/p>","protected":false},"excerpt":{"rendered":"<p>Based on the standard ALTAIR single-gas detector, but with additional features and functionality, ALTAIR Pro toxic gas and oxygen detectors combine reliable detection and LED\/audible\/blinking\/vibrating alarms with clear, backlit LCD displays. Electrochemical sensors measure concentrations of toxic gases (chlorine dioxide, hydrogen cyanide and phosphine) or percentage of oxygen. Designed for superior protection against dust and water, excellent shock resistance and radio frequency performance.<\/p>","protected":false},"featured_media":7638,"comment_status":"closed","ping_status":"closed","template":"","meta":{"inline_featured_image":false},"product_cat":[120,114,142],"product_tag":[],"class_list":["post-7587","product","type-product","status-publish","has-post-thumbnail","hentry","product_cat-detecteur-portable","product_cat-detection-des-gaz","product_cat-mono-gaz"],"yoast_head":"<!-- This site is optimized with the Yoast SEO plugin v22.8 - https:\/\/yoast.com\/wordpress\/plugins\/seo\/ -->\n<title>ALTAIR 1X - SODIP SARL<\/title>\n<meta name=\"robots\" content=\"index, follow, max-snippet:-1, max-image-preview:large, max-video-preview:-1\" \/>\n<link rel=\"canonical\" href=\"https:\/\/sodip.net\/en\/product\/altair-1x-2\/\" \/>\n<meta property=\"og:locale\" content=\"en_GB\" \/>\n<meta property=\"og:type\" content=\"article\" \/>\n<meta property=\"og:title\" content=\"ALTAIR 1X - SODIP SARL\" \/>\n<meta property=\"og:description\" content=\"Bas\u00e9s sur le d\u00e9tecteur monogaz ALTAIR standard, mais avec des caract\u00e9ristiques et des fonctionnalit\u00e9s suppl\u00e9mentaires, les d\u00e9tecteurs de gaz toxiques et d&#039;oxyg\u00e8ne ALTAIR Pro combinent une d\u00e9tection fiable et des alarmes LED\/audibles\/clignotantes\/vibrantes avec des \u00e9crans LCD clairs et r\u00e9tro\u00e9clair\u00e9s. Les capteurs \u00e9lectrochimiques mesurent les concentrations de gaz toxiques (dioxyde de chlore, cyanure d&#039;hydrog\u00e8ne et phosphine) ou le pourcentage d&#039;oxyg\u00e8ne. Con\u00e7us pour une protection sup\u00e9rieure contre la poussi\u00e8re et l&#039;eau, une excellente r\u00e9sistance aux chocs et d&#039;excellentes performances en mati\u00e8re de radiofr\u00e9quences.\" \/>\n<meta property=\"og:url\" content=\"https:\/\/sodip.net\/en\/product\/altair-1x-2\/\" \/>\n<meta property=\"og:site_name\" content=\"SODIP SARL\" \/>\n<meta property=\"article:modified_time\" content=\"2023-11-01T15:22:19+00:00\" \/>\n<meta property=\"og:image\" content=\"https:\/\/sodip.net\/wp-content\/uploads\/2023\/11\/ALTAIR-1X.png\" \/>\n\t<meta property=\"og:image:width\" content=\"500\" \/>\n\t<meta property=\"og:image:height\" content=\"500\" \/>\n\t<meta property=\"og:image:type\" content=\"image\/png\" \/>\n<meta name=\"twitter:card\" content=\"summary_large_image\" \/>\n<meta name=\"twitter:label1\" content=\"Estimated reading time\" \/>\n\t<meta name=\"twitter:data1\" content=\"1 minute\" \/>\n<script type=\"application\/ld+json\" class=\"yoast-schema-graph\">{\"@context\":\"https:\/\/schema.org\",\"@graph\":[{\"@type\":\"WebPage\",\"@id\":\"https:\/\/sodip.net\/produit\/altair-1x-2\/\",\"url\":\"https:\/\/sodip.net\/produit\/altair-1x-2\/\",\"name\":\"ALTAIR 1X - SODIP SARL\",\"isPartOf\":{\"@id\":\"https:\/\/sodip.net\/en\/#website\"},\"primaryImageOfPage\":{\"@id\":\"https:\/\/sodip.net\/produit\/altair-1x-2\/#primaryimage\"},\"image\":{\"@id\":\"https:\/\/sodip.net\/produit\/altair-1x-2\/#primaryimage\"},\"thumbnailUrl\":\"https:\/\/sodip.net\/wp-content\/uploads\/2023\/11\/ALTAIR-1X.png\",\"datePublished\":\"2023-11-01T10:21:22+00:00\",\"dateModified\":\"2023-11-01T15:22:19+00:00\",\"breadcrumb\":{\"@id\":\"https:\/\/sodip.net\/produit\/altair-1x-2\/#breadcrumb\"},\"inLanguage\":\"en-GB\",\"potentialAction\":[{\"@type\":\"ReadAction\",\"target\":[\"https:\/\/sodip.net\/produit\/altair-1x-2\/\"]}]},{\"@type\":\"ImageObject\",\"inLanguage\":\"en-GB\",\"@id\":\"https:\/\/sodip.net\/produit\/altair-1x-2\/#primaryimage\",\"url\":\"https:\/\/sodip.net\/wp-content\/uploads\/2023\/11\/ALTAIR-1X.png\",\"contentUrl\":\"https:\/\/sodip.net\/wp-content\/uploads\/2023\/11\/ALTAIR-1X.png\",\"width\":500,\"height\":500},{\"@type\":\"BreadcrumbList\",\"@id\":\"https:\/\/sodip.net\/produit\/altair-1x-2\/#breadcrumb\",\"itemListElement\":[{\"@type\":\"ListItem\",\"position\":1,\"name\":\"Accueil\",\"item\":\"https:\/\/sodip.net\/\"},{\"@type\":\"ListItem\",\"position\":2,\"name\":\"Boutique\",\"item\":\"https:\/\/sodip.net\/en\/boutique\/\"},{\"@type\":\"ListItem\",\"position\":3,\"name\":\"ALTAIR 1X\"}]},{\"@type\":\"WebSite\",\"@id\":\"https:\/\/sodip.net\/en\/#website\",\"url\":\"https:\/\/sodip.net\/en\/\",\"name\":\"SODIP SARL\",\"description\":\"Soci\u00e9t\u00e9 d&#039;ing\u00e9nierie et de production\",\"publisher\":{\"@id\":\"https:\/\/sodip.net\/en\/#organization\"},\"potentialAction\":[{\"@type\":\"SearchAction\",\"target\":{\"@type\":\"EntryPoint\",\"urlTemplate\":\"https:\/\/sodip.net\/en\/?s={search_term_string}\"},\"query-input\":\"required name=search_term_string\"}],\"inLanguage\":\"en-GB\"},{\"@type\":\"Organization\",\"@id\":\"https:\/\/sodip.net\/en\/#organization\",\"name\":\"SODIP SARL\",\"url\":\"https:\/\/sodip.net\/en\/\",\"logo\":{\"@type\":\"ImageObject\",\"inLanguage\":\"en-GB\",\"@id\":\"https:\/\/sodip.net\/en\/#\/schema\/logo\/image\/\",\"url\":\"https:\/\/sodip.net\/wp-content\/uploads\/2023\/09\/cropped-logo-1.png\",\"contentUrl\":\"https:\/\/sodip.net\/wp-content\/uploads\/2023\/09\/cropped-logo-1.png\",\"width\":825,\"height\":213,\"caption\":\"SODIP SARL\"},\"image\":{\"@id\":\"https:\/\/sodip.net\/en\/#\/schema\/logo\/image\/\"}}]}<\/script>\n<!-- \/ Yoast SEO plugin. -->","yoast_head_json":{"title":"ALTAIR 1X - SODIP SARL","robots":{"index":"index","follow":"follow","max-snippet":"max-snippet:-1","max-image-preview":"max-image-preview:large","max-video-preview":"max-video-preview:-1"},"canonical":"https:\/\/sodip.net\/en\/product\/altair-1x-2\/","og_locale":"en_GB","og_type":"article","og_title":"ALTAIR 1X - SODIP SARL","og_description":"Bas\u00e9s sur le d\u00e9tecteur monogaz ALTAIR standard, mais avec des caract\u00e9ristiques et des fonctionnalit\u00e9s suppl\u00e9mentaires, les d\u00e9tecteurs de gaz toxiques et d'oxyg\u00e8ne ALTAIR Pro combinent une d\u00e9tection fiable et des alarmes LED\/audibles\/clignotantes\/vibrantes avec des \u00e9crans LCD clairs et r\u00e9tro\u00e9clair\u00e9s. Les capteurs \u00e9lectrochimiques mesurent les concentrations de gaz toxiques (dioxyde de chlore, cyanure d'hydrog\u00e8ne et phosphine) ou le pourcentage d'oxyg\u00e8ne. Con\u00e7us pour une protection sup\u00e9rieure contre la poussi\u00e8re et l'eau, une excellente r\u00e9sistance aux chocs et d'excellentes performances en mati\u00e8re de radiofr\u00e9quences.","og_url":"https:\/\/sodip.net\/en\/product\/altair-1x-2\/","og_site_name":"SODIP SARL","article_modified_time":"2023-11-01T15:22:19+00:00","og_image":[{"width":500,"height":500,"url":"https:\/\/sodip.net\/wp-content\/uploads\/2023\/11\/ALTAIR-1X.png","type":"image\/png"}],"twitter_card":"summary_large_image","twitter_misc":{"Estimated reading time":"1 minute"},"schema":{"@context":"https:\/\/schema.org","@graph":[{"@type":"WebPage","@id":"https:\/\/sodip.net\/produit\/altair-1x-2\/","url":"https:\/\/sodip.net\/produit\/altair-1x-2\/","name":"ALTAIR 1X - SODIP SARL","isPartOf":{"@id":"https:\/\/sodip.net\/en\/#website"},"primaryImageOfPage":{"@id":"https:\/\/sodip.net\/produit\/altair-1x-2\/#primaryimage"},"image":{"@id":"https:\/\/sodip.net\/produit\/altair-1x-2\/#primaryimage"},"thumbnailUrl":"https:\/\/sodip.net\/wp-content\/uploads\/2023\/11\/ALTAIR-1X.png","datePublished":"2023-11-01T10:21:22+00:00","dateModified":"2023-11-01T15:22:19+00:00","breadcrumb":{"@id":"https:\/\/sodip.net\/produit\/altair-1x-2\/#breadcrumb"},"inLanguage":"en-GB","potentialAction":[{"@type":"ReadAction","target":["https:\/\/sodip.net\/produit\/altair-1x-2\/"]}]},{"@type":"ImageObject","inLanguage":"en-GB","@id":"https:\/\/sodip.net\/produit\/altair-1x-2\/#primaryimage","url":"https:\/\/sodip.net\/wp-content\/uploads\/2023\/11\/ALTAIR-1X.png","contentUrl":"https:\/\/sodip.net\/wp-content\/uploads\/2023\/11\/ALTAIR-1X.png","width":500,"height":500},{"@type":"BreadcrumbList","@id":"https:\/\/sodip.net\/produit\/altair-1x-2\/#breadcrumb","itemListElement":[{"@type":"ListItem","position":1,"name":"Accueil","item":"https:\/\/sodip.net\/"},{"@type":"ListItem","position":2,"name":"Boutique","item":"https:\/\/sodip.net\/en\/boutique\/"},{"@type":"ListItem","position":3,"name":"ALTAIR 1X"}]},{"@type":"WebSite","@id":"https:\/\/sodip.net\/en\/#website","url":"https:\/\/sodip.net\/en\/","name":"SODIP SARL","description":"Soci\u00e9t\u00e9 d&#039;ing\u00e9nierie et de production","publisher":{"@id":"https:\/\/sodip.net\/en\/#organization"},"potentialAction":[{"@type":"SearchAction","target":{"@type":"EntryPoint","urlTemplate":"https:\/\/sodip.net\/en\/?s={search_term_string}"},"query-input":"required name=search_term_string"}],"inLanguage":"en-GB"},{"@type":"Organization","@id":"https:\/\/sodip.net\/en\/#organization","name":"SODIP SARL","url":"https:\/\/sodip.net\/en\/","logo":{"@type":"ImageObject","inLanguage":"en-GB","@id":"https:\/\/sodip.net\/en\/#\/schema\/logo\/image\/","url":"https:\/\/sodip.net\/wp-content\/uploads\/2023\/09\/cropped-logo-1.png","contentUrl":"https:\/\/sodip.net\/wp-content\/uploads\/2023\/09\/cropped-logo-1.png","width":825,"height":213,"caption":"SODIP SARL"},"image":{"@id":"https:\/\/sodip.net\/en\/#\/schema\/logo\/image\/"}}]}},"_links":{"self":[{"href":"https:\/\/sodip.net\/en\/wp-json\/wp\/v2\/product\/7587","targetHints":{"allow":["GET"]}}],"collection":[{"href":"https:\/\/sodip.net\/en\/wp-json\/wp\/v2\/product"}],"about":[{"href":"https:\/\/sodip.net\/en\/wp-json\/wp\/v2\/types\/product"}],"replies":[{"embeddable":true,"href":"https:\/\/sodip.net\/en\/wp-json\/wp\/v2\/comments?post=7587"}],"wp:featuredmedia":[{"embeddable":true,"href":"https:\/\/sodip.net\/en\/wp-json\/wp\/v2\/media\/7638"}],"wp:attachment":[{"href":"https:\/\/sodip.net\/en\/wp-json\/wp\/v2\/media?parent=7587"}],"wp:term":[{"taxonomy":"product_cat","embeddable":true,"href":"https:\/\/sodip.net\/en\/wp-json\/wp\/v2\/product_cat?post=7587"},{"taxonomy":"product_tag","embeddable":true,"href":"https:\/\/sodip.net\/en\/wp-json\/wp\/v2\/product_tag?post=7587"}],"curies":[{"name":"wp","href":"https:\/\/api.w.org\/{rel}","templated":true}]}}