{"id":7585,"date":"2023-11-01T10:09:48","date_gmt":"2023-11-01T09:09:48","guid":{"rendered":"https:\/\/sodip.net\/?post_type=product&#038;p=7585"},"modified":"2023-11-01T16:22:41","modified_gmt":"2023-11-01T15:22:41","slug":"altair-1x","status":"publish","type":"product","link":"https:\/\/sodip.net\/en\/product\/altair-1x\/","title":{"rendered":"ALTAIR 2X"},"content":{"rendered":"<h2 class=\"p1\"><strong>ALTAIR 2X<\/strong><\/h2>\n<ul>\n<li>ALTAIR 2XP gas detector with XCell Pulse technology: H2S -<br \/>\no Includes the first self-contained trigger test, eliminating the need for gas cylinders!<br \/>\no Bump test anytime, anywhere<br \/>\no Based on proven science and patented detection capabilities<\/li>\n<li>\u00a0ALTAIR 2XP gas detector with XCell Pulse technology: H2S<\/li>\n<li>ALTAIR 2X gas detectors: CO, CO-HC (high concentration), CO-H2 (hydrogen-resistant), H2S-LC, SO2, NO2, NH3 and Cl2<\/li>\n<li>ALTAIR 2XT Two-Tox gas detector: CO\/H2S, CO-H2\/H2S, CO\/H2S-LC, CO\/NO2 and SO2\/H2S-LC<\/li>\n<\/ul>\n<p>&nbsp;<\/p>","protected":false},"excerpt":{"rendered":"<ul>\n<li>ALTAIR 2XP gas detector with XCell Pulse technology: H2S -<br \/>\no Includes the first self-contained trigger test, eliminating the need for gas cylinders!<br \/>\no Bump test anytime, anywhere<br \/>\no Based on proven science and patented detection capabilities<\/li>\n<li>\u00a0ALTAIR 2XP gas detector with XCell Pulse technology: H2S<\/li>\n<li>ALTAIR 2X gas detectors: CO, CO-HC (high concentration), CO-H2 (hydrogen-resistant), H2S-LC, SO2, NO2, NH3 and Cl2<\/li>\n<li>ALTAIR 2XT Two-Tox gas detector: CO\/H2S, CO-H2\/H2S, CO\/H2S-LC, CO\/NO2 and SO2\/H2S-LC<\/li>\n<\/ul>\n<p>&nbsp;<\/p>","protected":false},"featured_media":7639,"comment_status":"closed","ping_status":"closed","template":"","meta":{"inline_featured_image":false},"product_cat":[120,114,143],"product_tag":[],"class_list":["post-7585","product","type-product","status-publish","has-post-thumbnail","hentry","product_cat-detecteur-portable","product_cat-detection-des-gaz","product_cat-multi-gaz"],"yoast_head":"<!-- This site is optimized with the Yoast SEO plugin v22.8 - https:\/\/yoast.com\/wordpress\/plugins\/seo\/ -->\n<title>ALTAIR 2X - SODIP SARL<\/title>\n<meta name=\"robots\" content=\"index, follow, max-snippet:-1, max-image-preview:large, max-video-preview:-1\" \/>\n<link rel=\"canonical\" href=\"https:\/\/sodip.net\/en\/product\/altair-1x\/\" \/>\n<meta property=\"og:locale\" content=\"en_GB\" \/>\n<meta property=\"og:type\" content=\"article\" \/>\n<meta property=\"og:title\" content=\"ALTAIR 2X - SODIP SARL\" \/>\n<meta property=\"og:description\" content=\"D\u00e9tecteur de gaz ALTAIR 2XP avec technologie XCell Pulse : H2S - o Comprend le premier test de d\u00e9clenchement autonome, qui \u00e9limine le besoin de bouteilles de gaz ! o Test de d\u00e9clenchement \u00e0 tout moment et en tout lieu o Bas\u00e9 sur une science \u00e9prouv\u00e9e et des capacit\u00e9s de d\u00e9tection brevet\u00e9es  \u00a0D\u00e9tecteur de gaz ALTAIR 2XP avec technologie XCell Pulse : H2S  D\u00e9tecteurs de gaz ALTAIR 2X : CO, CO-HC (haute concentration), CO-H2 (r\u00e9sistant \u00e0 l&#039;hydrog\u00e8ne), H2S-LC, SO2, NO2, NH3 et Cl2  D\u00e9tecteur de gaz ALTAIR 2XT Two-Tox : CO\/H2S, CO-H2\/H2S, CO\/H2S-LC, CO\/NO2 et SO2\/H2S-LC  &nbsp;\" \/>\n<meta property=\"og:url\" content=\"https:\/\/sodip.net\/en\/product\/altair-1x\/\" \/>\n<meta property=\"og:site_name\" content=\"SODIP SARL\" \/>\n<meta property=\"article:modified_time\" content=\"2023-11-01T15:22:41+00:00\" \/>\n<meta property=\"og:image\" content=\"https:\/\/sodip.net\/wp-content\/uploads\/2023\/11\/ALTAIR-2X.png\" \/>\n\t<meta property=\"og:image:width\" content=\"500\" \/>\n\t<meta property=\"og:image:height\" content=\"500\" \/>\n\t<meta property=\"og:image:type\" content=\"image\/png\" \/>\n<meta name=\"twitter:card\" content=\"summary_large_image\" \/>\n<meta name=\"twitter:label1\" content=\"Estimated reading time\" \/>\n\t<meta name=\"twitter:data1\" content=\"1 minute\" \/>\n<script type=\"application\/ld+json\" class=\"yoast-schema-graph\">{\"@context\":\"https:\/\/schema.org\",\"@graph\":[{\"@type\":\"WebPage\",\"@id\":\"https:\/\/sodip.net\/produit\/altair-1x\/\",\"url\":\"https:\/\/sodip.net\/produit\/altair-1x\/\",\"name\":\"ALTAIR 2X - SODIP SARL\",\"isPartOf\":{\"@id\":\"https:\/\/sodip.net\/en\/#website\"},\"primaryImageOfPage\":{\"@id\":\"https:\/\/sodip.net\/produit\/altair-1x\/#primaryimage\"},\"image\":{\"@id\":\"https:\/\/sodip.net\/produit\/altair-1x\/#primaryimage\"},\"thumbnailUrl\":\"https:\/\/sodip.net\/wp-content\/uploads\/2023\/11\/ALTAIR-2X.png\",\"datePublished\":\"2023-11-01T09:09:48+00:00\",\"dateModified\":\"2023-11-01T15:22:41+00:00\",\"breadcrumb\":{\"@id\":\"https:\/\/sodip.net\/produit\/altair-1x\/#breadcrumb\"},\"inLanguage\":\"en-GB\",\"potentialAction\":[{\"@type\":\"ReadAction\",\"target\":[\"https:\/\/sodip.net\/produit\/altair-1x\/\"]}]},{\"@type\":\"ImageObject\",\"inLanguage\":\"en-GB\",\"@id\":\"https:\/\/sodip.net\/produit\/altair-1x\/#primaryimage\",\"url\":\"https:\/\/sodip.net\/wp-content\/uploads\/2023\/11\/ALTAIR-2X.png\",\"contentUrl\":\"https:\/\/sodip.net\/wp-content\/uploads\/2023\/11\/ALTAIR-2X.png\",\"width\":500,\"height\":500},{\"@type\":\"BreadcrumbList\",\"@id\":\"https:\/\/sodip.net\/produit\/altair-1x\/#breadcrumb\",\"itemListElement\":[{\"@type\":\"ListItem\",\"position\":1,\"name\":\"Accueil\",\"item\":\"https:\/\/sodip.net\/\"},{\"@type\":\"ListItem\",\"position\":2,\"name\":\"Boutique\",\"item\":\"https:\/\/sodip.net\/en\/boutique\/\"},{\"@type\":\"ListItem\",\"position\":3,\"name\":\"ALTAIR 2X\"}]},{\"@type\":\"WebSite\",\"@id\":\"https:\/\/sodip.net\/en\/#website\",\"url\":\"https:\/\/sodip.net\/en\/\",\"name\":\"SODIP SARL\",\"description\":\"Soci\u00e9t\u00e9 d&#039;ing\u00e9nierie et de production\",\"publisher\":{\"@id\":\"https:\/\/sodip.net\/en\/#organization\"},\"potentialAction\":[{\"@type\":\"SearchAction\",\"target\":{\"@type\":\"EntryPoint\",\"urlTemplate\":\"https:\/\/sodip.net\/en\/?s={search_term_string}\"},\"query-input\":\"required name=search_term_string\"}],\"inLanguage\":\"en-GB\"},{\"@type\":\"Organization\",\"@id\":\"https:\/\/sodip.net\/en\/#organization\",\"name\":\"SODIP SARL\",\"url\":\"https:\/\/sodip.net\/en\/\",\"logo\":{\"@type\":\"ImageObject\",\"inLanguage\":\"en-GB\",\"@id\":\"https:\/\/sodip.net\/en\/#\/schema\/logo\/image\/\",\"url\":\"https:\/\/sodip.net\/wp-content\/uploads\/2023\/09\/cropped-logo-1.png\",\"contentUrl\":\"https:\/\/sodip.net\/wp-content\/uploads\/2023\/09\/cropped-logo-1.png\",\"width\":825,\"height\":213,\"caption\":\"SODIP SARL\"},\"image\":{\"@id\":\"https:\/\/sodip.net\/en\/#\/schema\/logo\/image\/\"}}]}<\/script>\n<!-- \/ Yoast SEO plugin. -->","yoast_head_json":{"title":"ALTAIR 2X - SODIP SARL","robots":{"index":"index","follow":"follow","max-snippet":"max-snippet:-1","max-image-preview":"max-image-preview:large","max-video-preview":"max-video-preview:-1"},"canonical":"https:\/\/sodip.net\/en\/product\/altair-1x\/","og_locale":"en_GB","og_type":"article","og_title":"ALTAIR 2X - SODIP SARL","og_description":"D\u00e9tecteur de gaz ALTAIR 2XP avec technologie XCell Pulse : H2S - o Comprend le premier test de d\u00e9clenchement autonome, qui \u00e9limine le besoin de bouteilles de gaz ! o Test de d\u00e9clenchement \u00e0 tout moment et en tout lieu o Bas\u00e9 sur une science \u00e9prouv\u00e9e et des capacit\u00e9s de d\u00e9tection brevet\u00e9es  \u00a0D\u00e9tecteur de gaz ALTAIR 2XP avec technologie XCell Pulse : H2S  D\u00e9tecteurs de gaz ALTAIR 2X : CO, CO-HC (haute concentration), CO-H2 (r\u00e9sistant \u00e0 l'hydrog\u00e8ne), H2S-LC, SO2, NO2, NH3 et Cl2  D\u00e9tecteur de gaz ALTAIR 2XT Two-Tox : CO\/H2S, CO-H2\/H2S, CO\/H2S-LC, CO\/NO2 et SO2\/H2S-LC  &nbsp;","og_url":"https:\/\/sodip.net\/en\/product\/altair-1x\/","og_site_name":"SODIP SARL","article_modified_time":"2023-11-01T15:22:41+00:00","og_image":[{"width":500,"height":500,"url":"https:\/\/sodip.net\/wp-content\/uploads\/2023\/11\/ALTAIR-2X.png","type":"image\/png"}],"twitter_card":"summary_large_image","twitter_misc":{"Estimated reading time":"1 minute"},"schema":{"@context":"https:\/\/schema.org","@graph":[{"@type":"WebPage","@id":"https:\/\/sodip.net\/produit\/altair-1x\/","url":"https:\/\/sodip.net\/produit\/altair-1x\/","name":"ALTAIR 2X - SODIP SARL","isPartOf":{"@id":"https:\/\/sodip.net\/en\/#website"},"primaryImageOfPage":{"@id":"https:\/\/sodip.net\/produit\/altair-1x\/#primaryimage"},"image":{"@id":"https:\/\/sodip.net\/produit\/altair-1x\/#primaryimage"},"thumbnailUrl":"https:\/\/sodip.net\/wp-content\/uploads\/2023\/11\/ALTAIR-2X.png","datePublished":"2023-11-01T09:09:48+00:00","dateModified":"2023-11-01T15:22:41+00:00","breadcrumb":{"@id":"https:\/\/sodip.net\/produit\/altair-1x\/#breadcrumb"},"inLanguage":"en-GB","potentialAction":[{"@type":"ReadAction","target":["https:\/\/sodip.net\/produit\/altair-1x\/"]}]},{"@type":"ImageObject","inLanguage":"en-GB","@id":"https:\/\/sodip.net\/produit\/altair-1x\/#primaryimage","url":"https:\/\/sodip.net\/wp-content\/uploads\/2023\/11\/ALTAIR-2X.png","contentUrl":"https:\/\/sodip.net\/wp-content\/uploads\/2023\/11\/ALTAIR-2X.png","width":500,"height":500},{"@type":"BreadcrumbList","@id":"https:\/\/sodip.net\/produit\/altair-1x\/#breadcrumb","itemListElement":[{"@type":"ListItem","position":1,"name":"Accueil","item":"https:\/\/sodip.net\/"},{"@type":"ListItem","position":2,"name":"Boutique","item":"https:\/\/sodip.net\/en\/boutique\/"},{"@type":"ListItem","position":3,"name":"ALTAIR 2X"}]},{"@type":"WebSite","@id":"https:\/\/sodip.net\/en\/#website","url":"https:\/\/sodip.net\/en\/","name":"SODIP SARL","description":"Soci\u00e9t\u00e9 d&#039;ing\u00e9nierie et de production","publisher":{"@id":"https:\/\/sodip.net\/en\/#organization"},"potentialAction":[{"@type":"SearchAction","target":{"@type":"EntryPoint","urlTemplate":"https:\/\/sodip.net\/en\/?s={search_term_string}"},"query-input":"required name=search_term_string"}],"inLanguage":"en-GB"},{"@type":"Organization","@id":"https:\/\/sodip.net\/en\/#organization","name":"SODIP SARL","url":"https:\/\/sodip.net\/en\/","logo":{"@type":"ImageObject","inLanguage":"en-GB","@id":"https:\/\/sodip.net\/en\/#\/schema\/logo\/image\/","url":"https:\/\/sodip.net\/wp-content\/uploads\/2023\/09\/cropped-logo-1.png","contentUrl":"https:\/\/sodip.net\/wp-content\/uploads\/2023\/09\/cropped-logo-1.png","width":825,"height":213,"caption":"SODIP SARL"},"image":{"@id":"https:\/\/sodip.net\/en\/#\/schema\/logo\/image\/"}}]}},"_links":{"self":[{"href":"https:\/\/sodip.net\/en\/wp-json\/wp\/v2\/product\/7585","targetHints":{"allow":["GET"]}}],"collection":[{"href":"https:\/\/sodip.net\/en\/wp-json\/wp\/v2\/product"}],"about":[{"href":"https:\/\/sodip.net\/en\/wp-json\/wp\/v2\/types\/product"}],"replies":[{"embeddable":true,"href":"https:\/\/sodip.net\/en\/wp-json\/wp\/v2\/comments?post=7585"}],"wp:featuredmedia":[{"embeddable":true,"href":"https:\/\/sodip.net\/en\/wp-json\/wp\/v2\/media\/7639"}],"wp:attachment":[{"href":"https:\/\/sodip.net\/en\/wp-json\/wp\/v2\/media?parent=7585"}],"wp:term":[{"taxonomy":"product_cat","embeddable":true,"href":"https:\/\/sodip.net\/en\/wp-json\/wp\/v2\/product_cat?post=7585"},{"taxonomy":"product_tag","embeddable":true,"href":"https:\/\/sodip.net\/en\/wp-json\/wp\/v2\/product_tag?post=7585"}],"curies":[{"name":"wp","href":"https:\/\/api.w.org\/{rel}","templated":true}]}}