{"id":7564,"date":"2023-10-21T16:45:44","date_gmt":"2023-10-21T14:45:44","guid":{"rendered":"https:\/\/sodip.net\/?post_type=product&#038;p=7564"},"modified":"2023-10-21T16:50:55","modified_gmt":"2023-10-21T14:50:55","slug":"elingue-cable-en-acier","status":"publish","type":"product","link":"https:\/\/sodip.net\/en\/product\/elingue-cable-en-acier\/","title":{"rendered":"STEEL CABLE SLING"},"content":{"rendered":"<h2 class=\"p1\"><strong>STEEL CABLE SLING<\/strong><\/h2>\n<p class=\"p1\">We offer a wide range of multi-strand steel cable slings and stainless steel cable slings.<\/p>\n<p>&nbsp;<\/p>","protected":false},"excerpt":{"rendered":"<p class=\"p1\">We offer a wide range of multi-strand steel cable slings and stainless steel cable slings.<\/p>\n<p>&nbsp;<\/p>","protected":false},"featured_media":7565,"comment_status":"closed","ping_status":"closed","template":"","meta":{"inline_featured_image":false},"product_cat":[125,116],"product_tag":[70,80],"class_list":["post-7564","product","type-product","status-publish","has-post-thumbnail","hentry","product_cat-accessoires-de-levage","product_cat-lifting","product_tag-protective","product_tag-safety-gear"],"yoast_head":"<!-- This site is optimized with the Yoast SEO plugin v22.8 - https:\/\/yoast.com\/wordpress\/plugins\/seo\/ -->\n<title>ELINGUE C\u00c2BLE EN ACIER - SODIP SARL<\/title>\n<meta name=\"robots\" content=\"index, follow, max-snippet:-1, max-image-preview:large, max-video-preview:-1\" \/>\n<link rel=\"canonical\" href=\"https:\/\/sodip.net\/en\/product\/elingue-cable-en-acier\/\" \/>\n<meta property=\"og:locale\" content=\"en_GB\" \/>\n<meta property=\"og:type\" content=\"article\" \/>\n<meta property=\"og:title\" content=\"ELINGUE C\u00c2BLE EN ACIER - SODIP SARL\" \/>\n<meta property=\"og:description\" content=\"Nous proposons une large gamme d&#039;\u00e9lingue c\u00e2ble en acier \u00e0 plusieurs brins ou \u00e9lingue c\u00e2ble inox. &nbsp;\" \/>\n<meta property=\"og:url\" content=\"https:\/\/sodip.net\/en\/product\/elingue-cable-en-acier\/\" \/>\n<meta property=\"og:site_name\" content=\"SODIP SARL\" \/>\n<meta property=\"article:modified_time\" content=\"2023-10-21T14:50:55+00:00\" \/>\n<meta property=\"og:image\" content=\"https:\/\/sodip.net\/wp-content\/uploads\/2023\/10\/ELINGUE-CA\u0302BLE-EN-ACIER.png\" \/>\n\t<meta property=\"og:image:width\" content=\"500\" \/>\n\t<meta property=\"og:image:height\" content=\"500\" \/>\n\t<meta property=\"og:image:type\" content=\"image\/png\" \/>\n<meta name=\"twitter:card\" content=\"summary_large_image\" \/>\n<script type=\"application\/ld+json\" class=\"yoast-schema-graph\">{\"@context\":\"https:\/\/schema.org\",\"@graph\":[{\"@type\":\"WebPage\",\"@id\":\"https:\/\/sodip.net\/produit\/elingue-cable-en-acier\/\",\"url\":\"https:\/\/sodip.net\/produit\/elingue-cable-en-acier\/\",\"name\":\"ELINGUE C\u00c2BLE EN ACIER - SODIP SARL\",\"isPartOf\":{\"@id\":\"https:\/\/sodip.net\/en\/#website\"},\"primaryImageOfPage\":{\"@id\":\"https:\/\/sodip.net\/produit\/elingue-cable-en-acier\/#primaryimage\"},\"image\":{\"@id\":\"https:\/\/sodip.net\/produit\/elingue-cable-en-acier\/#primaryimage\"},\"thumbnailUrl\":\"https:\/\/sodip.net\/wp-content\/uploads\/2023\/10\/ELINGUE-CA\u0302BLE-EN-ACIER.png\",\"datePublished\":\"2023-10-21T14:45:44+00:00\",\"dateModified\":\"2023-10-21T14:50:55+00:00\",\"breadcrumb\":{\"@id\":\"https:\/\/sodip.net\/produit\/elingue-cable-en-acier\/#breadcrumb\"},\"inLanguage\":\"en-GB\",\"potentialAction\":[{\"@type\":\"ReadAction\",\"target\":[\"https:\/\/sodip.net\/produit\/elingue-cable-en-acier\/\"]}]},{\"@type\":\"ImageObject\",\"inLanguage\":\"en-GB\",\"@id\":\"https:\/\/sodip.net\/produit\/elingue-cable-en-acier\/#primaryimage\",\"url\":\"https:\/\/sodip.net\/wp-content\/uploads\/2023\/10\/ELINGUE-CA\u0302BLE-EN-ACIER.png\",\"contentUrl\":\"https:\/\/sodip.net\/wp-content\/uploads\/2023\/10\/ELINGUE-CA\u0302BLE-EN-ACIER.png\",\"width\":500,\"height\":500},{\"@type\":\"BreadcrumbList\",\"@id\":\"https:\/\/sodip.net\/produit\/elingue-cable-en-acier\/#breadcrumb\",\"itemListElement\":[{\"@type\":\"ListItem\",\"position\":1,\"name\":\"Accueil\",\"item\":\"https:\/\/sodip.net\/\"},{\"@type\":\"ListItem\",\"position\":2,\"name\":\"Boutique\",\"item\":\"https:\/\/sodip.net\/en\/boutique\/\"},{\"@type\":\"ListItem\",\"position\":3,\"name\":\"ELINGUE C\u00c2BLE EN ACIER\"}]},{\"@type\":\"WebSite\",\"@id\":\"https:\/\/sodip.net\/en\/#website\",\"url\":\"https:\/\/sodip.net\/en\/\",\"name\":\"SODIP SARL\",\"description\":\"Soci\u00e9t\u00e9 d&#039;ing\u00e9nierie et de production\",\"publisher\":{\"@id\":\"https:\/\/sodip.net\/en\/#organization\"},\"potentialAction\":[{\"@type\":\"SearchAction\",\"target\":{\"@type\":\"EntryPoint\",\"urlTemplate\":\"https:\/\/sodip.net\/en\/?s={search_term_string}\"},\"query-input\":\"required name=search_term_string\"}],\"inLanguage\":\"en-GB\"},{\"@type\":\"Organization\",\"@id\":\"https:\/\/sodip.net\/en\/#organization\",\"name\":\"SODIP SARL\",\"url\":\"https:\/\/sodip.net\/en\/\",\"logo\":{\"@type\":\"ImageObject\",\"inLanguage\":\"en-GB\",\"@id\":\"https:\/\/sodip.net\/en\/#\/schema\/logo\/image\/\",\"url\":\"https:\/\/sodip.net\/wp-content\/uploads\/2023\/09\/cropped-logo-1.png\",\"contentUrl\":\"https:\/\/sodip.net\/wp-content\/uploads\/2023\/09\/cropped-logo-1.png\",\"width\":825,\"height\":213,\"caption\":\"SODIP SARL\"},\"image\":{\"@id\":\"https:\/\/sodip.net\/en\/#\/schema\/logo\/image\/\"}}]}<\/script>\n<!-- \/ Yoast SEO plugin. -->","yoast_head_json":{"title":"ELINGUE C\u00c2BLE EN ACIER - SODIP SARL","robots":{"index":"index","follow":"follow","max-snippet":"max-snippet:-1","max-image-preview":"max-image-preview:large","max-video-preview":"max-video-preview:-1"},"canonical":"https:\/\/sodip.net\/en\/product\/elingue-cable-en-acier\/","og_locale":"en_GB","og_type":"article","og_title":"ELINGUE C\u00c2BLE EN ACIER - SODIP SARL","og_description":"Nous proposons une large gamme d'\u00e9lingue c\u00e2ble en acier \u00e0 plusieurs brins ou \u00e9lingue c\u00e2ble inox. &nbsp;","og_url":"https:\/\/sodip.net\/en\/product\/elingue-cable-en-acier\/","og_site_name":"SODIP SARL","article_modified_time":"2023-10-21T14:50:55+00:00","og_image":[{"width":500,"height":500,"url":"https:\/\/sodip.net\/wp-content\/uploads\/2023\/10\/ELINGUE-CA\u0302BLE-EN-ACIER.png","type":"image\/png"}],"twitter_card":"summary_large_image","schema":{"@context":"https:\/\/schema.org","@graph":[{"@type":"WebPage","@id":"https:\/\/sodip.net\/produit\/elingue-cable-en-acier\/","url":"https:\/\/sodip.net\/produit\/elingue-cable-en-acier\/","name":"ELINGUE C\u00c2BLE EN ACIER - SODIP SARL","isPartOf":{"@id":"https:\/\/sodip.net\/en\/#website"},"primaryImageOfPage":{"@id":"https:\/\/sodip.net\/produit\/elingue-cable-en-acier\/#primaryimage"},"image":{"@id":"https:\/\/sodip.net\/produit\/elingue-cable-en-acier\/#primaryimage"},"thumbnailUrl":"https:\/\/sodip.net\/wp-content\/uploads\/2023\/10\/ELINGUE-CA\u0302BLE-EN-ACIER.png","datePublished":"2023-10-21T14:45:44+00:00","dateModified":"2023-10-21T14:50:55+00:00","breadcrumb":{"@id":"https:\/\/sodip.net\/produit\/elingue-cable-en-acier\/#breadcrumb"},"inLanguage":"en-GB","potentialAction":[{"@type":"ReadAction","target":["https:\/\/sodip.net\/produit\/elingue-cable-en-acier\/"]}]},{"@type":"ImageObject","inLanguage":"en-GB","@id":"https:\/\/sodip.net\/produit\/elingue-cable-en-acier\/#primaryimage","url":"https:\/\/sodip.net\/wp-content\/uploads\/2023\/10\/ELINGUE-CA\u0302BLE-EN-ACIER.png","contentUrl":"https:\/\/sodip.net\/wp-content\/uploads\/2023\/10\/ELINGUE-CA\u0302BLE-EN-ACIER.png","width":500,"height":500},{"@type":"BreadcrumbList","@id":"https:\/\/sodip.net\/produit\/elingue-cable-en-acier\/#breadcrumb","itemListElement":[{"@type":"ListItem","position":1,"name":"Accueil","item":"https:\/\/sodip.net\/"},{"@type":"ListItem","position":2,"name":"Boutique","item":"https:\/\/sodip.net\/en\/boutique\/"},{"@type":"ListItem","position":3,"name":"ELINGUE C\u00c2BLE EN ACIER"}]},{"@type":"WebSite","@id":"https:\/\/sodip.net\/en\/#website","url":"https:\/\/sodip.net\/en\/","name":"SODIP SARL","description":"Soci\u00e9t\u00e9 d&#039;ing\u00e9nierie et de production","publisher":{"@id":"https:\/\/sodip.net\/en\/#organization"},"potentialAction":[{"@type":"SearchAction","target":{"@type":"EntryPoint","urlTemplate":"https:\/\/sodip.net\/en\/?s={search_term_string}"},"query-input":"required name=search_term_string"}],"inLanguage":"en-GB"},{"@type":"Organization","@id":"https:\/\/sodip.net\/en\/#organization","name":"SODIP SARL","url":"https:\/\/sodip.net\/en\/","logo":{"@type":"ImageObject","inLanguage":"en-GB","@id":"https:\/\/sodip.net\/en\/#\/schema\/logo\/image\/","url":"https:\/\/sodip.net\/wp-content\/uploads\/2023\/09\/cropped-logo-1.png","contentUrl":"https:\/\/sodip.net\/wp-content\/uploads\/2023\/09\/cropped-logo-1.png","width":825,"height":213,"caption":"SODIP SARL"},"image":{"@id":"https:\/\/sodip.net\/en\/#\/schema\/logo\/image\/"}}]}},"_links":{"self":[{"href":"https:\/\/sodip.net\/en\/wp-json\/wp\/v2\/product\/7564","targetHints":{"allow":["GET"]}}],"collection":[{"href":"https:\/\/sodip.net\/en\/wp-json\/wp\/v2\/product"}],"about":[{"href":"https:\/\/sodip.net\/en\/wp-json\/wp\/v2\/types\/product"}],"replies":[{"embeddable":true,"href":"https:\/\/sodip.net\/en\/wp-json\/wp\/v2\/comments?post=7564"}],"wp:featuredmedia":[{"embeddable":true,"href":"https:\/\/sodip.net\/en\/wp-json\/wp\/v2\/media\/7565"}],"wp:attachment":[{"href":"https:\/\/sodip.net\/en\/wp-json\/wp\/v2\/media?parent=7564"}],"wp:term":[{"taxonomy":"product_cat","embeddable":true,"href":"https:\/\/sodip.net\/en\/wp-json\/wp\/v2\/product_cat?post=7564"},{"taxonomy":"product_tag","embeddable":true,"href":"https:\/\/sodip.net\/en\/wp-json\/wp\/v2\/product_tag?post=7564"}],"curies":[{"name":"wp","href":"https:\/\/api.w.org\/{rel}","templated":true}]}}