{"id":7562,"date":"2023-10-21T16:39:29","date_gmt":"2023-10-21T14:39:29","guid":{"rendered":"https:\/\/sodip.net\/?post_type=product&#038;p=7562"},"modified":"2023-10-21T16:45:05","modified_gmt":"2023-10-21T14:45:05","slug":"manilles","status":"publish","type":"product","link":"https:\/\/sodip.net\/en\/product\/manilles\/","title":{"rendered":"HANDLEBARS"},"content":{"rendered":"<h2 class=\"p1\"><strong>HANDLEBARS<\/strong><\/h2>\n<p class=\"p1\"><b>High-strength bolted straight shackle 1 to 85 T<\/b><\/p>\n<p class=\"p1\">High-strength straight shackle bolted for a load capacity of 1 to 85 tons, depending on the model. Ideal for permanent installation.<\/p>\n<p class=\"p1\">It can be used to link several accessories such as lifting rings, slings or hoist hooks. Suitable for single-strand, single-direction mounting.<\/p>\n<p>&nbsp;<\/p>","protected":false},"excerpt":{"rendered":"<p class=\"p1\"><b>High-strength bolted straight shackle 1 to 85 T<\/b><\/p>\n<p class=\"p1\">High-strength straight shackle bolted for a load capacity of 1 to 85 tons, depending on the model. Ideal for permanent installation.<\/p>\n<p class=\"p1\">It can be used to link several accessories such as lifting rings, slings or hoist hooks. Suitable for single-strand, single-direction mounting.<\/p>\n<p>&nbsp;<\/p>","protected":false},"featured_media":7563,"comment_status":"closed","ping_status":"closed","template":"","meta":{"inline_featured_image":false},"product_cat":[125,116],"product_tag":[70,80],"class_list":["post-7562","product","type-product","status-publish","has-post-thumbnail","hentry","product_cat-accessoires-de-levage","product_cat-lifting","product_tag-protective","product_tag-safety-gear"],"yoast_head":"<!-- This site is optimized with the Yoast SEO plugin v22.8 - https:\/\/yoast.com\/wordpress\/plugins\/seo\/ -->\n<title>MANILLES - SODIP SARL<\/title>\n<meta name=\"robots\" content=\"index, follow, max-snippet:-1, max-image-preview:large, max-video-preview:-1\" \/>\n<link rel=\"canonical\" href=\"https:\/\/sodip.net\/en\/product\/manilles\/\" \/>\n<meta property=\"og:locale\" content=\"en_GB\" \/>\n<meta property=\"og:type\" content=\"article\" \/>\n<meta property=\"og:title\" content=\"MANILLES - SODIP SARL\" \/>\n<meta property=\"og:description\" content=\"Manille droite haute r\u00e9sistance boulonn\u00e9e 1 \u00e0 85 T Manille droite \u00e0 haute r\u00e9sistance boulonn\u00e9e pour une capacit\u00e9 de charge de 1 \u00e0 85 tonnes selon le mod\u00e8le. Id\u00e9ale pour un montage permanent. Elle permet de relier entre eux plusieurs accessoires tels que les anneaux de levage, les \u00e9lingues ou les crochets de palans. Adapt\u00e9e \u00e0 un montage monobrin et vers une seule direction. &nbsp;\" \/>\n<meta property=\"og:url\" content=\"https:\/\/sodip.net\/en\/product\/manilles\/\" \/>\n<meta property=\"og:site_name\" content=\"SODIP SARL\" \/>\n<meta property=\"article:modified_time\" content=\"2023-10-21T14:45:05+00:00\" \/>\n<meta property=\"og:image\" content=\"https:\/\/sodip.net\/wp-content\/uploads\/2023\/10\/manille.png\" \/>\n\t<meta property=\"og:image:width\" content=\"500\" \/>\n\t<meta property=\"og:image:height\" content=\"500\" \/>\n\t<meta property=\"og:image:type\" content=\"image\/png\" \/>\n<meta name=\"twitter:card\" content=\"summary_large_image\" \/>\n<script type=\"application\/ld+json\" class=\"yoast-schema-graph\">{\"@context\":\"https:\/\/schema.org\",\"@graph\":[{\"@type\":\"WebPage\",\"@id\":\"https:\/\/sodip.net\/produit\/manilles\/\",\"url\":\"https:\/\/sodip.net\/produit\/manilles\/\",\"name\":\"MANILLES - SODIP SARL\",\"isPartOf\":{\"@id\":\"https:\/\/sodip.net\/en\/#website\"},\"primaryImageOfPage\":{\"@id\":\"https:\/\/sodip.net\/produit\/manilles\/#primaryimage\"},\"image\":{\"@id\":\"https:\/\/sodip.net\/produit\/manilles\/#primaryimage\"},\"thumbnailUrl\":\"https:\/\/sodip.net\/wp-content\/uploads\/2023\/10\/manille.png\",\"datePublished\":\"2023-10-21T14:39:29+00:00\",\"dateModified\":\"2023-10-21T14:45:05+00:00\",\"breadcrumb\":{\"@id\":\"https:\/\/sodip.net\/produit\/manilles\/#breadcrumb\"},\"inLanguage\":\"en-GB\",\"potentialAction\":[{\"@type\":\"ReadAction\",\"target\":[\"https:\/\/sodip.net\/produit\/manilles\/\"]}]},{\"@type\":\"ImageObject\",\"inLanguage\":\"en-GB\",\"@id\":\"https:\/\/sodip.net\/produit\/manilles\/#primaryimage\",\"url\":\"https:\/\/sodip.net\/wp-content\/uploads\/2023\/10\/manille.png\",\"contentUrl\":\"https:\/\/sodip.net\/wp-content\/uploads\/2023\/10\/manille.png\",\"width\":500,\"height\":500},{\"@type\":\"BreadcrumbList\",\"@id\":\"https:\/\/sodip.net\/produit\/manilles\/#breadcrumb\",\"itemListElement\":[{\"@type\":\"ListItem\",\"position\":1,\"name\":\"Accueil\",\"item\":\"https:\/\/sodip.net\/\"},{\"@type\":\"ListItem\",\"position\":2,\"name\":\"Boutique\",\"item\":\"https:\/\/sodip.net\/en\/boutique\/\"},{\"@type\":\"ListItem\",\"position\":3,\"name\":\"MANILLES\"}]},{\"@type\":\"WebSite\",\"@id\":\"https:\/\/sodip.net\/en\/#website\",\"url\":\"https:\/\/sodip.net\/en\/\",\"name\":\"SODIP SARL\",\"description\":\"Soci\u00e9t\u00e9 d&#039;ing\u00e9nierie et de production\",\"publisher\":{\"@id\":\"https:\/\/sodip.net\/en\/#organization\"},\"potentialAction\":[{\"@type\":\"SearchAction\",\"target\":{\"@type\":\"EntryPoint\",\"urlTemplate\":\"https:\/\/sodip.net\/en\/?s={search_term_string}\"},\"query-input\":\"required name=search_term_string\"}],\"inLanguage\":\"en-GB\"},{\"@type\":\"Organization\",\"@id\":\"https:\/\/sodip.net\/en\/#organization\",\"name\":\"SODIP SARL\",\"url\":\"https:\/\/sodip.net\/en\/\",\"logo\":{\"@type\":\"ImageObject\",\"inLanguage\":\"en-GB\",\"@id\":\"https:\/\/sodip.net\/en\/#\/schema\/logo\/image\/\",\"url\":\"https:\/\/sodip.net\/wp-content\/uploads\/2023\/09\/cropped-logo-1.png\",\"contentUrl\":\"https:\/\/sodip.net\/wp-content\/uploads\/2023\/09\/cropped-logo-1.png\",\"width\":825,\"height\":213,\"caption\":\"SODIP SARL\"},\"image\":{\"@id\":\"https:\/\/sodip.net\/en\/#\/schema\/logo\/image\/\"}}]}<\/script>\n<!-- \/ Yoast SEO plugin. -->","yoast_head_json":{"title":"MANILLES - SODIP SARL","robots":{"index":"index","follow":"follow","max-snippet":"max-snippet:-1","max-image-preview":"max-image-preview:large","max-video-preview":"max-video-preview:-1"},"canonical":"https:\/\/sodip.net\/en\/product\/manilles\/","og_locale":"en_GB","og_type":"article","og_title":"MANILLES - SODIP SARL","og_description":"Manille droite haute r\u00e9sistance boulonn\u00e9e 1 \u00e0 85 T Manille droite \u00e0 haute r\u00e9sistance boulonn\u00e9e pour une capacit\u00e9 de charge de 1 \u00e0 85 tonnes selon le mod\u00e8le. Id\u00e9ale pour un montage permanent. Elle permet de relier entre eux plusieurs accessoires tels que les anneaux de levage, les \u00e9lingues ou les crochets de palans. Adapt\u00e9e \u00e0 un montage monobrin et vers une seule direction. &nbsp;","og_url":"https:\/\/sodip.net\/en\/product\/manilles\/","og_site_name":"SODIP SARL","article_modified_time":"2023-10-21T14:45:05+00:00","og_image":[{"width":500,"height":500,"url":"https:\/\/sodip.net\/wp-content\/uploads\/2023\/10\/manille.png","type":"image\/png"}],"twitter_card":"summary_large_image","schema":{"@context":"https:\/\/schema.org","@graph":[{"@type":"WebPage","@id":"https:\/\/sodip.net\/produit\/manilles\/","url":"https:\/\/sodip.net\/produit\/manilles\/","name":"MANILLES - SODIP SARL","isPartOf":{"@id":"https:\/\/sodip.net\/en\/#website"},"primaryImageOfPage":{"@id":"https:\/\/sodip.net\/produit\/manilles\/#primaryimage"},"image":{"@id":"https:\/\/sodip.net\/produit\/manilles\/#primaryimage"},"thumbnailUrl":"https:\/\/sodip.net\/wp-content\/uploads\/2023\/10\/manille.png","datePublished":"2023-10-21T14:39:29+00:00","dateModified":"2023-10-21T14:45:05+00:00","breadcrumb":{"@id":"https:\/\/sodip.net\/produit\/manilles\/#breadcrumb"},"inLanguage":"en-GB","potentialAction":[{"@type":"ReadAction","target":["https:\/\/sodip.net\/produit\/manilles\/"]}]},{"@type":"ImageObject","inLanguage":"en-GB","@id":"https:\/\/sodip.net\/produit\/manilles\/#primaryimage","url":"https:\/\/sodip.net\/wp-content\/uploads\/2023\/10\/manille.png","contentUrl":"https:\/\/sodip.net\/wp-content\/uploads\/2023\/10\/manille.png","width":500,"height":500},{"@type":"BreadcrumbList","@id":"https:\/\/sodip.net\/produit\/manilles\/#breadcrumb","itemListElement":[{"@type":"ListItem","position":1,"name":"Accueil","item":"https:\/\/sodip.net\/"},{"@type":"ListItem","position":2,"name":"Boutique","item":"https:\/\/sodip.net\/en\/boutique\/"},{"@type":"ListItem","position":3,"name":"MANILLES"}]},{"@type":"WebSite","@id":"https:\/\/sodip.net\/en\/#website","url":"https:\/\/sodip.net\/en\/","name":"SODIP SARL","description":"Soci\u00e9t\u00e9 d&#039;ing\u00e9nierie et de production","publisher":{"@id":"https:\/\/sodip.net\/en\/#organization"},"potentialAction":[{"@type":"SearchAction","target":{"@type":"EntryPoint","urlTemplate":"https:\/\/sodip.net\/en\/?s={search_term_string}"},"query-input":"required name=search_term_string"}],"inLanguage":"en-GB"},{"@type":"Organization","@id":"https:\/\/sodip.net\/en\/#organization","name":"SODIP SARL","url":"https:\/\/sodip.net\/en\/","logo":{"@type":"ImageObject","inLanguage":"en-GB","@id":"https:\/\/sodip.net\/en\/#\/schema\/logo\/image\/","url":"https:\/\/sodip.net\/wp-content\/uploads\/2023\/09\/cropped-logo-1.png","contentUrl":"https:\/\/sodip.net\/wp-content\/uploads\/2023\/09\/cropped-logo-1.png","width":825,"height":213,"caption":"SODIP SARL"},"image":{"@id":"https:\/\/sodip.net\/en\/#\/schema\/logo\/image\/"}}]}},"_links":{"self":[{"href":"https:\/\/sodip.net\/en\/wp-json\/wp\/v2\/product\/7562","targetHints":{"allow":["GET"]}}],"collection":[{"href":"https:\/\/sodip.net\/en\/wp-json\/wp\/v2\/product"}],"about":[{"href":"https:\/\/sodip.net\/en\/wp-json\/wp\/v2\/types\/product"}],"replies":[{"embeddable":true,"href":"https:\/\/sodip.net\/en\/wp-json\/wp\/v2\/comments?post=7562"}],"wp:featuredmedia":[{"embeddable":true,"href":"https:\/\/sodip.net\/en\/wp-json\/wp\/v2\/media\/7563"}],"wp:attachment":[{"href":"https:\/\/sodip.net\/en\/wp-json\/wp\/v2\/media?parent=7562"}],"wp:term":[{"taxonomy":"product_cat","embeddable":true,"href":"https:\/\/sodip.net\/en\/wp-json\/wp\/v2\/product_cat?post=7562"},{"taxonomy":"product_tag","embeddable":true,"href":"https:\/\/sodip.net\/en\/wp-json\/wp\/v2\/product_tag?post=7562"}],"curies":[{"name":"wp","href":"https:\/\/api.w.org\/{rel}","templated":true}]}}