{"id":7560,"date":"2023-10-21T16:26:00","date_gmt":"2023-10-21T14:26:00","guid":{"rendered":"https:\/\/sodip.net\/?post_type=product&#038;p=7560"},"modified":"2023-10-21T16:38:48","modified_gmt":"2023-10-21T14:38:48","slug":"elingue-plate-en-polyester","status":"publish","type":"product","link":"https:\/\/sodip.net\/en\/product\/elingue-plate-en-polyester\/","title":{"rendered":"FLAT POLYESTER SLING"},"content":{"rendered":"<h2 class=\"p1\"><strong>FLAT POLYESTER SLING<\/strong><\/h2>\n<p class=\"p1\">High-strength, heavy-duty polyester endless flat lifting strap. Conforms to European color codes for quick and easy identification.<span class=\"Apple-converted-space\">\u00a0<\/span><\/p>\n<p>&nbsp;<\/p>","protected":false},"excerpt":{"rendered":"<p>High-strength, heavy-duty polyester endless flat lifting strap. Conforms to European color codes for quick and easy identification.<\/p>\n<p>&nbsp;<\/p>","protected":false},"featured_media":7561,"comment_status":"closed","ping_status":"closed","template":"","meta":{"inline_featured_image":false},"product_cat":[125,116],"product_tag":[70,80],"class_list":["post-7560","product","type-product","status-publish","has-post-thumbnail","hentry","product_cat-accessoires-de-levage","product_cat-lifting","product_tag-protective","product_tag-safety-gear"],"yoast_head":"<!-- This site is optimized with the Yoast SEO plugin v22.8 - https:\/\/yoast.com\/wordpress\/plugins\/seo\/ -->\n<title>ELINGUE PLATE EN POLYESTER - SODIP SARL<\/title>\n<meta name=\"robots\" content=\"index, follow, max-snippet:-1, max-image-preview:large, max-video-preview:-1\" \/>\n<link rel=\"canonical\" href=\"https:\/\/sodip.net\/en\/product\/elingue-plate-en-polyester\/\" \/>\n<meta property=\"og:locale\" content=\"en_GB\" \/>\n<meta property=\"og:type\" content=\"article\" \/>\n<meta property=\"og:title\" content=\"ELINGUE PLATE EN POLYESTER - SODIP SARL\" \/>\n<meta property=\"og:description\" content=\"Sangle de levage plate sans fin en polyester haute r\u00e9sistance et de diff\u00e8rent tonnage. Conforme aux codes couleurs europ\u00e9ens pour une identification rapide et facile.  &nbsp;\" \/>\n<meta property=\"og:url\" content=\"https:\/\/sodip.net\/en\/product\/elingue-plate-en-polyester\/\" \/>\n<meta property=\"og:site_name\" content=\"SODIP SARL\" \/>\n<meta property=\"article:modified_time\" content=\"2023-10-21T14:38:48+00:00\" \/>\n<meta property=\"og:image\" content=\"https:\/\/sodip.net\/wp-content\/uploads\/2023\/10\/ELINGUE-PLATE-EN-POLYESTER.png\" \/>\n\t<meta property=\"og:image:width\" content=\"500\" \/>\n\t<meta property=\"og:image:height\" content=\"500\" \/>\n\t<meta property=\"og:image:type\" content=\"image\/png\" \/>\n<meta name=\"twitter:card\" content=\"summary_large_image\" \/>\n<script type=\"application\/ld+json\" class=\"yoast-schema-graph\">{\"@context\":\"https:\/\/schema.org\",\"@graph\":[{\"@type\":\"WebPage\",\"@id\":\"https:\/\/sodip.net\/produit\/elingue-plate-en-polyester\/\",\"url\":\"https:\/\/sodip.net\/produit\/elingue-plate-en-polyester\/\",\"name\":\"ELINGUE PLATE EN POLYESTER - SODIP SARL\",\"isPartOf\":{\"@id\":\"https:\/\/sodip.net\/en\/#website\"},\"primaryImageOfPage\":{\"@id\":\"https:\/\/sodip.net\/produit\/elingue-plate-en-polyester\/#primaryimage\"},\"image\":{\"@id\":\"https:\/\/sodip.net\/produit\/elingue-plate-en-polyester\/#primaryimage\"},\"thumbnailUrl\":\"https:\/\/sodip.net\/wp-content\/uploads\/2023\/10\/ELINGUE-PLATE-EN-POLYESTER.png\",\"datePublished\":\"2023-10-21T14:26:00+00:00\",\"dateModified\":\"2023-10-21T14:38:48+00:00\",\"breadcrumb\":{\"@id\":\"https:\/\/sodip.net\/produit\/elingue-plate-en-polyester\/#breadcrumb\"},\"inLanguage\":\"en-GB\",\"potentialAction\":[{\"@type\":\"ReadAction\",\"target\":[\"https:\/\/sodip.net\/produit\/elingue-plate-en-polyester\/\"]}]},{\"@type\":\"ImageObject\",\"inLanguage\":\"en-GB\",\"@id\":\"https:\/\/sodip.net\/produit\/elingue-plate-en-polyester\/#primaryimage\",\"url\":\"https:\/\/sodip.net\/wp-content\/uploads\/2023\/10\/ELINGUE-PLATE-EN-POLYESTER.png\",\"contentUrl\":\"https:\/\/sodip.net\/wp-content\/uploads\/2023\/10\/ELINGUE-PLATE-EN-POLYESTER.png\",\"width\":500,\"height\":500},{\"@type\":\"BreadcrumbList\",\"@id\":\"https:\/\/sodip.net\/produit\/elingue-plate-en-polyester\/#breadcrumb\",\"itemListElement\":[{\"@type\":\"ListItem\",\"position\":1,\"name\":\"Accueil\",\"item\":\"https:\/\/sodip.net\/\"},{\"@type\":\"ListItem\",\"position\":2,\"name\":\"Boutique\",\"item\":\"https:\/\/sodip.net\/en\/boutique\/\"},{\"@type\":\"ListItem\",\"position\":3,\"name\":\"ELINGUE PLATE EN POLYESTER\"}]},{\"@type\":\"WebSite\",\"@id\":\"https:\/\/sodip.net\/en\/#website\",\"url\":\"https:\/\/sodip.net\/en\/\",\"name\":\"SODIP SARL\",\"description\":\"Soci\u00e9t\u00e9 d&#039;ing\u00e9nierie et de production\",\"publisher\":{\"@id\":\"https:\/\/sodip.net\/en\/#organization\"},\"potentialAction\":[{\"@type\":\"SearchAction\",\"target\":{\"@type\":\"EntryPoint\",\"urlTemplate\":\"https:\/\/sodip.net\/en\/?s={search_term_string}\"},\"query-input\":\"required name=search_term_string\"}],\"inLanguage\":\"en-GB\"},{\"@type\":\"Organization\",\"@id\":\"https:\/\/sodip.net\/en\/#organization\",\"name\":\"SODIP SARL\",\"url\":\"https:\/\/sodip.net\/en\/\",\"logo\":{\"@type\":\"ImageObject\",\"inLanguage\":\"en-GB\",\"@id\":\"https:\/\/sodip.net\/en\/#\/schema\/logo\/image\/\",\"url\":\"https:\/\/sodip.net\/wp-content\/uploads\/2023\/09\/cropped-logo-1.png\",\"contentUrl\":\"https:\/\/sodip.net\/wp-content\/uploads\/2023\/09\/cropped-logo-1.png\",\"width\":825,\"height\":213,\"caption\":\"SODIP SARL\"},\"image\":{\"@id\":\"https:\/\/sodip.net\/en\/#\/schema\/logo\/image\/\"}}]}<\/script>\n<!-- \/ Yoast SEO plugin. -->","yoast_head_json":{"title":"ELINGUE PLATE EN POLYESTER - SODIP SARL","robots":{"index":"index","follow":"follow","max-snippet":"max-snippet:-1","max-image-preview":"max-image-preview:large","max-video-preview":"max-video-preview:-1"},"canonical":"https:\/\/sodip.net\/en\/product\/elingue-plate-en-polyester\/","og_locale":"en_GB","og_type":"article","og_title":"ELINGUE PLATE EN POLYESTER - SODIP SARL","og_description":"Sangle de levage plate sans fin en polyester haute r\u00e9sistance et de diff\u00e8rent tonnage. Conforme aux codes couleurs europ\u00e9ens pour une identification rapide et facile.  &nbsp;","og_url":"https:\/\/sodip.net\/en\/product\/elingue-plate-en-polyester\/","og_site_name":"SODIP SARL","article_modified_time":"2023-10-21T14:38:48+00:00","og_image":[{"width":500,"height":500,"url":"https:\/\/sodip.net\/wp-content\/uploads\/2023\/10\/ELINGUE-PLATE-EN-POLYESTER.png","type":"image\/png"}],"twitter_card":"summary_large_image","schema":{"@context":"https:\/\/schema.org","@graph":[{"@type":"WebPage","@id":"https:\/\/sodip.net\/produit\/elingue-plate-en-polyester\/","url":"https:\/\/sodip.net\/produit\/elingue-plate-en-polyester\/","name":"ELINGUE PLATE EN POLYESTER - SODIP SARL","isPartOf":{"@id":"https:\/\/sodip.net\/en\/#website"},"primaryImageOfPage":{"@id":"https:\/\/sodip.net\/produit\/elingue-plate-en-polyester\/#primaryimage"},"image":{"@id":"https:\/\/sodip.net\/produit\/elingue-plate-en-polyester\/#primaryimage"},"thumbnailUrl":"https:\/\/sodip.net\/wp-content\/uploads\/2023\/10\/ELINGUE-PLATE-EN-POLYESTER.png","datePublished":"2023-10-21T14:26:00+00:00","dateModified":"2023-10-21T14:38:48+00:00","breadcrumb":{"@id":"https:\/\/sodip.net\/produit\/elingue-plate-en-polyester\/#breadcrumb"},"inLanguage":"en-GB","potentialAction":[{"@type":"ReadAction","target":["https:\/\/sodip.net\/produit\/elingue-plate-en-polyester\/"]}]},{"@type":"ImageObject","inLanguage":"en-GB","@id":"https:\/\/sodip.net\/produit\/elingue-plate-en-polyester\/#primaryimage","url":"https:\/\/sodip.net\/wp-content\/uploads\/2023\/10\/ELINGUE-PLATE-EN-POLYESTER.png","contentUrl":"https:\/\/sodip.net\/wp-content\/uploads\/2023\/10\/ELINGUE-PLATE-EN-POLYESTER.png","width":500,"height":500},{"@type":"BreadcrumbList","@id":"https:\/\/sodip.net\/produit\/elingue-plate-en-polyester\/#breadcrumb","itemListElement":[{"@type":"ListItem","position":1,"name":"Accueil","item":"https:\/\/sodip.net\/"},{"@type":"ListItem","position":2,"name":"Boutique","item":"https:\/\/sodip.net\/en\/boutique\/"},{"@type":"ListItem","position":3,"name":"ELINGUE PLATE EN POLYESTER"}]},{"@type":"WebSite","@id":"https:\/\/sodip.net\/en\/#website","url":"https:\/\/sodip.net\/en\/","name":"SODIP SARL","description":"Soci\u00e9t\u00e9 d&#039;ing\u00e9nierie et de production","publisher":{"@id":"https:\/\/sodip.net\/en\/#organization"},"potentialAction":[{"@type":"SearchAction","target":{"@type":"EntryPoint","urlTemplate":"https:\/\/sodip.net\/en\/?s={search_term_string}"},"query-input":"required name=search_term_string"}],"inLanguage":"en-GB"},{"@type":"Organization","@id":"https:\/\/sodip.net\/en\/#organization","name":"SODIP SARL","url":"https:\/\/sodip.net\/en\/","logo":{"@type":"ImageObject","inLanguage":"en-GB","@id":"https:\/\/sodip.net\/en\/#\/schema\/logo\/image\/","url":"https:\/\/sodip.net\/wp-content\/uploads\/2023\/09\/cropped-logo-1.png","contentUrl":"https:\/\/sodip.net\/wp-content\/uploads\/2023\/09\/cropped-logo-1.png","width":825,"height":213,"caption":"SODIP SARL"},"image":{"@id":"https:\/\/sodip.net\/en\/#\/schema\/logo\/image\/"}}]}},"_links":{"self":[{"href":"https:\/\/sodip.net\/en\/wp-json\/wp\/v2\/product\/7560","targetHints":{"allow":["GET"]}}],"collection":[{"href":"https:\/\/sodip.net\/en\/wp-json\/wp\/v2\/product"}],"about":[{"href":"https:\/\/sodip.net\/en\/wp-json\/wp\/v2\/types\/product"}],"replies":[{"embeddable":true,"href":"https:\/\/sodip.net\/en\/wp-json\/wp\/v2\/comments?post=7560"}],"wp:featuredmedia":[{"embeddable":true,"href":"https:\/\/sodip.net\/en\/wp-json\/wp\/v2\/media\/7561"}],"wp:attachment":[{"href":"https:\/\/sodip.net\/en\/wp-json\/wp\/v2\/media?parent=7560"}],"wp:term":[{"taxonomy":"product_cat","embeddable":true,"href":"https:\/\/sodip.net\/en\/wp-json\/wp\/v2\/product_cat?post=7560"},{"taxonomy":"product_tag","embeddable":true,"href":"https:\/\/sodip.net\/en\/wp-json\/wp\/v2\/product_tag?post=7560"}],"curies":[{"name":"wp","href":"https:\/\/api.w.org\/{rel}","templated":true}]}}