{"id":7537,"date":"2023-10-10T13:04:45","date_gmt":"2023-10-10T11:04:45","guid":{"rendered":"https:\/\/sodip.net\/?post_type=product&#038;p=7537"},"modified":"2023-11-01T11:51:44","modified_gmt":"2023-11-01T10:51:44","slug":"msa-93-abek-hg-st-combined-filter","status":"publish","type":"product","link":"https:\/\/sodip.net\/en\/product\/msa-93-abek-hg-st-combined-filter\/","title":{"rendered":"MSA 93 ABEK HG\/ST COMBINED FILTER"},"content":{"rendered":"<h2 class=\"p1\"><strong>MSA 93 ABEK HG\/ST COMBINED FILTER<\/strong><\/h2>\n<p>High-performance MSA filters offer effective protection against a wide range of toxic gases and particles, in compliance with the latest standards.<br \/>\nMSA's PlexTec particulate filter technology increases filter surface area to facilitate breathing.<br \/>\nThe advantages for the user are: safe selection, no confusion, economical purchasing, simplified inventory management.<br \/>\nAvailable in gas filter classes 1 or 2, and particulate filter classes 2 and 3, in single or multi-gas ranges.<\/p>\n<p>&nbsp;<\/p>","protected":false},"excerpt":{"rendered":"<p>High-performance MSA filters offer effective protection against a wide range of toxic gases and particles, in compliance with the latest standards.<br \/>\nMSA's PlexTec particulate filter technology increases filter surface area to facilitate breathing.<br \/>\nThe advantages for the user are: safe selection, no confusion, economical purchasing, simplified inventory management.<br \/>\nAvailable in gas filter classes 1 or 2, and particulate filter classes 2 and 3, in single or multi-gas ranges.<\/p>\n<p>&nbsp;<\/p>","protected":false},"featured_media":7538,"comment_status":"closed","ping_status":"closed","template":"","meta":{"inline_featured_image":false},"product_cat":[146],"product_tag":[70,80],"class_list":["post-7537","product","type-product","status-publish","has-post-thumbnail","hentry","product_cat-masques","product_tag-protective","product_tag-safety-gear"],"yoast_head":"<!-- This site is optimized with the Yoast SEO plugin v22.8 - https:\/\/yoast.com\/wordpress\/plugins\/seo\/ -->\n<title>MSA 93 ABEK HG\/ST COMBINED FILTER - SODIP SARL<\/title>\n<meta name=\"robots\" content=\"index, follow, max-snippet:-1, max-image-preview:large, max-video-preview:-1\" \/>\n<link rel=\"canonical\" href=\"https:\/\/sodip.net\/en\/product\/msa-93-abek-hg-st-combined-filter\/\" \/>\n<meta property=\"og:locale\" content=\"en_GB\" \/>\n<meta property=\"og:type\" content=\"article\" \/>\n<meta property=\"og:title\" content=\"MSA 93 ABEK HG\/ST COMBINED FILTER - SODIP SARL\" \/>\n<meta property=\"og:description\" content=\"Les filtres MSA haute performance offrent une protection efficace contre une large gamme de gaz toxiques et de particules, conform\u00e9ment aux normes les plus r\u00e9centes. La technologie des filtres \u00e0 particules PlexTec de MSA augmente la surface filtrante pour faciliter la respiration. Les avantages pour l&#039;utilisateur sont les suivants : s\u00e9lection s\u00fbre, pas de confusion, achat \u00e9conomique, gestion des stocks simplifi\u00e9e. Disponible en classes de filtres \u00e0 gaz 1 ou 2, et \u00e0 particules 2 et 3, en gamme mono ou multigaz.  &nbsp;\" \/>\n<meta property=\"og:url\" content=\"https:\/\/sodip.net\/en\/product\/msa-93-abek-hg-st-combined-filter\/\" \/>\n<meta property=\"og:site_name\" content=\"SODIP SARL\" \/>\n<meta property=\"article:modified_time\" content=\"2023-11-01T10:51:44+00:00\" \/>\n<meta property=\"og:image\" content=\"https:\/\/sodip.net\/wp-content\/uploads\/2023\/10\/MSA-93-ABEK-HG-ST-COMBINED-FILTER.png\" \/>\n\t<meta property=\"og:image:width\" content=\"500\" \/>\n\t<meta property=\"og:image:height\" content=\"500\" \/>\n\t<meta property=\"og:image:type\" content=\"image\/png\" \/>\n<meta name=\"twitter:card\" content=\"summary_large_image\" \/>\n<script type=\"application\/ld+json\" class=\"yoast-schema-graph\">{\"@context\":\"https:\/\/schema.org\",\"@graph\":[{\"@type\":\"WebPage\",\"@id\":\"https:\/\/sodip.net\/produit\/msa-93-abek-hg-st-combined-filter\/\",\"url\":\"https:\/\/sodip.net\/produit\/msa-93-abek-hg-st-combined-filter\/\",\"name\":\"MSA 93 ABEK HG\/ST COMBINED FILTER - SODIP SARL\",\"isPartOf\":{\"@id\":\"https:\/\/sodip.net\/en\/#website\"},\"primaryImageOfPage\":{\"@id\":\"https:\/\/sodip.net\/produit\/msa-93-abek-hg-st-combined-filter\/#primaryimage\"},\"image\":{\"@id\":\"https:\/\/sodip.net\/produit\/msa-93-abek-hg-st-combined-filter\/#primaryimage\"},\"thumbnailUrl\":\"https:\/\/sodip.net\/wp-content\/uploads\/2023\/10\/MSA-93-ABEK-HG-ST-COMBINED-FILTER.png\",\"datePublished\":\"2023-10-10T11:04:45+00:00\",\"dateModified\":\"2023-11-01T10:51:44+00:00\",\"breadcrumb\":{\"@id\":\"https:\/\/sodip.net\/produit\/msa-93-abek-hg-st-combined-filter\/#breadcrumb\"},\"inLanguage\":\"en-GB\",\"potentialAction\":[{\"@type\":\"ReadAction\",\"target\":[\"https:\/\/sodip.net\/produit\/msa-93-abek-hg-st-combined-filter\/\"]}]},{\"@type\":\"ImageObject\",\"inLanguage\":\"en-GB\",\"@id\":\"https:\/\/sodip.net\/produit\/msa-93-abek-hg-st-combined-filter\/#primaryimage\",\"url\":\"https:\/\/sodip.net\/wp-content\/uploads\/2023\/10\/MSA-93-ABEK-HG-ST-COMBINED-FILTER.png\",\"contentUrl\":\"https:\/\/sodip.net\/wp-content\/uploads\/2023\/10\/MSA-93-ABEK-HG-ST-COMBINED-FILTER.png\",\"width\":500,\"height\":500},{\"@type\":\"BreadcrumbList\",\"@id\":\"https:\/\/sodip.net\/produit\/msa-93-abek-hg-st-combined-filter\/#breadcrumb\",\"itemListElement\":[{\"@type\":\"ListItem\",\"position\":1,\"name\":\"Accueil\",\"item\":\"https:\/\/sodip.net\/\"},{\"@type\":\"ListItem\",\"position\":2,\"name\":\"Boutique\",\"item\":\"https:\/\/sodip.net\/en\/boutique\/\"},{\"@type\":\"ListItem\",\"position\":3,\"name\":\"MSA 93 ABEK HG\/ST COMBINED FILTER\"}]},{\"@type\":\"WebSite\",\"@id\":\"https:\/\/sodip.net\/en\/#website\",\"url\":\"https:\/\/sodip.net\/en\/\",\"name\":\"SODIP SARL\",\"description\":\"Soci\u00e9t\u00e9 d&#039;ing\u00e9nierie et de production\",\"publisher\":{\"@id\":\"https:\/\/sodip.net\/en\/#organization\"},\"potentialAction\":[{\"@type\":\"SearchAction\",\"target\":{\"@type\":\"EntryPoint\",\"urlTemplate\":\"https:\/\/sodip.net\/en\/?s={search_term_string}\"},\"query-input\":\"required name=search_term_string\"}],\"inLanguage\":\"en-GB\"},{\"@type\":\"Organization\",\"@id\":\"https:\/\/sodip.net\/en\/#organization\",\"name\":\"SODIP SARL\",\"url\":\"https:\/\/sodip.net\/en\/\",\"logo\":{\"@type\":\"ImageObject\",\"inLanguage\":\"en-GB\",\"@id\":\"https:\/\/sodip.net\/en\/#\/schema\/logo\/image\/\",\"url\":\"https:\/\/sodip.net\/wp-content\/uploads\/2023\/09\/cropped-logo-1.png\",\"contentUrl\":\"https:\/\/sodip.net\/wp-content\/uploads\/2023\/09\/cropped-logo-1.png\",\"width\":825,\"height\":213,\"caption\":\"SODIP SARL\"},\"image\":{\"@id\":\"https:\/\/sodip.net\/en\/#\/schema\/logo\/image\/\"}}]}<\/script>\n<!-- \/ Yoast SEO plugin. -->","yoast_head_json":{"title":"MSA 93 ABEK HG\/ST COMBINED FILTER - SODIP SARL","robots":{"index":"index","follow":"follow","max-snippet":"max-snippet:-1","max-image-preview":"max-image-preview:large","max-video-preview":"max-video-preview:-1"},"canonical":"https:\/\/sodip.net\/en\/product\/msa-93-abek-hg-st-combined-filter\/","og_locale":"en_GB","og_type":"article","og_title":"MSA 93 ABEK HG\/ST COMBINED FILTER - SODIP SARL","og_description":"Les filtres MSA haute performance offrent une protection efficace contre une large gamme de gaz toxiques et de particules, conform\u00e9ment aux normes les plus r\u00e9centes. La technologie des filtres \u00e0 particules PlexTec de MSA augmente la surface filtrante pour faciliter la respiration. Les avantages pour l'utilisateur sont les suivants : s\u00e9lection s\u00fbre, pas de confusion, achat \u00e9conomique, gestion des stocks simplifi\u00e9e. Disponible en classes de filtres \u00e0 gaz 1 ou 2, et \u00e0 particules 2 et 3, en gamme mono ou multigaz.  &nbsp;","og_url":"https:\/\/sodip.net\/en\/product\/msa-93-abek-hg-st-combined-filter\/","og_site_name":"SODIP SARL","article_modified_time":"2023-11-01T10:51:44+00:00","og_image":[{"width":500,"height":500,"url":"https:\/\/sodip.net\/wp-content\/uploads\/2023\/10\/MSA-93-ABEK-HG-ST-COMBINED-FILTER.png","type":"image\/png"}],"twitter_card":"summary_large_image","schema":{"@context":"https:\/\/schema.org","@graph":[{"@type":"WebPage","@id":"https:\/\/sodip.net\/produit\/msa-93-abek-hg-st-combined-filter\/","url":"https:\/\/sodip.net\/produit\/msa-93-abek-hg-st-combined-filter\/","name":"MSA 93 ABEK HG\/ST COMBINED FILTER - SODIP SARL","isPartOf":{"@id":"https:\/\/sodip.net\/en\/#website"},"primaryImageOfPage":{"@id":"https:\/\/sodip.net\/produit\/msa-93-abek-hg-st-combined-filter\/#primaryimage"},"image":{"@id":"https:\/\/sodip.net\/produit\/msa-93-abek-hg-st-combined-filter\/#primaryimage"},"thumbnailUrl":"https:\/\/sodip.net\/wp-content\/uploads\/2023\/10\/MSA-93-ABEK-HG-ST-COMBINED-FILTER.png","datePublished":"2023-10-10T11:04:45+00:00","dateModified":"2023-11-01T10:51:44+00:00","breadcrumb":{"@id":"https:\/\/sodip.net\/produit\/msa-93-abek-hg-st-combined-filter\/#breadcrumb"},"inLanguage":"en-GB","potentialAction":[{"@type":"ReadAction","target":["https:\/\/sodip.net\/produit\/msa-93-abek-hg-st-combined-filter\/"]}]},{"@type":"ImageObject","inLanguage":"en-GB","@id":"https:\/\/sodip.net\/produit\/msa-93-abek-hg-st-combined-filter\/#primaryimage","url":"https:\/\/sodip.net\/wp-content\/uploads\/2023\/10\/MSA-93-ABEK-HG-ST-COMBINED-FILTER.png","contentUrl":"https:\/\/sodip.net\/wp-content\/uploads\/2023\/10\/MSA-93-ABEK-HG-ST-COMBINED-FILTER.png","width":500,"height":500},{"@type":"BreadcrumbList","@id":"https:\/\/sodip.net\/produit\/msa-93-abek-hg-st-combined-filter\/#breadcrumb","itemListElement":[{"@type":"ListItem","position":1,"name":"Accueil","item":"https:\/\/sodip.net\/"},{"@type":"ListItem","position":2,"name":"Boutique","item":"https:\/\/sodip.net\/en\/boutique\/"},{"@type":"ListItem","position":3,"name":"MSA 93 ABEK HG\/ST COMBINED FILTER"}]},{"@type":"WebSite","@id":"https:\/\/sodip.net\/en\/#website","url":"https:\/\/sodip.net\/en\/","name":"SODIP SARL","description":"Soci\u00e9t\u00e9 d&#039;ing\u00e9nierie et de production","publisher":{"@id":"https:\/\/sodip.net\/en\/#organization"},"potentialAction":[{"@type":"SearchAction","target":{"@type":"EntryPoint","urlTemplate":"https:\/\/sodip.net\/en\/?s={search_term_string}"},"query-input":"required name=search_term_string"}],"inLanguage":"en-GB"},{"@type":"Organization","@id":"https:\/\/sodip.net\/en\/#organization","name":"SODIP SARL","url":"https:\/\/sodip.net\/en\/","logo":{"@type":"ImageObject","inLanguage":"en-GB","@id":"https:\/\/sodip.net\/en\/#\/schema\/logo\/image\/","url":"https:\/\/sodip.net\/wp-content\/uploads\/2023\/09\/cropped-logo-1.png","contentUrl":"https:\/\/sodip.net\/wp-content\/uploads\/2023\/09\/cropped-logo-1.png","width":825,"height":213,"caption":"SODIP SARL"},"image":{"@id":"https:\/\/sodip.net\/en\/#\/schema\/logo\/image\/"}}]}},"_links":{"self":[{"href":"https:\/\/sodip.net\/en\/wp-json\/wp\/v2\/product\/7537","targetHints":{"allow":["GET"]}}],"collection":[{"href":"https:\/\/sodip.net\/en\/wp-json\/wp\/v2\/product"}],"about":[{"href":"https:\/\/sodip.net\/en\/wp-json\/wp\/v2\/types\/product"}],"replies":[{"embeddable":true,"href":"https:\/\/sodip.net\/en\/wp-json\/wp\/v2\/comments?post=7537"}],"wp:featuredmedia":[{"embeddable":true,"href":"https:\/\/sodip.net\/en\/wp-json\/wp\/v2\/media\/7538"}],"wp:attachment":[{"href":"https:\/\/sodip.net\/en\/wp-json\/wp\/v2\/media?parent=7537"}],"wp:term":[{"taxonomy":"product_cat","embeddable":true,"href":"https:\/\/sodip.net\/en\/wp-json\/wp\/v2\/product_cat?post=7537"},{"taxonomy":"product_tag","embeddable":true,"href":"https:\/\/sodip.net\/en\/wp-json\/wp\/v2\/product_tag?post=7537"}],"curies":[{"name":"wp","href":"https:\/\/api.w.org\/{rel}","templated":true}]}}