{"id":7535,"date":"2023-10-10T13:00:29","date_gmt":"2023-10-10T11:00:29","guid":{"rendered":"https:\/\/sodip.net\/?post_type=product&#038;p=7535"},"modified":"2023-11-01T11:42:24","modified_gmt":"2023-11-01T10:42:24","slug":"msa-3s-full-face","status":"publish","type":"product","link":"https:\/\/sodip.net\/en\/product\/msa-3s-full-face\/","title":{"rendered":"MSA 3S FULL FACE"},"content":{"rendered":"<h2 class=\"p1\"><strong>MSA 3S FULL FACE<\/strong><\/h2>\n<p>Mask and helmet combinations offer the advantage of being able to put on and take off the full face mask without removing the helmet. Not only do the adjustable rubber straps provide a more comfortable fit for every size and shape of head, but better positioning also offers greater safety. 3S-H full-face masks do not require a standard harness.<br \/>\nDo not require a standard harness. When the mask is attached to the helmet, the helmet takes the place of the traditional headgear and holds the mask in position.<\/p>\n<p>&nbsp;<\/p>","protected":false},"excerpt":{"rendered":"<p>Mask and helmet combinations offer the advantage of being able to put on and take off the full face mask without removing the helmet. Not only do the adjustable rubber straps provide a more comfortable fit for every size and shape of head, but better positioning also offers greater safety. 3S-H full-face masks do not require a standard harness.<br \/>\nDo not require a standard harness. When the mask is attached to the helmet, the helmet takes the place of the traditional headgear and holds the mask in position.<\/p>\n<p>&nbsp;<\/p>","protected":false},"featured_media":7536,"comment_status":"closed","ping_status":"closed","template":"","meta":{"inline_featured_image":false},"product_cat":[130,118],"product_tag":[70,80],"class_list":["post-7535","product","type-product","status-publish","has-post-thumbnail","hentry","product_cat-appareils-respiratoires-isolants","product_cat-protection-respiratoire","product_tag-protective","product_tag-safety-gear"],"yoast_head":"<!-- This site is optimized with the Yoast SEO plugin v22.8 - https:\/\/yoast.com\/wordpress\/plugins\/seo\/ -->\n<title>MSA 3S FULL FACE - SODIP SARL<\/title>\n<meta name=\"robots\" content=\"index, follow, max-snippet:-1, max-image-preview:large, max-video-preview:-1\" \/>\n<link rel=\"canonical\" href=\"https:\/\/sodip.net\/en\/product\/msa-3s-full-face\/\" \/>\n<meta property=\"og:locale\" content=\"en_GB\" \/>\n<meta property=\"og:type\" content=\"article\" \/>\n<meta property=\"og:title\" content=\"MSA 3S FULL FACE - SODIP SARL\" \/>\n<meta property=\"og:description\" content=\"Les combinaisons masque-casque offrent l&#039;avantage de pouvoir mettre et enlever le masque complet sans enlever le casque. Non seulement les sangles en caoutchouc r\u00e9glables permettent un ajustement plus confortable pour chaque taille et forme de t\u00eate, mais un meilleur positionnement offre \u00e9galement plus de s\u00e9curit\u00e9. Les masques complets 3S-H ne n\u00e9cessitent pas de harnais standard. ne n\u00e9cessitent pas de harnais standard. Lorsque le masque est fix\u00e9 au casque, le casque prend la place du harnais traditionnel et maintient le masque en position.  &nbsp;\" \/>\n<meta property=\"og:url\" content=\"https:\/\/sodip.net\/en\/product\/msa-3s-full-face\/\" \/>\n<meta property=\"og:site_name\" content=\"SODIP SARL\" \/>\n<meta property=\"article:modified_time\" content=\"2023-11-01T10:42:24+00:00\" \/>\n<meta property=\"og:image\" content=\"https:\/\/sodip.net\/wp-content\/uploads\/2023\/10\/MSA-3S-FULL-FACE.png\" \/>\n\t<meta property=\"og:image:width\" content=\"500\" \/>\n\t<meta property=\"og:image:height\" content=\"500\" \/>\n\t<meta property=\"og:image:type\" content=\"image\/png\" \/>\n<meta name=\"twitter:card\" content=\"summary_large_image\" \/>\n<script type=\"application\/ld+json\" class=\"yoast-schema-graph\">{\"@context\":\"https:\/\/schema.org\",\"@graph\":[{\"@type\":\"WebPage\",\"@id\":\"https:\/\/sodip.net\/produit\/msa-3s-full-face\/\",\"url\":\"https:\/\/sodip.net\/produit\/msa-3s-full-face\/\",\"name\":\"MSA 3S FULL FACE - SODIP SARL\",\"isPartOf\":{\"@id\":\"https:\/\/sodip.net\/en\/#website\"},\"primaryImageOfPage\":{\"@id\":\"https:\/\/sodip.net\/produit\/msa-3s-full-face\/#primaryimage\"},\"image\":{\"@id\":\"https:\/\/sodip.net\/produit\/msa-3s-full-face\/#primaryimage\"},\"thumbnailUrl\":\"https:\/\/sodip.net\/wp-content\/uploads\/2023\/10\/MSA-3S-FULL-FACE.png\",\"datePublished\":\"2023-10-10T11:00:29+00:00\",\"dateModified\":\"2023-11-01T10:42:24+00:00\",\"breadcrumb\":{\"@id\":\"https:\/\/sodip.net\/produit\/msa-3s-full-face\/#breadcrumb\"},\"inLanguage\":\"en-GB\",\"potentialAction\":[{\"@type\":\"ReadAction\",\"target\":[\"https:\/\/sodip.net\/produit\/msa-3s-full-face\/\"]}]},{\"@type\":\"ImageObject\",\"inLanguage\":\"en-GB\",\"@id\":\"https:\/\/sodip.net\/produit\/msa-3s-full-face\/#primaryimage\",\"url\":\"https:\/\/sodip.net\/wp-content\/uploads\/2023\/10\/MSA-3S-FULL-FACE.png\",\"contentUrl\":\"https:\/\/sodip.net\/wp-content\/uploads\/2023\/10\/MSA-3S-FULL-FACE.png\",\"width\":500,\"height\":500},{\"@type\":\"BreadcrumbList\",\"@id\":\"https:\/\/sodip.net\/produit\/msa-3s-full-face\/#breadcrumb\",\"itemListElement\":[{\"@type\":\"ListItem\",\"position\":1,\"name\":\"Accueil\",\"item\":\"https:\/\/sodip.net\/\"},{\"@type\":\"ListItem\",\"position\":2,\"name\":\"Boutique\",\"item\":\"https:\/\/sodip.net\/en\/boutique\/\"},{\"@type\":\"ListItem\",\"position\":3,\"name\":\"MSA 3S FULL FACE\"}]},{\"@type\":\"WebSite\",\"@id\":\"https:\/\/sodip.net\/en\/#website\",\"url\":\"https:\/\/sodip.net\/en\/\",\"name\":\"SODIP SARL\",\"description\":\"Soci\u00e9t\u00e9 d&#039;ing\u00e9nierie et de production\",\"publisher\":{\"@id\":\"https:\/\/sodip.net\/en\/#organization\"},\"potentialAction\":[{\"@type\":\"SearchAction\",\"target\":{\"@type\":\"EntryPoint\",\"urlTemplate\":\"https:\/\/sodip.net\/en\/?s={search_term_string}\"},\"query-input\":\"required name=search_term_string\"}],\"inLanguage\":\"en-GB\"},{\"@type\":\"Organization\",\"@id\":\"https:\/\/sodip.net\/en\/#organization\",\"name\":\"SODIP SARL\",\"url\":\"https:\/\/sodip.net\/en\/\",\"logo\":{\"@type\":\"ImageObject\",\"inLanguage\":\"en-GB\",\"@id\":\"https:\/\/sodip.net\/en\/#\/schema\/logo\/image\/\",\"url\":\"https:\/\/sodip.net\/wp-content\/uploads\/2023\/09\/cropped-logo-1.png\",\"contentUrl\":\"https:\/\/sodip.net\/wp-content\/uploads\/2023\/09\/cropped-logo-1.png\",\"width\":825,\"height\":213,\"caption\":\"SODIP SARL\"},\"image\":{\"@id\":\"https:\/\/sodip.net\/en\/#\/schema\/logo\/image\/\"}}]}<\/script>\n<!-- \/ Yoast SEO plugin. -->","yoast_head_json":{"title":"MSA 3S FULL FACE - SODIP SARL","robots":{"index":"index","follow":"follow","max-snippet":"max-snippet:-1","max-image-preview":"max-image-preview:large","max-video-preview":"max-video-preview:-1"},"canonical":"https:\/\/sodip.net\/en\/product\/msa-3s-full-face\/","og_locale":"en_GB","og_type":"article","og_title":"MSA 3S FULL FACE - SODIP SARL","og_description":"Les combinaisons masque-casque offrent l'avantage de pouvoir mettre et enlever le masque complet sans enlever le casque. Non seulement les sangles en caoutchouc r\u00e9glables permettent un ajustement plus confortable pour chaque taille et forme de t\u00eate, mais un meilleur positionnement offre \u00e9galement plus de s\u00e9curit\u00e9. Les masques complets 3S-H ne n\u00e9cessitent pas de harnais standard. ne n\u00e9cessitent pas de harnais standard. Lorsque le masque est fix\u00e9 au casque, le casque prend la place du harnais traditionnel et maintient le masque en position.  &nbsp;","og_url":"https:\/\/sodip.net\/en\/product\/msa-3s-full-face\/","og_site_name":"SODIP SARL","article_modified_time":"2023-11-01T10:42:24+00:00","og_image":[{"width":500,"height":500,"url":"https:\/\/sodip.net\/wp-content\/uploads\/2023\/10\/MSA-3S-FULL-FACE.png","type":"image\/png"}],"twitter_card":"summary_large_image","schema":{"@context":"https:\/\/schema.org","@graph":[{"@type":"WebPage","@id":"https:\/\/sodip.net\/produit\/msa-3s-full-face\/","url":"https:\/\/sodip.net\/produit\/msa-3s-full-face\/","name":"MSA 3S FULL FACE - SODIP SARL","isPartOf":{"@id":"https:\/\/sodip.net\/en\/#website"},"primaryImageOfPage":{"@id":"https:\/\/sodip.net\/produit\/msa-3s-full-face\/#primaryimage"},"image":{"@id":"https:\/\/sodip.net\/produit\/msa-3s-full-face\/#primaryimage"},"thumbnailUrl":"https:\/\/sodip.net\/wp-content\/uploads\/2023\/10\/MSA-3S-FULL-FACE.png","datePublished":"2023-10-10T11:00:29+00:00","dateModified":"2023-11-01T10:42:24+00:00","breadcrumb":{"@id":"https:\/\/sodip.net\/produit\/msa-3s-full-face\/#breadcrumb"},"inLanguage":"en-GB","potentialAction":[{"@type":"ReadAction","target":["https:\/\/sodip.net\/produit\/msa-3s-full-face\/"]}]},{"@type":"ImageObject","inLanguage":"en-GB","@id":"https:\/\/sodip.net\/produit\/msa-3s-full-face\/#primaryimage","url":"https:\/\/sodip.net\/wp-content\/uploads\/2023\/10\/MSA-3S-FULL-FACE.png","contentUrl":"https:\/\/sodip.net\/wp-content\/uploads\/2023\/10\/MSA-3S-FULL-FACE.png","width":500,"height":500},{"@type":"BreadcrumbList","@id":"https:\/\/sodip.net\/produit\/msa-3s-full-face\/#breadcrumb","itemListElement":[{"@type":"ListItem","position":1,"name":"Accueil","item":"https:\/\/sodip.net\/"},{"@type":"ListItem","position":2,"name":"Boutique","item":"https:\/\/sodip.net\/en\/boutique\/"},{"@type":"ListItem","position":3,"name":"MSA 3S FULL FACE"}]},{"@type":"WebSite","@id":"https:\/\/sodip.net\/en\/#website","url":"https:\/\/sodip.net\/en\/","name":"SODIP SARL","description":"Soci\u00e9t\u00e9 d&#039;ing\u00e9nierie et de production","publisher":{"@id":"https:\/\/sodip.net\/en\/#organization"},"potentialAction":[{"@type":"SearchAction","target":{"@type":"EntryPoint","urlTemplate":"https:\/\/sodip.net\/en\/?s={search_term_string}"},"query-input":"required name=search_term_string"}],"inLanguage":"en-GB"},{"@type":"Organization","@id":"https:\/\/sodip.net\/en\/#organization","name":"SODIP SARL","url":"https:\/\/sodip.net\/en\/","logo":{"@type":"ImageObject","inLanguage":"en-GB","@id":"https:\/\/sodip.net\/en\/#\/schema\/logo\/image\/","url":"https:\/\/sodip.net\/wp-content\/uploads\/2023\/09\/cropped-logo-1.png","contentUrl":"https:\/\/sodip.net\/wp-content\/uploads\/2023\/09\/cropped-logo-1.png","width":825,"height":213,"caption":"SODIP SARL"},"image":{"@id":"https:\/\/sodip.net\/en\/#\/schema\/logo\/image\/"}}]}},"_links":{"self":[{"href":"https:\/\/sodip.net\/en\/wp-json\/wp\/v2\/product\/7535","targetHints":{"allow":["GET"]}}],"collection":[{"href":"https:\/\/sodip.net\/en\/wp-json\/wp\/v2\/product"}],"about":[{"href":"https:\/\/sodip.net\/en\/wp-json\/wp\/v2\/types\/product"}],"replies":[{"embeddable":true,"href":"https:\/\/sodip.net\/en\/wp-json\/wp\/v2\/comments?post=7535"}],"wp:featuredmedia":[{"embeddable":true,"href":"https:\/\/sodip.net\/en\/wp-json\/wp\/v2\/media\/7536"}],"wp:attachment":[{"href":"https:\/\/sodip.net\/en\/wp-json\/wp\/v2\/media?parent=7535"}],"wp:term":[{"taxonomy":"product_cat","embeddable":true,"href":"https:\/\/sodip.net\/en\/wp-json\/wp\/v2\/product_cat?post=7535"},{"taxonomy":"product_tag","embeddable":true,"href":"https:\/\/sodip.net\/en\/wp-json\/wp\/v2\/product_tag?post=7535"}],"curies":[{"name":"wp","href":"https:\/\/api.w.org\/{rel}","templated":true}]}}