{"id":7533,"date":"2023-10-10T12:52:42","date_gmt":"2023-10-10T10:52:42","guid":{"rendered":"https:\/\/sodip.net\/?post_type=product&#038;p=7533"},"modified":"2023-11-01T14:54:56","modified_gmt":"2023-11-01T13:54:56","slug":"helemt-ssay-std","status":"publish","type":"product","link":"https:\/\/sodip.net\/en\/product\/helemt-ssay-std\/","title":{"rendered":"HELEMT SSAY STD"},"content":{"rendered":"<h2 class=\"p1\"><strong>HELEMT SSAY STD<\/strong><\/h2>\n<p>When workers need a helmet that can withstand high temperatures, the Thermalgard\u00ae Protective Cap offers protection in a high-strength, smooth-crown helmet. The fiberglass-reinforced nylon shell features a beveled edge for improved rigidity. Slots in the cap allow the fitting of ear muffs, welding shields and face shields.<\/p>\n<p>&nbsp;<\/p>","protected":false},"excerpt":{"rendered":"<p>When workers need a helmet that can withstand high temperatures, the Thermalgard\u00ae Protective Cap offers protection in a high-strength, smooth-crown helmet. The fiberglass-reinforced nylon shell features a beveled edge for improved rigidity. Slots in the cap allow the fitting of ear muffs, welding shields and face shields.<\/p>\n<p>&nbsp;<\/p>","protected":false},"featured_media":7534,"comment_status":"closed","ping_status":"closed","template":"","meta":{"inline_featured_image":false},"product_cat":[149,115],"product_tag":[70,80],"class_list":["post-7533","product","type-product","status-publish","has-post-thumbnail","hentry","product_cat-casques-de-securite","product_cat-equipement-de-protection-individuel","product_tag-protective","product_tag-safety-gear"],"yoast_head":"<!-- This site is optimized with the Yoast SEO plugin v22.8 - https:\/\/yoast.com\/wordpress\/plugins\/seo\/ -->\n<title>HELEMT SSAY STD - SODIP SARL<\/title>\n<meta name=\"robots\" content=\"index, follow, max-snippet:-1, max-image-preview:large, max-video-preview:-1\" \/>\n<link rel=\"canonical\" href=\"https:\/\/sodip.net\/en\/product\/helemt-ssay-std\/\" \/>\n<meta property=\"og:locale\" content=\"en_GB\" \/>\n<meta property=\"og:type\" content=\"article\" \/>\n<meta property=\"og:title\" content=\"HELEMT SSAY STD - SODIP SARL\" \/>\n<meta property=\"og:description\" content=\"Lorsque les travailleurs ont besoin d&#039;un casque capable de r\u00e9sister \u00e0 des temp\u00e9ratures \u00e9lev\u00e9es, le Thermalgard\u00ae Protective Cap offre une protection dans un casque \u00e0 couronne lisse et \u00e0 haute r\u00e9sistance. La coque en nylon renforc\u00e9 de fibres de verre est dot\u00e9e d&#039;un bord biseaut\u00e9 pour une meilleure rigidit\u00e9. Des fentes dans la coiffe permettent de monter des coquilles de protection auditive, des \u00e9crans de soudage et des \u00e9crans faciaux.  &nbsp;\" \/>\n<meta property=\"og:url\" content=\"https:\/\/sodip.net\/en\/product\/helemt-ssay-std\/\" \/>\n<meta property=\"og:site_name\" content=\"SODIP SARL\" \/>\n<meta property=\"article:modified_time\" content=\"2023-11-01T13:54:56+00:00\" \/>\n<meta property=\"og:image\" content=\"https:\/\/sodip.net\/wp-content\/uploads\/2023\/10\/HELEMT-SSAY-STD.png\" \/>\n\t<meta property=\"og:image:width\" content=\"500\" \/>\n\t<meta property=\"og:image:height\" content=\"500\" \/>\n\t<meta property=\"og:image:type\" content=\"image\/png\" \/>\n<meta name=\"twitter:card\" content=\"summary_large_image\" \/>\n<script type=\"application\/ld+json\" class=\"yoast-schema-graph\">{\"@context\":\"https:\/\/schema.org\",\"@graph\":[{\"@type\":\"WebPage\",\"@id\":\"https:\/\/sodip.net\/produit\/helemt-ssay-std\/\",\"url\":\"https:\/\/sodip.net\/produit\/helemt-ssay-std\/\",\"name\":\"HELEMT SSAY STD - SODIP SARL\",\"isPartOf\":{\"@id\":\"https:\/\/sodip.net\/en\/#website\"},\"primaryImageOfPage\":{\"@id\":\"https:\/\/sodip.net\/produit\/helemt-ssay-std\/#primaryimage\"},\"image\":{\"@id\":\"https:\/\/sodip.net\/produit\/helemt-ssay-std\/#primaryimage\"},\"thumbnailUrl\":\"https:\/\/sodip.net\/wp-content\/uploads\/2023\/10\/HELEMT-SSAY-STD.png\",\"datePublished\":\"2023-10-10T10:52:42+00:00\",\"dateModified\":\"2023-11-01T13:54:56+00:00\",\"breadcrumb\":{\"@id\":\"https:\/\/sodip.net\/produit\/helemt-ssay-std\/#breadcrumb\"},\"inLanguage\":\"en-GB\",\"potentialAction\":[{\"@type\":\"ReadAction\",\"target\":[\"https:\/\/sodip.net\/produit\/helemt-ssay-std\/\"]}]},{\"@type\":\"ImageObject\",\"inLanguage\":\"en-GB\",\"@id\":\"https:\/\/sodip.net\/produit\/helemt-ssay-std\/#primaryimage\",\"url\":\"https:\/\/sodip.net\/wp-content\/uploads\/2023\/10\/HELEMT-SSAY-STD.png\",\"contentUrl\":\"https:\/\/sodip.net\/wp-content\/uploads\/2023\/10\/HELEMT-SSAY-STD.png\",\"width\":500,\"height\":500},{\"@type\":\"BreadcrumbList\",\"@id\":\"https:\/\/sodip.net\/produit\/helemt-ssay-std\/#breadcrumb\",\"itemListElement\":[{\"@type\":\"ListItem\",\"position\":1,\"name\":\"Accueil\",\"item\":\"https:\/\/sodip.net\/\"},{\"@type\":\"ListItem\",\"position\":2,\"name\":\"Boutique\",\"item\":\"https:\/\/sodip.net\/en\/boutique\/\"},{\"@type\":\"ListItem\",\"position\":3,\"name\":\"HELEMT SSAY STD\"}]},{\"@type\":\"WebSite\",\"@id\":\"https:\/\/sodip.net\/en\/#website\",\"url\":\"https:\/\/sodip.net\/en\/\",\"name\":\"SODIP SARL\",\"description\":\"Soci\u00e9t\u00e9 d&#039;ing\u00e9nierie et de production\",\"publisher\":{\"@id\":\"https:\/\/sodip.net\/en\/#organization\"},\"potentialAction\":[{\"@type\":\"SearchAction\",\"target\":{\"@type\":\"EntryPoint\",\"urlTemplate\":\"https:\/\/sodip.net\/en\/?s={search_term_string}\"},\"query-input\":\"required name=search_term_string\"}],\"inLanguage\":\"en-GB\"},{\"@type\":\"Organization\",\"@id\":\"https:\/\/sodip.net\/en\/#organization\",\"name\":\"SODIP SARL\",\"url\":\"https:\/\/sodip.net\/en\/\",\"logo\":{\"@type\":\"ImageObject\",\"inLanguage\":\"en-GB\",\"@id\":\"https:\/\/sodip.net\/en\/#\/schema\/logo\/image\/\",\"url\":\"https:\/\/sodip.net\/wp-content\/uploads\/2023\/09\/cropped-logo-1.png\",\"contentUrl\":\"https:\/\/sodip.net\/wp-content\/uploads\/2023\/09\/cropped-logo-1.png\",\"width\":825,\"height\":213,\"caption\":\"SODIP SARL\"},\"image\":{\"@id\":\"https:\/\/sodip.net\/en\/#\/schema\/logo\/image\/\"}}]}<\/script>\n<!-- \/ Yoast SEO plugin. -->","yoast_head_json":{"title":"HELEMT SSAY STD - SODIP SARL","robots":{"index":"index","follow":"follow","max-snippet":"max-snippet:-1","max-image-preview":"max-image-preview:large","max-video-preview":"max-video-preview:-1"},"canonical":"https:\/\/sodip.net\/en\/product\/helemt-ssay-std\/","og_locale":"en_GB","og_type":"article","og_title":"HELEMT SSAY STD - SODIP SARL","og_description":"Lorsque les travailleurs ont besoin d'un casque capable de r\u00e9sister \u00e0 des temp\u00e9ratures \u00e9lev\u00e9es, le Thermalgard\u00ae Protective Cap offre une protection dans un casque \u00e0 couronne lisse et \u00e0 haute r\u00e9sistance. La coque en nylon renforc\u00e9 de fibres de verre est dot\u00e9e d'un bord biseaut\u00e9 pour une meilleure rigidit\u00e9. Des fentes dans la coiffe permettent de monter des coquilles de protection auditive, des \u00e9crans de soudage et des \u00e9crans faciaux.  &nbsp;","og_url":"https:\/\/sodip.net\/en\/product\/helemt-ssay-std\/","og_site_name":"SODIP SARL","article_modified_time":"2023-11-01T13:54:56+00:00","og_image":[{"width":500,"height":500,"url":"https:\/\/sodip.net\/wp-content\/uploads\/2023\/10\/HELEMT-SSAY-STD.png","type":"image\/png"}],"twitter_card":"summary_large_image","schema":{"@context":"https:\/\/schema.org","@graph":[{"@type":"WebPage","@id":"https:\/\/sodip.net\/produit\/helemt-ssay-std\/","url":"https:\/\/sodip.net\/produit\/helemt-ssay-std\/","name":"HELEMT SSAY STD - SODIP SARL","isPartOf":{"@id":"https:\/\/sodip.net\/en\/#website"},"primaryImageOfPage":{"@id":"https:\/\/sodip.net\/produit\/helemt-ssay-std\/#primaryimage"},"image":{"@id":"https:\/\/sodip.net\/produit\/helemt-ssay-std\/#primaryimage"},"thumbnailUrl":"https:\/\/sodip.net\/wp-content\/uploads\/2023\/10\/HELEMT-SSAY-STD.png","datePublished":"2023-10-10T10:52:42+00:00","dateModified":"2023-11-01T13:54:56+00:00","breadcrumb":{"@id":"https:\/\/sodip.net\/produit\/helemt-ssay-std\/#breadcrumb"},"inLanguage":"en-GB","potentialAction":[{"@type":"ReadAction","target":["https:\/\/sodip.net\/produit\/helemt-ssay-std\/"]}]},{"@type":"ImageObject","inLanguage":"en-GB","@id":"https:\/\/sodip.net\/produit\/helemt-ssay-std\/#primaryimage","url":"https:\/\/sodip.net\/wp-content\/uploads\/2023\/10\/HELEMT-SSAY-STD.png","contentUrl":"https:\/\/sodip.net\/wp-content\/uploads\/2023\/10\/HELEMT-SSAY-STD.png","width":500,"height":500},{"@type":"BreadcrumbList","@id":"https:\/\/sodip.net\/produit\/helemt-ssay-std\/#breadcrumb","itemListElement":[{"@type":"ListItem","position":1,"name":"Accueil","item":"https:\/\/sodip.net\/"},{"@type":"ListItem","position":2,"name":"Boutique","item":"https:\/\/sodip.net\/en\/boutique\/"},{"@type":"ListItem","position":3,"name":"HELEMT SSAY STD"}]},{"@type":"WebSite","@id":"https:\/\/sodip.net\/en\/#website","url":"https:\/\/sodip.net\/en\/","name":"SODIP SARL","description":"Soci\u00e9t\u00e9 d&#039;ing\u00e9nierie et de production","publisher":{"@id":"https:\/\/sodip.net\/en\/#organization"},"potentialAction":[{"@type":"SearchAction","target":{"@type":"EntryPoint","urlTemplate":"https:\/\/sodip.net\/en\/?s={search_term_string}"},"query-input":"required name=search_term_string"}],"inLanguage":"en-GB"},{"@type":"Organization","@id":"https:\/\/sodip.net\/en\/#organization","name":"SODIP SARL","url":"https:\/\/sodip.net\/en\/","logo":{"@type":"ImageObject","inLanguage":"en-GB","@id":"https:\/\/sodip.net\/en\/#\/schema\/logo\/image\/","url":"https:\/\/sodip.net\/wp-content\/uploads\/2023\/09\/cropped-logo-1.png","contentUrl":"https:\/\/sodip.net\/wp-content\/uploads\/2023\/09\/cropped-logo-1.png","width":825,"height":213,"caption":"SODIP SARL"},"image":{"@id":"https:\/\/sodip.net\/en\/#\/schema\/logo\/image\/"}}]}},"_links":{"self":[{"href":"https:\/\/sodip.net\/en\/wp-json\/wp\/v2\/product\/7533","targetHints":{"allow":["GET"]}}],"collection":[{"href":"https:\/\/sodip.net\/en\/wp-json\/wp\/v2\/product"}],"about":[{"href":"https:\/\/sodip.net\/en\/wp-json\/wp\/v2\/types\/product"}],"replies":[{"embeddable":true,"href":"https:\/\/sodip.net\/en\/wp-json\/wp\/v2\/comments?post=7533"}],"wp:featuredmedia":[{"embeddable":true,"href":"https:\/\/sodip.net\/en\/wp-json\/wp\/v2\/media\/7534"}],"wp:attachment":[{"href":"https:\/\/sodip.net\/en\/wp-json\/wp\/v2\/media?parent=7533"}],"wp:term":[{"taxonomy":"product_cat","embeddable":true,"href":"https:\/\/sodip.net\/en\/wp-json\/wp\/v2\/product_cat?post=7533"},{"taxonomy":"product_tag","embeddable":true,"href":"https:\/\/sodip.net\/en\/wp-json\/wp\/v2\/product_tag?post=7533"}],"curies":[{"name":"wp","href":"https:\/\/api.w.org\/{rel}","templated":true}]}}